{"id":6791,"date":"2026-04-07T09:55:27","date_gmt":"2026-04-07T15:55:27","guid":{"rendered":"https:\/\/www.corporacionbi.com\/pa\/bibank\/?page_id=6791"},"modified":"2026-04-24T11:03:36","modified_gmt":"2026-04-24T17:03:36","slug":"c-c-federal-mall-chiriqui-pb-c23","status":"publish","type":"page","link":"https:\/\/www.corporacionbi.com\/pa\/bibank\/bienes-reposeidos\/c-c-federal-mall-chiriqui-pb-c23\/","title":{"rendered":"C.C. Federal Mall, Chiriqu\u00ed, PB-C23"},"content":{"rendered":"<div class=\"wpb-content-wrapper\"><p>[vc_row overflow=&#8221;default&#8221; css=&#8221;.vc_custom_1707341612645{margin-top: 20px !important;}&#8221;][vc_column]\n\t\t\t\t<p class=\"rs-p-wp-fix\"><\/p>\n\t\t\t\t<sr7-module data-alias=\"Bienes-Reposedos-banner\" data-id=\"119\" id=\"SR7_119_1\" class=\"rs-ov-hidden\" data-version=\"6.7.54\">\n\t\t\t\t\t<sr7-adjuster><\/sr7-adjuster>\n\t\t\t\t\t<sr7-content>\n\t\t\t\t\t\t<sr7-slide id=\"SR7_119_1-90\" data-key=\"90\">\n\t\t\t\t\t\t\t<h1 id=\"SR7_119_1-90-3\" class=\"sr7-layer\"><strong>Bienes Repose\u00eddos<\/strong><\/h1>\n\t\t\t\t\t\t\t<h2 id=\"SR7_119_1-90-4\" class=\"sr7-layer\">Inmuebles para la venta<\/h2>\n\t\t\t\t\t\t<\/sr7-slide>\n\t\t\t\t\t\t<sr7-slide id=\"SR7_119_1-183\" data-key=\"183\">\n\t\t\t\t\t\t<\/sr7-slide>\n\t\t\t\t\t<\/sr7-content>\n\t\t\t\t<\/sr7-module>\n\t\t\t\t<script>\n\t\t\t\t\twindow.SR7 ??={};SR7.PMH ??={}; SR7.PMH[\"SR7_119_1\"] = {cn:100,state:false,fn: function() { if (window._tpt!==undefined && window._tpt.prepareModuleHeight !== undefined) {  _tpt.prepareModuleHeight({id:\"SR7_119_1\",el:[450,450,350,230,150],type:'standard',shdw:'0',gh:[450,450,350,230,150],gw:[1920,1920,1024,778,414],vpt:['100px&#039;,&#039;100px&#039;,&#039;100px&#039;,&#039;100px&#039;,&#039;100px'],size:{fullWidth:true, fullHeight:false},mh:'0',onh:0,onw:0,bg:{color:'{\"orig\":\"transparent\",\"type\":\"solid\",\"string\":\"transparent\"}'}});   SR7.PMH[\"SR7_119_1\"].state=true;} else if(SR7.PMH[\"SR7_119_1\"].cn-->0)\tsetTimeout( SR7.PMH[\"SR7_119_1\"].fn,19);}};SR7.PMH[\"SR7_119_1\" ].fn();\n\t\t\t\t<\/script>\n[\/vc_column][\/vc_row][vc_row overflow=&#8221;default&#8221; css=&#8221;.vc_custom_1707347280079{margin-top: 10px !important;margin-bottom: 10px !important;}&#8221;][vc_column]\r\n            <style media=\"screen\">\r\n                                    #sh-element-titlebar-breadcrumbs-JMCOuArs6w #breadcrumbs {\r\n                        color: #818181;\r\n                    }\r\n                \r\n                                    #sh-element-titlebar-breadcrumbs-JMCOuArs6w #breadcrumbs a {\r\n                        color: #818181;\r\n                    }\r\n                \r\n                                    #sh-element-titlebar-breadcrumbs-JMCOuArs6w #breadcrumbs a:hover,\r\n                    #sh-element-titlebar-breadcrumbs-JMCOuArs6w #breadcrumbs a:focus {\r\n                        color: #00c1d4;\r\n                    }\r\n                \r\n\r\n                \/*.sh-element-titlebar-title .sh-element-titlebar-title-content {\r\n                    margin-top: 0;\r\n                    margin-bottom: 0;\r\n                    line-height: 1;\r\n                }*\/\r\n            <\/style>\r\n\r\n\r\n            <div id=\"sh-element-titlebar-breadcrumbs-JMCOuArs6w\" class=\"sh-element-titlebar-breadcrumbs text-left\">\r\n                <div class=\"title-level\">\r\n                    <div id=\"breadcrumbs\" class=\"breadcrumb-trail breadcrumbs\"><span class=\"item-home\"><a class=\"bread-link bread-home\" href=\"https:\/\/www.corporacionbi.com\/pa\/bibank\/\" title=\"Home\">Home<\/a><\/span><span class=\"separator\"> &gt; <\/span><span class=\"item-current\"><span class=\"bread-current\">C.C. Federal Mall, Chiriqu\u00ed, PB-C23<\/span><\/span><\/div>                <\/div>\r\n            <\/div>\r\n\r\n        [\/vc_column][\/vc_row][vc_row full_width=&#8221;stretch_row_content&#8221; overflow=&#8221;default&#8221; css=&#8221;.vc_custom_1712165160214{margin-top: 32px !important;margin-bottom: 32px !important;}&#8221;][vc_column width=&#8221;1\/2&#8243; overflow=&#8221;default&#8221; css=&#8221;.vc_custom_1712165202487{margin-right: 15px !important;margin-left: 15px !important;}&#8221;]\r\n<div id=\"single-image-TsPNK8arVL\" class=\"sh-single-image  \">\r\n\t<div class=\"sh-element-margin\">\r\n\r\n\t\t\r\n\t\t\t<div class=\"sh-single-image-container\">\r\n\t\t\t\t\r\n\t\t\t\t\t\t\t\t\t\r\n\t\t\t\t\t\t\t\t\t\t\t\t\t<img decoding=\"async\" class=\"sh-image-url\" src=\"https:\/\/www.corporacionbi.com\/pa\/bibank\/wp-content\/uploads\/2026\/04\/06-04-2026-chiriqui-principal01-1.webp\" alt=\"06-04-2026-chiriqui-principal01\" \/>\r\n\t\t\t\t\t\t\t\t\t\t\t\t\t\r\n\t\t\t\t\t\t\t\t\t\r\n\t\t\t\t\t\t\t<\/div>\r\n\r\n\t\t\r\n\t<\/div>\r\n<\/div>\r\n            <style type=\"text\/css\">\r\n                #single-image-TsPNK8arVL {text-align: center;}#single-image-TsPNK8arVL .sh-element-margin {margin: 0px 0px 0px 0px;}            <\/style>\r\n        [\/vc_column][vc_column width=&#8221;1\/2&#8243; overflow=&#8221;default&#8221; css=&#8221;.vc_custom_1712165598841{margin-right: 15px !important;margin-left: 15px !important;}&#8221;]\r\n<div class=\"sh-heading  \" id=\"heading-frRvhLAn9Z\">\r\n\t<div class=\"sh-element-margin\">\r\n\r\n\t\t\r\n\t\t\t<h2 class=\"sh-heading-content size-default text-left\">\r\n\t\t\t\tC.C. Federal Mall, Chiriqu\u00ed, Local C23\t\t\t<\/h2>\r\n\r\n\t\t\r\n\t<\/div>\r\n<\/div>\r\n            <style type=\"text\/css\">\r\n                #heading-frRvhLAn9Z .sh-element-margin {margin: 0px 0px 10px 0px;}#heading-frRvhLAn9Z .sh-heading-content {font-weight: 700!important;color: #003865;}#heading-frRvhLAn9Z .sh-heading-content,#heading-frRvhLAn9Z .sh-heading-additional-text {}            <\/style>\r\n        [vc_row_inner][vc_column_inner width=&#8221;5\/6&#8243;][vc_column_text css=&#8221;&#8221;]<span style=\"color: #003865;\">Local<\/span><br \/>\n<span style=\"color: #003865;\">C\u00f3digo: ABR0011-30492601<\/span><\/p>\n<p><span style=\"color: #003865;\">C.C. Federal Mall, Santa Cruz, Via Boquete, David Chiriqu\u00ed, Local PB-C23.<\/span><\/p>\n<p><span style=\"color: #003865;\">Local de uso comercial, con \u00e1rea de f\u00e1cil acceso a trav\u00e9s de la puerta 5. La obra est\u00e1 en gris para que cada due\u00f1o pueda hacer sus adecuaciones.<\/span>[\/vc_column_text][\/vc_column_inner][vc_column_inner width=&#8221;1\/6&#8243;][\/vc_column_inner][\/vc_row_inner][vc_row_inner overflow=&#8221;default&#8221; css=&#8221;.vc_custom_1712166220420{margin-top: -20px !important;margin-bottom: 5px !important;}&#8221;][vc_column_inner width=&#8221;1\/3&#8243;][vc_column_text css=&#8221;&#8221;]<i class=\"BiBank-icon-bi-bank-iconos_bienes\" style=\"font-size: 4rem;\"><\/i><span style=\"color: #003865;\">50.75. mts2<\/span>[\/vc_column_text][\/vc_column_inner][vc_column_inner width=&#8221;1\/3&#8243;][\/vc_column_inner][\/vc_row_inner][vc_row_inner][vc_column_inner width=&#8221;1\/3&#8243;][vc_column_text css=&#8221;.vc_custom_1775577482033{margin-bottom: -3px !important;}&#8221;]<\/p>\n<h3><strong><span style=\"color: #003865;\">US$ 215,000.00<\/span><\/strong><\/h3>\n<p>[\/vc_column_text][vc_column_text]<strong><span style=\"color: #00c1d4;\">* Con financiamiento<\/span><\/strong>[\/vc_column_text][\/vc_column_inner][vc_column_inner width=&#8221;1\/3&#8243;][vc_column_text]<span style=\"color: #003865;\">Precio en venta (negociable)<\/span>[\/vc_column_text][\/vc_column_inner][vc_column_inner width=&#8221;1\/3&#8243;][\/vc_column_inner][\/vc_row_inner][vc_row_inner][vc_column_inner width=&#8221;1\/4&#8243;][vc_btn title=&#8221;Ubicaci\u00f3n&#8221; align=&#8221;left&#8221; i_icon_fontawesome=&#8221;fa fa-solid fa-location-dot&#8221; css=&#8221;&#8221; add_icon=&#8221;true&#8221; el_class=&#8221;boton3&#8243; link=&#8221;url:https%3A%2F%2Fmaps.app.goo.gl%2FHb5NToaRanxmnKi48|target:_blank&#8221;][\/vc_column_inner][vc_column_inner width=&#8221;1\/4&#8243;][vc_btn title=&#8221;Contactar&#8221; align=&#8221;left&#8221; i_icon_fontawesome=&#8221;fa fa-brands fa-whatsapp&#8221; css=&#8221;&#8221; add_icon=&#8221;true&#8221; el_class=&#8221;boton1&#8243; link=&#8221;url:https%3A%2F%2Fwa.me%2F50768042749|target:_blank&#8221;][\/vc_column_inner][vc_column_inner width=&#8221;1\/2&#8243;][\/vc_column_inner][\/vc_row_inner][\/vc_column][\/vc_row][vc_section css=&#8221;.vc_custom_1712166352059{margin-top: 10px !important;margin-bottom: 35px !important;}&#8221;][vc_row][vc_column]\r\n\r\n\r\n\r\n<div id=\"image-gallery-Q1zKDHm4kY\" class=\"sh-image-gallery sh-image-gallery-noverlay sh-image-gallery-container sh-image-gallery-dots1\"  data-columns=\"4\">\r\n\t\t\t<div class=\"sh-image-gallery-item\">\r\n\t\t\t<div class=\"sh-gallery-item\">\r\n\t\t\t\t<div class=\"post-meta-thumb\">\r\n\r\n\t\t\t\t\t\t\t\t\t\t\t<img decoding=\"async\" src=\"https:\/\/www.corporacionbi.com\/pa\/bibank\/wp-content\/uploads\/2026\/04\/06-04-2026-chiriqui\u0301-01-660x420.webp\" alt=\"06-04-2026-chiriqui\u0301-01\" \/>\r\n\t\t\t\t\t\r\n\t\t\t\t\t\t\t\t\t\t\t\r\n        <div class=\"sh-overlay-style1\">\r\n            <div class=\"sh-table-full\">\r\n                \r\n                                    <a href=\"https:\/\/www.corporacionbi.com\/pa\/bibank\/wp-content\/uploads\/2026\/04\/06-04-2026-chiriqui\u0301-01.webp\" class=\"sh-overlay-item sh-table-cell\" data-rel=\"lightcase:imgCollectionQ1zKDHm4kY\">\r\n                        <div class=\"sh-overlay-item-container\">\r\n                            <i class=\"icon-magnifier-add\"><\/i>\r\n                        <\/div>\r\n                    <\/a>\r\n                            <\/div>\r\n        <\/div>\r\n\r\n    \t\t\t\t\t\t\t\t\t<\/div>\r\n\t\t\t<\/div>\r\n\t\t<\/div>\r\n\t\t\t<div class=\"sh-image-gallery-item\">\r\n\t\t\t<div class=\"sh-gallery-item\">\r\n\t\t\t\t<div class=\"post-meta-thumb\">\r\n\r\n\t\t\t\t\t\t\t\t\t\t\t<img decoding=\"async\" src=\"https:\/\/www.corporacionbi.com\/pa\/bibank\/wp-content\/uploads\/2026\/04\/06-04-2026-chiriqui\u0301-02-660x420.webp\" alt=\"06-04-2026-chiriqui\u0301-02\" \/>\r\n\t\t\t\t\t\r\n\t\t\t\t\t\t\t\t\t\t\t\r\n        <div class=\"sh-overlay-style1\">\r\n            <div class=\"sh-table-full\">\r\n                \r\n                                    <a href=\"https:\/\/www.corporacionbi.com\/pa\/bibank\/wp-content\/uploads\/2026\/04\/06-04-2026-chiriqui\u0301-02.webp\" class=\"sh-overlay-item sh-table-cell\" data-rel=\"lightcase:imgCollectionQ1zKDHm4kY\">\r\n                        <div class=\"sh-overlay-item-container\">\r\n                            <i class=\"icon-magnifier-add\"><\/i>\r\n                        <\/div>\r\n                    <\/a>\r\n                            <\/div>\r\n        <\/div>\r\n\r\n    \t\t\t\t\t\t\t\t\t<\/div>\r\n\t\t\t<\/div>\r\n\t\t<\/div>\r\n\t\t\t<div class=\"sh-image-gallery-item\">\r\n\t\t\t<div class=\"sh-gallery-item\">\r\n\t\t\t\t<div class=\"post-meta-thumb\">\r\n\r\n\t\t\t\t\t\t\t\t\t\t\t<img decoding=\"async\" src=\"https:\/\/www.corporacionbi.com\/pa\/bibank\/wp-content\/uploads\/2026\/04\/06-04-2026-chiriqui\u0301-03-660x420.webp\" alt=\"06-04-2026-chiriqui\u0301-03\" \/>\r\n\t\t\t\t\t\r\n\t\t\t\t\t\t\t\t\t\t\t\r\n        <div class=\"sh-overlay-style1\">\r\n            <div class=\"sh-table-full\">\r\n                \r\n                                    <a href=\"https:\/\/www.corporacionbi.com\/pa\/bibank\/wp-content\/uploads\/2026\/04\/06-04-2026-chiriqui\u0301-03.webp\" class=\"sh-overlay-item sh-table-cell\" data-rel=\"lightcase:imgCollectionQ1zKDHm4kY\">\r\n                        <div class=\"sh-overlay-item-container\">\r\n                            <i class=\"icon-magnifier-add\"><\/i>\r\n                        <\/div>\r\n                    <\/a>\r\n                            <\/div>\r\n        <\/div>\r\n\r\n    \t\t\t\t\t\t\t\t\t<\/div>\r\n\t\t\t<\/div>\r\n\t\t<\/div>\r\n\t<\/div>\r\n            <style type=\"text\/css\">\r\n                #image-gallery-Q1zKDHm4kY .sh-gallery-item,#image-gallery-Q1zKDHm4kY .slick-dots {margin: 15px 15px 0px 0px;}#image-gallery-Q1zKDHm4kY .slick-list {margin: -15px -15px -0px -0px ;}#image-gallery-Q1zKDHm4kY .slick-dots li.slick-active button {background-color: #00c1d4!important;}            <\/style>\r\n        [\/vc_column][\/vc_row][\/vc_section][vc_section full_width=&#8221;stretch_row_content&#8221; disable_element=&#8221;yes&#8221; css=&#8221;.vc_custom_1777048247794{margin-bottom: 0px !important;border-bottom-width: 0px !important;padding-bottom: 0px !important;background-color: #f0f0f0 !important;}&#8221;][vc_row full_width=&#8221;stretch_row&#8221; gap=&#8221;20&#8243; overflow=&#8221;default&#8221; css=&#8221;.vc_custom_1707349430055{margin-bottom: 0px !important;border-bottom-width: 0px !important;padding-bottom: 0px !important;}&#8221;][vc_column overflow=&#8221;default&#8221; css=&#8221;.vc_custom_1707349536044{margin-bottom: 0px !important;border-bottom-width: 0px !important;padding-bottom: 0px !important;}&#8221;]\r\n<div class=\"sh-heading  \" id=\"heading-nEroOv76f3\">\r\n\t<div class=\"sh-element-margin\">\r\n\r\n\t\t\r\n\t\t\t<h2 class=\"sh-heading-content size-default text-left\">\r\n\t\t\t\tOtros Inmuebles que te pueden interesar\t\t\t<\/h2>\r\n\r\n\t\t\r\n\t<\/div>\r\n<\/div>\r\n            <style type=\"text\/css\">\r\n                #heading-nEroOv76f3 .sh-element-margin {margin: 0px 0px 0px 0px;}#heading-nEroOv76f3 .sh-heading-content {font-weight: 700!important;color: #003865;}#heading-nEroOv76f3 .sh-heading-content,#heading-nEroOv76f3 .sh-heading-additional-text {}            <\/style>\r\n        [vc_row_inner gap=&#8221;35&#8243; overflow=&#8221;default&#8221; css=&#8221;.vc_custom_1707349479955{margin-bottom: 0px !important;border-bottom-width: 0px !important;padding-bottom: 0px !important;}&#8221;][vc_column_inner width=&#8221;1\/3&#8243; overflow=&#8221;default&#8221; css=&#8221;.vc_custom_1707349570460{margin-top: 0px !important;margin-right: 0px !important;margin-bottom: 0px !important;margin-left: 0px !important;border-top-width: 0px !important;border-right-width: 0px !important;border-bottom-width: 0px !important;border-left-width: 0px !important;padding-top: 0px !important;padding-right: 0px !important;padding-bottom: 0px !important;padding-left: 0px !important;background-color: #ffffff !important;border-radius: 20px !important;}&#8221;][vc_single_image image=&#8221;3659&#8243; img_size=&#8221;full&#8221; alignment=&#8221;center&#8221;]\r\n<div class=\"sh-heading  \" id=\"heading-M1LPHin0qx\">\r\n\t<div class=\"sh-element-margin\">\r\n\r\n\t\t\r\n\t\t\t<h3 class=\"sh-heading-content size-default text-left\">\r\n\t\t\t\tVolc\u00e1n, Paso Ancho, Chiriqu\u00ed\t\t\t<\/h3>\r\n\r\n\t\t\r\n\t<\/div>\r\n<\/div>\r\n            <style type=\"text\/css\">\r\n                #heading-M1LPHin0qx .sh-element-margin {margin: 0px 20px 0px 20px;}#heading-M1LPHin0qx .sh-heading-content {font-weight: 700!important;}#heading-M1LPHin0qx .sh-heading-content,#heading-M1LPHin0qx .sh-heading-additional-text {}            <\/style>\r\n        [vc_column_text css=&#8221;.vc_custom_1708546779490{margin-right: 20px !important;margin-left: 20px !important;}&#8221;]<span style=\"color: #003865;\">Terrenos<\/span><br \/>\n<span style=\"color: #003865;\">C\u00f3digo: ABR0005-70962<\/span><\/p>\n<p><span style=\"color: #003865;\">Faldas del Volc\u00e1n Bar\u00fa, Distrito de Bugaba, corregimiento Volc\u00e1n, Prov. Chiriqu\u00ed.<\/span>[\/vc_column_text][vc_btn title=&#8221;Saber m\u00e1s&#8221; align=&#8221;center&#8221; el_class=&#8221;boton1&#8243; link=&#8221;url:https%3A%2F%2Fwww.corporacionbi.com%2Fpa%2Fbibank%2Fvolcan-paso-ancho-chiriqui%2F|target:_blank&#8221;][\/vc_column_inner][vc_column_inner width=&#8221;1\/3&#8243; overflow=&#8221;default&#8221; css=&#8221;.vc_custom_1707400817366{margin-top: 0px !important;margin-right: 0px !important;margin-bottom: 0px !important;margin-left: 0px !important;border-top-width: 0px !important;border-right-width: 0px !important;border-bottom-width: 0px !important;border-left-width: 0px !important;padding-top: 0px !important;padding-right: 0px !important;padding-bottom: 0px !important;padding-left: 0px !important;background-color: #ffffff !important;border-radius: 20px !important;}&#8221;][vc_single_image image=&#8221;3661&#8243; img_size=&#8221;full&#8221; alignment=&#8221;center&#8221;]\r\n<div class=\"sh-heading  \" id=\"heading-wOzyVZpQRh\">\r\n\t<div class=\"sh-element-margin\">\r\n\r\n\t\t\r\n\t\t\t<h3 class=\"sh-heading-content size-default text-left\">\r\n\t\t\t\tBijao, Prov. Cocl\u00e9\t\t\t<\/h3>\r\n\r\n\t\t\r\n\t<\/div>\r\n<\/div>\r\n            <style type=\"text\/css\">\r\n                #heading-wOzyVZpQRh .sh-element-margin {margin: 0px 20px 0px 20px;}#heading-wOzyVZpQRh .sh-heading-content {font-weight: 700!important;}#heading-wOzyVZpQRh .sh-heading-content,#heading-wOzyVZpQRh .sh-heading-additional-text {}            <\/style>\r\n        [vc_column_text css=&#8221;.vc_custom_1708546789357{margin-right: 20px !important;margin-left: 20px !important;}&#8221;]<span style=\"color: #003865;\">Terrenos<\/span><br \/>\n<span style=\"color: #003865;\">C\u00f3digo: ABR0004-440196<\/span><\/p>\n<p><span style=\"color: #003865;\">Urbanizaci\u00f3n Solymar, Adyacente a Bijao Beach, provincia de Cocl\u00e9.<\/span>[\/vc_column_text][vc_btn title=&#8221;Saber m\u00e1s&#8221; align=&#8221;center&#8221; el_class=&#8221;boton1&#8243; link=&#8221;url:https%3A%2F%2Fwww.corporacionbi.com%2Fpa%2Fbibank%2Fbijao-providencia-cocle%2F|target:_blank&#8221;][\/vc_column_inner][vc_column_inner width=&#8221;1\/3&#8243; overflow=&#8221;default&#8221; css=&#8221;.vc_custom_1707400851985{margin-top: 0px !important;margin-right: 0px !important;margin-bottom: 0px !important;margin-left: 0px !important;border-top-width: 0px !important;border-right-width: 0px !important;border-bottom-width: 0px !important;border-left-width: 0px !important;padding-top: 0px !important;padding-right: 0px !important;padding-bottom: 0px !important;padding-left: 0px !important;background-color: #ffffff !important;border-radius: 20px !important;}&#8221;][vc_single_image image=&#8221;3667&#8243; img_size=&#8221;full&#8221; alignment=&#8221;center&#8221;]\r\n<div class=\"sh-heading  \" id=\"heading-13H4oBSh5a\">\r\n\t<div class=\"sh-element-margin\">\r\n\r\n\t\t\r\n\t\t\t<h3 class=\"sh-heading-content size-default text-left\">\r\n\t\t\t\tFrance Field, Col\u00f3n\t\t\t<\/h3>\r\n\r\n\t\t\r\n\t<\/div>\r\n<\/div>\r\n            <style type=\"text\/css\">\r\n                #heading-13H4oBSh5a .sh-element-margin {margin: 0px 20px 0px 20px;}#heading-13H4oBSh5a .sh-heading-content {font-weight: 700!important;}#heading-13H4oBSh5a .sh-heading-content,#heading-13H4oBSh5a .sh-heading-additional-text {}            <\/style>\r\n        [vc_column_text css=&#8221;.vc_custom_1708546807596{margin-right: 20px !important;margin-left: 20px !important;}&#8221;]<span style=\"color: #003865;\">Locales<\/span><br \/>\n<span style=\"color: #003865;\">C\u00f3digo: ABR0006-12267<\/span><\/p>\n<p><span style=\"color: #003865;\">Locales no. 3, 4 y 5 France Field, calle 4ta. Zona libre de Colon. <\/span>[\/vc_column_text][vc_btn title=&#8221;Saber m\u00e1s&#8221; align=&#8221;center&#8221; el_class=&#8221;boton1&#8243; link=&#8221;url:https%3A%2F%2Fwww.corporacionbi.com%2Fpa%2Fbibank%2Ffrance-field-colon%2F|target:_blank&#8221;][\/vc_column_inner][vc_column_inner overflow=&#8221;default&#8221; css=&#8221;.vc_custom_1707349501978{margin-bottom: 0px !important;border-bottom-width: 0px !important;padding-bottom: 0px !important;}&#8221;]\r\n            \r\n            <div class=\"sh-empty-space vc_empty_space sh-empty-space-EeHzYWCUbl   vc_custom_1707349587844\" style=\"height: 32px\">\r\n                <span class=\"vc_empty_space_inner\"><\/span>\r\n            <\/div>\r\n\r\n        [\/vc_column_inner][\/vc_row_inner][\/vc_column][\/vc_row][\/vc_section][vc_row][vc_column]\n\t\t\t\t<p class=\"rs-p-wp-fix\"><\/p>\n\t\t\t\t<sr7-module data-alias=\"banner-contacto\" data-id=\"120\" id=\"SR7_120_2\" class=\"rs-ov-hidden\" data-version=\"6.7.54\">\n\t\t\t\t\t<sr7-adjuster><\/sr7-adjuster>\n\t\t\t\t\t<sr7-content>\n\t\t\t\t\t\t<sr7-slide id=\"SR7_120_2-91\" data-key=\"91\">\n\t\t\t\t\t\t\t<h2 id=\"SR7_120_2-91-0\" class=\"sr7-layer\"><strong>Para mayor informaci\u00f3n<\/strong><\/h2>\n\t\t\t\t\t\t\t<sr7-txt id=\"SR7_120_2-91-5\" class=\"sr7-layer\">(507) 3080800 ext. 98226<br \/>\n(507) 68042749<br \/>\njaviles@bibank.com<\/sr7-txt>\n\t\t\t\t\t\t<\/sr7-slide>\n\t\t\t\t\t\t<sr7-slide id=\"SR7_120_2-184\" data-key=\"184\">\n\t\t\t\t\t\t<\/sr7-slide>\n\t\t\t\t\t<\/sr7-content>\n\t\t\t\t<\/sr7-module>\n\t\t\t\t<script>\n\t\t\t\t\twindow.SR7 ??={};SR7.PMH ??={}; SR7.PMH[\"SR7_120_2\"] = {cn:100,state:false,fn: function() { if (window._tpt!==undefined && window._tpt.prepareModuleHeight !== undefined) {  _tpt.prepareModuleHeight({id:\"SR7_120_2\",el:[324,324,324,290,173],type:'standard',shdw:'0',gh:[324,324,324,290,173],gw:[1920,1920,1024,778,419],vpt:['-200px&#039;,&#039;-200px&#039;,&#039;-200px&#039;,&#039;-200px&#039;,&#039;-200px'],size:{fullWidth:true, fullHeight:false},mh:'0',onh:0,onw:0,bg:{color:'{\"orig\":\"transparent\",\"type\":\"solid\",\"string\":\"transparent\"}'}});   SR7.PMH[\"SR7_120_2\"].state=true;} else if(SR7.PMH[\"SR7_120_2\"].cn-->0)\tsetTimeout( SR7.PMH[\"SR7_120_2\"].fn,19);}};SR7.PMH[\"SR7_120_2\" ].fn();\n\t\t\t\t<\/script>\n[\/vc_column][\/vc_row]<\/p>\n<\/div>","protected":false},"excerpt":{"rendered":"<p>[vc_row overflow=&#8221;default&#8221; css=&#8221;.vc_custom_1707341612645{margin-top: 20px !important;}&#8221;][vc_column][\/vc_column][\/vc_row][vc_row overflow=&#8221;default&#8221; css=&#8221;.vc_custom_1707347280079{margin-top: 10px !important;margin-bottom: 10px !important;}&#8221;][vc_column][\/vc_column][\/vc_row][vc_row full_width=&#8221;stretch_row_content&#8221; overflow=&#8221;default&#8221; css=&#8221;.vc_custom_1712165160214{margin-top: 32px !important;margin-bottom: 32px !important;}&#8221;][vc_column width=&#8221;1\/2&#8243; overflow=&#8221;default&#8221; css=&#8221;.vc_custom_1712165202487{margin-right: 15px !important;margin-left: 15px !important;}&#8221;][\/vc_column][vc_column width=&#8221;1\/2&#8243; overflow=&#8221;default&#8221; css=&#8221;.vc_custom_1712165598841{margin-right: 15px !important;margin-left: 15px !important;}&#8221;][vc_row_inner][vc_column_inner width=&#8221;5\/6&#8243;][vc_column_text css=&#8221;&#8221;]Local C\u00f3digo: ABR0011-30492601 C.C. Federal Mall, Santa Cruz, Via Boquete, David Chiriqu\u00ed,&#8230;<\/p>\n","protected":false},"author":52,"featured_media":0,"parent":3603,"menu_order":0,"comment_status":"closed","ping_status":"closed","template":"","meta":{"footnotes":""},"wf_page_folders":[40],"class_list":["post-6791","page","type-page","status-publish","hentry"],"_links":{"self":[{"href":"https:\/\/www.corporacionbi.com\/pa\/bibank\/wp-json\/wp\/v2\/pages\/6791","targetHints":{"allow":["GET"]}}],"collection":[{"href":"https:\/\/www.corporacionbi.com\/pa\/bibank\/wp-json\/wp\/v2\/pages"}],"about":[{"href":"https:\/\/www.corporacionbi.com\/pa\/bibank\/wp-json\/wp\/v2\/types\/page"}],"author":[{"embeddable":true,"href":"https:\/\/www.corporacionbi.com\/pa\/bibank\/wp-json\/wp\/v2\/users\/52"}],"replies":[{"embeddable":true,"href":"https:\/\/www.corporacionbi.com\/pa\/bibank\/wp-json\/wp\/v2\/comments?post=6791"}],"version-history":[{"count":7,"href":"https:\/\/www.corporacionbi.com\/pa\/bibank\/wp-json\/wp\/v2\/pages\/6791\/revisions"}],"predecessor-version":[{"id":6920,"href":"https:\/\/www.corporacionbi.com\/pa\/bibank\/wp-json\/wp\/v2\/pages\/6791\/revisions\/6920"}],"up":[{"embeddable":true,"href":"https:\/\/www.corporacionbi.com\/pa\/bibank\/wp-json\/wp\/v2\/pages\/3603"}],"wp:attachment":[{"href":"https:\/\/www.corporacionbi.com\/pa\/bibank\/wp-json\/wp\/v2\/media?parent=6791"}],"wp:term":[{"taxonomy":"wf_page_folders","embeddable":true,"href":"https:\/\/www.corporacionbi.com\/pa\/bibank\/wp-json\/wp\/v2\/wf_page_folders?post=6791"}],"curies":[{"name":"wp","href":"https:\/\/api.w.org\/{rel}","templated":true}]}}