{"id":5600,"date":"2025-02-04T08:59:52","date_gmt":"2025-02-04T14:59:52","guid":{"rendered":"https:\/\/www.corporacionbi.com\/pa\/bibank\/?page_id=5600"},"modified":"2025-03-24T16:21:41","modified_gmt":"2025-03-24T22:21:41","slug":"leasing","status":"publish","type":"page","link":"https:\/\/www.corporacionbi.com\/pa\/bibank\/leasing\/","title":{"rendered":"Leasing"},"content":{"rendered":"<div class=\"wpb-content-wrapper\"><p>[vc_section][vc_row][vc_column]\n\t\t\t\t<p class=\"rs-p-wp-fix\"><\/p>\n\t\t\t\t<sr7-module data-alias=\"prestamos-comerciales-hipotecario-11\" data-id=\"131\" id=\"SR7_131_1\" class=\"rs-ov-hidden\" data-version=\"6.7.54\">\n\t\t\t\t\t<sr7-adjuster><\/sr7-adjuster>\n\t\t\t\t\t<sr7-content>\n\t\t\t\t\t\t<sr7-slide id=\"SR7_131_1-236\" data-key=\"236\">\n\t\t\t\t\t\t\t<sr7-bg id=\"SR7_131_1-236-4\" class=\"sr7-layer\"><noscript><img decoding=\"async\" src=\"https:\/\/www.corporacionbi.com\/pa\/bibank\/wp-content\/uploads\/2025\/02\/Banner-leasing-2.webp\" alt=\"\" title=\"Banner-leasing-2\"><\/noscript><\/sr7-bg>\n\t\t\t\t\t\t\t<h1 id=\"SR7_131_1-236-3\" class=\"sr7-layer\"><strong>Leasing<strong><\/h1>\n\t\t\t\t\t\t<\/sr7-slide>\n\t\t\t\t\t\t<sr7-slide id=\"SR7_131_1-237\" data-key=\"237\">\n\t\t\t\t\t\t<\/sr7-slide>\n\t\t\t\t\t<\/sr7-content>\n\t\t\t\t\t<image_lists style=\"display:none\">\n\t\t\t\t\t\t<img data-src=\"\/\/www.corporacionbi.com\/pa\/bibank\/wp-content\/uploads\/2025\/02\/Banner-leasing-2.webp\" data-libid=\"5645\" data-lib=\"medialibrary\" title=\"Banner-leasing-2\" width=\"0\" height=\"0\" data-dbsrc=\"Ly93d3cuY29ycG9yYWNpb25iaS5jb20vcGEvYmliYW5rL3dwLWNvbnRlbnQvdXBsb2Fkcy8yMDI1LzAyL0Jhbm5lci1sZWFzaW5nLTIud2VicA==\"\/>\n\t\t\t\t\t<\/image_lists>\n\t\t\t\t<\/sr7-module>\n\t\t\t\t<script>\n\t\t\t\t\twindow.SR7 ??={};SR7.PMH ??={}; SR7.PMH[\"SR7_131_1\"] = {cn:100,state:false,fn: function() { if (window._tpt!==undefined && window._tpt.prepareModuleHeight !== undefined) {  _tpt.prepareModuleHeight({id:\"SR7_131_1\",el:[600,600,350,400,350],type:'standard',shdw:'0',gh:[600,600,350,400,350],gw:[1920,1920,1024,778,480],vpt:['-200px&#039;,&#039;-200px&#039;,&#039;-200px&#039;,&#039;-200px&#039;,&#039;-200px'],size:{fullWidth:true, fullHeight:false},mh:'0',onh:0,onw:0,bg:{color:'{\"orig\":\"transparent\",\"type\":\"solid\",\"string\":\"transparent\"}'}});   SR7.PMH[\"SR7_131_1\"].state=true;} else if(SR7.PMH[\"SR7_131_1\"].cn-->0)\tsetTimeout( SR7.PMH[\"SR7_131_1\"].fn,19);}};SR7.PMH[\"SR7_131_1\" ].fn();\n\t\t\t\t<\/script>\n[\/vc_column][\/vc_row][vc_row overflow=&#8221;default&#8221; css=&#8221;.vc_custom_1738690910634{margin-top: 60px !important;}&#8221;][vc_column overflow=&#8221;default&#8221; css=&#8221;.vc_custom_1738687295893{padding-top: 32px !important;padding-bottom: 32px !important;}&#8221;]\r\n<div class=\"sh-heading  \" id=\"heading-e8sBzlXmar\">\r\n\t<div class=\"sh-element-margin\">\r\n\r\n\t\t\r\n\t\t\t<h1 class=\"sh-heading-content size-default text-left\">\r\n\t\t\t\tLeasing\t\t\t<\/h1>\r\n\r\n\t\t\r\n\t<\/div>\r\n<\/div>\r\n            <style type=\"text\/css\">\r\n                #heading-e8sBzlXmar .sh-element-margin {margin: 0px 0px 32px 0px;}#heading-e8sBzlXmar .sh-heading-content {font-weight: 700!important;color: #003865;}#heading-e8sBzlXmar .sh-heading-content,#heading-e8sBzlXmar .sh-heading-additional-text {}            <\/style>\r\n        [vc_column_text css=&#8221;.vc_custom_1738863472687{margin-bottom: 0px !important;}&#8221;]<span data-teams=\"true\">Contrato de arrendamiento financiero que le permite a las empresas y personas la obtenci\u00f3n de bienes, brindando beneficios tanto fiscales como financieros.<\/span>[\/vc_column_text][\/vc_column][\/vc_row][\/vc_section][vc_section css=&#8221;.vc_custom_1738864930427{margin-top: 24px !important;margin-bottom: 60px !important;}&#8221;][vc_row equal_height=&#8221;yes&#8221; overflow=&#8221;default&#8221; css=&#8221;.vc_custom_1738691188511{padding-bottom: 40px !important;}&#8221;][vc_column]\r\n<div class=\"sh-heading  \" id=\"heading-GdcE0ulCsL\">\r\n\t<div class=\"sh-element-margin\">\r\n\r\n\t\t\r\n\t\t\t<h2 class=\"sh-heading-content size-default text-left\">\r\n\t\t\t\tTipos de leasing que ofrecemos:\t\t\t<\/h2>\r\n\r\n\t\t\r\n\t<\/div>\r\n<\/div>\r\n            <style type=\"text\/css\">\r\n                #heading-GdcE0ulCsL .sh-element-margin {margin: 0px 0px 0px 0px;}#heading-GdcE0ulCsL .sh-heading-content {font-weight: 700!important;color: #003865;}#heading-GdcE0ulCsL .sh-heading-content,#heading-GdcE0ulCsL .sh-heading-additional-text {}            <\/style>\r\n        [\/vc_column][\/vc_row][vc_row equal_height=&#8221;yes&#8221; overflow=&#8221;default&#8221;][vc_column width=&#8221;1\/4&#8243; overflow=&#8221;default&#8221; el_class=&#8221;bordederecho&#8221;][vc_raw_html css=&#8221;.vc_custom_1738685789929{margin-bottom: 16px !important;}&#8221; el_class=&#8221;center-icon&#8221;]JTNDc3BhbiUyMGNsYXNzJTNEJTIyQmlCYW5rLWljb24tJTIwYmktaWNvbnMlMjBiaS1pY29ucy1zb2xpY2l0dWQtdGFyamV0YSUyMiUzRSUzQyUyRnNwYW4lM0U=[\/vc_raw_html][vc_column_text css=&#8221;.vc_custom_1738687503312{margin-bottom: 32px !important;}&#8221;]<\/p>\n<p style=\"text-align: center;\">Leasing Financiero<\/p>\n<p>[\/vc_column_text][\/vc_column][vc_column width=&#8221;1\/4&#8243; overflow=&#8221;default&#8221; el_class=&#8221;bordederecho&#8221;][vc_raw_html css=&#8221;.vc_custom_1738684560251{margin-bottom: 16px !important;}&#8221; el_class=&#8221;center-icon&#8221;]JTNDc3BhbiUyMGNsYXNzJTNEJTIyQmlCYW5rLWljb24tJTIwYmktaWNvbnMlMjBiaS1pY29ucy1zb2xpY2l0dWQtcmVjaWJvJTIyJTNFJTNDJTJGc3BhbiUzRQ==[\/vc_raw_html][vc_column_text css=&#8221;.vc_custom_1738685001244{margin-bottom: 0px !important;}&#8221;]<\/p>\n<p style=\"text-align: center;\">Leaseback<\/p>\n<p>[\/vc_column_text][\/vc_column][vc_column width=&#8221;1\/4&#8243; overflow=&#8221;default&#8221; el_class=&#8221;bordederecho&#8221;][vc_raw_html css=&#8221;.vc_custom_1738684633667{margin-bottom: 16px !important;}&#8221; el_class=&#8221;center-icon&#8221;]JTNDc3BhbiUyMGNsYXNzJTNEJTIyQmlCYW5rLWljb24tJTIwYmktaWNvbnMlMjBiaS1pY29ucy1zb2xpY2l0dWQtdGFzYS1iYWphJTIyJTNFJTNDJTJGc3BhbiUzRQ==[\/vc_raw_html][vc_column_text css=&#8221;.vc_custom_1738684859416{margin-bottom: 0px !important;}&#8221;]<\/p>\n<p style=\"text-align: center;\">L\u00edneas de Leasing<\/p>\n<p>[\/vc_column_text][\/vc_column][vc_column width=&#8221;1\/4&#8243; overflow=&#8221;default&#8221; el_class=&#8221;bordederecho&#8221;][vc_raw_html css=&#8221;.vc_custom_1738863685274{margin-bottom: 16px !important;}&#8221; el_class=&#8221;center-icon&#8221;]JTNDc3BhbiUyMGNsYXNzJTNEJTIyQmlCYW5rLWljb24tJTIwYmktaWNvbnMlMjBiaS1pY29ucy1kb2N1bWVudG8lMjIlM0UlM0MlMkZzcGFuJTNF[\/vc_raw_html][vc_column_text css=&#8221;.vc_custom_1738685217591{margin-bottom: 0px !important;}&#8221;]<\/p>\n<p style=\"text-align: center;\">Leasing Operativo<\/p>\n<p>[\/vc_column_text][\/vc_column][\/vc_row][\/vc_section][vc_section css=&#8221;.vc_custom_1738687572556{margin-top: 24px !important;margin-bottom: 24px !important;}&#8221;][vc_row equal_height=&#8221;yes&#8221; overflow=&#8221;default&#8221;][vc_column]\r\n<div class=\"sh-heading  \" id=\"heading-YsacjZ7UfJ\">\r\n\t<div class=\"sh-element-margin\">\r\n\r\n\t\t\r\n\t\t\t<h2 class=\"sh-heading-content size-default text-left\">\r\n\t\t\t\tVentajas\t\t\t<\/h2>\r\n\r\n\t\t\r\n\t<\/div>\r\n<\/div>\r\n            <style type=\"text\/css\">\r\n                #heading-YsacjZ7UfJ .sh-element-margin {margin: 0px 0px 16px 0px;}#heading-YsacjZ7UfJ .sh-heading-content {font-weight: 700!important;color: #003865;}#heading-YsacjZ7UfJ .sh-heading-content,#heading-YsacjZ7UfJ .sh-heading-additional-text {}            <\/style>\r\n        [\/vc_column][\/vc_row][vc_row][vc_column][vc_column_text css=&#8221;.vc_custom_1742854674889{margin-bottom: 0px !important;}&#8221;]<\/p>\n<ul style=\"font-weight: 400;\">\n<li>Financiamiento puede ser hasta el 100% del bien (dependiendo del cliente y del bien).<\/li>\n<li>No paga FECI.<\/li>\n<li>El canon mensual exento de ITBMS.<\/li>\n<li>Se contabiliza como gasto.<\/li>\n<li>C\u00e1nones deducibles 100% de impuestos sobre la renta.<\/li>\n<li>Mantenimiento y seguro deducible 100% del impuesto sobre la renta.<\/li>\n<li>Tramitaci\u00f3n inmediata.<\/li>\n<li>Creaci\u00f3n de planes de pagos personalizados, seg\u00fan su flujo de ingreso anual.<\/li>\n<li>Atenci\u00f3n r\u00e1pida y personalizada adaptadas a sus necesidades.<\/li>\n<li>Excelente ofertas y tasa de inter\u00e9s.<\/li>\n<li>Gastos de cierre m\u00e1s bajos del mercado.<\/li>\n<\/ul>\n<p>[\/vc_column_text][\/vc_column][\/vc_row][\/vc_section][vc_section css=&#8221;.vc_custom_1738687572556{margin-top: 24px !important;margin-bottom: 24px !important;}&#8221;][vc_row equal_height=&#8221;yes&#8221; overflow=&#8221;default&#8221;][vc_column]\r\n<div class=\"sh-heading  \" id=\"heading-p6Qj07CYrz\">\r\n\t<div class=\"sh-element-margin\">\r\n\r\n\t\t\r\n\t\t\t<h2 class=\"sh-heading-content size-default text-left\">\r\n\t\t\t\tPlazos\t\t\t<\/h2>\r\n\r\n\t\t\r\n\t<\/div>\r\n<\/div>\r\n            <style type=\"text\/css\">\r\n                #heading-p6Qj07CYrz .sh-element-margin {margin: 0px 0px 16px 0px;}#heading-p6Qj07CYrz .sh-heading-content {font-weight: 700!important;color: #003865;}#heading-p6Qj07CYrz .sh-heading-content,#heading-p6Qj07CYrz .sh-heading-additional-text {}            <\/style>\r\n        [\/vc_column][\/vc_row][vc_row][vc_column][vc_column_text css=&#8221;.vc_custom_1742854870832{margin-bottom: 0px !important;}&#8221;]El plazo m\u00ednimo para un leasing es de 36 meses y los plazos m\u00e1ximos dependiendo cada activo mueble a ser financiado.[\/vc_column_text][\/vc_column][\/vc_row][\/vc_section][vc_section css=&#8221;.vc_custom_1738687572556{margin-top: 24px !important;margin-bottom: 24px !important;}&#8221;][vc_row equal_height=&#8221;yes&#8221; overflow=&#8221;default&#8221;][vc_column]\r\n<div class=\"sh-heading  \" id=\"heading-yrNwIOSMBD\">\r\n\t<div class=\"sh-element-margin\">\r\n\r\n\t\t\r\n\t\t\t<h2 class=\"sh-heading-content size-default text-left\">\r\n\t\t\t\tBienes a arrendar\t\t\t<\/h2>\r\n\r\n\t\t\r\n\t<\/div>\r\n<\/div>\r\n            <style type=\"text\/css\">\r\n                #heading-yrNwIOSMBD .sh-element-margin {margin: 0px 0px 16px 0px;}#heading-yrNwIOSMBD .sh-heading-content {font-weight: 700!important;color: #003865;}#heading-yrNwIOSMBD .sh-heading-content,#heading-yrNwIOSMBD .sh-heading-additional-text {}            <\/style>\r\n        [\/vc_column][\/vc_row][vc_row][vc_column][vc_column_text css=&#8221;.vc_custom_1742854795143{margin-bottom: 0px !important;}&#8221;]<\/p>\n<ul>\n<li><strong>Autom\u00f3viles nuevos: \u00a0<\/strong>\n<ul>\n<li>Autos particulares (sedanes, 4&#215;4, 4&#215;2, camionetas) y comerciales (pick up, paneles, entre otros)<\/li>\n<\/ul>\n<\/li>\n<li><strong>Equipo de construcci\u00f3n: <\/strong>\n<ul>\n<li>Tractores, palas, compactadoras, excavadoras, retorexcavadoras, concretaras, mezcladoras, entre otros.<\/li>\n<\/ul>\n<\/li>\n<li><strong>Equipo pesado:<\/strong>\n<ul>\n<li>Mulas, camiones, volquetes, entre otros.<\/li>\n<\/ul>\n<\/li>\n<li><strong>Maquinaria industrial: <\/strong>\n<ul>\n<li>M\u00e1quinas procesadoras, montacargas, entre otras.<\/li>\n<\/ul>\n<\/li>\n<li><strong>Equipos varios: <\/strong>\n<ul>\n<li>Paneles solares, equipos m\u00e9dicos, equipos tecnol\u00f3gicos, entre otras.<\/li>\n<\/ul>\n<\/li>\n<\/ul>\n<ul>\n<li><strong>Activos sostenibles: <\/strong>\n<ul>\n<li>Sistemas fotovoltaicos, veh\u00edculos el\u00e9ctricos e h\u00edbridos, plantas de tratamiento de agua, proyectos de eficiencia energ\u00e9tica, proyectos de producci\u00f3n m\u00e1s limpia.<\/li>\n<\/ul>\n<\/li>\n<\/ul>\n<p><strong>Observaci\u00f3n: Otros bienes muebles a arrendar est\u00e1n sujetos a evaluaci\u00f3n del bien y del cliente<\/strong>.[\/vc_column_text][\/vc_column][\/vc_row][\/vc_section][vc_section css=&#8221;.vc_custom_1738864325446{margin-top: 40px !important;margin-bottom: 24px !important;}&#8221;][vc_row equal_height=&#8221;yes&#8221; overflow=&#8221;default&#8221;][vc_column]\r\n<div class=\"sh-heading  \" id=\"heading-RseFUBQq5z\">\r\n\t<div class=\"sh-element-margin\">\r\n\r\n\t\t\r\n\t\t\t<h2 class=\"sh-heading-content size-default text-left\">\r\n\t\t\t\tBeneficios financieros y operativos\t\t\t<\/h2>\r\n\r\n\t\t\r\n\t<\/div>\r\n<\/div>\r\n            <style type=\"text\/css\">\r\n                #heading-RseFUBQq5z .sh-element-margin {margin: 0px 0px 16px 0px;}#heading-RseFUBQq5z .sh-heading-content {font-weight: 700!important;color: #003865;}#heading-RseFUBQq5z .sh-heading-content,#heading-RseFUBQq5z .sh-heading-additional-text {}            <\/style>\r\n        [\/vc_column][\/vc_row][vc_row][vc_column][vc_column_text css=&#8221;.vc_custom_1739564721267{margin-bottom: 0px !important;}&#8221;]<\/p>\n<ul style=\"font-weight: 400;\">\n<li>Mejora los \u00edndices financieros y flujo de caja.<\/li>\n<li>Se pueden lograr los objetivos de inversi\u00f3n en menor tiempo.<\/li>\n<li>Renta de acuerdo a la vida \u00fatil de tu activo.<\/li>\n<li>Renovaci\u00f3n y estandarizaci\u00f3n por nuevas tecnolog\u00edas.<\/li>\n<li>Adquisici\u00f3n de activos a trav\u00e9s del pago de c\u00e1nones mensuales.<\/li>\n<li>Renovaci\u00f3n y estandarizaci\u00f3n de los bienes adquiridos.<\/li>\n<li>Enfoque del capital, en activos productivos.<\/li>\n<li>M\u00e1s inversi\u00f3n en activos con el mismo presupuesto.<\/li>\n<\/ul>\n<p>[\/vc_column_text][\/vc_column][\/vc_row][\/vc_section][vc_row overflow=&#8221;default&#8221; css=&#8221;.vc_custom_1738691435727{margin-top: 60px !important;margin-bottom: 48px !important;}&#8221;][vc_column]\r\n<div class=\"sh-heading  \" id=\"heading-f9AxBu0sq8\">\r\n\t<div class=\"sh-element-margin\">\r\n\r\n\t\t\r\n\t\t\t<h2 class=\"sh-heading-content size-default text-left\">\r\n\t\t\t\tRequisitos\t\t\t<\/h2>\r\n\r\n\t\t\r\n\t<\/div>\r\n<\/div>\r\n            <style type=\"text\/css\">\r\n                #heading-f9AxBu0sq8 .sh-element-margin {margin: 0px 0px 16px 0px;}#heading-f9AxBu0sq8 .sh-heading-content {font-weight: 700!important;color: #003865;}#heading-f9AxBu0sq8 .sh-heading-content,#heading-f9AxBu0sq8 .sh-heading-additional-text {}            <\/style>\r\n        \r\n<div id=\"tabs-dr1YQK4abn\" class=\"sh-tabs sh-tabs-style1\">\r\n\t<!-- Tabs -->\r\n\t<ul class=\"nav nav-tabs sh-tabs-filter sh-noselect\" role=\"tablist\">\r\n\t\t\t\t\t\t\t\t\t<li role=\"presentation\" class=\" active\">\r\n\t\t\t\t\t<a href=\"#tab-dr1YQK4abn-1\" role=\"tab\" data-toggle=\"tab\">\r\n\t\t\t\t\t\t\r\n\t\t\t\t\t\tPersona Jur\u00eddica\r\n\t\t\t\t\t\t\t\t\t\t\t<\/a>\r\n\t\t\t\t<\/li>\r\n\t\t\t\t\t\t\t<li role=\"presentation\" class=\"\">\r\n\t\t\t\t\t<a href=\"#tab-dr1YQK4abn-2\" role=\"tab\" data-toggle=\"tab\">\r\n\t\t\t\t\t\t\r\n\t\t\t\t\t\tPersona Natural\r\n\t\t\t\t\t\t\t\t\t\t\t<\/a>\r\n\t\t\t\t<\/li>\r\n\t\t\t\t\t\t<\/ul>\r\n\r\n\t<!-- Content -->\r\n\t<div class=\"tab-content\">\r\n\t\t\t\t\t\t\t\t\t<div role=\"tabpanel\" class=\"tab-pane fade in active\" id=\"tab-dr1YQK4abn-1\">\r\n\t\t\t\t\t<ul>\n<li style=line-height:2.5em>Ingresos m\u00ednimos $250,000.00.<\/li>\n<li style=line-height:2.5em>Empresas con dos (2) a\u00f1os m\u00ednimo de operaci\u00f3n.<\/li>\n<li style=line-height:2.5em>Buenas referencias de cr\u00e9dito.<\/li>\n<li style=line-height:2.5em>Formulario de inicio de relaci\u00f3n con Bi Bank.<\/li>\n<li style=line-height:2.5em>Formulario de APC jur\u00eddico y natural.<\/li>\n<br>\n\n<h6><strong>Documentaci\u00f3n requerida:<\/strong><\/h6>\n\n<li style=line-height:2.5em>Pacto social y \u00faltima modificaci\u00f3n.<\/li>\n<li style=line-height:2.5em>Copia de c\u00e9dula de los dignatarios de la sociedad, fiadores, accionistas o beneficiarios finales.<\/li>\n<li style=line-height:2.5em>Estados Financieros auditados o Declaraciones de Renta de los dos \u00faltimos a\u00f1os con la firma del auditor.<\/li>\n<li style=line-height:2.5em>Proforma\/cotizaci\u00f3n del bien a nombre de Bi Bank, S.A.<\/li>\n<li style=line-height:2.5em>Aviso de operaciones.<\/li>\n<li style=line-height:2.5em>Tasa \u00fanica vigente de la sociedad deudora.<\/li>\n<\/ul>\n\t\t\t\t<\/div>\r\n\t\t\t\t\t\t\t<div role=\"tabpanel\" class=\"tab-pane fade\" id=\"tab-dr1YQK4abn-2\">\r\n\t\t\t\t\t<ul>\n<li style=line-height:2.5em>Ingreso m\u00ednimo $5,000.00.<\/li>\n<li style=line-height:2.5em>Nivel de endeudamiento 45%<\/li>\n<li style=line-height:2.5em>Buenas referencias de cr\u00e9ditos.<\/li>\n<li style=line-height:2.5em>Formulario de inicio de relaci\u00f3n con Bi Bank, S.A.<\/li>\n<li style=line-height:2.5em>Formulario de APC natural.<\/li>\n\n<br>\n<h6><strong>Documentaci\u00f3n requerida:<\/strong><\/h6>\n<li style=line-height:2.5em>Estados Financieros auditados o Declaraciones de Renta de los dos \u00faltimos a\u00f1os. con la firma del auditor, en caso de independiente. <\/li>\n<li style=line-height:2.5em>Certificaci\u00f3n de contador p\u00fablico autorizado.<\/li>\n<li style=line-height:2.5em>Comprobante de pago, carta de trabajo y ficha de seguro social.<\/li>\n<li style=line-height:2.5em>Fotocopia de c\u00e9dula o pasaporte y segunda identificaci\u00f3n en caso de ser extranjero.<\/li>\n<li style=line-height:2.5em>Proforma\/cotizaci\u00f3n del bien a nombre de Bi Bank, S.A.<\/li>\n<\/ul>\n\t\t\t\t<\/div>\r\n\t\t\t\t\t\t<\/div>\r\n<\/div>\r\n            <style type=\"text\/css\">\r\n                #tabs-dr1YQK4abn .sh-tabs-filter li:not(.active) a,#tabs-dr1YQK4abn .tab-pane {color: #003865!important;}#tabs-dr1YQK4abn .sh-tabs-filter li.active a,#tabs-dr1YQK4abn .sh-tabs-filter li:hover a {color: #003865!important;}#tabs-dr1YQK4abn .sh-tabs-filter li.active a {border-bottom-color: #003865!important;}#tabs-dr1YQK4abn .sh-tabs-filter li a:after {background-color: #FFB81C!important;}#tabs-dr1YQK4abn .nav-tabs,#tabs-dr1YQK4abn .sh-tabs-filter li {border-color: #00386500!important;}            <\/style>\r\n        [\/vc_column][\/vc_row][vc_row full_width=&#8221;stretch_row_content&#8221; overflow=&#8221;default&#8221; css=&#8221;.vc_custom_1738694641354{margin-bottom: 60px !important;background-color: #F4F4F4 !important;}&#8221;][vc_column][vc_column_text css=&#8221;.vc_custom_1738694707815{margin-bottom: 0px !important;padding-top: 8px !important;}&#8221;]<\/p>\n<h4 style=\"text-align: center; color: #003865;\">Para m\u00e1s informaci\u00f3n<\/h4>\n<p>[\/vc_column_text][vc_btn title=&#8221;Cont\u00e1ctenos&#8221; style=&#8221;classic&#8221; size=&#8221;lg&#8221; align=&#8221;center&#8221; css=&#8221;.vc_custom_1742310512021{margin-top: 0px !important;margin-bottom: 0px !important;padding-top: 16px !important;padding-bottom: 40px !important;}&#8221; link=&#8221;url:mailto%3Aleasingbipa%40bibank.com.pa|target:_blank&#8221; el_class=&#8221;btn-corp-06&#8243;][\/vc_column][\/vc_row]<\/p>\n<\/div>","protected":false},"excerpt":{"rendered":"<p>[vc_section][vc_row][vc_column][\/vc_column][\/vc_row][vc_row overflow=&#8221;default&#8221; css=&#8221;.vc_custom_1738690910634{margin-top: 60px !important;}&#8221;][vc_column overflow=&#8221;default&#8221; css=&#8221;.vc_custom_1738687295893{padding-top: 32px !important;padding-bottom: 32px !important;}&#8221;][vc_column_text css=&#8221;.vc_custom_1738863472687{margin-bottom: 0px !important;}&#8221;]Contrato de arrendamiento financiero que le permite a las empresas y personas la obtenci\u00f3n de bienes, brindando beneficios tanto fiscales como financieros.[\/vc_column_text][\/vc_column][\/vc_row][\/vc_section][vc_section css=&#8221;.vc_custom_1738864930427{margin-top: 24px !important;margin-bottom: 60px !important;}&#8221;][vc_row equal_height=&#8221;yes&#8221; overflow=&#8221;default&#8221; css=&#8221;.vc_custom_1738691188511{padding-bottom: 40px !important;}&#8221;][vc_column][\/vc_column][\/vc_row][vc_row&#8230;<\/p>\n","protected":false},"author":18,"featured_media":0,"parent":0,"menu_order":0,"comment_status":"closed","ping_status":"closed","template":"","meta":{"footnotes":""},"wf_page_folders":[23],"class_list":["post-5600","page","type-page","status-publish","hentry"],"_links":{"self":[{"href":"https:\/\/www.corporacionbi.com\/pa\/bibank\/wp-json\/wp\/v2\/pages\/5600","targetHints":{"allow":["GET"]}}],"collection":[{"href":"https:\/\/www.corporacionbi.com\/pa\/bibank\/wp-json\/wp\/v2\/pages"}],"about":[{"href":"https:\/\/www.corporacionbi.com\/pa\/bibank\/wp-json\/wp\/v2\/types\/page"}],"author":[{"embeddable":true,"href":"https:\/\/www.corporacionbi.com\/pa\/bibank\/wp-json\/wp\/v2\/users\/18"}],"replies":[{"embeddable":true,"href":"https:\/\/www.corporacionbi.com\/pa\/bibank\/wp-json\/wp\/v2\/comments?post=5600"}],"version-history":[{"count":50,"href":"https:\/\/www.corporacionbi.com\/pa\/bibank\/wp-json\/wp\/v2\/pages\/5600\/revisions"}],"predecessor-version":[{"id":5802,"href":"https:\/\/www.corporacionbi.com\/pa\/bibank\/wp-json\/wp\/v2\/pages\/5600\/revisions\/5802"}],"wp:attachment":[{"href":"https:\/\/www.corporacionbi.com\/pa\/bibank\/wp-json\/wp\/v2\/media?parent=5600"}],"wp:term":[{"taxonomy":"wf_page_folders","embeddable":true,"href":"https:\/\/www.corporacionbi.com\/pa\/bibank\/wp-json\/wp\/v2\/wf_page_folders?post=5600"}],"curies":[{"name":"wp","href":"https:\/\/api.w.org\/{rel}","templated":true}]}}