{"id":4015,"date":"2024-03-01T14:52:54","date_gmt":"2024-03-01T20:52:54","guid":{"rendered":"https:\/\/www.corporacionbi.com\/pa\/bibank\/?page_id=4015"},"modified":"2025-03-18T09:20:14","modified_gmt":"2025-03-18T15:20:14","slug":"solicita-tu-back-to-back","status":"publish","type":"page","link":"https:\/\/www.corporacionbi.com\/pa\/bibank\/tutoriales-bibank\/solicita-tu-back-to-back\/","title":{"rendered":"Solicita tu Back to Back"},"content":{"rendered":"<div class=\"wpb-content-wrapper\"><p>[vc_row][vc_column]\r\n            \r\n            <div class=\"sh-empty-space vc_empty_space sh-empty-space-nAJXjykv7Y  \" style=\"height: 30px\">\r\n                <span class=\"vc_empty_space_inner\"><\/span>\r\n            <\/div>\r\n\r\n        [\/vc_column][\/vc_row][vc_row][vc_column]\r\n            <style media=\"screen\">\r\n                \r\n                                    #sh-element-titlebar-breadcrumbs-x9e0ltHCTX #breadcrumbs a {\r\n                        color: #00c1d4;\r\n                    }\r\n                \r\n                \r\n\r\n                \/*.sh-element-titlebar-title .sh-element-titlebar-title-content {\r\n                    margin-top: 0;\r\n                    margin-bottom: 0;\r\n                    line-height: 1;\r\n                }*\/\r\n            <\/style>\r\n\r\n\r\n            <div id=\"sh-element-titlebar-breadcrumbs-x9e0ltHCTX\" class=\"sh-element-titlebar-breadcrumbs text-left\">\r\n                <div class=\"title-level\">\r\n                    <div id=\"breadcrumbs\" class=\"breadcrumb-trail breadcrumbs\"><span class=\"item-home\"><a class=\"bread-link bread-home\" href=\"https:\/\/www.corporacionbi.com\/pa\/bibank\/\" title=\"Home\">Home<\/a><\/span><span class=\"separator\"> &gt; <\/span><span class=\"item-current\"><span class=\"bread-current\">Solicita tu Back to Back<\/span><\/span><\/div>                <\/div>\r\n            <\/div>\r\n\r\n        [\/vc_column][\/vc_row][vc_row][vc_column]\r\n            \r\n            <div class=\"sh-empty-space vc_empty_space sh-empty-space-mhNwJW7dT3  \" style=\"height: 30px\">\r\n                <span class=\"vc_empty_space_inner\"><\/span>\r\n            <\/div>\r\n\r\n        [\/vc_column][\/vc_row][vc_section][vc_row][vc_column]\r\n<div class=\"sh-heading  \" id=\"heading-UD5EkmPsBK\">\r\n\t<div class=\"sh-element-margin\">\r\n\r\n\t\t\r\n\t\t\t<h1 class=\"sh-heading-content size-default text-left\">\r\n\t\t\t\tSolicita Back to Back desde Bi en L\u00ednea\t\t\t<\/h1>\r\n\r\n\t\t\r\n\t<\/div>\r\n<\/div>\r\n            <style type=\"text\/css\">\r\n                #heading-UD5EkmPsBK .sh-element-margin {margin: 0px 0px 25px 0px;}#heading-UD5EkmPsBK .sh-heading-content {font-weight: 700!important;color: #003865;}#heading-UD5EkmPsBK .sh-heading-content,#heading-UD5EkmPsBK .sh-heading-additional-text {}            <\/style>\r\n        [vc_column_text]<\/p>\n<p class=\"p1\">Solicita tu cr\u00e9dito a trav\u00e9s de Bi en L\u00ednea, con el respaldo de tu dep\u00f3sito a Plazo Fijo.<\/p>\n<p>[\/vc_column_text][\/vc_column][\/vc_row][vc_row][vc_column][vc_raw_html]JTNDdmlkZW8lMjB3aWR0aCUzRCUyMjEwMCUyNSUyMiUyMGhlaWdodCUzRCUyMjEwMCUyNSUyMiUyMGF1dG9wbGF5JTNEJTIyYXV0b3BsYXklMjIlMjBjb250cm9scyUyMG11dGVkJTIwY29udHJvbHNsaXN0JTNEJTIybm9kb3dubG9hZCUyMiUzRSUyMCUwQSUyMCUyMCUzQ3NvdXJjZSUyMHNyYyUzRCUyMmh0dHBzJTNBJTJGJTJGbWVkaWEuYmkuY29tLmd0JTJGY29ycG9yYWNpb25iaSUyRmJpYmFuayUyRjIwMjQwMiUyRmJhY2stdG8tYmFjay0xLm1wNCUyMiUyMHR5cGUlM0QlMjJ2aWRlbyUyRm1wNCUyMiUzRSUwQSUzQyUyRnZpZGVvJTNF[\/vc_raw_html][\/vc_column][\/vc_row][vc_row][vc_column]\r\n<div class=\"sh-heading  \" id=\"heading-jyFlNhi1OH\">\r\n\t<div class=\"sh-element-margin\">\r\n\r\n\t\t\r\n\t\t\t<h2 class=\"sh-heading-content size-default text-center\">\r\n\t\t\t\t\u00bfNecesitas m\u00e1s informaci\u00f3n?\t\t\t<\/h2>\r\n\r\n\t\t\r\n\t<\/div>\r\n<\/div>\r\n            <style type=\"text\/css\">\r\n                #heading-jyFlNhi1OH .sh-element-margin {margin: 0px 0px 25px 0px;}#heading-jyFlNhi1OH .sh-heading-content {font-weight: 700!important;color: #003865;}#heading-jyFlNhi1OH .sh-heading-content,#heading-jyFlNhi1OH .sh-heading-additional-text {}            <\/style>\r\n        [vc_btn title=&#8221;Escr\u00edbenos en WhatsApp&#8221; style=&#8221;classic&#8221; align=&#8221;center&#8221; css=&#8221;&#8221; el_class=&#8221;btn-corp-01&#8243; link=&#8221;url:https%3A%2F%2Fapi.whatsapp.com%2Fsend%2F%3Fphone%3D5073080800%26text%26type%3Dphone_number%26app_absent%3D0|target:_blank&#8221;]\r\n            \r\n            <div class=\"sh-empty-space vc_empty_space sh-empty-space-uHK04ZWFob  \" style=\"height: 32px\">\r\n                <span class=\"vc_empty_space_inner\"><\/span>\r\n            <\/div>\r\n\r\n        [\/vc_column][\/vc_row][\/vc_section][vc_section full_width=&#8221;stretch_row&#8221; css=&#8221;.vc_custom_1712339695284{margin-bottom: 0px !important;border-bottom-width: 0px !important;padding-bottom: 0px !important;background-color: #f7f7f7 !important;}&#8221;][vc_row content_placement=&#8221;middle&#8221; overflow=&#8221;default&#8221; css=&#8221;.vc_custom_1709332931169{margin-bottom: 0px !important;border-bottom-width: 0px !important;padding-bottom: 0px !important;}&#8221;][vc_column overflow=&#8221;default&#8221; css=&#8221;.vc_custom_1712338793789{margin-bottom: 0px !important;border-bottom-width: 0px !important;padding-bottom: 0px !important;}&#8221;]\r\n<div class=\"sh-heading  \" id=\"heading-E9sKGIk1qx\">\r\n\t<div class=\"sh-element-margin\">\r\n\r\n\t\t\r\n\t\t\t<h2 class=\"sh-heading-content size-default text-center\">\r\n\t\t\t\tOtro tutorial que te puede interesar:\t\t\t<\/h2>\r\n\r\n\t\t\r\n\t<\/div>\r\n<\/div>\r\n            <style type=\"text\/css\">\r\n                #heading-E9sKGIk1qx .sh-element-margin {margin: 0px 0px 25px 0px;}#heading-E9sKGIk1qx .sh-heading-content {font-weight: 700!important;color: #003865;}#heading-E9sKGIk1qx .sh-heading-content,#heading-E9sKGIk1qx .sh-heading-additional-text {}            <\/style>\r\n        [\/vc_column][\/vc_row][vc_row gap=&#8221;10&#8243; equal_height=&#8221;yes&#8221; overflow=&#8221;default&#8221;][vc_column width=&#8221;1\/3&#8243; overflow=&#8221;default&#8221;][\/vc_column][vc_column width=&#8221;1\/3&#8243; overflow=&#8221;default&#8221;][vc_row_inner content_placement=&#8221;middle&#8221; overflow=&#8221;default&#8221; el_class=&#8221;tutoriales-item-container shadow-section filter cat-belweb&#8221; css=&#8221;.vc_custom_1712335201327{background-color: #ffffff !important;}&#8221;][vc_column_inner width=&#8221;2\/3&#8243; text_align_inline=&#8221;center&#8221; overflow=&#8221;default&#8221; offset=&#8221;vc_col-xs-8&#8243;][vc_column_text css=&#8221;.vc_custom_1712617411255{margin-bottom: 0px !important;}&#8221;]<\/p>\n<p class=\"tutorial-name\">Visualiza tu Pin Visa D\u00e9bito<\/p>\n<p>[\/vc_column_text][\/vc_column_inner][vc_column_inner el_class=&#8221;tutorials-padding&#8221; width=&#8221;1\/6&#8243; overflow=&#8221;default&#8221; css=&#8221;.vc_custom_1712338765497{padding-right: 0px !important;padding-left: 0px !important;}&#8221; offset=&#8221;vc_col-xs-2&#8243;][vc_raw_html css=&#8221;.vc_custom_1718134510809{margin-bottom: 0px !important;}&#8221;]JTNDYSUyMGhyZWYlM0QlMjJodHRwcyUzQSUyRiUyRnd3dy5jb3Jwb3JhY2lvbmJpLmNvbSUyRnBhJTJGYmliYW5rJTJGdmlzdWFsaXphLXR1LXBpbi12aXNhLWRlYml0byUyRiUyMiUwQWNsYXNzJTNEJTIydHV0b3JpYWxlcy1idG4tYXBwJTIyJTNFJTBBJTNDaSUyMGNsYXNzJTNEJTIyQmlCYW5rLSUyMGJpLWljb25zJTIwYmktaWNvbnMtY2VsdWxhciUyMHR1dG9yaWFsZXMtaWNvbiUyMiUzRSUzQyUyRmklM0UlMEElM0NwJTIwY2xhc3MlM0QlMjJ0ZXh0LXZlciUyMiUzRVZlciUyMCUzRSUzQyUyRnAlM0UlMEElM0MlMkZhJTNF[\/vc_raw_html][\/vc_column_inner][vc_column_inner el_class=&#8221;tutorials-padding&#8221; width=&#8221;1\/6&#8243; overflow=&#8221;default&#8221; css=&#8221;.vc_custom_1712338777772{padding-right: 0px !important;padding-left: 0px !important;}&#8221; offset=&#8221;vc_col-xs-2&#8243;][vc_raw_html css=&#8221;.vc_custom_1718134543572{margin-bottom: 0px !important;}&#8221;]JTNDYSUyMCUwQWNsYXNzJTNEJTIydHV0b3JpYWxlcy1idG4td2ViJTIyJTNFJTBBJTNDaSUyMGNsYXNzJTNEJTIyQmlCYW5rLSUyMGJpLWljb25zJTIwYmktaWNvbnMtbGFwdG9wJTIwdHV0b3JpYWxlcy1pY29uJTIyJTNFJTNDJTJGaSUzRSUwQSUzQ3AlMjBjbGFzcyUzRCUyMnRleHQtdmVyJTIyJTNFVmVyJTIwJTNFJTNDJTJGcCUzRSUwQSUzQyUyRmElM0U=[\/vc_raw_html][\/vc_column_inner][\/vc_row_inner][\/vc_column][vc_column width=&#8221;1\/3&#8243; overflow=&#8221;default&#8221;][\/vc_column][\/vc_row][vc_row][vc_column overflow=&#8221;default&#8221;]\r\n            \r\n            <div class=\"sh-empty-space vc_empty_space sh-empty-space-xqoWy8LfN7  \" style=\"height: 50px\">\r\n                <span class=\"vc_empty_space_inner\"><\/span>\r\n            <\/div>\r\n\r\n        [\/vc_column][\/vc_row][\/vc_section]<\/p>\n<\/div>","protected":false},"excerpt":{"rendered":"<p>[vc_row][vc_column][\/vc_column][\/vc_row][vc_row][vc_column][\/vc_column][\/vc_row][vc_row][vc_column][\/vc_column][\/vc_row][vc_section][vc_row][vc_column][vc_column_text] Solicita tu cr\u00e9dito a trav\u00e9s de Bi en L\u00ednea, con el respaldo de tu dep\u00f3sito a Plazo Fijo. [\/vc_column_text][\/vc_column][\/vc_row][vc_row][vc_column][vc_raw_html]JTNDdmlkZW8lMjB3aWR0aCUzRCUyMjEwMCUyNSUyMiUyMGhlaWdodCUzRCUyMjEwMCUyNSUyMiUyMGF1dG9wbGF5JTNEJTIyYXV0b3BsYXklMjIlMjBjb250cm9scyUyMG11dGVkJTIwY29udHJvbHNsaXN0JTNEJTIybm9kb3dubG9hZCUyMiUzRSUyMCUwQSUyMCUyMCUzQ3NvdXJjZSUyMHNyYyUzRCUyMmh0dHBzJTNBJTJGJTJGbWVkaWEuYmkuY29tLmd0JTJGY29ycG9yYWNpb25iaSUyRmJpYmFuayUyRjIwMjQwMiUyRmJhY2stdG8tYmFjay0xLm1wNCUyMiUyMHR5cGUlM0QlMjJ2aWRlbyUyRm1wNCUyMiUzRSUwQSUzQyUyRnZpZGVvJTNF[\/vc_raw_html][\/vc_column][\/vc_row][vc_row][vc_column][vc_btn title=&#8221;Escr\u00edbenos en WhatsApp&#8221; style=&#8221;classic&#8221; align=&#8221;center&#8221; css=&#8221;&#8221; el_class=&#8221;btn-corp-01&#8243; link=&#8221;url:https%3A%2F%2Fapi.whatsapp.com%2Fsend%2F%3Fphone%3D5073080800%26text%26type%3Dphone_number%26app_absent%3D0|target:_blank&#8221;][\/vc_column][\/vc_row][\/vc_section][vc_section full_width=&#8221;stretch_row&#8221; css=&#8221;.vc_custom_1712339695284{margin-bottom: 0px !important;border-bottom-width: 0px !important;padding-bottom: 0px !important;background-color: #f7f7f7 !important;}&#8221;][vc_row content_placement=&#8221;middle&#8221; overflow=&#8221;default&#8221; css=&#8221;.vc_custom_1709332931169{margin-bottom: 0px !important;border-bottom-width: 0px !important;padding-bottom:&#8230;<\/p>\n","protected":false},"author":4,"featured_media":0,"parent":4011,"menu_order":0,"comment_status":"closed","ping_status":"closed","template":"","meta":{"footnotes":""},"wf_page_folders":[43],"class_list":["post-4015","page","type-page","status-publish","hentry"],"_links":{"self":[{"href":"https:\/\/www.corporacionbi.com\/pa\/bibank\/wp-json\/wp\/v2\/pages\/4015","targetHints":{"allow":["GET"]}}],"collection":[{"href":"https:\/\/www.corporacionbi.com\/pa\/bibank\/wp-json\/wp\/v2\/pages"}],"about":[{"href":"https:\/\/www.corporacionbi.com\/pa\/bibank\/wp-json\/wp\/v2\/types\/page"}],"author":[{"embeddable":true,"href":"https:\/\/www.corporacionbi.com\/pa\/bibank\/wp-json\/wp\/v2\/users\/4"}],"replies":[{"embeddable":true,"href":"https:\/\/www.corporacionbi.com\/pa\/bibank\/wp-json\/wp\/v2\/comments?post=4015"}],"version-history":[{"count":14,"href":"https:\/\/www.corporacionbi.com\/pa\/bibank\/wp-json\/wp\/v2\/pages\/4015\/revisions"}],"predecessor-version":[{"id":5780,"href":"https:\/\/www.corporacionbi.com\/pa\/bibank\/wp-json\/wp\/v2\/pages\/4015\/revisions\/5780"}],"up":[{"embeddable":true,"href":"https:\/\/www.corporacionbi.com\/pa\/bibank\/wp-json\/wp\/v2\/pages\/4011"}],"wp:attachment":[{"href":"https:\/\/www.corporacionbi.com\/pa\/bibank\/wp-json\/wp\/v2\/media?parent=4015"}],"wp:term":[{"taxonomy":"wf_page_folders","embeddable":true,"href":"https:\/\/www.corporacionbi.com\/pa\/bibank\/wp-json\/wp\/v2\/wf_page_folders?post=4015"}],"curies":[{"name":"wp","href":"https:\/\/api.w.org\/{rel}","templated":true}]}}