{"id":3048,"date":"2023-10-10T17:26:04","date_gmt":"2023-10-10T23:26:04","guid":{"rendered":"https:\/\/www.corporacionbi.com\/pa\/bibank\/?page_id=3048"},"modified":"2024-04-09T16:21:11","modified_gmt":"2024-04-09T22:21:11","slug":"tutoriales-bibank2","status":"publish","type":"page","link":"https:\/\/www.corporacionbi.com\/pa\/bibank\/tutoriales-bibank2\/","title":{"rendered":"Tutoriales Bi Bank"},"content":{"rendered":"<div class=\"wpb-content-wrapper\"><p>[vc_row][vc_column][\/vc_column][\/vc_row][vc_row overflow=&#8221;default&#8221; css=&#8221;.vc_custom_1655444665146{margin-top: 30px !important;}&#8221;][vc_column]\r\n<div class=\"sh-heading  \" id=\"heading-b7kFlzNdAD\">\r\n\t<div class=\"sh-element-margin\">\r\n\r\n\t\t\r\n\t\t\t<h1 class=\"sh-heading-content size-default text-center\">\r\n\t\t\t\tVisualizaci\u00f3n de Pin de Visa D\u00e9bito\t\t\t<\/h1>\r\n\r\n\t\t\r\n\t<\/div>\r\n<\/div>\r\n            <style type=\"text\/css\">\r\n                #heading-b7kFlzNdAD .sh-element-margin {}#heading-b7kFlzNdAD .sh-heading-content {font-weight: 700!important;color: #003865;}#heading-b7kFlzNdAD .sh-heading-content,#heading-b7kFlzNdAD .sh-heading-additional-text {}            <\/style>\r\n        [vc_column_text css=&#8221;.vc_custom_1704836044903{margin-top: 15px !important;margin-bottom: 15px !important;}&#8221;]Requieres del PIN de forma f\u00e1cil y r\u00e1pida, ingresa al detalle de tu cuenta donde aparecer\u00e1 tu Tarjeta VISA D\u00e9bito, desliza a la izquierda, coloca un token de seguridad y lo tendr\u00e1s as\u00ed de f\u00e1cil!!![\/vc_column_text][\/vc_column][\/vc_row][vc_row overflow=&#8221;default&#8221; css=&#8221;.vc_custom_1655444763634{margin-top: 30px !important;}&#8221;][vc_column][vc_raw_html css=&#8221;.vc_custom_1697660651501{margin-top: 0px !important;margin-right: 0px !important;margin-bottom: 32px !important;margin-left: 0px !important;}&#8221;]JTNDdmlkZW8lMjB3aWR0aCUzRCUyMjEwMCUyNSUyMiUyMGhlaWdodCUzRCUyMjEwMCUyNSUyMiUyMGF1dG9wbGF5JTNEJTIyYXV0b3BsYXklMjIlMjBjb250cm9scyUyMG11dGVkJTIwY29udHJvbHNsaXN0JTNEJTIybm9kb3dubG9hZCUyMiUzRSUyMCUwQSUyMCUyMCUzQ3NvdXJjZSUyMHNyYyUzRCUyMmh0dHBzJTNBJTJGJTJGbWVkaWEuYmkuY29tLmd0JTJGY29ycG9yYWNpb25iaSUyRmJpYmFuayUyRjEwMjAyMyUyRmJlbC1hcHAtdmlzdWFsaXphY2lvbi1waW4ubXA0JTIyJTIwdHlwZSUzRCUyMnZpZGVvJTJGbXA0JTIyJTNFJTBBJTNDJTJGdmlkZW8lM0U=[\/vc_raw_html][\/vc_column][\/vc_row]<\/p>\n<\/div>","protected":false},"excerpt":{"rendered":"<p>[vc_row][vc_column][\/vc_column][\/vc_row][vc_row overflow=&#8221;default&#8221; css=&#8221;.vc_custom_1655444665146{margin-top: 30px !important;}&#8221;][vc_column][vc_column_text css=&#8221;.vc_custom_1704836044903{margin-top: 15px !important;margin-bottom: 15px !important;}&#8221;]Requieres del PIN de forma f\u00e1cil y r\u00e1pida, ingresa al detalle de tu cuenta donde aparecer\u00e1 tu Tarjeta VISA D\u00e9bito, desliza a la izquierda, coloca un token de seguridad y lo tendr\u00e1s as\u00ed de f\u00e1cil!!![\/vc_column_text][\/vc_column][\/vc_row][vc_row overflow=&#8221;default&#8221;&#8230;<\/p>\n","protected":false},"author":4,"featured_media":0,"parent":0,"menu_order":0,"comment_status":"closed","ping_status":"closed","template":"","meta":{"footnotes":""},"wf_page_folders":[],"class_list":["post-3048","page","type-page","status-publish","hentry"],"_links":{"self":[{"href":"https:\/\/www.corporacionbi.com\/pa\/bibank\/wp-json\/wp\/v2\/pages\/3048","targetHints":{"allow":["GET"]}}],"collection":[{"href":"https:\/\/www.corporacionbi.com\/pa\/bibank\/wp-json\/wp\/v2\/pages"}],"about":[{"href":"https:\/\/www.corporacionbi.com\/pa\/bibank\/wp-json\/wp\/v2\/types\/page"}],"author":[{"embeddable":true,"href":"https:\/\/www.corporacionbi.com\/pa\/bibank\/wp-json\/wp\/v2\/users\/4"}],"replies":[{"embeddable":true,"href":"https:\/\/www.corporacionbi.com\/pa\/bibank\/wp-json\/wp\/v2\/comments?post=3048"}],"version-history":[{"count":11,"href":"https:\/\/www.corporacionbi.com\/pa\/bibank\/wp-json\/wp\/v2\/pages\/3048\/revisions"}],"predecessor-version":[{"id":3935,"href":"https:\/\/www.corporacionbi.com\/pa\/bibank\/wp-json\/wp\/v2\/pages\/3048\/revisions\/3935"}],"wp:attachment":[{"href":"https:\/\/www.corporacionbi.com\/pa\/bibank\/wp-json\/wp\/v2\/media?parent=3048"}],"wp:term":[{"taxonomy":"wf_page_folders","embeddable":true,"href":"https:\/\/www.corporacionbi.com\/pa\/bibank\/wp-json\/wp\/v2\/wf_page_folders?post=3048"}],"curies":[{"name":"wp","href":"https:\/\/api.w.org\/{rel}","templated":true}]}}