{"id":2997,"date":"2023-09-04T13:51:00","date_gmt":"2023-09-04T19:51:00","guid":{"rendered":"https:\/\/www.corporacionbi.com\/pa\/bibank\/?page_id=2997"},"modified":"2024-03-12T16:29:14","modified_gmt":"2024-03-12T22:29:14","slug":"inactivacion-de-cuentas","status":"publish","type":"page","link":"https:\/\/www.corporacionbi.com\/pa\/bibank\/inactivacion-de-cuentas\/","title":{"rendered":"Inactivaci\u00f3n de cuentas"},"content":{"rendered":"<div class=\"wpb-content-wrapper\"><p>[vc_row][vc_column]\n\t\t\t\t<p class=\"rs-p-wp-fix\"><\/p>\n\t\t\t\t<sr7-module data-alias=\"preguntas-frecuentes-1\" data-id=\"113\" id=\"SR7_113_1\" class=\"rs-ov-hidden\" data-version=\"6.7.54\">\n\t\t\t\t\t<sr7-adjuster><\/sr7-adjuster>\n\t\t\t\t\t<sr7-content>\n\t\t\t\t\t\t<sr7-slide id=\"SR7_113_1-79\" data-key=\"79\">\n\t\t\t\t\t\t\t<sr7-txt id=\"SR7_113_1-79-3\" class=\"sr7-layer\">\u00bfSab\u00edas que tu cuenta <br \/>\n<b>puede inactivarse? <\/b><\/sr7-txt>\n\t\t\t\t\t\t<\/sr7-slide>\n\t\t\t\t\t\t<sr7-slide id=\"SR7_113_1-179\" data-key=\"179\">\n\t\t\t\t\t\t<\/sr7-slide>\n\t\t\t\t\t<\/sr7-content>\n\t\t\t\t<\/sr7-module>\n\t\t\t\t<script>\n\t\t\t\t\twindow.SR7 ??={};SR7.PMH ??={}; SR7.PMH[\"SR7_113_1\"] = {cn:100,state:false,fn: function() { if (window._tpt!==undefined && window._tpt.prepareModuleHeight !== undefined) {  _tpt.prepareModuleHeight({id:\"SR7_113_1\",el:[600,600,350,400,350],type:'standard',shdw:'0',gh:[600,600,350,400,350],gw:[1920,1920,1024,778,480],vpt:['-200px&#039;,&#039;-200px&#039;,&#039;-200px&#039;,&#039;-200px&#039;,&#039;-200px'],size:{fullWidth:true, fullHeight:false},mh:'0',onh:0,onw:0,bg:{color:'{\"orig\":\"transparent\",\"type\":\"solid\",\"string\":\"transparent\"}'}});   SR7.PMH[\"SR7_113_1\"].state=true;} else if(SR7.PMH[\"SR7_113_1\"].cn-->0)\tsetTimeout( SR7.PMH[\"SR7_113_1\"].fn,19);}};SR7.PMH[\"SR7_113_1\" ].fn();\n\t\t\t\t<\/script>\n[\/vc_column][\/vc_row][vc_row][vc_column][vc_separator color=&#8221;white&#8221;][\/vc_column][\/vc_row][vc_row][vc_column][vc_separator color=&#8221;white&#8221;][\/vc_column][\/vc_row][vc_row][vc_column][vc_column_text]<\/p>\n<h1><span style=\"color: #003865;\">Con\u00f3ce sobre las cuentas inactivas<\/span><\/h1>\n<p>Si tienes una cuenta de ahorro o corriente en BI Bank y por alguna raz\u00f3n no haz realizado movimiento en los \u00faltimos seis\u00a0meses, lo m\u00e1s probable es que tu cuenta se inactive o ya lo est\u00e9.<\/p>\n<p>Se considera una cuenta activa aquella que tiene movimientos transaccionales como (dep\u00f3sitos, retiros, transferencias entre cuentas u otros bancos, uso de tarjeta de d\u00e9bito).<\/p>\n<p>A continuaci\u00f3n, te compartimos algunas preguntas frecuentes por si crees que tu cuenta pudiera estar inactiva:[\/vc_column_text][\/vc_column][\/vc_row][vc_row][vc_column width=&#8221;1\/2&#8243;]\r\n<div class=\"sh-accordion sh-accordion-style1 panel-group\" id=\"accordion-gqbZQHX4CM\" role=\"tablist\" aria-multiselectable=\"true\">\r\n\t\r\n\t\r\n\t\t<div class=\"sh-accordion-item panel panel-default\">\r\n\t\t\t<div class=\"panel-heading\" role=\"tab\" id=\"heading-gqbZQHX4CM-2\">\r\n\t\t\t\t<h4 class=\"panel-title\">\r\n\t\t\t\t\t<a role=\"button\" data-toggle=\"collapse\" data-parent=\"#accordion-gqbZQHX4CM\" href=\"#collapse-gqbZQHX4CM-2\" aria-expanded=\"false\" aria-controls=\"collapse-gqbZQHX4CM-2\" class=\"collapsed\">\r\n\r\n\t\t\t\t\t\t\r\n\t\t\t\t\t\t\t<div class=\"sh-table\">\r\n\t\t\t\t\t\t\t\t<div class=\"sh-table-cell sh-accordion-icon-cell\">\r\n\t\t\t\t\t\t\t\t\t<span class=\"sh-accordion-icon\">\r\n\r\n\t\t\t\t\t\t\t\t\t\t\t\t\t\t\t\t\t\t\t\t\t<i class=\"open-icon fa fa-chevron-down\"><\/i>\r\n\t\t\t\t\t\t\t\t\t\t\t<i class=\"close-icon fa fa-chevron-up\"><\/i>\r\n\t\t\t\t\t\t\t\t\t\t\r\n\t\t\t\t\t\t\t\t\t<\/span>\r\n\t\t\t\t\t\t\t\t<\/div>\r\n\t\t\t\t\t\t\t\t<div class=\"sh-table-cell sh-accordion-content-cell\">\r\n\t\t\t\t\t\t\t\t\t<span class=\"sh-accordion-title\">\u00bfPor qu\u00e9 se inactivar\u00e1 mi cuenta?<\/span>\r\n\t\t\t\t\t\t\t\t<\/div>\r\n\t\t\t\t\t\t\t<\/div>\r\n\r\n\t\t\t\t\t\t\r\n\t\t\t\t\t<\/a>\r\n\t\t\t\t<\/h4>\r\n\t\t\t<\/div>\r\n\t\t\t<div id=\"collapse-gqbZQHX4CM-2\" class=\"panel-collapse collapse\" role=\"tabpanel\" aria-labelledby=\"heading-gqbZQHX4CM-2\">\r\n\t\t\t\t<div class=\"panel-body\">\r\n\r\n\t\t\t\t\t<div class=\"sh-table\">\r\n\t\t\t\t\t\t\r\n\t\t\t\t\t\t\t<div class=\"sh-table-cell-top sh-accordion-icon-cell\">\r\n\t\t\t\t\t\t\t\t<span class=\"sh-accordion-icon\">\r\n\r\n\t\t\t\t\t\t\t\t\t\t\t\t\t\t\t\t\t\t\t<i class=\"open-icon fa fa-chevron-down\"><\/i>\r\n\t\t\t\t\t\t\t\t\t\t<i class=\"close-icon fa fa-chevron-up\"><\/i>\r\n\t\t\t\t\t\t\t\t\t\r\n\t\t\t\t\t\t\t\t<\/span>\r\n\t\t\t\t\t\t\t<\/div>\r\n\r\n\t\t\t\t\t\t\t\t\t\t\t\t<div class=\"sh-table-cell-top sh-accordion-content-cell\">\r\n\t\t\t\t\t\t\t\t\t\t\t\t\t\t<p>Las cuentas de ahorro y corrientes de Bi Bank se inactivan por falta de movimiento durante 6 meses consecutivos luego de la \u00faltima transacci\u00f3n realizada.<\/p>\n\t\t\t\t\t\t\t\t\t\t\t\t\t<\/div>\r\n\t\t\t\t\t<\/div>\r\n\r\n\t\t\t\t<\/div>\r\n\t\t\t<\/div>\r\n\t\t<\/div>\r\n\t\r\n\t\t<div class=\"sh-accordion-item panel panel-default\">\r\n\t\t\t<div class=\"panel-heading\" role=\"tab\" id=\"heading-gqbZQHX4CM-3\">\r\n\t\t\t\t<h4 class=\"panel-title\">\r\n\t\t\t\t\t<a role=\"button\" data-toggle=\"collapse\" data-parent=\"#accordion-gqbZQHX4CM\" href=\"#collapse-gqbZQHX4CM-3\" aria-expanded=\"false\" aria-controls=\"collapse-gqbZQHX4CM-3\" class=\"collapsed\">\r\n\r\n\t\t\t\t\t\t\r\n\t\t\t\t\t\t\t<div class=\"sh-table\">\r\n\t\t\t\t\t\t\t\t<div class=\"sh-table-cell sh-accordion-icon-cell\">\r\n\t\t\t\t\t\t\t\t\t<span class=\"sh-accordion-icon\">\r\n\r\n\t\t\t\t\t\t\t\t\t\t\t\t\t\t\t\t\t\t\t\t\t<i class=\"open-icon fa fa-chevron-down\"><\/i>\r\n\t\t\t\t\t\t\t\t\t\t\t<i class=\"close-icon fa fa-chevron-up\"><\/i>\r\n\t\t\t\t\t\t\t\t\t\t\r\n\t\t\t\t\t\t\t\t\t<\/span>\r\n\t\t\t\t\t\t\t\t<\/div>\r\n\t\t\t\t\t\t\t\t<div class=\"sh-table-cell sh-accordion-content-cell\">\r\n\t\t\t\t\t\t\t\t\t<span class=\"sh-accordion-title\">\u00bfQu\u00e9 debo hacer para que mi cuenta no se inactive?<\/span>\r\n\t\t\t\t\t\t\t\t<\/div>\r\n\t\t\t\t\t\t\t<\/div>\r\n\r\n\t\t\t\t\t\t\r\n\t\t\t\t\t<\/a>\r\n\t\t\t\t<\/h4>\r\n\t\t\t<\/div>\r\n\t\t\t<div id=\"collapse-gqbZQHX4CM-3\" class=\"panel-collapse collapse\" role=\"tabpanel\" aria-labelledby=\"heading-gqbZQHX4CM-3\">\r\n\t\t\t\t<div class=\"panel-body\">\r\n\r\n\t\t\t\t\t<div class=\"sh-table\">\r\n\t\t\t\t\t\t\r\n\t\t\t\t\t\t\t<div class=\"sh-table-cell-top sh-accordion-icon-cell\">\r\n\t\t\t\t\t\t\t\t<span class=\"sh-accordion-icon\">\r\n\r\n\t\t\t\t\t\t\t\t\t\t\t\t\t\t\t\t\t\t\t<i class=\"open-icon fa fa-chevron-down\"><\/i>\r\n\t\t\t\t\t\t\t\t\t\t<i class=\"close-icon fa fa-chevron-up\"><\/i>\r\n\t\t\t\t\t\t\t\t\t\r\n\t\t\t\t\t\t\t\t<\/span>\r\n\t\t\t\t\t\t\t<\/div>\r\n\r\n\t\t\t\t\t\t\t\t\t\t\t\t<div class=\"sh-table-cell-top sh-accordion-content-cell\">\r\n\t\t\t\t\t\t\t\t\t\t\t\t\t\t<p>Mantener un constante uso de la cuenta realizando transacciones o dep\u00f3sitos de cualquier denominaci\u00f3n, mediante Bi en L\u00ednea, Banca M\u00f3vil, tarjeta Visa D\u00e9bito, chequera, ATM y por ventanilla.<\/p>\n\t\t\t\t\t\t\t\t\t\t\t\t\t<\/div>\r\n\t\t\t\t\t<\/div>\r\n\r\n\t\t\t\t<\/div>\r\n\t\t\t<\/div>\r\n\t\t<\/div>\r\n\t\r\n\t\t<div class=\"sh-accordion-item panel panel-default\">\r\n\t\t\t<div class=\"panel-heading\" role=\"tab\" id=\"heading-gqbZQHX4CM-4\">\r\n\t\t\t\t<h4 class=\"panel-title\">\r\n\t\t\t\t\t<a role=\"button\" data-toggle=\"collapse\" data-parent=\"#accordion-gqbZQHX4CM\" href=\"#collapse-gqbZQHX4CM-4\" aria-expanded=\"false\" aria-controls=\"collapse-gqbZQHX4CM-4\" class=\"collapsed\">\r\n\r\n\t\t\t\t\t\t\r\n\t\t\t\t\t\t\t<div class=\"sh-table\">\r\n\t\t\t\t\t\t\t\t<div class=\"sh-table-cell sh-accordion-icon-cell\">\r\n\t\t\t\t\t\t\t\t\t<span class=\"sh-accordion-icon\">\r\n\r\n\t\t\t\t\t\t\t\t\t\t\t\t\t\t\t\t\t\t\t\t\t<i class=\"open-icon fa fa-chevron-down\"><\/i>\r\n\t\t\t\t\t\t\t\t\t\t\t<i class=\"close-icon fa fa-chevron-up\"><\/i>\r\n\t\t\t\t\t\t\t\t\t\t\r\n\t\t\t\t\t\t\t\t\t<\/span>\r\n\t\t\t\t\t\t\t\t<\/div>\r\n\t\t\t\t\t\t\t\t<div class=\"sh-table-cell sh-accordion-content-cell\">\r\n\t\t\t\t\t\t\t\t\t<span class=\"sh-accordion-title\">\u00bfQu\u00e9 pasa si mi cuenta se inactiva por falta de uso?<\/span>\r\n\t\t\t\t\t\t\t\t<\/div>\r\n\t\t\t\t\t\t\t<\/div>\r\n\r\n\t\t\t\t\t\t\r\n\t\t\t\t\t<\/a>\r\n\t\t\t\t<\/h4>\r\n\t\t\t<\/div>\r\n\t\t\t<div id=\"collapse-gqbZQHX4CM-4\" class=\"panel-collapse collapse\" role=\"tabpanel\" aria-labelledby=\"heading-gqbZQHX4CM-4\">\r\n\t\t\t\t<div class=\"panel-body\">\r\n\r\n\t\t\t\t\t<div class=\"sh-table\">\r\n\t\t\t\t\t\t\r\n\t\t\t\t\t\t\t<div class=\"sh-table-cell-top sh-accordion-icon-cell\">\r\n\t\t\t\t\t\t\t\t<span class=\"sh-accordion-icon\">\r\n\r\n\t\t\t\t\t\t\t\t\t\t\t\t\t\t\t\t\t\t\t<i class=\"open-icon fa fa-chevron-down\"><\/i>\r\n\t\t\t\t\t\t\t\t\t\t<i class=\"close-icon fa fa-chevron-up\"><\/i>\r\n\t\t\t\t\t\t\t\t\t\r\n\t\t\t\t\t\t\t\t<\/span>\r\n\t\t\t\t\t\t\t<\/div>\r\n\r\n\t\t\t\t\t\t\t\t\t\t\t\t<div class=\"sh-table-cell-top sh-accordion-content-cell\">\r\n\t\t\t\t\t\t\t\t\t\t\t\t\t\t<p>Una vez se encuentre inactiva no podr\u00e1s acceder a tus fondos depositados. <\/p>\n\t\t\t\t\t\t\t\t\t\t\t\t\t<\/div>\r\n\t\t\t\t\t<\/div>\r\n\r\n\t\t\t\t<\/div>\r\n\t\t\t<\/div>\r\n\t\t<\/div>\r\n\t<\/div>\r\n            <style type=\"text\/css\">\r\n                #accordion-gqbZQHX4CM.sh-accordion .panel-title a.collapsed,#accordion-gqbZQHX4CM.sh-accordion .panel-title a.collapsed i {color: #505050;background-color: #f4f4f4;}#accordion-gqbZQHX4CM.sh-accordion .panel-title a,#accordion-gqbZQHX4CM.sh-accordion .panel-title a i {color: #ffffff;background-color: #294cff;}#accordion-gqbZQHX4CM .sh-accordion-icon {font-size: 14px}#accordion-gqbZQHX4CM .sh-accordion-icon i.open-icon {color: #505050!important;}#accordion-gqbZQHX4CM.sh-accordion-style5 .nav-tabs li.active:after {background-color: #294cff;}            <\/style>\r\n        [\/vc_column][vc_column width=&#8221;1\/2&#8243;]\r\n<div class=\"sh-accordion sh-accordion-style1 panel-group\" id=\"accordion-9DrpBymNod\" role=\"tablist\" aria-multiselectable=\"true\">\r\n\t\r\n\t\r\n\t\t<div class=\"sh-accordion-item panel panel-default\">\r\n\t\t\t<div class=\"panel-heading\" role=\"tab\" id=\"heading-9DrpBymNod-2\">\r\n\t\t\t\t<h4 class=\"panel-title\">\r\n\t\t\t\t\t<a role=\"button\" data-toggle=\"collapse\" data-parent=\"#accordion-9DrpBymNod\" href=\"#collapse-9DrpBymNod-2\" aria-expanded=\"false\" aria-controls=\"collapse-9DrpBymNod-2\" class=\"collapsed\">\r\n\r\n\t\t\t\t\t\t\r\n\t\t\t\t\t\t\t<div class=\"sh-table\">\r\n\t\t\t\t\t\t\t\t<div class=\"sh-table-cell sh-accordion-icon-cell\">\r\n\t\t\t\t\t\t\t\t\t<span class=\"sh-accordion-icon\">\r\n\r\n\t\t\t\t\t\t\t\t\t\t\t\t\t\t\t\t\t\t\t\t\t<i class=\"open-icon fa fa-chevron-down\"><\/i>\r\n\t\t\t\t\t\t\t\t\t\t\t<i class=\"close-icon fa fa-chevron-up\"><\/i>\r\n\t\t\t\t\t\t\t\t\t\t\r\n\t\t\t\t\t\t\t\t\t<\/span>\r\n\t\t\t\t\t\t\t\t<\/div>\r\n\t\t\t\t\t\t\t\t<div class=\"sh-table-cell sh-accordion-content-cell\">\r\n\t\t\t\t\t\t\t\t\t<span class=\"sh-accordion-title\">\u00bfQu\u00e9 debo hacer si mi cuenta ya est\u00e1 inactiva?<\/span>\r\n\t\t\t\t\t\t\t\t<\/div>\r\n\t\t\t\t\t\t\t<\/div>\r\n\r\n\t\t\t\t\t\t\r\n\t\t\t\t\t<\/a>\r\n\t\t\t\t<\/h4>\r\n\t\t\t<\/div>\r\n\t\t\t<div id=\"collapse-9DrpBymNod-2\" class=\"panel-collapse collapse\" role=\"tabpanel\" aria-labelledby=\"heading-9DrpBymNod-2\">\r\n\t\t\t\t<div class=\"panel-body\">\r\n\r\n\t\t\t\t\t<div class=\"sh-table\">\r\n\t\t\t\t\t\t\r\n\t\t\t\t\t\t\t<div class=\"sh-table-cell-top sh-accordion-icon-cell\">\r\n\t\t\t\t\t\t\t\t<span class=\"sh-accordion-icon\">\r\n\r\n\t\t\t\t\t\t\t\t\t\t\t\t\t\t\t\t\t\t\t<i class=\"open-icon fa fa-chevron-down\"><\/i>\r\n\t\t\t\t\t\t\t\t\t\t<i class=\"close-icon fa fa-chevron-up\"><\/i>\r\n\t\t\t\t\t\t\t\t\t\r\n\t\t\t\t\t\t\t\t<\/span>\r\n\t\t\t\t\t\t\t<\/div>\r\n\r\n\t\t\t\t\t\t\t\t\t\t\t\t<div class=\"sh-table-cell-top sh-accordion-content-cell\">\r\n\t\t\t\t\t\t\t\t\t\t\t\t\t\t<p>Deber\u00e1s acercarte a cualquiera de nuestras sucursales Bi Bank o comunicarte con tu ejecutivo de negocios para solicitar la activaci\u00f3n de tu cuenta y cumplir con los requisitos para llevarla a cabo y de igual manera deber\u00e1s efectuar alg\u00fan movimiento en la misma.<\/p>\n\t\t\t\t\t\t\t\t\t\t\t\t\t<\/div>\r\n\t\t\t\t\t<\/div>\r\n\r\n\t\t\t\t<\/div>\r\n\t\t\t<\/div>\r\n\t\t<\/div>\r\n\t\r\n\t\t<div class=\"sh-accordion-item panel panel-default\">\r\n\t\t\t<div class=\"panel-heading\" role=\"tab\" id=\"heading-9DrpBymNod-3\">\r\n\t\t\t\t<h4 class=\"panel-title\">\r\n\t\t\t\t\t<a role=\"button\" data-toggle=\"collapse\" data-parent=\"#accordion-9DrpBymNod\" href=\"#collapse-9DrpBymNod-3\" aria-expanded=\"false\" aria-controls=\"collapse-9DrpBymNod-3\" class=\"collapsed\">\r\n\r\n\t\t\t\t\t\t\r\n\t\t\t\t\t\t\t<div class=\"sh-table\">\r\n\t\t\t\t\t\t\t\t<div class=\"sh-table-cell sh-accordion-icon-cell\">\r\n\t\t\t\t\t\t\t\t\t<span class=\"sh-accordion-icon\">\r\n\r\n\t\t\t\t\t\t\t\t\t\t\t\t\t\t\t\t\t\t\t\t\t<i class=\"open-icon fa fa-chevron-down\"><\/i>\r\n\t\t\t\t\t\t\t\t\t\t\t<i class=\"close-icon fa fa-chevron-up\"><\/i>\r\n\t\t\t\t\t\t\t\t\t\t\r\n\t\t\t\t\t\t\t\t\t<\/span>\r\n\t\t\t\t\t\t\t\t<\/div>\r\n\t\t\t\t\t\t\t\t<div class=\"sh-table-cell sh-accordion-content-cell\">\r\n\t\t\t\t\t\t\t\t\t<span class=\"sh-accordion-title\">\u00bfC\u00f3mo saber si me encuentro a tiempo de evitar que se inactive mi cuenta?<\/span>\r\n\t\t\t\t\t\t\t\t<\/div>\r\n\t\t\t\t\t\t\t<\/div>\r\n\r\n\t\t\t\t\t\t\r\n\t\t\t\t\t<\/a>\r\n\t\t\t\t<\/h4>\r\n\t\t\t<\/div>\r\n\t\t\t<div id=\"collapse-9DrpBymNod-3\" class=\"panel-collapse collapse\" role=\"tabpanel\" aria-labelledby=\"heading-9DrpBymNod-3\">\r\n\t\t\t\t<div class=\"panel-body\">\r\n\r\n\t\t\t\t\t<div class=\"sh-table\">\r\n\t\t\t\t\t\t\r\n\t\t\t\t\t\t\t<div class=\"sh-table-cell-top sh-accordion-icon-cell\">\r\n\t\t\t\t\t\t\t\t<span class=\"sh-accordion-icon\">\r\n\r\n\t\t\t\t\t\t\t\t\t\t\t\t\t\t\t\t\t\t\t<i class=\"open-icon fa fa-chevron-down\"><\/i>\r\n\t\t\t\t\t\t\t\t\t\t<i class=\"close-icon fa fa-chevron-up\"><\/i>\r\n\t\t\t\t\t\t\t\t\t\r\n\t\t\t\t\t\t\t\t<\/span>\r\n\t\t\t\t\t\t\t<\/div>\r\n\r\n\t\t\t\t\t\t\t\t\t\t\t\t<div class=\"sh-table-cell-top sh-accordion-content-cell\">\r\n\t\t\t\t\t\t\t\t\t\t\t\t\t\t<p>Revisa tus estados de cuenta o bien ingresa con tu usuario a Bi en L\u00ednea o Banca M\u00f3vil  y revisa los movimientos de tu cuenta de ahorro o corriente. Si tu \u00faltimo dep\u00f3sito fue hace 5 meses, a\u00fan est\u00e1s a tiempo para evitar que se te inactive la cuenta.<\/p>\n<p>\u00a1Te invitamos a mantener activa tu cuenta utilizando tus fondos mediante tu Bi en L\u00ednea, \u00a1Banca M\u00f3vil, ATM y con tu tarjeta Visa Signature D\u00e9bito en los todos los comercios del mundo con grandes beneficios! <\/p>\n\t\t\t\t\t\t\t\t\t\t\t\t\t<\/div>\r\n\t\t\t\t\t<\/div>\r\n\r\n\t\t\t\t<\/div>\r\n\t\t\t<\/div>\r\n\t\t<\/div>\r\n\t\r\n\t\t<div class=\"sh-accordion-item panel panel-default\">\r\n\t\t\t<div class=\"panel-heading\" role=\"tab\" id=\"heading-9DrpBymNod-4\">\r\n\t\t\t\t<h4 class=\"panel-title\">\r\n\t\t\t\t\t<a role=\"button\" data-toggle=\"collapse\" data-parent=\"#accordion-9DrpBymNod\" href=\"#collapse-9DrpBymNod-4\" aria-expanded=\"false\" aria-controls=\"collapse-9DrpBymNod-4\" class=\"collapsed\">\r\n\r\n\t\t\t\t\t\t\r\n\t\t\t\t\t\t\t<div class=\"sh-table\">\r\n\t\t\t\t\t\t\t\t<div class=\"sh-table-cell sh-accordion-icon-cell\">\r\n\t\t\t\t\t\t\t\t\t<span class=\"sh-accordion-icon\">\r\n\r\n\t\t\t\t\t\t\t\t\t\t\t\t\t\t\t\t\t\t\t\t\t<i class=\"open-icon fa fa-chevron-down\"><\/i>\r\n\t\t\t\t\t\t\t\t\t\t\t<i class=\"close-icon fa fa-chevron-up\"><\/i>\r\n\t\t\t\t\t\t\t\t\t\t\r\n\t\t\t\t\t\t\t\t\t<\/span>\r\n\t\t\t\t\t\t\t\t<\/div>\r\n\t\t\t\t\t\t\t\t<div class=\"sh-table-cell sh-accordion-content-cell\">\r\n\t\t\t\t\t\t\t\t\t<span class=\"sh-accordion-title\">\u00bfAl momento de realizar un dep\u00f3sito a mi cuenta tendr\u00e9 alg\u00fan tipo de cobro?<\/span>\r\n\t\t\t\t\t\t\t\t<\/div>\r\n\t\t\t\t\t\t\t<\/div>\r\n\r\n\t\t\t\t\t\t\r\n\t\t\t\t\t<\/a>\r\n\t\t\t\t<\/h4>\r\n\t\t\t<\/div>\r\n\t\t\t<div id=\"collapse-9DrpBymNod-4\" class=\"panel-collapse collapse\" role=\"tabpanel\" aria-labelledby=\"heading-9DrpBymNod-4\">\r\n\t\t\t\t<div class=\"panel-body\">\r\n\r\n\t\t\t\t\t<div class=\"sh-table\">\r\n\t\t\t\t\t\t\r\n\t\t\t\t\t\t\t<div class=\"sh-table-cell-top sh-accordion-icon-cell\">\r\n\t\t\t\t\t\t\t\t<span class=\"sh-accordion-icon\">\r\n\r\n\t\t\t\t\t\t\t\t\t\t\t\t\t\t\t\t\t\t\t<i class=\"open-icon fa fa-chevron-down\"><\/i>\r\n\t\t\t\t\t\t\t\t\t\t<i class=\"close-icon fa fa-chevron-up\"><\/i>\r\n\t\t\t\t\t\t\t\t\t\r\n\t\t\t\t\t\t\t\t<\/span>\r\n\t\t\t\t\t\t\t<\/div>\r\n\r\n\t\t\t\t\t\t\t\t\t\t\t\t<div class=\"sh-table-cell-top sh-accordion-content-cell\">\r\n\t\t\t\t\t\t\t\t\t\t\t\t\t\t<p>Los accesos de tus fondos no tienen costo alguno.<\/p>\n\t\t\t\t\t\t\t\t\t\t\t\t\t<\/div>\r\n\t\t\t\t\t<\/div>\r\n\r\n\t\t\t\t<\/div>\r\n\t\t\t<\/div>\r\n\t\t<\/div>\r\n\t<\/div>\r\n            <style type=\"text\/css\">\r\n                #accordion-9DrpBymNod.sh-accordion .panel-title a.collapsed,#accordion-9DrpBymNod.sh-accordion .panel-title a.collapsed i {color: #505050;background-color: #f4f4f4;}#accordion-9DrpBymNod.sh-accordion .panel-title a,#accordion-9DrpBymNod.sh-accordion .panel-title a i {color: #ffffff;background-color: #294cff;}#accordion-9DrpBymNod .sh-accordion-icon {font-size: 14px}#accordion-9DrpBymNod .sh-accordion-icon i.open-icon {color: #505050!important;}#accordion-9DrpBymNod.sh-accordion-style5 .nav-tabs li.active:after {background-color: #294cff;}            <\/style>\r\n        [\/vc_column][\/vc_row][vc_row][vc_column][vc_separator color=&#8221;white&#8221;][\/vc_column][\/vc_row][vc_row][vc_column][vc_separator color=&#8221;white&#8221;][\/vc_column][\/vc_row]<\/p>\n<\/div>","protected":false},"excerpt":{"rendered":"<p>[vc_row][vc_column][\/vc_column][\/vc_row][vc_row][vc_column][vc_separator color=&#8221;white&#8221;][\/vc_column][\/vc_row][vc_row][vc_column][vc_separator color=&#8221;white&#8221;][\/vc_column][\/vc_row][vc_row][vc_column][vc_column_text] Con\u00f3ce sobre las cuentas inactivas Si tienes una cuenta de ahorro o corriente en BI Bank y por alguna raz\u00f3n no haz realizado movimiento en los \u00faltimos seis\u00a0meses, lo m\u00e1s probable es que tu cuenta se inactive o ya lo est\u00e9. Se&#8230;<\/p>\n","protected":false},"author":13,"featured_media":0,"parent":0,"menu_order":0,"comment_status":"closed","ping_status":"closed","template":"","meta":{"footnotes":""},"wf_page_folders":[26],"class_list":["post-2997","page","type-page","status-publish","hentry"],"_links":{"self":[{"href":"https:\/\/www.corporacionbi.com\/pa\/bibank\/wp-json\/wp\/v2\/pages\/2997","targetHints":{"allow":["GET"]}}],"collection":[{"href":"https:\/\/www.corporacionbi.com\/pa\/bibank\/wp-json\/wp\/v2\/pages"}],"about":[{"href":"https:\/\/www.corporacionbi.com\/pa\/bibank\/wp-json\/wp\/v2\/types\/page"}],"author":[{"embeddable":true,"href":"https:\/\/www.corporacionbi.com\/pa\/bibank\/wp-json\/wp\/v2\/users\/13"}],"replies":[{"embeddable":true,"href":"https:\/\/www.corporacionbi.com\/pa\/bibank\/wp-json\/wp\/v2\/comments?post=2997"}],"version-history":[{"count":18,"href":"https:\/\/www.corporacionbi.com\/pa\/bibank\/wp-json\/wp\/v2\/pages\/2997\/revisions"}],"predecessor-version":[{"id":4170,"href":"https:\/\/www.corporacionbi.com\/pa\/bibank\/wp-json\/wp\/v2\/pages\/2997\/revisions\/4170"}],"wp:attachment":[{"href":"https:\/\/www.corporacionbi.com\/pa\/bibank\/wp-json\/wp\/v2\/media?parent=2997"}],"wp:term":[{"taxonomy":"wf_page_folders","embeddable":true,"href":"https:\/\/www.corporacionbi.com\/pa\/bibank\/wp-json\/wp\/v2\/wf_page_folders?post=2997"}],"curies":[{"name":"wp","href":"https:\/\/api.w.org\/{rel}","templated":true}]}}