{"id":2677,"date":"2023-02-08T10:00:53","date_gmt":"2023-02-08T16:00:53","guid":{"rendered":"https:\/\/www.corporacionbi.com\/pa\/bibank\/?page_id=2677"},"modified":"2025-10-10T10:20:37","modified_gmt":"2025-10-10T16:20:37","slug":"banca-privada","status":"publish","type":"page","link":"https:\/\/www.corporacionbi.com\/pa\/bibank\/banca-privada\/","title":{"rendered":"Banca Privada"},"content":{"rendered":"<div class=\"wpb-content-wrapper\"><p>[vc_section disable_element=&#8221;yes&#8221;][vc_row][vc_column][vc_empty_space height=&#8221;60px&#8221;]\r\n<div class=\"sh-heading  \" id=\"heading-vXk2EjsOg9\">\r\n\t<div class=\"sh-element-margin\">\r\n\r\n\t\t\r\n\t\t\t<h1 class=\"sh-heading-content size-default text-center\">\r\n\t\t\t\tBanca Privada\t\t\t<\/h1>\r\n\r\n\t\t\r\n\t<\/div>\r\n<\/div>\r\n            <style type=\"text\/css\">\r\n                #heading-vXk2EjsOg9 .sh-element-margin {}#heading-vXk2EjsOg9 .sh-heading-content {font-weight: 700!important;color: #003865;}#heading-vXk2EjsOg9 .sh-heading-content,#heading-vXk2EjsOg9 .sh-heading-additional-text {}            <\/style>\r\n        [vc_empty_space height=&#8221;40px&#8221;][\/vc_column][\/vc_row][\/vc_section][vc_section][vc_row][vc_column]\r\n            \r\n            <div class=\"sh-empty-space vc_empty_space sh-empty-space-lXnRxzyM5I  \" style=\"height: 32px\">\r\n                <span class=\"vc_empty_space_inner\"><\/span>\r\n            <\/div>\r\n\r\n        [vc_custom_heading text=&#8221;Banca Privada&#8221; font_container=&#8221;tag:h1|text_align:left|color:%23003865&#8243; css=&#8221;&#8221; el_class=&#8221;h-decoration-unset txc-experto txs-4xl&#8221;][vc_separator color=&#8221;custom&#8221; css=&#8221;&#8221; accent_color=&#8221;#809BB2&#8243;][vc_column_text css=&#8221;&#8221;]Entendemos que su legado, su visi\u00f3n y sus objetivos financieros son \u00fanicos. Por ello, nuestro compromiso es ofrecerle una asesor\u00eda experta que le acompa\u00f1ar\u00e1 en cada etapa de su vida, asegurando la preservaci\u00f3n y el crecimiento sostenible de su patrimonio familiar.<\/p>\n<p><br data-start=\"481\" data-end=\"484\">Ofrecemos diferentes tipos de cuentas de ahorro y dep\u00f3sitos a plazo fijo para alinearse con sus objetivos de liquidez, desde acceso inmediato hasta compromisos a m\u00e1s largo plazo, brind\u00e1ndole un servicio personalizado y exclusivo, de acuerdo con sus necesidades.[\/vc_column_text]\r\n                            <style media=\"screen\">\r\n                    @media (max-width: 1025px) {\r\n                        .sh-empty-space-siaqygQ6lW {\r\n                            height: 40px!important;\r\n                        }\r\n                    }\r\n                <\/style>\r\n            \r\n            <div class=\"sh-empty-space vc_empty_space sh-empty-space-siaqygQ6lW  \" style=\"height: 56px\">\r\n                <span class=\"vc_empty_space_inner\"><\/span>\r\n            <\/div>\r\n\r\n        [\/vc_column][\/vc_row][\/vc_section][vc_section][vc_row gap=&#8221;20&#8243; overflow=&#8221;default&#8221;][vc_column width=&#8221;1\/3&#8243; overflow=&#8221;default&#8221;][vc_row_inner overflow=&#8221;default&#8221; el_class=&#8221;card-galeria-bibank&#8221; css=&#8221;.vc_custom_1742925864677{padding-top: 16px !important;padding-right: 16px !important;padding-bottom: 16px !important;padding-left: 16px !important;}&#8221;][vc_column_inner]<div class=\"bi-icons-widget  biw-995d170b1846  \" style=\"text-align:left; display:flex; flex-direction:column; align-items:flex-start; justify-content:flex-start; width:100%;\"><div class=\"bi-icons-w-icon_container \" style=\"line-height: normal;\"><span class=\"bi-icons bi-icons-efectivo-reloj  biw-icon-995d170b1846 \"><\/span><\/div><div class=\"bi-icons-w-container_text\"><\/div><\/div>\r\n            \r\n            <div class=\"sh-empty-space vc_empty_space sh-empty-space-Nn0GIe1fbk  \" style=\"height: 8px\">\r\n                <span class=\"vc_empty_space_inner\"><\/span>\r\n            <\/div>\r\n\r\n        [vc_custom_heading text=&#8221;Dep\u00f3sito a Plazo Fijo&#8221; css=&#8221;&#8221; el_class=&#8221;h-decoration-unset txc-experto&#8221;]\r\n            \r\n            <div class=\"sh-empty-space vc_empty_space sh-empty-space-PtnThioRKb  \" style=\"height: 8px\">\r\n                <span class=\"vc_empty_space_inner\"><\/span>\r\n            <\/div>\r\n\r\n        [vc_column_text css=&#8221;.vc_custom_1743004256950{margin-bottom: 0px !important;}&#8221;]Solicita tu cuenta de Banca Privada en Bi Bank e incrementa tus ingresos con un dep\u00f3sito a plazo fijo.[\/vc_column_text]\r\n            \r\n            <div class=\"sh-empty-space vc_empty_space sh-empty-space-ymzJjV2sCF  \" style=\"height: 40px\">\r\n                <span class=\"vc_empty_space_inner\"><\/span>\r\n            <\/div>\r\n\r\n        [vc_raw_html css=&#8221;.vc_custom_1743004277418{margin-bottom: 0px !important;}&#8221;]JTNDZGl2JTIwY2xhc3MlM0QlMjJ0ZXh0LWJ1dHRvbi1jYXJkcyUyMiUzRSUwQSUwOSUzQ2ElMjBocmVmJTNEJTIyaHR0cHMlM0ElMkYlMkZ3d3cuY29ycG9yYWNpb25iaS5jb20lMkZwYSUyRmJpYmFuayUyRmRlcG9zaXRvLWEtcGxhem8tZmlqby1wcml2YWRhJTJGJTIyJTNFJTBBJTA5JTA5JTNDc3Ryb25nJTNFVmVyJTIwbSVDMyVBMXMlM0MlMkZzdHJvbmclM0UlMEElMDklMDklM0NpJTIwY2xhc3MlM0QlMjJiaS1pY29ucyUyMGJpLWljb25zLWluZGljYWNpb25mbGVjaGEtZGVyZWNoYSUyMGljb25vJTIwaWNvbi1idXR0b24tY2FyZHMlMjIlMjBzdHlsZSUzRCUyMCUyMmZvbnQtc2l6ZSUzQSUyMDNyZW0lMjIlM0IlM0UlM0MlMkZpJTNFJTBBJTA5JTNDJTJGYSUzRSUwQSUzQyUyRmRpdiUzRQ==[\/vc_raw_html][\/vc_column_inner][\/vc_row_inner][\/vc_column][vc_column width=&#8221;1\/3&#8243; overflow=&#8221;default&#8221;][vc_row_inner overflow=&#8221;default&#8221; el_class=&#8221;card-galeria-bibank&#8221; css=&#8221;.vc_custom_1742925864677{padding-top: 16px !important;padding-right: 16px !important;padding-bottom: 16px !important;padding-left: 16px !important;}&#8221;][vc_column_inner]<div class=\"bi-icons-widget  biw-3e5d5890af4f  \" style=\"text-align:left; display:flex; flex-direction:column; align-items:flex-start; justify-content:flex-start; width:100%;\"><div class=\"bi-icons-w-icon_container \" style=\"line-height: normal;\"><span class=\"bi-icons bi-icons-seguro-efectivo  biw-icon-3e5d5890af4f \"><\/span><\/div><div class=\"bi-icons-w-container_text\"><\/div><\/div>\r\n            \r\n            <div class=\"sh-empty-space vc_empty_space sh-empty-space-ZObs6x14Ym  \" style=\"height: 8px\">\r\n                <span class=\"vc_empty_space_inner\"><\/span>\r\n            <\/div>\r\n\r\n        [vc_custom_heading text=&#8221;Cuenta de Ahorro&#8221; css=&#8221;&#8221; el_class=&#8221;h-decoration-unset txc-experto&#8221;]\r\n            \r\n            <div class=\"sh-empty-space vc_empty_space sh-empty-space-v7CFIRVO8l  \" style=\"height: 8px\">\r\n                <span class=\"vc_empty_space_inner\"><\/span>\r\n            <\/div>\r\n\r\n        [vc_column_text css=&#8221;.vc_custom_1743004488508{margin-bottom: 0px !important;}&#8221;]Solicita tu cuenta de Banca Privada en Bi Bank y obt\u00e9n el mejor rendimiento de tus fondos.[\/vc_column_text]\r\n            \r\n            <div class=\"sh-empty-space vc_empty_space sh-empty-space-eZqxVTupFQ  \" style=\"height: 40px\">\r\n                <span class=\"vc_empty_space_inner\"><\/span>\r\n            <\/div>\r\n\r\n        [vc_raw_html css=&#8221;.vc_custom_1743004530950{margin-bottom: 0px !important;}&#8221;]JTNDZGl2JTIwY2xhc3MlM0QlMjJ0ZXh0LWJ1dHRvbi1jYXJkcyUyMiUzRSUwQSUwOSUzQ2ElMjBocmVmJTNEJTIyaHR0cHMlM0ElMkYlMkZ3d3cuY29ycG9yYWNpb25iaS5jb20lMkZwYSUyRmJpYmFuayUyRmN1ZW50YS1kZS1haG9ycm8tcHJpdmFkYSUyRiUyMiUzRSUwQSUwOSUwOSUzQ3N0cm9uZyUzRVZlciUyMG0lQzMlQTFzJTNDJTJGc3Ryb25nJTNFJTBBJTA5JTA5JTNDaSUyMGNsYXNzJTNEJTIyYmktaWNvbnMlMjBiaS1pY29ucy1pbmRpY2FjaW9uZmxlY2hhLWRlcmVjaGElMjBpY29ubyUyMGljb24tYnV0dG9uLWNhcmRzJTIyJTIwc3R5bGUlM0QlMjAlMjJmb250LXNpemUlM0ElMjAzcmVtJTIyJTNCJTNFJTNDJTJGaSUzRSUwQSUwOSUzQyUyRmElM0UlMEElM0MlMkZkaXYlM0U=[\/vc_raw_html][\/vc_column_inner][\/vc_row_inner][\/vc_column][vc_column width=&#8221;1\/3&#8243; overflow=&#8221;default&#8221;][vc_row_inner overflow=&#8221;default&#8221; el_class=&#8221;card-galeria-bibank&#8221; css=&#8221;.vc_custom_1742925864677{padding-top: 16px !important;padding-right: 16px !important;padding-bottom: 16px !important;padding-left: 16px !important;}&#8221;][vc_column_inner]<div class=\"bi-icons-widget  biw-9430131169d4  \" style=\"text-align:left; display:flex; flex-direction:column; align-items:flex-start; justify-content:flex-start; width:100%;\"><div class=\"bi-icons-w-icon_container \" style=\"line-height: normal;\"><span class=\"bi-icons bi-icons-efectivo  biw-icon-9430131169d4 \"><\/span><\/div><div class=\"bi-icons-w-container_text\"><\/div><\/div>\r\n            \r\n            <div class=\"sh-empty-space vc_empty_space sh-empty-space-cTtJbIeSpd  \" style=\"height: 8px\">\r\n                <span class=\"vc_empty_space_inner\"><\/span>\r\n            <\/div>\r\n\r\n        [vc_custom_heading text=&#8221;Cuenta Corriente&#8221; css=&#8221;&#8221; el_class=&#8221;h-decoration-unset txc-experto&#8221;]\r\n            \r\n            <div class=\"sh-empty-space vc_empty_space sh-empty-space-Sb4xpKCIw8  \" style=\"height: 8px\">\r\n                <span class=\"vc_empty_space_inner\"><\/span>\r\n            <\/div>\r\n\r\n        [vc_column_text css=&#8221;.vc_custom_1743004960447{margin-bottom: 0px !important;}&#8221;]Solicita tu cuenta de Banca Privada en Bi Bank y descubre los beneficios de la cuenta corriente.[\/vc_column_text]\r\n            \r\n            <div class=\"sh-empty-space vc_empty_space sh-empty-space-NjlKkSDZUi  \" style=\"height: 40px\">\r\n                <span class=\"vc_empty_space_inner\"><\/span>\r\n            <\/div>\r\n\r\n        [vc_raw_html css=&#8221;.vc_custom_1743004992038{margin-bottom: 0px !important;}&#8221;]JTNDZGl2JTIwY2xhc3MlM0QlMjJ0ZXh0LWJ1dHRvbi1jYXJkcyUyMiUzRSUwQSUwOSUzQ2ElMjBocmVmJTNEJTIyaHR0cHMlM0ElMkYlMkZ3d3cuY29ycG9yYWNpb25iaS5jb20lMkZwYSUyRmJpYmFuayUyRmN1ZW50YS1jb3JyaWVudGUtcHJpdmFkYSUyRiUyMiUzRSUwQSUwOSUwOSUzQ3N0cm9uZyUzRVZlciUyMG0lQzMlQTFzJTNDJTJGc3Ryb25nJTNFJTBBJTA5JTA5JTNDaSUyMGNsYXNzJTNEJTIyYmktaWNvbnMlMjBiaS1pY29ucy1pbmRpY2FjaW9uZmxlY2hhLWRlcmVjaGElMjBpY29ubyUyMGljb24tYnV0dG9uLWNhcmRzJTIyJTIwc3R5bGUlM0QlMjAlMjJmb250LXNpemUlM0ElMjAzcmVtJTIyJTNCJTNFJTNDJTJGaSUzRSUwQSUwOSUzQyUyRmElM0UlMEElM0MlMkZkaXYlM0U=[\/vc_raw_html][\/vc_column_inner][\/vc_row_inner][\/vc_column][\/vc_row][vc_row gap=&#8221;20&#8243; overflow=&#8221;default&#8221;][vc_column width=&#8221;1\/3&#8243; overflow=&#8221;default&#8221;][vc_row_inner overflow=&#8221;default&#8221; el_class=&#8221;card-galeria-bibank&#8221; css=&#8221;.vc_custom_1742925864677{padding-top: 16px !important;padding-right: 16px !important;padding-bottom: 16px !important;padding-left: 16px !important;}&#8221;][vc_column_inner]<div class=\"bi-icons-widget  biw-116fb3630593  \" style=\"text-align:left; display:flex; flex-direction:column; align-items:flex-start; justify-content:flex-start; width:100%;\"><div class=\"bi-icons-w-icon_container \" style=\"line-height: normal;\"><span class=\"bi-icons bi-icons-estrella  biw-icon-116fb3630593 \"><\/span><\/div><div class=\"bi-icons-w-container_text\"><\/div><\/div>\r\n            \r\n            <div class=\"sh-empty-space vc_empty_space sh-empty-space-zPcysMkl5u  \" style=\"height: 8px\">\r\n                <span class=\"vc_empty_space_inner\"><\/span>\r\n            <\/div>\r\n\r\n        [vc_custom_heading text=&#8221;Otros Servicios&#8221; css=&#8221;&#8221; el_class=&#8221;h-decoration-unset txc-experto&#8221;]\r\n            \r\n            <div class=\"sh-empty-space vc_empty_space sh-empty-space-Rb1olA3WYr  \" style=\"height: 8px\">\r\n                <span class=\"vc_empty_space_inner\"><\/span>\r\n            <\/div>\r\n\r\n        [vc_column_text css=&#8221;.vc_custom_1743005205772{margin-bottom: 0px !important;}&#8221;]Conoce otros servicios de la Banca Privada de Bi Bank.[\/vc_column_text]\r\n            \r\n            <div class=\"sh-empty-space vc_empty_space sh-empty-space-rLFgNWlxoX  \" style=\"height: 40px\">\r\n                <span class=\"vc_empty_space_inner\"><\/span>\r\n            <\/div>\r\n\r\n        [vc_raw_html css=&#8221;.vc_custom_1743005183678{margin-bottom: 0px !important;}&#8221;]JTNDZGl2JTIwY2xhc3MlM0QlMjJ0ZXh0LWJ1dHRvbi1jYXJkcyUyMiUzRSUwQSUwOSUzQ2ElMjBocmVmJTNEJTIyaHR0cHMlM0ElMkYlMkZ3d3cuY29ycG9yYWNpb25iaS5jb20lMkZwYSUyRmJpYmFuayUyRm90cm9zLXNlcnZpY2lvcyUyRiUyMiUzRSUwQSUwOSUwOSUzQ3N0cm9uZyUzRVZlciUyMG0lQzMlQTFzJTNDJTJGc3Ryb25nJTNFJTBBJTA5JTA5JTNDaSUyMGNsYXNzJTNEJTIyYmktaWNvbnMlMjBiaS1pY29ucy1pbmRpY2FjaW9uZmxlY2hhLWRlcmVjaGElMjBpY29ubyUyMGljb24tYnV0dG9uLWNhcmRzJTIyJTIwc3R5bGUlM0QlMjAlMjJmb250LXNpemUlM0ElMjAzcmVtJTIyJTNCJTNFJTNDJTJGaSUzRSUwQSUwOSUzQyUyRmElM0UlMEElM0MlMkZkaXYlM0U=[\/vc_raw_html][\/vc_column_inner][\/vc_row_inner][\/vc_column][\/vc_row][\/vc_section][vc_row][vc_column]\r\n            \r\n            <div class=\"sh-empty-space vc_empty_space sh-empty-space-FX1L2zqsNj  \" style=\"height: 80px\">\r\n                <span class=\"vc_empty_space_inner\"><\/span>\r\n            <\/div>\r\n\r\n        [\/vc_column][\/vc_row]<\/p>\n<\/div>","protected":false},"excerpt":{"rendered":"<p>[vc_section disable_element=&#8221;yes&#8221;][vc_row][vc_column][vc_empty_space height=&#8221;60px&#8221;][vc_empty_space height=&#8221;40px&#8221;][\/vc_column][\/vc_row][\/vc_section][vc_section][vc_row][vc_column][vc_custom_heading text=&#8221;Banca Privada&#8221; font_container=&#8221;tag:h1|text_align:left|color:%23003865&#8243; css=&#8221;&#8221; el_class=&#8221;h-decoration-unset txc-experto txs-4xl&#8221;][vc_separator color=&#8221;custom&#8221; css=&#8221;&#8221; accent_color=&#8221;#809BB2&#8243;][vc_column_text css=&#8221;&#8221;]Entendemos que su legado, su visi\u00f3n y sus objetivos financieros son \u00fanicos. Por ello, nuestro compromiso es ofrecerle una asesor\u00eda experta que le acompa\u00f1ar\u00e1 en cada etapa de su vida, asegurando&#8230;<\/p>\n","protected":false},"author":4,"featured_media":0,"parent":0,"menu_order":0,"comment_status":"closed","ping_status":"closed","template":"","meta":{"footnotes":""},"wf_page_folders":[31],"class_list":["post-2677","page","type-page","status-publish","hentry"],"_links":{"self":[{"href":"https:\/\/www.corporacionbi.com\/pa\/bibank\/wp-json\/wp\/v2\/pages\/2677","targetHints":{"allow":["GET"]}}],"collection":[{"href":"https:\/\/www.corporacionbi.com\/pa\/bibank\/wp-json\/wp\/v2\/pages"}],"about":[{"href":"https:\/\/www.corporacionbi.com\/pa\/bibank\/wp-json\/wp\/v2\/types\/page"}],"author":[{"embeddable":true,"href":"https:\/\/www.corporacionbi.com\/pa\/bibank\/wp-json\/wp\/v2\/users\/4"}],"replies":[{"embeddable":true,"href":"https:\/\/www.corporacionbi.com\/pa\/bibank\/wp-json\/wp\/v2\/comments?post=2677"}],"version-history":[{"count":16,"href":"https:\/\/www.corporacionbi.com\/pa\/bibank\/wp-json\/wp\/v2\/pages\/2677\/revisions"}],"predecessor-version":[{"id":6185,"href":"https:\/\/www.corporacionbi.com\/pa\/bibank\/wp-json\/wp\/v2\/pages\/2677\/revisions\/6185"}],"wp:attachment":[{"href":"https:\/\/www.corporacionbi.com\/pa\/bibank\/wp-json\/wp\/v2\/media?parent=2677"}],"wp:term":[{"taxonomy":"wf_page_folders","embeddable":true,"href":"https:\/\/www.corporacionbi.com\/pa\/bibank\/wp-json\/wp\/v2\/wf_page_folders?post=2677"}],"curies":[{"name":"wp","href":"https:\/\/api.w.org\/{rel}","templated":true}]}}