{"id":2459,"date":"2022-12-29T21:49:47","date_gmt":"2022-12-29T21:49:47","guid":{"rendered":"https:\/\/www.corporacionbi.com\/pa\/bibank\/?page_id=2459"},"modified":"2024-03-13T15:14:08","modified_gmt":"2024-03-13T21:14:08","slug":"innovacion-bi","status":"publish","type":"page","link":"https:\/\/www.corporacionbi.com\/pa\/bibank\/innovacion-bi\/","title":{"rendered":"Innovacion Bi"},"content":{"rendered":"<div class=\"wpb-content-wrapper\"><p>[vc_section full_width=&#8221;stretch_row_content&#8221;][vc_row][vc_column]\n\t\t\t\t<p class=\"rs-p-wp-fix\"><\/p>\n\t\t\t\t<sr7-module data-alias=\"lo-que-debes-saber-de-innovacion-bi-1\" data-id=\"104\" id=\"SR7_104_1\" class=\"rs-ov-hidden\" data-version=\"6.7.52\">\n\t\t\t\t\t<sr7-adjuster><\/sr7-adjuster>\n\t\t\t\t\t<sr7-content>\n\t\t\t\t\t\t<sr7-slide id=\"SR7_104_1-70\" data-key=\"70\">\n\t\t\t\t\t\t\t<a id=\"SR7_104_1-70-0\" class=\"sr7-layer\" href=\"https:\/\/www.corporacionbi.com\/pa\/bibank\/juntos-siempre-hacia-adelante-con-nueva-identidad\/\" target=\"_self\">Conocer m\u00e1s<\/a>\n\t\t\t\t\t\t\t<a id=\"SR7_104_1-70-2\" class=\"sr7-layer\" href=\"https:\/\/www.corporacionbi.com\/pa\/bibank\/lo-que-debes-saber-innovacion-bi\/\" target=\"_self\">Preguntas frecuentes<\/a>\n\t\t\t\t\t\t<\/sr7-slide>\n\t\t\t\t\t\t<sr7-slide id=\"SR7_104_1-171\" data-key=\"171\">\n\t\t\t\t\t\t<\/sr7-slide>\n\t\t\t\t\t<\/sr7-content>\n\t\t\t\t<\/sr7-module>\n\t\t\t\t<script>\n\t\t\t\t\twindow.SR7 ??={};SR7.PMH ??={}; SR7.PMH[\"SR7_104_1\"] = {cn:100,state:false,fn: function() { if (window._tpt!==undefined && window._tpt.prepareModuleHeight !== undefined) {  _tpt.prepareModuleHeight({id:\"SR7_104_1\",el:[100,100,90,80,70],type:'standard',shdw:'0',gh:[100,100,90,80,70],gw:[1920,1920,1024,778,480],vpt:['-200px&#039;,&#039;-200px&#039;,&#039;-200px&#039;,&#039;-200px&#039;,&#039;-200px'],size:{fullWidth:true, fullHeight:false},mh:'0',onh:0,onw:0,bg:{color:'{\"orig\":\"transparent\",\"type\":\"solid\",\"string\":\"transparent\"}'}});   SR7.PMH[\"SR7_104_1\"].state=true;} else if(SR7.PMH[\"SR7_104_1\"].cn-->0)\tsetTimeout( SR7.PMH[\"SR7_104_1\"].fn,19);}};SR7.PMH[\"SR7_104_1\" ].fn();\n\t\t\t\t<\/script>\n[\/vc_column][\/vc_row][\/vc_section][vc_section full_width=&#8221;stretch_row_content&#8221;][vc_row][vc_column]\n\t\t\t\t<p class=\"rs-p-wp-fix\"><\/p>\n\t\t\t\t<sr7-module data-alias=\"nueva-linea-1\" data-id=\"101\" id=\"SR7_101_2\" class=\"rs-ov-hidden\" data-version=\"6.7.52\">\n\t\t\t\t\t<sr7-adjuster><\/sr7-adjuster>\n\t\t\t\t\t<sr7-content>\n\t\t\t\t\t\t<sr7-slide id=\"SR7_101_2-68\" data-key=\"68\">\n\t\t\t\t\t\t<\/sr7-slide>\n\t\t\t\t\t\t<sr7-slide id=\"SR7_101_2-169\" data-key=\"169\">\n\t\t\t\t\t\t<\/sr7-slide>\n\t\t\t\t\t<\/sr7-content>\n\t\t\t\t<\/sr7-module>\n\t\t\t\t<script>\n\t\t\t\t\twindow.SR7 ??={};SR7.PMH ??={}; SR7.PMH[\"SR7_101_2\"] = {cn:100,state:false,fn: function() { if (window._tpt!==undefined && window._tpt.prepareModuleHeight !== undefined) {  _tpt.prepareModuleHeight({id:\"SR7_101_2\",el:[600,600,350,400,350],type:'standard',shdw:'0',gh:[600,600,350,400,350],gw:[1920,1920,1024,778,480],vpt:['-200px&#039;,&#039;-200px&#039;,&#039;-200px&#039;,&#039;-200px&#039;,&#039;-200px'],size:{fullWidth:true, fullHeight:false},mh:'0',onh:0,onw:0,bg:{color:'{\"orig\":\"transparent\",\"type\":\"solid\",\"string\":\"transparent\"}'}});   SR7.PMH[\"SR7_101_2\"].state=true;} else if(SR7.PMH[\"SR7_101_2\"].cn-->0)\tsetTimeout( SR7.PMH[\"SR7_101_2\"].fn,19);}};SR7.PMH[\"SR7_101_2\" ].fn();\n\t\t\t\t<\/script>\n[vc_row_inner overflow=&#8221;default&#8221; css=&#8221;.vc_custom_1672958871673{margin-bottom: 0px !important;border-bottom-width: 0px !important;padding-bottom: 0px !important;background-color: #003865 !important;}&#8221;][vc_column_inner width=&#8221;1\/6&#8243;][\/vc_column_inner][vc_column_inner width=&#8221;2\/3&#8243;][vc_column_text css=&#8221;.vc_custom_1672941913644{margin-top: 15px !important;margin-bottom: 10px !important;padding-top: 40px !important;padding-right: 10px !important;padding-bottom: 40px !important;padding-left: 10px !important;}&#8221;]<\/p>\n<p style=\"color: white; text-align: center;\">Te presentamos nuestra nueva identidad de marca e imagen, en la que palpita la cultura de innovaci\u00f3n y todo lo que la Corporaci\u00f3n les brinda a nuestros clientes, no solo a nivel tecnol\u00f3gico sino en la forma de construir soluciones integrales y en el involucramiento en el desarrollo de las comunidades a las que servimos.<\/p>\n<p style=\"color: white; text-align: center;\">Con nuestra nueva imagen confirmamos el compromiso de seguir innovando nuestras soluciones financieras para potenciar el desarrollo de su bienestar. Este cambio es un reflejo de nuestra dedicaci\u00f3n y esfuerzo.<\/p>\n<p>[\/vc_column_text][vc_raw_html css=&#8221;.vc_custom_1672958859152{margin-bottom: 0px !important;border-bottom-width: 0px !important;padding-bottom: 0px !important;}&#8221;]JTNDdmlkZW8lMjB3aWR0aCUzRCUyMjEwMCUyNSUyMiUyMGhlaWdodCUzRCUyMjEwMCUyNSUyMiUyMGNvbnRyb2xzJTNEJTIyJTIyJTIwY29udHJvbHNsaXN0JTNEJTIybm9kb3dubG9hZCUyMiUzRSUyMCUwQSUyMCUyMCUzQ3NvdXJjZSUyMHNyYyUzRCUyMmh0dHBzJTNBJTJGJTJGbWVkaWEuYmkuY29tLmd0JTJGY29ycG9yYWNpb25iaSUyRmJpYmFuayUyRmxhbnphbWllbnRvYmliYW5rLm1wNCUyMiUyMHR5cGUlM0QlMjJ2aWRlbyUyRm1wNCUyMiUzRSUwQSUzQyUyRnZpZGVvJTNF[\/vc_raw_html][\/vc_column_inner][vc_column_inner width=&#8221;1\/6&#8243;][\/vc_column_inner][\/vc_row_inner][\/vc_column][\/vc_row][vc_row overflow=&#8221;default&#8221; css=&#8221;.vc_custom_1672352566059{background-color: #00c1d4 !important;}&#8221;][vc_column]\r\n<div class=\"sh-heading  \" id=\"heading-UaktzoClW8\">\r\n\t<div class=\"sh-element-margin\">\r\n\r\n\t\t\r\n\t\t\t<h2 class=\"sh-heading-content size-default text-center\">\r\n\t\t\t\t\u00bfQu\u00e9 significa?\t\t\t<\/h2>\r\n\r\n\t\t\r\n\t<\/div>\r\n<\/div>\r\n            <style type=\"text\/css\">\r\n                #heading-UaktzoClW8 .sh-element-margin {margin: 40px 0px 5px 0px;}#heading-UaktzoClW8 .sh-heading-content {font-weight: 700!important;}#heading-UaktzoClW8 .sh-heading-content,#heading-UaktzoClW8 .sh-heading-additional-text {}            <\/style>\r\n        [vc_row_inner content_placement=&#8221;middle&#8221; overflow=&#8221;default&#8221; css=&#8221;.vc_custom_1672352511483{margin-top: 0px !important;border-top-width: 0px !important;padding-top: 0px !important;}&#8221;][vc_column_inner width=&#8221;1\/6&#8243;][\/vc_column_inner][vc_column_inner width=&#8221;2\/3&#8243;][vc_single_image image=&#8221;2415&#8243; img_size=&#8221;large&#8221; alignment=&#8221;center&#8221; css=&#8221;.vc_custom_1672352672038{padding-top: 30px !important;padding-bottom: 5px !important;}&#8221;][\/vc_column_inner][vc_column_inner width=&#8221;1\/6&#8243;][\/vc_column_inner][\/vc_row_inner][\/vc_column][\/vc_row][\/vc_section][vc_row full_width=&#8221;stretch_row_content&#8221; overflow=&#8221;default&#8221; css=&#8221;.vc_custom_1673484103154{margin-top: 20px !important;margin-right: 35px !important;margin-left: 35px !important;padding-bottom: 20px !important;}&#8221;][vc_column][vc_row_inner][vc_column_inner][vc_column_text css=&#8221;.vc_custom_1672941950745{margin-top: 20px !important;margin-bottom: 20px !important;}&#8221;]<\/p>\n<p style=\"text-align: center;\">En nuestra nueva paleta de colores destaca el azul s\u00f3lido, que enfatiza el car\u00e1cter del banco y los dem\u00e1s atributos de confianza y seguridad que lo determinan; el aqua digital con la fluida asimilaci\u00f3n de la tecnolog\u00eda que se hace en Bi Bank para impulsar el desarrollo. Los tonos amarillos exaltan la frescura y el optimismo y la proximidad real a trav\u00e9s de la experiencia Bi. En tanto, el blanco transparenta la gesti\u00f3n de esta s\u00f3lida instituci\u00f3n financiera.<\/p>\n<p>[\/vc_column_text][\/vc_column_inner][\/vc_row_inner][vc_row_inner overflow=&#8221;default&#8221;][vc_column_inner][vc_single_image image=&#8221;2420&#8243; img_size=&#8221;full&#8221; alignment=&#8221;center&#8221; css=&#8221;.vc_custom_1673483959444{margin-bottom: 30px !important;padding-top: 40px !important;padding-right: 90px !important;padding-bottom: 30px !important;padding-left: 90px !important;}&#8221;][\/vc_column_inner][\/vc_row_inner][vc_row_inner][vc_column_inner][vc_column_text css=&#8221;.vc_custom_1672941982159{margin-top: 20px !important;margin-bottom: 20px !important;}&#8221;]<\/p>\n<p style=\"text-align: center;\">Cada uno de los detalles de nuestra transformaci\u00f3n, est\u00e1n inspirados en nuestra trayectoria, nuestros clientes y nuestra visi\u00f3n del futuro, respaldados por la confianza y solidez.<\/p>\n<p>[\/vc_column_text][\/vc_column_inner][\/vc_row_inner][\/vc_column][\/vc_row][vc_row full_width=&#8221;stretch_row_content&#8221; overflow=&#8221;default&#8221; css=&#8221;.vc_custom_1673390062855{margin-top: 5px !important;margin-bottom: 5px !important;background-color: #ffb81c !important;}&#8221;][vc_column width=&#8221;1\/3&#8243;][\/vc_column][vc_column width=&#8221;1\/3&#8243;][vc_raw_html]JTIwJTNDc3R5bGUlM0UlMEEuYWNlcmNhRGVGdWxsJTdCJTBBJTIwJTIwJTIwJTIwaGVpZ2h0JTNBJTIwYXV0byUyMCUyMWltcG9ydGFudCUzQiUwOSUwQSU3RCUwQSUzQyUyRnN0eWxlJTNFJTBBJTBBJTBBJTNDaWZyYW1lJTIwc3JjJTNEJTIyaHR0cHMlM0ElMkYlMkZ3d3cueW91dHViZS5jb20lMkZlbWJlZCUyRlkzV044aWpzdE5zJTIyJTIwY29udHJvbHMlM0QlMjIlMjIlMjB3aWR0aCUzRCUyMjEwMCUyNSUyMiUyMGhlaWdodCUzRCUyMjQwMHB4JTIyJTIwZnJhbWVib3JkZXIlM0QlMjIwJTIyJTNFJTNDJTJGaWZyYW1lJTNF[\/vc_raw_html][\/vc_column][vc_column width=&#8221;1\/3&#8243;][\/vc_column][\/vc_row][vc_row full_width=&#8221;stretch_row_content&#8221; overflow=&#8221;default&#8221; css=&#8221;.vc_custom_1672943828116{margin-bottom: 0px !important;border-bottom-width: 0px !important;padding-bottom: 0px !important;}&#8221;][vc_column][vc_column_text]<\/p>\n<h3 style=\"text-align: center;\">Ingresa a Bi en L\u00ednea y<\/h3>\n<h3 style=\"text-align: center;\">conoce nuestra nueva imagen<\/h3>\n<p>[\/vc_column_text][vc_row_inner equal_height=&#8221;yes&#8221; content_placement=&#8221;middle&#8221; gap=&#8221;3&#8243; overflow=&#8221;default&#8221; css=&#8221;.vc_custom_1672959680223{margin-right: 100px !important;margin-left: 100px !important;background-image: url(https:\/\/www.corporacionbi.com\/pa\/bibank\/wp-content\/uploads\/2023\/01\/fodon-img-playstore2.png?id=2487) !important;background-position: center !important;background-repeat: no-repeat !important;background-size: cover !important;}&#8221;][vc_column_inner width=&#8221;1\/6&#8243;][vc_single_image image=&#8221;2488&#8243; img_size=&#8221;large&#8221; alignment=&#8221;center&#8221;][\/vc_column_inner][vc_column_inner width=&#8221;1\/6&#8243;][vc_single_image image=&#8221;2489&#8243; img_size=&#8221;large&#8221; alignment=&#8221;center&#8221;][\/vc_column_inner][vc_column_inner width=&#8221;1\/6&#8243;][vc_single_image image=&#8221;2490&#8243; img_size=&#8221;large&#8221; alignment=&#8221;center&#8221;][\/vc_column_inner][vc_column_inner width=&#8221;1\/6&#8243;][vc_single_image image=&#8221;2491&#8243; img_size=&#8221;large&#8221; alignment=&#8221;center&#8221;][\/vc_column_inner][vc_column_inner width=&#8221;1\/6&#8243;][vc_single_image image=&#8221;2492&#8243; img_size=&#8221;large&#8221; alignment=&#8221;center&#8221;][\/vc_column_inner][vc_column_inner width=&#8221;1\/6&#8243;][vc_single_image image=&#8221;2493&#8243; img_size=&#8221;large&#8221; alignment=&#8221;center&#8221;][\/vc_column_inner][\/vc_row_inner][\/vc_column][\/vc_row][vc_row full_width=&#8221;stretch_row_content&#8221; overflow=&#8221;default&#8221; css=&#8221;.vc_custom_1672943840333{margin-bottom: 0px !important;border-bottom-width: 0px !important;padding-bottom: 0px !important;background-color: #003865 !important;}&#8221;][vc_column][vc_single_image image=&#8221;2495&#8243; img_size=&#8221;full&#8221; alignment=&#8221;center&#8221;][\/vc_column][\/vc_row]<\/p>\n<\/div>","protected":false},"excerpt":{"rendered":"<p>[vc_section full_width=&#8221;stretch_row_content&#8221;][vc_row][vc_column][\/vc_column][\/vc_row][\/vc_section][vc_section full_width=&#8221;stretch_row_content&#8221;][vc_row][vc_column][vc_row_inner overflow=&#8221;default&#8221; css=&#8221;.vc_custom_1672958871673{margin-bottom: 0px !important;border-bottom-width: 0px !important;padding-bottom: 0px !important;background-color: #003865 !important;}&#8221;][vc_column_inner width=&#8221;1\/6&#8243;][\/vc_column_inner][vc_column_inner width=&#8221;2\/3&#8243;][vc_column_text css=&#8221;.vc_custom_1672941913644{margin-top: 15px !important;margin-bottom: 10px !important;padding-top: 40px !important;padding-right: 10px !important;padding-bottom: 40px !important;padding-left: 10px !important;}&#8221;] Te presentamos nuestra nueva identidad de marca e imagen, en la que palpita la cultura de innovaci\u00f3n&#8230;<\/p>\n","protected":false},"author":4,"featured_media":0,"parent":0,"menu_order":0,"comment_status":"closed","ping_status":"closed","template":"","meta":{"footnotes":""},"wf_page_folders":[29],"class_list":["post-2459","page","type-page","status-publish","hentry"],"_links":{"self":[{"href":"https:\/\/www.corporacionbi.com\/pa\/bibank\/wp-json\/wp\/v2\/pages\/2459","targetHints":{"allow":["GET"]}}],"collection":[{"href":"https:\/\/www.corporacionbi.com\/pa\/bibank\/wp-json\/wp\/v2\/pages"}],"about":[{"href":"https:\/\/www.corporacionbi.com\/pa\/bibank\/wp-json\/wp\/v2\/types\/page"}],"author":[{"embeddable":true,"href":"https:\/\/www.corporacionbi.com\/pa\/bibank\/wp-json\/wp\/v2\/users\/4"}],"replies":[{"embeddable":true,"href":"https:\/\/www.corporacionbi.com\/pa\/bibank\/wp-json\/wp\/v2\/comments?post=2459"}],"version-history":[{"count":25,"href":"https:\/\/www.corporacionbi.com\/pa\/bibank\/wp-json\/wp\/v2\/pages\/2459\/revisions"}],"predecessor-version":[{"id":4212,"href":"https:\/\/www.corporacionbi.com\/pa\/bibank\/wp-json\/wp\/v2\/pages\/2459\/revisions\/4212"}],"wp:attachment":[{"href":"https:\/\/www.corporacionbi.com\/pa\/bibank\/wp-json\/wp\/v2\/media?parent=2459"}],"wp:term":[{"taxonomy":"wf_page_folders","embeddable":true,"href":"https:\/\/www.corporacionbi.com\/pa\/bibank\/wp-json\/wp\/v2\/wf_page_folders?post=2459"}],"curies":[{"name":"wp","href":"https:\/\/api.w.org\/{rel}","templated":true}]}}