{"id":2361,"date":"2022-11-24T20:53:07","date_gmt":"2022-11-24T20:53:07","guid":{"rendered":"https:\/\/www.corporacionbi.com\/pa\/bibank\/?page_id=2361"},"modified":"2024-03-13T15:11:16","modified_gmt":"2024-03-13T21:11:16","slug":"juntos-siempre-hacia-adelante-con-nueva-identidad","status":"publish","type":"page","link":"https:\/\/www.corporacionbi.com\/pa\/bibank\/juntos-siempre-hacia-adelante-con-nueva-identidad\/","title":{"rendered":"Juntos siempre hacia adelante con nueva identidad"},"content":{"rendered":"<div class=\"wpb-content-wrapper\"><p>[vc_section full_width=&#8221;stretch_row_content&#8221; css=&#8221;.vc_custom_1671555011303{margin-top: 0px !important;border-top-width: 0px !important;padding-top: 0px !important;}&#8221;][vc_row][vc_column]\n\t\t\t\t<p class=\"rs-p-wp-fix\"><\/p>\n\t\t\t\t<sr7-module data-alias=\"home1-13\" data-id=\"100\" id=\"SR7_100_1\" class=\"rs-ov-hidden\" data-version=\"6.7.52\">\n\t\t\t\t\t<sr7-adjuster><\/sr7-adjuster>\n\t\t\t\t\t<sr7-content>\n\t\t\t\t\t\t<sr7-slide id=\"SR7_100_1-67\" data-key=\"67\">\n\t\t\t\t\t\t<\/sr7-slide>\n\t\t\t\t\t\t<sr7-slide id=\"SR7_100_1-168\" data-key=\"168\">\n\t\t\t\t\t\t<\/sr7-slide>\n\t\t\t\t\t<\/sr7-content>\n\t\t\t\t<\/sr7-module>\n\t\t\t\t<script>\n\t\t\t\t\twindow.SR7 ??={};SR7.PMH ??={}; SR7.PMH[\"SR7_100_1\"] = {cn:100,state:false,fn: function() { if (window._tpt!==undefined && window._tpt.prepareModuleHeight !== undefined) {  _tpt.prepareModuleHeight({id:\"SR7_100_1\",el:[600,600,350,400,350],type:'standard',shdw:'0',gh:[600,600,350,400,350],gw:[1920,1920,1024,778,480],vpt:['-200px&#039;,&#039;-200px&#039;,&#039;-200px&#039;,&#039;-200px&#039;,&#039;-200px'],size:{fullWidth:true, fullHeight:false},mh:'0',onh:0,onw:0,bg:{color:'{\"orig\":\"transparent\",\"type\":\"solid\",\"string\":\"transparent\"}'}});   SR7.PMH[\"SR7_100_1\"].state=true;} else if(SR7.PMH[\"SR7_100_1\"].cn-->0)\tsetTimeout( SR7.PMH[\"SR7_100_1\"].fn,19);}};SR7.PMH[\"SR7_100_1\" ].fn();\n\t\t\t\t<\/script>\n[\/vc_column][\/vc_row][\/vc_section][vc_section css=&#8221;.vc_custom_1671494938395{margin-top: 40px !important;margin-bottom: 15px !important;}&#8221;][vc_row][vc_column][\/vc_column][\/vc_row][vc_row][vc_column]\r\n<div class=\"sh-heading  \" id=\"heading-jQWBYExSAb\">\r\n\t<div class=\"sh-element-margin\">\r\n\r\n\t\t\r\n\t\t\t<h1 class=\"sh-heading-content size-default text-left\">\r\n\t\t\t\tBi Bank: Juntos, siempre hacia adelante con nueva identidad\t\t\t<\/h1>\r\n\r\n\t\t\r\n\t<\/div>\r\n<\/div>\r\n            <style type=\"text\/css\">\r\n                #heading-jQWBYExSAb .sh-element-margin {margin: 0px 0px 30px 0px;}#heading-jQWBYExSAb .sh-heading-content {font-weight: 700!important;}#heading-jQWBYExSAb .sh-heading-content,#heading-jQWBYExSAb .sh-heading-additional-text {}            <\/style>\r\n        \r\n<div class=\"sh-heading  \" id=\"heading-Kx5UcCgz1Z\">\r\n\t<div class=\"sh-element-margin\">\r\n\r\n\t\t\r\n\t\t\t<h6 class=\"sh-heading-content size-default text-left\">\r\n\t\t\t\t11 \/ 01 \/ 2023\t\t\t<\/h6>\r\n\r\n\t\t\r\n\t<\/div>\r\n<\/div>\r\n            <style type=\"text\/css\">\r\n                #heading-Kx5UcCgz1Z .sh-element-margin {margin: 15px 0px 15px 0px;}#heading-Kx5UcCgz1Z .sh-heading-content {font-weight: 700!important;}#heading-Kx5UcCgz1Z .sh-heading-content,#heading-Kx5UcCgz1Z .sh-heading-additional-text {}            <\/style>\r\n        [vc_row_inner][vc_column_inner][vc_column_text css=&#8221;.vc_custom_1671493574476{margin-top: 15px !important;margin-bottom: 10px !important;}&#8221;]Te presentamos nuestra nueva identidad de marca e imagen, en la que palpita la cultura de innovaci\u00f3n y todo lo que en la Corporaci\u00f3n Bi, de la cual es parte Bi Bank, brindamos a nuestros clientes, formas de construir soluciones integrales que permiten establecer relaciones duraderas, siendo una banca humana que sirve a su comunidad.[\/vc_column_text][\/vc_column_inner][\/vc_row_inner][vc_row_inner overflow=&#8221;default&#8221; css=&#8221;.vc_custom_1671567840850{margin-top: 32px !important;margin-bottom: 32px !important;}&#8221;][vc_column_inner width=&#8221;1\/6&#8243;][\/vc_column_inner][vc_column_inner el_class=&#8221;plecaazul&#8221; width=&#8221;2\/3&#8243; overflow=&#8221;default&#8221;][vc_column_text css=&#8221;.vc_custom_1671567747353{margin-top: 15px !important;margin-bottom: 10px !important;padding-top: 10px !important;padding-right: 10px !important;padding-bottom: 10px !important;padding-left: 10px !important;}&#8221;]<\/p>\n<p style=\"color: white; text-align: center;\">\u201cHace apenas 7 a\u00f1os que abrimos nuestras puertas en un mercado tan competido como Panam\u00e1, hub log\u00edstico por excelecia del continente americano. Es as\u00ed como desde 2016, brindamos a nuestros clientes apoyo para afianzar sus operaciones regionales, a trav\u00e9s de productos y servicios financieros vanguardistas\u201d, explic\u00f3 V\u00edctor Viggiano, Gerente de Bi Bank Panam\u00e1.<\/p>\n<p>[\/vc_column_text][\/vc_column_inner][vc_column_inner width=&#8221;1\/6&#8243;][\/vc_column_inner][\/vc_row_inner][vc_row_inner content_placement=&#8221;middle&#8221; overflow=&#8221;default&#8221;][vc_column_inner width=&#8221;1\/2&#8243;][vc_single_image image=&#8221;2415&#8243; img_size=&#8221;full&#8221; css=&#8221;.vc_custom_1671558039756{padding-top: 30px !important;padding-right: 30px !important;padding-bottom: 30px !important;}&#8221;][\/vc_column_inner][vc_column_inner width=&#8221;1\/2&#8243;][vc_column_text css=&#8221;.vc_custom_1671745867761{margin-top: 15px !important;margin-bottom: 10px !important;}&#8221;]En la nueva imagen que presentamos, el logo conserva las ic\u00f3nicas letras Bi con una adaptaci\u00f3n en los trazos, consistente con los desaf\u00edos del momento, en los que son determinantes el dinamismo, la agilidad y la eficiencia, caracter\u00edsticas que definen el trabajo de los casi 15,000 colaboradores de Corporaci\u00f3n Bi. Asimismo, sobre la \u201ci\u201d, se observa un s\u00edmbolo formado por dos l\u00edneas entrelazadas que dibujan el infinito, que refleja el acompa\u00f1amiento que Bi ha dado a lo largo de la historia, pero tambi\u00e9n enfatiza la capacidad que se tenemos como personas e instituci\u00f3n de crear oportunidades infinitas cuando se trabaja juntos.[\/vc_column_text][vc_column_text css=&#8221;.vc_custom_1671494311937{margin-top: 15px !important;margin-bottom: 10px !important;}&#8221;]En nuestra paleta de colores destaca el azul s\u00f3lido, que enfatiza el car\u00e1cter del banco y los dem\u00e1s atributos de confianza y seguridad que lo determinan; el aqua digital con la fluida asimilaci\u00f3n de la tecnolog\u00eda que es parte de los bancos de Corporaci\u00f3n Bi para impulsar el desarrollo. Los tonos amarillos exaltan la frescura y el optimismo y la proximidad real a trav\u00e9s de la experiencia Bi. En tanto, el blanco transparenta la gesti\u00f3n de esta s\u00f3lida instituci\u00f3n financiera.[\/vc_column_text][\/vc_column_inner][\/vc_row_inner][vc_row_inner][vc_column_inner width=&#8221;1\/6&#8243;][\/vc_column_inner][vc_column_inner width=&#8221;2\/3&#8243;][vc_single_image image=&#8221;2420&#8243; img_size=&#8221;full&#8221; alignment=&#8221;center&#8221; css=&#8221;.vc_custom_1671557677345{margin-bottom: 30px !important;padding-right: 30px !important;padding-left: 30px !important;}&#8221;][\/vc_column_inner][vc_column_inner width=&#8221;1\/6&#8243;][\/vc_column_inner][\/vc_row_inner][vc_row_inner gap=&#8221;35&#8243; overflow=&#8221;default&#8221;][vc_column_inner width=&#8221;1\/2&#8243;][vc_column_text css=&#8221;.vc_custom_1671557899041{margin-top: 25px !important;margin-bottom: 10px !important;}&#8221;]Desde 2016, fecha en que fue fundado Bi Bank, hemos estado siempre del lado de nuestros clientes y ahora lo ratificamos con el nuevo lema: \u201cJuntos, siempre hacia adelante\u201d, atendiendo el sentido particular y \u00fanico de cada uno de nuestros clientes, con sus proyectos y metas.<\/p>\n<p>Victor Viggiano enfatiza que \u201cBi Bank siendo el m\u00e1s reciente de los bancos que forma parte de la Corporaci\u00f3n Bi, se suma a la unidad regional ya que ahora nuestra imagen est\u00e1 en l\u00ednea con nuestra estrategia Corporativa enfocada a satisfacer y superar las expectativas y necesidades de nuestros clientes. Lo que somos, lo que hacemos y c\u00f3mo nos proyectamos van de la mano\u201d.[\/vc_column_text][\/vc_column_inner][vc_column_inner width=&#8221;1\/2&#8243;][vc_column_text css=&#8221;.vc_custom_1672946267069{margin-top: 25px !important;margin-bottom: 10px !important;}&#8221;]Es as\u00ed como en la nueva identidad se ponen de manifiesto el prop\u00f3sito, los valores y el enfoque de Bi, elementos que nos han consolidado como el banco l\u00edder de Panam\u00e1 y nos han llevado a perfilarnos como referencia en el mercado centroamericano con proyecci\u00f3n internacional. Todo esto en una imagen fresca que resalta la adaptabilidad de una entidad con experiencia que est\u00e1 en conexi\u00f3n permanente cuando nos necesitan.[\/vc_column_text][\/vc_column_inner][\/vc_row_inner][vc_row_inner overflow=&#8221;default&#8221; css=&#8221;.vc_custom_1671567849805{margin-top: 32px !important;margin-bottom: 32px !important;}&#8221;][vc_column_inner width=&#8221;1\/6&#8243;][\/vc_column_inner][vc_column_inner el_class=&#8221;moduloaqua&#8221; width=&#8221;2\/3&#8243; overflow=&#8221;default&#8221;][vc_column_text css=&#8221;.vc_custom_1672946330293{margin-top: 25px !important;margin-bottom: 10px !important;padding-top: 10px !important;padding-right: 10px !important;padding-bottom: 10px !important;padding-left: 10px !important;}&#8221;]<\/p>\n<p style=\"color: white; text-align: center;\">\u201cHemos evolucionado a lo largo de nuestra trayectoria y as\u00ed transitamos las \u00faltimas cinco d\u00e9cadas: enfocados en construir respuestas para la atenci\u00f3n integral de nuestros clientes y esta trasformaci\u00f3n constante es algo natural para nosotros como instituci\u00f3n, porque Bi Bank vive, promueve y facilita la innovaci\u00f3n al servicio del desarrollo y bienestar de los paname\u00f1os y el istmo centroamericano\u201d,<br \/>\nLuis Lara Grojec, Gerente General y Director Corporativo Bi.[\/vc_column_text][\/vc_column_inner][vc_column_inner width=&#8221;1\/6&#8243;][\/vc_column_inner][\/vc_row_inner][vc_row_inner][vc_column_inner][vc_raw_html]JTNDdmlkZW8lMjB3aWR0aCUzRCUyMjEwMCUyNSUyMiUyMGhlaWdodCUzRCUyMjEwMCUyNSUyMiUyMGNvbnRyb2xzJTNEJTIyJTIyJTIwY29udHJvbHNsaXN0JTNEJTIybm9kb3dubG9hZCUyMiUzRSUyMCUwQSUyMCUyMCUzQ3NvdXJjZSUyMHNyYyUzRCUyMmh0dHBzJTNBJTJGJTJGbWVkaWEuYmkuY29tLmd0JTJGY29ycG9yYWNpb25iaSUyRmJpYmFuayUyRmxhbnphbWllbnRvYmliYW5rLm1wNCUyMiUyMHR5cGUlM0QlMjJ2aWRlbyUyRm1wNCUyMiUzRSUwQSUzQyUyRnZpZGVvJTNF[\/vc_raw_html][\/vc_column_inner][\/vc_row_inner][\/vc_column][\/vc_row][\/vc_section][vc_row][vc_column width=&#8221;1\/6&#8243;][\/vc_column][vc_column width=&#8221;2\/3&#8243;][vc_raw_html]JTIwJTNDc3R5bGUlM0UlMEEuYWNlcmNhRGVGdWxsJTdCJTBBJTIwJTIwJTIwJTIwaGVpZ2h0JTNBJTIwYXV0byUyMCUyMWltcG9ydGFudCUzQiUwQSU3RCUwQSUzQyUyRnN0eWxlJTNFJTBBJTBBJTBBJTNDaWZyYW1lJTIwc3JjJTNEJTIyaHR0cHMlM0ElMkYlMkZ3d3cueW91dHViZS5jb20lMkZlbWJlZCUyRlkzV044aWpzdE5zJTIyJTIwY29udHJvbHMlM0QlMjIlMjIlMjB3aWR0aCUzRCUyMjEwMCUyNSUyMiUyMGhlaWdodCUzRCUyMjQwMHB4JTIyJTIwZnJhbWVib3JkZXIlM0QlMjIwJTIyJTNFJTNDJTJGaWZyYW1lJTNF[\/vc_raw_html]\r\n<div class=\"sh-heading  \" id=\"heading-G9Nu6I1Bwn\">\r\n\t<div class=\"sh-element-margin\">\r\n\r\n\t\t\r\n\t\t\t<h2 class=\"sh-heading-content size-default text-center\">\r\n\t\t\t\tJuntos, siempre hacia adelante\t\t\t<\/h2>\r\n\r\n\t\t\r\n\t<\/div>\r\n<\/div>\r\n            <style type=\"text\/css\">\r\n                #heading-G9Nu6I1Bwn .sh-element-margin {margin: 30px 0px 40px 0px;}#heading-G9Nu6I1Bwn .sh-heading-content {font-weight: 700!important;color: #00c1d4;}#heading-G9Nu6I1Bwn .sh-heading-content,#heading-G9Nu6I1Bwn .sh-heading-additional-text {}            <\/style>\r\n        [\/vc_column][vc_column width=&#8221;1\/6&#8243;][\/vc_column][\/vc_row]<\/p>\n<\/div>","protected":false},"excerpt":{"rendered":"<p>[vc_section full_width=&#8221;stretch_row_content&#8221; css=&#8221;.vc_custom_1671555011303{margin-top: 0px !important;border-top-width: 0px !important;padding-top: 0px !important;}&#8221;][vc_row][vc_column][\/vc_column][\/vc_row][\/vc_section][vc_section css=&#8221;.vc_custom_1671494938395{margin-top: 40px !important;margin-bottom: 15px !important;}&#8221;][vc_row][vc_column][\/vc_column][\/vc_row][vc_row][vc_column][vc_row_inner][vc_column_inner][vc_column_text css=&#8221;.vc_custom_1671493574476{margin-top: 15px !important;margin-bottom: 10px !important;}&#8221;]Te presentamos nuestra nueva identidad de marca e imagen, en la que palpita la cultura de innovaci\u00f3n y todo lo que en la Corporaci\u00f3n Bi, de la&#8230;<\/p>\n","protected":false},"author":4,"featured_media":0,"parent":0,"menu_order":0,"comment_status":"closed","ping_status":"closed","template":"","meta":{"footnotes":""},"wf_page_folders":[29],"class_list":["post-2361","page","type-page","status-publish","hentry"],"_links":{"self":[{"href":"https:\/\/www.corporacionbi.com\/pa\/bibank\/wp-json\/wp\/v2\/pages\/2361","targetHints":{"allow":["GET"]}}],"collection":[{"href":"https:\/\/www.corporacionbi.com\/pa\/bibank\/wp-json\/wp\/v2\/pages"}],"about":[{"href":"https:\/\/www.corporacionbi.com\/pa\/bibank\/wp-json\/wp\/v2\/types\/page"}],"author":[{"embeddable":true,"href":"https:\/\/www.corporacionbi.com\/pa\/bibank\/wp-json\/wp\/v2\/users\/4"}],"replies":[{"embeddable":true,"href":"https:\/\/www.corporacionbi.com\/pa\/bibank\/wp-json\/wp\/v2\/comments?post=2361"}],"version-history":[{"count":31,"href":"https:\/\/www.corporacionbi.com\/pa\/bibank\/wp-json\/wp\/v2\/pages\/2361\/revisions"}],"predecessor-version":[{"id":4208,"href":"https:\/\/www.corporacionbi.com\/pa\/bibank\/wp-json\/wp\/v2\/pages\/2361\/revisions\/4208"}],"wp:attachment":[{"href":"https:\/\/www.corporacionbi.com\/pa\/bibank\/wp-json\/wp\/v2\/media?parent=2361"}],"wp:term":[{"taxonomy":"wf_page_folders","embeddable":true,"href":"https:\/\/www.corporacionbi.com\/pa\/bibank\/wp-json\/wp\/v2\/wf_page_folders?post=2361"}],"curies":[{"name":"wp","href":"https:\/\/api.w.org\/{rel}","templated":true}]}}