{"id":1855,"date":"2022-08-16T21:25:46","date_gmt":"2022-08-16T21:25:46","guid":{"rendered":"https:\/\/www.corporacionbi.com\/pa\/bibank\/?page_id=1855"},"modified":"2024-03-13T15:19:25","modified_gmt":"2024-03-13T21:19:25","slug":"solicita-tu-cuenta-personal","status":"publish","type":"page","link":"https:\/\/www.corporacionbi.com\/pa\/bibank\/solicita-tu-cuenta-personal\/","title":{"rendered":"Solicita tu Cuenta Personal"},"content":{"rendered":"<div class=\"wpb-content-wrapper\"><p>[vc_section][vc_row][vc_column]\n\t\t\t\t<p class=\"rs-p-wp-fix\"><\/p>\n\t\t\t\t<sr7-module data-alias=\"solicita-tarj-de-credito-bi-bank-1-1-1\" data-id=\"92\" id=\"SR7_92_1\" class=\"rs-ov-hidden\" data-version=\"6.7.51\">\n\t\t\t\t\t<sr7-adjuster><\/sr7-adjuster>\n\t\t\t\t\t<sr7-content>\n\t\t\t\t\t\t<sr7-slide id=\"SR7_92_1-61\" data-key=\"61\">\n\t\t\t\t\t\t\t<sr7-bg id=\"SR7_92_1-61-1\" class=\"sr7-layer\"><noscript><img decoding=\"async\" src=\"https:\/\/www.corporacionbi.com\/pa\/bibank\/wp-content\/uploads\/2022\/08\/Solicita-tu-cuenta-personal-de-bi-bank.jpg\" alt=\"\" title=\"Solicita-tu-cuenta-personal-de-bi-bank\"><\/noscript><\/sr7-bg>\n\t\t\t\t\t\t<\/sr7-slide>\n\t\t\t\t\t\t<sr7-slide id=\"SR7_92_1-162\" data-key=\"162\">\n\t\t\t\t\t\t<\/sr7-slide>\n\t\t\t\t\t<\/sr7-content>\n\t\t\t\t<\/sr7-module>\n\t\t\t\t<script>\n\t\t\t\t\twindow.SR7 ??={};SR7.PMH ??={}; SR7.PMH[\"SR7_92_1\"] = {cn:100,state:false,fn: function() { if (window._tpt!==undefined && window._tpt.prepareModuleHeight !== undefined) {  _tpt.prepareModuleHeight({id:\"SR7_92_1\",el:[600,600,350,400,350],type:'standard',shdw:'0',gh:[600,600,350,400,350],gw:[1920,1920,1024,778,480],vpt:['100px&#039;,&#039;100px&#039;,&#039;100px&#039;,&#039;100px&#039;,&#039;100px'],size:{fullWidth:true, fullHeight:false},mh:'0',onh:0,onw:0,bg:{color:'{\"orig\":\"transparent\",\"type\":\"solid\",\"string\":\"transparent\"}'}});   SR7.PMH[\"SR7_92_1\"].state=true;} else if(SR7.PMH[\"SR7_92_1\"].cn-->0)\tsetTimeout( SR7.PMH[\"SR7_92_1\"].fn,19);}};SR7.PMH[\"SR7_92_1\" ].fn();\n\t\t\t\t<\/script>\n[\/vc_column][\/vc_row][vc_row overflow=&#8221;default&#8221; css=&#8221;.vc_custom_1655934108737{margin-top: 50px !important;}&#8221;][vc_column][vc_column_text]Bi Bank pone a tu disposici\u00f3n las siguientes cuentas personales:<\/p>\n<p><strong>Cuenta Corriente<\/strong>, donde podr\u00e1s tener facilidad para el manejo de tu dinero a trav\u00e9s de tu chequera y tarjeta de d\u00e9bito clave. Adem\u00e1s, podr\u00e1s contar con la comodidad del uso de Bi en L\u00ednea para realizar tus operaciones de manera r\u00e1pida y sencilla desde donde te encuentres.<\/p>\n<p><strong>Cuenta de Ahorro<\/strong>, que te permitir\u00e1 obtener mejores rendimientos de tus ingresos con el pago de inter\u00e9s mensual sobre saldos. Podr\u00e1s contar tambi\u00e9n con la disponibilidad del dinero en nuestras Sucursales, a trav\u00e9s de la tarjeta de d\u00e9bito clave y ver tu estado de cuenta y transacciones a trav\u00e9s de Bi en L\u00ednea.<\/p>\n<p><strong>Dep\u00f3sito a Plazo Fijo<\/strong>, donde contar\u00e1s con distintos planes y tasas de inter\u00e9s ajustables a tus necesidades o prop\u00f3sitos de inversi\u00f3n. Una alternativa segura y confiable, para un futuro mejor.[\/vc_column_text][\/vc_column][\/vc_row][vc_row overflow=&#8221;default&#8221; css=&#8221;.vc_custom_1655934108737{margin-top: 50px !important;}&#8221;][vc_column overflow=&#8221;default&#8221;]\r\n<div class=\"sh-heading  \" id=\"heading-yr2970u18s\">\r\n\t<div class=\"sh-element-margin\">\r\n\r\n\t\t\r\n\t\t\t<h2 class=\"sh-heading-content size-default text-left\">\r\n\t\t\t\tBeneficios\t\t\t<\/h2>\r\n\r\n\t\t\r\n\t<\/div>\r\n<\/div>\r\n            <style type=\"text\/css\">\r\n                #heading-yr2970u18s .sh-element-margin {}#heading-yr2970u18s .sh-heading-content {font-weight: 700!important;}#heading-yr2970u18s .sh-heading-content,#heading-yr2970u18s .sh-heading-additional-text {}            <\/style>\r\n        [vc_row_inner equal_height=&#8221;yes&#8221; overflow=&#8221;default&#8221; css=&#8221;.vc_custom_1656010454584{margin-top: 20px !important;}&#8221;][vc_column_inner el_class=&#8221;bordederecho&#8221; width=&#8221;1\/5&#8243; overflow=&#8221;default&#8221;][vc_raw_html el_class=&#8221;center-icon&#8221;]JTNDc3BhbiUyMGNsYXNzJTNEJTIyQmlCYW5rLWljb24tYmktYmFuay1pY29ub3NfY29uc3VsdGFiaWxpbmVhJTIyJTNFJTNDJTJGc3BhbiUzRQ==[\/vc_raw_html][vc_column_text]<\/p>\n<p style=\"text-align: center;\">Acceso inmediato a tus estados de cuenta, consulta de transacciones a trav\u00e9s de Banca en L\u00ednea y Banca M\u00f3vil.<\/p>\n<p>[\/vc_column_text][\/vc_column_inner][vc_column_inner el_class=&#8221;bordederecho&#8221; width=&#8221;1\/5&#8243; overflow=&#8221;default&#8221;][vc_raw_html el_class=&#8221;center-icon&#8221;]JTNDc3BhbiUyMGNsYXNzJTNEJTIyQmlCYW5rLWljb24tYmktYmFuay1pY29ub3NfY29ycmVjdG8lMjIlM0UlM0MlMkZzcGFuJTNF[\/vc_raw_html][vc_column_text]<\/p>\n<p style=\"text-align: center;\">El traslado de fondos entre tus cuentas a nivel Regional no tendr\u00e1 costo y ser\u00e1 en tiempo real (Cuenta Corriente y de Ahorro).<\/p>\n<p>[\/vc_column_text][\/vc_column_inner][vc_column_inner el_class=&#8221;bordederecho&#8221; width=&#8221;1\/5&#8243; overflow=&#8221;default&#8221;][vc_raw_html el_class=&#8221;center-icon&#8221;]JTNDc3BhbiUyMGNsYXNzJTNEJTIyQmlCYW5rLWljb24tYmktYmFuay1pY29ub3NfbGFwdG9wJTIyJTNFJTNDJTJGc3BhbiUzRQ==[\/vc_raw_html][vc_column_text]<\/p>\n<p style=\"text-align: center;\">Facilidad de consulta de tus rendimientos a trav\u00e9s de Banca en l\u00ednea (Cuenta de Ahorro y Plazo Fijo).<\/p>\n<p>[\/vc_column_text][\/vc_column_inner][\/vc_row_inner][\/vc_column][\/vc_row][\/vc_section][vc_row][vc_column][vc_row_inner][vc_column_inner]\r\n<div class=\"sh-heading  \" id=\"heading-oSuxe8lgAM\">\r\n\t<div class=\"sh-element-margin\">\r\n\r\n\t\t\r\n\t\t\t<h3 class=\"sh-heading-content size-default text-left\">\r\n\t\t\t\t\u00a1Solicita HOY mismo tu Cuenta Personal de Bi Bank!\t\t\t<\/h3>\r\n\r\n\t\t\r\n\t<\/div>\r\n<\/div>\r\n            <style type=\"text\/css\">\r\n                #heading-oSuxe8lgAM .sh-element-margin {margin: 40px 0px 20px 0px;}#heading-oSuxe8lgAM .sh-heading-content {font-weight: 700!important;}#heading-oSuxe8lgAM .sh-heading-content,#heading-oSuxe8lgAM .sh-heading-additional-text {}            <\/style>\r\n        [vc_raw_html]JTNDc3R5bGUlM0UlMEElMEElMjNhY2VyY2FEZUZ1bGwlMkMlMjAuYWNlcmNhRGVGdWxsJTIwJTdCJTBBJTIwJTIwJTIwJTIwbWFyZ2luJTNBJTIwMCUzQiUwQSUyMCUyMCUyMCUyMGhlaWdodCUzQSUyMGF1dG8lMjAlMjFpbXBvcnRhbnQlM0IlMEElN0QlMEElMEElM0MlMkZzdHlsZSUzRSUwQSUwQSUzQyUyMS0tJTVCaWYlMjBsdGUlMjBJRSUyMDglNUQlM0UlMEElM0NzY3JpcHQlMjBjaGFyc2V0JTNEJTIydXRmLTglMjIlMjB0eXBlJTNEJTIydGV4dCUyRmphdmFzY3JpcHQlMjIlMjBzcmMlM0QlMjIlMkYlMkZqcy5oc2Zvcm1zLm5ldCUyRmZvcm1zJTJGdjItbGVnYWN5LmpzJTIyJTNFJTNDJTJGc2NyaXB0JTNFJTBBJTNDJTIxJTVCZW5kaWYlNUQtLSUzRSUwQSUzQ3NjcmlwdCUyMGNoYXJzZXQlM0QlMjJ1dGYtOCUyMiUyMHR5cGUlM0QlMjJ0ZXh0JTJGamF2YXNjcmlwdCUyMiUyMHNyYyUzRCUyMiUyRiUyRmpzLmhzZm9ybXMubmV0JTJGZm9ybXMlMkZ2Mi5qcyUyMiUzRSUzQyUyRnNjcmlwdCUzRSUwQSUzQ3NjcmlwdCUzRSUwQSUyMCUyMGhic3B0LmZvcm1zLmNyZWF0ZSUyOCU3QiUwQSUyMHJlZ2lvbiUzQSUyMCUyMm5hMSUyMiUyQyUwQSUyMHBvcnRhbElkJTNBJTIwJTIyMTc5NDA2MCUyMiUyQyUwQSUyMGZvcm1JZCUzQSUyMCUyMjEwYzkwMzVhLTEwODQtNGIxMC05OGFiLWNkZjExNTFkN2RmZiUyMiUwQSU3RCUyOSUzQiUwQSUzQyUyRnNjcmlwdCUzRSUwQQ==[\/vc_raw_html][\/vc_column_inner][\/vc_row_inner][\/vc_column][\/vc_row]<\/p>\n<\/div>","protected":false},"excerpt":{"rendered":"<p>[vc_section][vc_row][vc_column][\/vc_column][\/vc_row][vc_row overflow=&#8221;default&#8221; css=&#8221;.vc_custom_1655934108737{margin-top: 50px !important;}&#8221;][vc_column][vc_column_text]Bi Bank pone a tu disposici\u00f3n las siguientes cuentas personales: Cuenta Corriente, donde podr\u00e1s tener facilidad para el manejo de tu dinero a trav\u00e9s de tu chequera y tarjeta de d\u00e9bito clave. Adem\u00e1s, podr\u00e1s contar con la comodidad del uso de&#8230;<\/p>\n","protected":false},"author":4,"featured_media":0,"parent":0,"menu_order":0,"comment_status":"closed","ping_status":"closed","template":"","meta":{"footnotes":""},"wf_page_folders":[29],"class_list":["post-1855","page","type-page","status-publish","hentry"],"_links":{"self":[{"href":"https:\/\/www.corporacionbi.com\/pa\/bibank\/wp-json\/wp\/v2\/pages\/1855","targetHints":{"allow":["GET"]}}],"collection":[{"href":"https:\/\/www.corporacionbi.com\/pa\/bibank\/wp-json\/wp\/v2\/pages"}],"about":[{"href":"https:\/\/www.corporacionbi.com\/pa\/bibank\/wp-json\/wp\/v2\/types\/page"}],"author":[{"embeddable":true,"href":"https:\/\/www.corporacionbi.com\/pa\/bibank\/wp-json\/wp\/v2\/users\/4"}],"replies":[{"embeddable":true,"href":"https:\/\/www.corporacionbi.com\/pa\/bibank\/wp-json\/wp\/v2\/comments?post=1855"}],"version-history":[{"count":5,"href":"https:\/\/www.corporacionbi.com\/pa\/bibank\/wp-json\/wp\/v2\/pages\/1855\/revisions"}],"predecessor-version":[{"id":2009,"href":"https:\/\/www.corporacionbi.com\/pa\/bibank\/wp-json\/wp\/v2\/pages\/1855\/revisions\/2009"}],"wp:attachment":[{"href":"https:\/\/www.corporacionbi.com\/pa\/bibank\/wp-json\/wp\/v2\/media?parent=1855"}],"wp:term":[{"taxonomy":"wf_page_folders","embeddable":true,"href":"https:\/\/www.corporacionbi.com\/pa\/bibank\/wp-json\/wp\/v2\/wf_page_folders?post=1855"}],"curies":[{"name":"wp","href":"https:\/\/api.w.org\/{rel}","templated":true}]}}