{"id":1709,"date":"2022-08-04T14:20:44","date_gmt":"2022-08-04T14:20:44","guid":{"rendered":"https:\/\/www.corporacionbi.com\/pa\/bibank\/?page_id=1709"},"modified":"2024-03-12T17:01:08","modified_gmt":"2024-03-12T23:01:08","slug":"requisitos","status":"publish","type":"page","link":"https:\/\/www.corporacionbi.com\/pa\/bibank\/requisitos\/","title":{"rendered":"Requisitos"},"content":{"rendered":"<div class=\"wpb-content-wrapper\"><p>[vc_section][vc_row][vc_column]\n\t\t\t\t<p class=\"rs-p-wp-fix\"><\/p>\n\t\t\t\t<sr7-module data-alias=\"fideicomiso-testamentario-1\" data-id=\"87\" id=\"SR7_87_1\" class=\"rs-ov-hidden\" data-version=\"6.7.54\">\n\t\t\t\t\t<sr7-adjuster><\/sr7-adjuster>\n\t\t\t\t\t<sr7-content>\n\t\t\t\t\t\t<sr7-slide id=\"SR7_87_1-57\" data-key=\"57\">\n\t\t\t\t\t\t\t<sr7-bg id=\"SR7_87_1-57-4\" class=\"sr7-layer\"><noscript><img decoding=\"async\" src=\"https:\/\/www.corporacionbi.com\/pa\/bibank\/wp-content\/uploads\/2022\/08\/banner-fideicomisos-requisitos.png\" alt=\"\" title=\"banner-fideicomisos-requisitos-bi-bank-panam\u00e1\"><\/noscript><\/sr7-bg>\n\t\t\t\t\t\t\t<h2 id=\"SR7_87_1-57-3\" class=\"sr7-layer\"><b>Fideicomisos<\/b><\/h2>\n\t\t\t\t\t\t<\/sr7-slide>\n\t\t\t\t\t\t<sr7-slide id=\"SR7_87_1-158\" data-key=\"158\">\n\t\t\t\t\t\t<\/sr7-slide>\n\t\t\t\t\t<\/sr7-content>\n\t\t\t\t<\/sr7-module>\n\t\t\t\t<script>\n\t\t\t\t\twindow.SR7 ??={};SR7.PMH ??={}; SR7.PMH[\"SR7_87_1\"] = {cn:100,state:false,fn: function() { if (window._tpt!==undefined && window._tpt.prepareModuleHeight !== undefined) {  _tpt.prepareModuleHeight({id:\"SR7_87_1\",el:[600,600,350,400,350],type:'standard',shdw:'0',gh:[600,600,350,400,350],gw:[1920,1920,1024,778,480],vpt:['-200px&#039;,&#039;-200px&#039;,&#039;-200px&#039;,&#039;-200px&#039;,&#039;-200px'],size:{fullWidth:true, fullHeight:false},mh:'0',onh:0,onw:0,bg:{color:'{\"orig\":\"transparent\",\"type\":\"solid\",\"string\":\"transparent\"}'}});   SR7.PMH[\"SR7_87_1\"].state=true;} else if(SR7.PMH[\"SR7_87_1\"].cn-->0)\tsetTimeout( SR7.PMH[\"SR7_87_1\"].fn,19);}};SR7.PMH[\"SR7_87_1\" ].fn();\n\t\t\t\t<\/script>\n[\/vc_column][\/vc_row][vc_row overflow=&#8221;default&#8221; css=&#8221;.vc_custom_1655934108737{margin-top: 50px !important;}&#8221;][vc_column overflow=&#8221;default&#8221; css=&#8221;.vc_custom_1656607556771{padding-top: 30px !important;padding-bottom: 30px !important;}&#8221;]\r\n<div class=\"sh-heading  \" id=\"heading-wrvlKJH5CV\">\r\n\t<div class=\"sh-element-margin\">\r\n\r\n\t\t\r\n\t\t\t<h1 class=\"sh-heading-content size-default text-left\">\r\n\t\t\t\tRequisitos\t\t\t<\/h1>\r\n\r\n\t\t\r\n\t<\/div>\r\n<\/div>\r\n            <style type=\"text\/css\">\r\n                #heading-wrvlKJH5CV .sh-element-margin {margin: 0px 0px 20px 0px;}#heading-wrvlKJH5CV .sh-heading-content {font-weight: 700!important;color: #003865;}#heading-wrvlKJH5CV .sh-heading-content,#heading-wrvlKJH5CV .sh-heading-additional-text {}            <\/style>\r\n        [vc_column_text]Conoce los requisitos para solicitar tu Fideicomiso en Bi Bank.[\/vc_column_text][\/vc_column][\/vc_row][vc_row overflow=&#8221;default&#8221; css=&#8221;.vc_custom_1655936034015{margin-top: 50px !important;margin-bottom: 50px !important;}&#8221;][vc_column]\r\n<div id=\"tabs-UefJTmd4PC\" class=\"sh-tabs sh-tabs-style1\">\r\n\t<!-- Tabs -->\r\n\t<ul class=\"nav nav-tabs sh-tabs-filter sh-noselect\" role=\"tablist\">\r\n\t\t\t\t\t\t\t\t\t<li role=\"presentation\" class=\" active\">\r\n\t\t\t\t\t<a href=\"#tab-UefJTmd4PC-1\" role=\"tab\" data-toggle=\"tab\">\r\n\t\t\t\t\t\t\r\n\t\t\t\t\t\tA. Persona Natural\r\n\t\t\t\t\t\t\t\t\t\t\t<\/a>\r\n\t\t\t\t<\/li>\r\n\t\t\t\t\t\t\t<li role=\"presentation\" class=\"\">\r\n\t\t\t\t\t<a href=\"#tab-UefJTmd4PC-2\" role=\"tab\" data-toggle=\"tab\">\r\n\t\t\t\t\t\t\r\n\t\t\t\t\t\tB. Persona Jur\u00eddica\r\n\t\t\t\t\t\t\t\t\t\t\t<\/a>\r\n\t\t\t\t<\/li>\r\n\t\t\t\t\t\t<\/ul>\r\n\r\n\t<!-- Content -->\r\n\t<div class=\"tab-content\">\r\n\t\t\t\t\t\t\t\t\t<div role=\"tabpanel\" class=\"tab-pane fade in active\" id=\"tab-UefJTmd4PC-1\">\r\n\t\t\t\t\t<ul>\n<li style=line-height:2.5em>Una copia del documento de identidad personal vigente de cada fideicomitente y su apoderado (si aplica).<\/li>\n<li style=line-height:2.5em>Fotocopia del documento de identidad tributaria (RTU, RUC o equivalente) si aplica para el fideicomitente.<\/li>\n<li style=line-height:2.5em>Comprobante de domicilio donde se refleje la direcci\u00f3n completa del cliente que sea menor a 6 meses. (Recibo de tel\u00e9fono, energ\u00eda el\u00e9ctrica, cable o agua) para el fideicomitente.<\/li>\n<li style=line-height:2.5em>Una copia del documento de identidad personal vigente de cada fideicomisario (c\u00e9dula, pasaporte, certificado de nacimiento para menores).<\/li>\n<li style=line-height:2.5em>Una carta de Referencia bancaria o Referencia Comercial del fideicomitente (s).<\/li>\n<li style=line-height:2.5em>Sustento de ingresos o respaldo escrito de los fondos que ser\u00e1n transmitidos al fideicomiso (certificaci\u00f3n contable, carta de trabajo, estados financieros, declaraci\u00f3n de renta, o cualquier otra documentaci\u00f3n legal o contractual que evidencie el flujo de ingresos del fideicomitente).<\/li>\n<li style=line-height:2.5em>Copia del contrato de compra venta debidamente inscrito en el registro correspondiente a favor del fideicomitente (si aplica).<\/li>\n<li style=line-height:2.5em>Copia de los aval\u00faos o documento que acredite el valor de los bienes que se transmitir\u00e1n al Fideicomiso (si aplica).<\/li>\n<li style=line-height:2.5em>Copia de p\u00f3liza de seguro de los bienes que se transmitir\u00e1n al Fideicomiso (si aplica).<\/li>\n<li style=line-height:2.5em>Copia de las acciones o certificados de dep\u00f3sito que se transmitir\u00e1n al Fideicomiso (si aplica).<\/li>\n<li style=line-height:2.5em>Copia del Poder que acredita al Tercero a representar al Fideicomitente (si aplica).<\/li>\n<\/ul>\n\t\t\t\t<\/div>\r\n\t\t\t\t\t\t\t<div role=\"tabpanel\" class=\"tab-pane fade\" id=\"tab-UefJTmd4PC-2\">\r\n\t\t\t\t\t<ul>\n<li style=line-height:2.5em>Una copia de documento de identidad vigente de directores, dignatarios, accionistas, beneficiario final, representante legal y apoderado (si aplica).<\/li>\n<li style=line-height:2.5em>Poderes, representaci\u00f3n legal, mandatos u otros documentos en el que consten las facultades otorgadas a los firmantes del contrato de fideicomiso.<\/li>\n<li style=line-height:2.5em>Comprobante de domicilio donde se refleje la direcci\u00f3n completa del fideicomitente que sea menor a 6 meses, (recibo de tel\u00e9fono, energ\u00eda el\u00e9ctrica, cable o agua) del Fideicomitente.<\/li>\n<li style=line-height:2.5em>Copia del Pacto social o su equivalente (escrituras de constituci\u00f3n seg\u00fan pa\u00eds de origen)<\/li>\n<li style=line-height:2.5em>Certificado de Vigencia del Registro P\u00fablico de la empresa en original o copia, o informaci\u00f3n extra\u00edda, por el cliente o el banco, a trav\u00e9s de la base de datos del Registro P\u00fablico en que se evidencien la existencia y los datos de la persona jur\u00eddica. En el caso que se trate de persona jur\u00eddica extranjera, se deber\u00e1 presentar los documentos equivalentes que evidencien la constituci\u00f3n y vigencia de la persona jur\u00eddica extranjera en original o copia. (Menor a 3 meses).<\/li>\n<li style=line-height:2.5em>Fotocopia del documento de identidad tributaria (RTU, RUC o equivalente) si aplica para el fideicomitente (s).  <\/li>\n<li style=line-height:2.5em>Sustento de ingresos o respaldo escrito de los fondos que ser\u00e1n transmitidos al fideicomiso, (certificaci\u00f3n contable, carta de trabajo, estados financieros, declaraci\u00f3n de renta, o cualquier otra documentaci\u00f3n legal o contractual que evidencie el flujo de ingresos del fideicomitente).<\/li>\n<li style=line-height:2.5em>Una (1) carta de Referencia bancaria o Referencia Comercial del fideicomitente y de sus apoderados (si aplica). <\/li>\n<li style=line-height:2.5em>Si la persona jur\u00eddica no posee carta de referencia bancaria, se deber\u00e1 obtener una referencia bancaria del beneficiario final o accionista. <\/li>\n<li style=line-height:2.5em>Copia del acta de Junta de Accionistas, o certificado de punto de acta original donde la Junta Directiva o Asamblea de Accionistas autorizan y facultan al representante legal u otro para la constituci\u00f3n del fideicomiso.<\/li>\n<li style=line-height:2.5em>Aviso de Operaciones, patente o similar cuando corresponda.<\/li>\n<li style=line-height:2.5em>Copia del contrato de compra venta que acredite la propiedad de los bienes a transmitirse, debidamente inscrito en el registro correspondiente a favor del fideicomitente (si aplica).<\/li>\n<li style=line-height:2.5em>Copia de los aval\u00faos o documento que acredite el valor de los bienes que se transmitir\u00e1n al Fideicomiso (si aplica). <\/li>\n<li style=line-height:2.5em>Copia de p\u00f3liza de seguro de los bienes que se transmitir\u00e1n al Fideicomiso (si aplica).<\/li>\n<li style=line-height:2.5em>Copia de las acciones o certificados de dep\u00f3sito que se transmitir\u00e1n al Fideicomiso (si aplica). <\/li>\n<li style=line-height:2.5em>Copia del Poder que acredita al Tercero a representar al Fideicomitente (si aplica).<\/li>\n<\/ul>\n\t\t\t\t<\/div>\r\n\t\t\t\t\t\t<\/div>\r\n<\/div>\r\n            <style type=\"text\/css\">\r\n                #tabs-UefJTmd4PC .sh-tabs-filter li:not(.active) a,#tabs-UefJTmd4PC .tab-pane {color: #003865!important;}#tabs-UefJTmd4PC .sh-tabs-filter li.active a,#tabs-UefJTmd4PC .sh-tabs-filter li:hover a {color: #003865!important;}#tabs-UefJTmd4PC .sh-tabs-filter li.active a {border-bottom-color: #003865!important;}#tabs-UefJTmd4PC .sh-tabs-filter li a:after {background-color: #ffb81c!important;}            <\/style>\r\n        [\/vc_column][\/vc_row][\/vc_section]<\/p>\n<\/div>","protected":false},"excerpt":{"rendered":"<p>[vc_section][vc_row][vc_column][\/vc_column][\/vc_row][vc_row overflow=&#8221;default&#8221; css=&#8221;.vc_custom_1655934108737{margin-top: 50px !important;}&#8221;][vc_column overflow=&#8221;default&#8221; css=&#8221;.vc_custom_1656607556771{padding-top: 30px !important;padding-bottom: 30px !important;}&#8221;][vc_column_text]Conoce los requisitos para solicitar tu Fideicomiso en Bi Bank.[\/vc_column_text][\/vc_column][\/vc_row][vc_row overflow=&#8221;default&#8221; css=&#8221;.vc_custom_1655936034015{margin-top: 50px !important;margin-bottom: 50px !important;}&#8221;][vc_column][\/vc_column][\/vc_row][\/vc_section]<\/p>\n","protected":false},"author":4,"featured_media":0,"parent":0,"menu_order":0,"comment_status":"closed","ping_status":"closed","template":"","meta":{"footnotes":""},"wf_page_folders":[28],"class_list":["post-1709","page","type-page","status-publish","hentry"],"_links":{"self":[{"href":"https:\/\/www.corporacionbi.com\/pa\/bibank\/wp-json\/wp\/v2\/pages\/1709","targetHints":{"allow":["GET"]}}],"collection":[{"href":"https:\/\/www.corporacionbi.com\/pa\/bibank\/wp-json\/wp\/v2\/pages"}],"about":[{"href":"https:\/\/www.corporacionbi.com\/pa\/bibank\/wp-json\/wp\/v2\/types\/page"}],"author":[{"embeddable":true,"href":"https:\/\/www.corporacionbi.com\/pa\/bibank\/wp-json\/wp\/v2\/users\/4"}],"replies":[{"embeddable":true,"href":"https:\/\/www.corporacionbi.com\/pa\/bibank\/wp-json\/wp\/v2\/comments?post=1709"}],"version-history":[{"count":6,"href":"https:\/\/www.corporacionbi.com\/pa\/bibank\/wp-json\/wp\/v2\/pages\/1709\/revisions"}],"predecessor-version":[{"id":4177,"href":"https:\/\/www.corporacionbi.com\/pa\/bibank\/wp-json\/wp\/v2\/pages\/1709\/revisions\/4177"}],"wp:attachment":[{"href":"https:\/\/www.corporacionbi.com\/pa\/bibank\/wp-json\/wp\/v2\/media?parent=1709"}],"wp:term":[{"taxonomy":"wf_page_folders","embeddable":true,"href":"https:\/\/www.corporacionbi.com\/pa\/bibank\/wp-json\/wp\/v2\/wf_page_folders?post=1709"}],"curies":[{"name":"wp","href":"https:\/\/api.w.org\/{rel}","templated":true}]}}