{"id":1629,"date":"2022-07-30T00:26:55","date_gmt":"2022-07-30T00:26:55","guid":{"rendered":"https:\/\/www.corporacionbi.com\/pa\/bibank\/?page_id=1629"},"modified":"2024-03-13T15:00:10","modified_gmt":"2024-03-13T21:00:10","slug":"promociones-y-beneficios-visa","status":"publish","type":"page","link":"https:\/\/www.corporacionbi.com\/pa\/bibank\/promociones-y-beneficios-visa\/","title":{"rendered":"Promociones y Beneficios VISA"},"content":{"rendered":"<div class=\"wpb-content-wrapper\"><p>[vc_section][vc_row][vc_column]\n\t\t\t\t<p class=\"rs-p-wp-fix\"><\/p>\n\t\t\t\t<sr7-module data-alias=\"alertas-y-notificaciones-13\" data-id=\"75\" id=\"SR7_75_1\" class=\"rs-ov-hidden\" data-version=\"6.7.54\">\n\t\t\t\t\t<sr7-adjuster><\/sr7-adjuster>\n\t\t\t\t\t<sr7-content>\n\t\t\t\t\t\t<sr7-slide id=\"SR7_75_1-47\" data-key=\"47\">\n\t\t\t\t\t\t\t<sr7-txt id=\"SR7_75_1-47-3\" class=\"sr7-layer\">Promociones y<br \/>\n<b>Beneficios VISA<\/b><\/sr7-txt>\n\t\t\t\t\t\t<\/sr7-slide>\n\t\t\t\t\t\t<sr7-slide id=\"SR7_75_1-148\" data-key=\"148\">\n\t\t\t\t\t\t<\/sr7-slide>\n\t\t\t\t\t<\/sr7-content>\n\t\t\t\t<\/sr7-module>\n\t\t\t\t<script>\n\t\t\t\t\twindow.SR7 ??={};SR7.PMH ??={}; SR7.PMH[\"SR7_75_1\"] = {cn:100,state:false,fn: function() { if (window._tpt!==undefined && window._tpt.prepareModuleHeight !== undefined) {  _tpt.prepareModuleHeight({id:\"SR7_75_1\",el:[600,600,350,400,350],type:'standard',shdw:'0',gh:[600,600,350,400,350],gw:[1920,1920,1024,778,480],vpt:['-200px&#039;,&#039;-200px&#039;,&#039;-200px&#039;,&#039;-200px&#039;,&#039;-200px'],size:{fullWidth:true, fullHeight:false},mh:'0',onh:0,onw:0,bg:{color:'{\"orig\":\"transparent\",\"type\":\"solid\",\"string\":\"transparent\"}'}});   SR7.PMH[\"SR7_75_1\"].state=true;} else if(SR7.PMH[\"SR7_75_1\"].cn-->0)\tsetTimeout( SR7.PMH[\"SR7_75_1\"].fn,19);}};SR7.PMH[\"SR7_75_1\" ].fn();\n\t\t\t\t<\/script>\n[\/vc_column][\/vc_row][vc_row overflow=&#8221;default&#8221; css=&#8221;.vc_custom_1655934108737{margin-top: 50px !important;}&#8221;][vc_column overflow=&#8221;default&#8221; css=&#8221;.vc_custom_1656607556771{padding-top: 30px !important;padding-bottom: 30px !important;}&#8221;][vc_empty_space height=&#8221;60&#8243;][\/vc_column][\/vc_row][vc_row][vc_column width=&#8221;1\/2&#8243;][vc_single_image image=&#8221;1960&#8243; img_size=&#8221;full&#8221;][\/vc_column][vc_column width=&#8221;1\/2&#8243;][vc_column_text]Todos los beneficios que le ofrecen sus tarjetas de cr\u00e9dito Visa en un solo lugar. Para conocer m\u00e1s detalles, le invitamos a visitar el <em><strong><a style=\"color: #003865;\" href=\"https:\/\/visabenefitslac.axa-assistance.us\/\" target=\"_blank\" rel=\"noopener\">Portal de Beneficios Visa<\/a><\/strong>,<\/em> seleccione su producto y disfrute.<\/p>\n<p>Entre los beneficios que le ofrecen sus tarjetas de Cr\u00e9dito Visa usted puede disfrutar:<\/p>\n<ul>\n<li>Concierge<\/li>\n<li>Garant\u00eda extendida<\/li>\n<li>M\u00e9dico online<\/li>\n<li>Cancelaci\u00f3n de viaje<\/li>\n<li>Retraso de equipaje<\/li>\n<li>Protecci\u00f3n de compra<\/li>\n<li>Servicios de asistencia<\/li>\n<li>Sin cargos adicionales** por el cambio de moneda.<\/li>\n<li>Y muchos m\u00e1s<\/li>\n<\/ul>\n<p>[\/vc_column_text][\/vc_column][\/vc_row][vc_row overflow=&#8221;default&#8221; css=&#8221;.vc_custom_1655936034015{margin-top: 50px !important;margin-bottom: 50px !important;}&#8221;][vc_column][vc_column_text]** El Banco no aplica comisi\u00f3n por conversi\u00f3n de moneda a sus clientes, por tanto, no tiene incidencia en la variaci\u00f3n que pueda sufrir el monto final reflejado en el estado de cuenta del cliente. Por lo que al momento de realizar su compra, le recomendamos que verifique la tasa de cambio vigente en la moneda del pa\u00eds donde realice la transacci\u00f3n.<\/p>\n<p>*Algunos beneficios est\u00e1n disponibles seg\u00fan el tipo de producto del tarjetahabiente, regiones y pa\u00edses.[\/vc_column_text][\/vc_column][\/vc_row][\/vc_section]<\/p>\n<\/div>","protected":false},"excerpt":{"rendered":"<p>[vc_section][vc_row][vc_column][\/vc_column][\/vc_row][vc_row overflow=&#8221;default&#8221; css=&#8221;.vc_custom_1655934108737{margin-top: 50px !important;}&#8221;][vc_column overflow=&#8221;default&#8221; css=&#8221;.vc_custom_1656607556771{padding-top: 30px !important;padding-bottom: 30px !important;}&#8221;][vc_empty_space height=&#8221;60&#8243;][\/vc_column][\/vc_row][vc_row][vc_column width=&#8221;1\/2&#8243;][vc_single_image image=&#8221;1960&#8243; img_size=&#8221;full&#8221;][\/vc_column][vc_column width=&#8221;1\/2&#8243;][vc_column_text]Todos los beneficios que le ofrecen sus tarjetas de cr\u00e9dito Visa en un solo lugar. Para conocer m\u00e1s detalles, le invitamos a visitar el Portal de Beneficios Visa, seleccione su&#8230;<\/p>\n","protected":false},"author":4,"featured_media":0,"parent":0,"menu_order":0,"comment_status":"closed","ping_status":"closed","template":"","meta":{"footnotes":""},"wf_page_folders":[27],"class_list":["post-1629","page","type-page","status-publish","hentry"],"_links":{"self":[{"href":"https:\/\/www.corporacionbi.com\/pa\/bibank\/wp-json\/wp\/v2\/pages\/1629","targetHints":{"allow":["GET"]}}],"collection":[{"href":"https:\/\/www.corporacionbi.com\/pa\/bibank\/wp-json\/wp\/v2\/pages"}],"about":[{"href":"https:\/\/www.corporacionbi.com\/pa\/bibank\/wp-json\/wp\/v2\/types\/page"}],"author":[{"embeddable":true,"href":"https:\/\/www.corporacionbi.com\/pa\/bibank\/wp-json\/wp\/v2\/users\/4"}],"replies":[{"embeddable":true,"href":"https:\/\/www.corporacionbi.com\/pa\/bibank\/wp-json\/wp\/v2\/comments?post=1629"}],"version-history":[{"count":11,"href":"https:\/\/www.corporacionbi.com\/pa\/bibank\/wp-json\/wp\/v2\/pages\/1629\/revisions"}],"predecessor-version":[{"id":4200,"href":"https:\/\/www.corporacionbi.com\/pa\/bibank\/wp-json\/wp\/v2\/pages\/1629\/revisions\/4200"}],"wp:attachment":[{"href":"https:\/\/www.corporacionbi.com\/pa\/bibank\/wp-json\/wp\/v2\/media?parent=1629"}],"wp:term":[{"taxonomy":"wf_page_folders","embeddable":true,"href":"https:\/\/www.corporacionbi.com\/pa\/bibank\/wp-json\/wp\/v2\/wf_page_folders?post=1629"}],"curies":[{"name":"wp","href":"https:\/\/api.w.org\/{rel}","templated":true}]}}