{"id":1623,"date":"2022-07-30T00:19:27","date_gmt":"2022-07-30T00:19:27","guid":{"rendered":"https:\/\/www.corporacionbi.com\/pa\/bibank\/?page_id=1623"},"modified":"2026-01-06T08:40:58","modified_gmt":"2026-01-06T14:40:58","slug":"acumulacion-de-bi-puntos","status":"publish","type":"page","link":"https:\/\/www.corporacionbi.com\/pa\/bibank\/acumulacion-de-bi-puntos\/","title":{"rendered":"Acumulaci\u00f3n de Bi Puntos"},"content":{"rendered":"<div class=\"wpb-content-wrapper\"><p>[vc_section][vc_row][vc_column]\n\t\t\t\t<p class=\"rs-p-wp-fix\"><\/p>\n\t\t\t\t<sr7-module data-alias=\"alertas-y-notificaciones-12-1\" data-id=\"74\" id=\"SR7_74_1\" class=\"rs-ov-hidden\" data-version=\"6.7.54\">\n\t\t\t\t\t<sr7-adjuster><\/sr7-adjuster>\n\t\t\t\t\t<sr7-content>\n\t\t\t\t\t\t<sr7-slide id=\"SR7_74_1-46\" data-key=\"46\">\n\t\t\t\t\t\t\t<h1 id=\"SR7_74_1-46-3\" class=\"sr7-layer\">Acumulaci\u00f3n<br \/>\n<b>de Bi Puntos<\/b><\/h1>\n\t\t\t\t\t\t<\/sr7-slide>\n\t\t\t\t\t\t<sr7-slide id=\"SR7_74_1-147\" data-key=\"147\">\n\t\t\t\t\t\t<\/sr7-slide>\n\t\t\t\t\t<\/sr7-content>\n\t\t\t\t<\/sr7-module>\n\t\t\t\t<script>\n\t\t\t\t\twindow.SR7 ??={};SR7.PMH ??={}; SR7.PMH[\"SR7_74_1\"] = {cn:100,state:false,fn: function() { if (window._tpt!==undefined && window._tpt.prepareModuleHeight !== undefined) {  _tpt.prepareModuleHeight({id:\"SR7_74_1\",el:[600,600,350,400,350],type:'standard',shdw:'0',gh:[600,600,350,400,350],gw:[1920,1920,1024,778,480],vpt:['-200px&#039;,&#039;-200px&#039;,&#039;-200px&#039;,&#039;-200px&#039;,&#039;-200px'],size:{fullWidth:true, fullHeight:false},mh:'0',onh:0,onw:0,bg:{color:'{\"orig\":\"transparent\",\"type\":\"solid\",\"string\":\"transparent\"}'}});   SR7.PMH[\"SR7_74_1\"].state=true;} else if(SR7.PMH[\"SR7_74_1\"].cn-->0)\tsetTimeout( SR7.PMH[\"SR7_74_1\"].fn,19);}};SR7.PMH[\"SR7_74_1\" ].fn();\n\t\t\t\t<\/script>\n[\/vc_column][\/vc_row][vc_row overflow=&#8221;default&#8221; css=&#8221;.vc_custom_1655934108737{margin-top: 50px !important;}&#8221;][vc_column overflow=&#8221;default&#8221; css=&#8221;.vc_custom_1656607556771{padding-top: 30px !important;padding-bottom: 30px !important;}&#8221;][vc_empty_space height=&#8221;30&#8243;][\/vc_column][\/vc_row][vc_row gap=&#8221;20&#8243; content_placement=&#8221;middle&#8221; overflow=&#8221;default&#8221;][vc_column width=&#8221;4\/6&#8243;][vc_column_text css=&#8221;.vc_custom_1702505250628{padding-bottom: 0px !important;}&#8221;]En Bi Bank, seg\u00fan el tipo de Tarjeta de Cr\u00e9dito, los Tarjetahabientes acumular\u00e1n 1 BI PUNTO por cada d\u00f3lar de compra realizada con su tarjeta, los cuales podr\u00e1n canjear por un cr\u00e9dito en d\u00f3lares a su cuenta titular para utilizarlo en compras futuras de su preferencia.[\/vc_column_text][\/vc_column][vc_column width=&#8221;2\/6&#8243; text_align_inline=&#8221;center&#8221; overflow=&#8221;default&#8221; css=&#8221;.vc_custom_1702507883087{background-color: #d9f6f9 !important;}&#8221;][vc_column_text css=&#8221;.vc_custom_1702508116930{padding-bottom: -2em !important;}&#8221;]<\/p>\n<h5 style=\"text-align: center;\">Lo invitamos a canjear sus Puntos Bi:<\/h5>\n<p>[\/vc_column_text][vc_btn title=&#8221;Aqu\u00ed&#8221; align=&#8221;center&#8221; button_block=&#8221;true&#8221; el_class=&#8221;boton1&#8243; link=&#8221;url:https%3A%2F%2Fapi.whatsapp.com%2Fsend%2F%3Fphone%3D5073080800%26text%26type%3Dphone_number%26app_absent%3D0&#8243;][\/vc_column][\/vc_row][vc_row][vc_column][vc_column_text]Para conocer las reglas generales de este programa ingrese al reglamento adjunto:[\/vc_column_text][\/vc_column][\/vc_row][\/vc_section][vc_row][vc_column][vc_raw_html css=&#8221;&#8221;]JTNDZGl2JTIwc3R5bGUlM0QlMjJwb3NpdGlvbiUzQXJlbGF0aXZlJTNCcGFkZGluZy10b3AlM0FtYXglMjg2MCUyNSUyQzMyNnB4JTI5JTNCaGVpZ2h0JTNBMCUzQndpZHRoJTNBMTAwJTI1JTIyJTNFJTNDaWZyYW1lJTIwYWxsb3clM0QlMjJjbGlwYm9hcmQtd3JpdGUlMjIlMjBzYW5kYm94JTNEJTIyYWxsb3ctdG9wLW5hdmlnYXRpb24lMjBhbGxvdy10b3AtbmF2aWdhdGlvbi1ieS11c2VyLWFjdGl2YXRpb24lMjBhbGxvdy1kb3dubG9hZHMlMjBhbGxvdy1zY3JpcHRzJTIwYWxsb3ctc2FtZS1vcmlnaW4lMjBhbGxvdy1wb3B1cHMlMjBhbGxvdy1tb2RhbHMlMjBhbGxvdy1wb3B1cHMtdG8tZXNjYXBlLXNhbmRib3glMjBhbGxvdy1mb3JtcyUyMiUyMGFsbG93ZnVsbHNjcmVlbiUzRCUyMnRydWUlMjIlMjBzdHlsZSUzRCUyMnBvc2l0aW9uJTNBYWJzb2x1dGUlM0Jib3JkZXIlM0Fub25lJTNCd2lkdGglM0ExMDAlMjUlM0JoZWlnaHQlM0ExMDAlMjUlM0JsZWZ0JTNBMCUzQnJpZ2h0JTNBMCUzQnRvcCUzQTAlM0Jib3R0b20lM0EwJTNCJTIyJTIwc3JjJTNEJTIyaHR0cHMlM0ElMkYlMkZpc3N1dS5jb20lMkZjb3Jwb3JhY2lvbmJpJTJGZG9jcyUyRmJpYmFuay1yZWdsYW1lbnRvX2RlbF9wcm9ncmFtYV9kZV9hY3VtdWxhY2lvX25fZGVfcCUzRmZyJTNEc05USXlNemt3TVRJNE5ESSUyMiUzRSUzQyUyRmlmcmFtZSUzRSUzQyUyRmRpdiUzRQ==[\/vc_raw_html][\/vc_column][\/vc_row]<\/p>\n<\/div>","protected":false},"excerpt":{"rendered":"<p>[vc_section][vc_row][vc_column][\/vc_column][\/vc_row][vc_row overflow=&#8221;default&#8221; css=&#8221;.vc_custom_1655934108737{margin-top: 50px !important;}&#8221;][vc_column overflow=&#8221;default&#8221; css=&#8221;.vc_custom_1656607556771{padding-top: 30px !important;padding-bottom: 30px !important;}&#8221;][vc_empty_space height=&#8221;30&#8243;][\/vc_column][\/vc_row][vc_row gap=&#8221;20&#8243; content_placement=&#8221;middle&#8221; overflow=&#8221;default&#8221;][vc_column width=&#8221;4\/6&#8243;][vc_column_text css=&#8221;.vc_custom_1702505250628{padding-bottom: 0px !important;}&#8221;]En Bi Bank, seg\u00fan el tipo de Tarjeta de Cr\u00e9dito, los Tarjetahabientes acumular\u00e1n 1 BI PUNTO por cada d\u00f3lar de compra realizada con su tarjeta, los cuales&#8230;<\/p>\n","protected":false},"author":4,"featured_media":0,"parent":0,"menu_order":0,"comment_status":"closed","ping_status":"closed","template":"","meta":{"footnotes":""},"wf_page_folders":[27],"class_list":["post-1623","page","type-page","status-publish","hentry"],"_links":{"self":[{"href":"https:\/\/www.corporacionbi.com\/pa\/bibank\/wp-json\/wp\/v2\/pages\/1623","targetHints":{"allow":["GET"]}}],"collection":[{"href":"https:\/\/www.corporacionbi.com\/pa\/bibank\/wp-json\/wp\/v2\/pages"}],"about":[{"href":"https:\/\/www.corporacionbi.com\/pa\/bibank\/wp-json\/wp\/v2\/types\/page"}],"author":[{"embeddable":true,"href":"https:\/\/www.corporacionbi.com\/pa\/bibank\/wp-json\/wp\/v2\/users\/4"}],"replies":[{"embeddable":true,"href":"https:\/\/www.corporacionbi.com\/pa\/bibank\/wp-json\/wp\/v2\/comments?post=1623"}],"version-history":[{"count":15,"href":"https:\/\/www.corporacionbi.com\/pa\/bibank\/wp-json\/wp\/v2\/pages\/1623\/revisions"}],"predecessor-version":[{"id":6525,"href":"https:\/\/www.corporacionbi.com\/pa\/bibank\/wp-json\/wp\/v2\/pages\/1623\/revisions\/6525"}],"wp:attachment":[{"href":"https:\/\/www.corporacionbi.com\/pa\/bibank\/wp-json\/wp\/v2\/media?parent=1623"}],"wp:term":[{"taxonomy":"wf_page_folders","embeddable":true,"href":"https:\/\/www.corporacionbi.com\/pa\/bibank\/wp-json\/wp\/v2\/wf_page_folders?post=1623"}],"curies":[{"name":"wp","href":"https:\/\/api.w.org\/{rel}","templated":true}]}}