{"id":1503,"date":"2022-07-14T22:49:51","date_gmt":"2022-07-14T22:49:51","guid":{"rendered":"https:\/\/www.corporacionbi.com\/pa\/bibank\/?page_id=1503"},"modified":"2026-03-27T10:48:52","modified_gmt":"2026-03-27T16:48:52","slug":"tarjeta-de-credito-infinite","status":"publish","type":"page","link":"https:\/\/www.corporacionbi.com\/pa\/bibank\/tarjeta-de-credito-infinite\/","title":{"rendered":"Tarjeta de Cr\u00e9dito &#8211; Infinite"},"content":{"rendered":"<div class=\"wpb-content-wrapper\"><p>[vc_section][vc_row][vc_column]\n\t\t\t\t<p class=\"rs-p-wp-fix\"><\/p>\n\t\t\t\t<sr7-module data-alias=\"visa-platinum-1\" data-id=\"67\" id=\"SR7_67_1\" class=\"rs-ov-hidden\" data-version=\"6.7.54\">\n\t\t\t\t\t<sr7-adjuster><\/sr7-adjuster>\n\t\t\t\t\t<sr7-content>\n\t\t\t\t\t\t<sr7-slide id=\"SR7_67_1-39\" data-key=\"39\">\n\t\t\t\t\t\t\t<h2 id=\"SR7_67_1-39-3\" class=\"sr7-layer\"><strong>Tarjetas de Cr\u00e9dito<strong><\/h2>\n\t\t\t\t\t\t<\/sr7-slide>\n\t\t\t\t\t\t<sr7-slide id=\"SR7_67_1-140\" data-key=\"140\">\n\t\t\t\t\t\t<\/sr7-slide>\n\t\t\t\t\t<\/sr7-content>\n\t\t\t\t<\/sr7-module>\n\t\t\t\t<script>\n\t\t\t\t\twindow.SR7 ??={};SR7.PMH ??={}; SR7.PMH[\"SR7_67_1\"] = {cn:100,state:false,fn: function() { if (window._tpt!==undefined && window._tpt.prepareModuleHeight !== undefined) {  _tpt.prepareModuleHeight({id:\"SR7_67_1\",el:[600,600,350,400,350],type:'standard',shdw:'0',gh:[600,600,350,400,350],gw:[1920,1920,1024,778,480],vpt:['-200px&#039;,&#039;-200px&#039;,&#039;-200px&#039;,&#039;-200px&#039;,&#039;-200px'],size:{fullWidth:true, fullHeight:false},mh:'0',onh:0,onw:0,bg:{color:'{\"orig\":\"transparent\",\"type\":\"solid\",\"string\":\"transparent\"}'}});   SR7.PMH[\"SR7_67_1\"].state=true;} else if(SR7.PMH[\"SR7_67_1\"].cn-->0)\tsetTimeout( SR7.PMH[\"SR7_67_1\"].fn,19);}};SR7.PMH[\"SR7_67_1\" ].fn();\n\t\t\t\t<\/script>\n[\/vc_column][\/vc_row][vc_row overflow=&#8221;default&#8221; css=&#8221;.vc_custom_1655934108737{margin-top: 50px !important;}&#8221;][vc_column]\r\n<div class=\"sh-heading  \" id=\"heading-ZVHAXdOwGR\">\r\n\t<div class=\"sh-element-margin\">\r\n\r\n\t\t\r\n\t\t\t<h1 class=\"sh-heading-content size-default text-left\">\r\n\t\t\t\tVisa Infinite\t\t\t<\/h1>\r\n\r\n\t\t\r\n\t<\/div>\r\n<\/div>\r\n            <style type=\"text\/css\">\r\n                #heading-ZVHAXdOwGR .sh-element-margin {margin: 0px 0px 30px 0px;}#heading-ZVHAXdOwGR .sh-heading-content {font-weight: 700!important;color: #003865;}#heading-ZVHAXdOwGR .sh-heading-content,#heading-ZVHAXdOwGR .sh-heading-additional-text {}            <\/style>\r\n        [vc_column_text css=&#8221;.vc_custom_1720220943172{margin-bottom: 0px !important;}&#8221;]Disponible por invitaci\u00f3n especial, Visa Infinite ha sido especialmente dise\u00f1ada para llenar sus m\u00e1s altas expectativas.[\/vc_column_text][\/vc_column][\/vc_row][vc_row overflow=&#8221;default&#8221; css=&#8221;.vc_custom_1720047682148{margin-top: 50px !important;}&#8221;][vc_column overflow=&#8221;default&#8221;]\r\n<div class=\"sh-heading  \" id=\"heading-qzvxucdiob\">\r\n\t<div class=\"sh-element-margin\">\r\n\r\n\t\t\r\n\t\t\t<h2 class=\"sh-heading-content size-default text-left\">\r\n\t\t\t\tBeneficios\t\t\t<\/h2>\r\n\r\n\t\t\r\n\t<\/div>\r\n<\/div>\r\n            <style type=\"text\/css\">\r\n                #heading-qzvxucdiob .sh-element-margin {}#heading-qzvxucdiob .sh-heading-content {font-weight: 700!important;color: #003865;}#heading-qzvxucdiob .sh-heading-content,#heading-qzvxucdiob .sh-heading-additional-text {}            <\/style>\r\n        [vc_row_inner equal_height=&#8221;yes&#8221; overflow=&#8221;default&#8221; css=&#8221;.vc_custom_1720047591949{margin-top: 20px !important;}&#8221;][vc_column_inner el_class=&#8221;bordederecho&#8221; width=&#8221;1\/2&#8243; overflow=&#8221;default&#8221;][vc_raw_html css=&#8221;&#8221; el_class=&#8221;center-icon&#8221;]JTNDc3BhbiUyMGNsYXNzJTNEJTIyQmlCYW5rLWljb24tJTIwYmktaWNvbnMlMjBiaS1pY29ucy1pbnRlcm5hY2lvbmFsLXRhcmpldGElMjIlM0UlM0MlMkZzcGFuJTNF[\/vc_raw_html][vc_column_text css=&#8221;.vc_custom_1720223044074{padding-right: 16px !important;padding-left: 16px !important;}&#8221;]<\/p>\n<p style=\"text-align: center;\"><strong>Tarjeta de uso local e internacional.<\/strong><\/p>\n<p>[\/vc_column_text][\/vc_column_inner][vc_column_inner width=&#8221;1\/2&#8243; overflow=&#8221;default&#8221;][vc_raw_html css=&#8221;&#8221; el_class=&#8221;center-icon&#8221;]JTNDc3BhbiUyMGNsYXNzJTNEJTIyQmlCYW5rLWljb24tJTIwYmktaWNvbnMlMjBiaS1pY29ucy10YXJqZXRhLWFncmVnYXIlMjIlM0UlM0MlMkZzcGFuJTNF[\/vc_raw_html][vc_column_text css=&#8221;.vc_custom_1720223050213{padding-right: 16px !important;padding-left: 16px !important;}&#8221;]<\/p>\n<p style=\"text-align: center;\"><strong>Tarjetas adicionales gratis.<\/strong><\/p>\n<p>[\/vc_column_text][\/vc_column_inner][\/vc_row_inner][vc_row_inner equal_height=&#8221;yes&#8221; overflow=&#8221;default&#8221; css=&#8221;.vc_custom_1720047764409{margin-top: 35px !important;}&#8221;][vc_column_inner el_class=&#8221;bordederecho&#8221; width=&#8221;1\/2&#8243; overflow=&#8221;default&#8221;][vc_raw_html css=&#8221;&#8221; el_class=&#8221;center-icon&#8221;]JTNDc3BhbiUyMGNsYXNzJTNEJTIyQmlCYW5rLWljb24tJTIwYmktaWNvbnMlMjBiaS1pY29ucy1jZWx1bGFyLW5vdGlmaWNhY2lvbiUyMiUzRSUzQyUyRnNwYW4lM0U=[\/vc_raw_html][vc_column_text css=&#8221;.vc_custom_1751914961025{padding-right: 16px !important;padding-left: 16px !important;}&#8221;]<\/p>\n<p style=\"text-align: center;\"><strong>Servicio de Alertas:<\/strong><\/p>\n<p style=\"text-align: center;\">A trav\u00e9s de mensajes de texto (SMS)<\/p>\n<p>[\/vc_column_text][\/vc_column_inner][vc_column_inner width=&#8221;1\/2&#8243;][vc_raw_html css=&#8221;.vc_custom_1720220441139{padding-right: 10px !important;padding-left: 10px !important;}&#8221; el_class=&#8221;center-icon&#8221;]JTNDc3BhbiUyMGNsYXNzJTNEJTIyQmlCYW5rLWljb24tJTIwYmktaWNvbnMlMjBiaS1pY29ucy1jb21wcmFzLWJsb3F1ZWFkbyUyMiUzRSUzQyUyRnNwYW4lM0U=[\/vc_raw_html][vc_column_text css=&#8221;.vc_custom_1720469387797{padding-right: 16px !important;padding-left: 16px !important;}&#8221;]<\/p>\n<p style=\"text-align: center;\"><strong>Al comprar:<\/strong><\/p>\n<ul>\n<li style=\"text-align: left;\">Seguros de Fraude.<\/li>\n<li style=\"text-align: left;\">Garant\u00eda Extendida.*<\/li>\n<li style=\"text-align: left;\">Protecci\u00f3n de Compra.*<\/li>\n<li>Protecci\u00f3n de precios.<\/li>\n<\/ul>\n<p>[\/vc_column_text][\/vc_column_inner][\/vc_row_inner][vc_row_inner equal_height=&#8221;yes&#8221; overflow=&#8221;default&#8221; css=&#8221;.vc_custom_1720047754574{margin-top: 35px !important;}&#8221;][vc_column_inner el_class=&#8221;bordederecho&#8221; width=&#8221;1\/2&#8243; overflow=&#8221;default&#8221;][vc_raw_html css=&#8221;&#8221; el_class=&#8221;center-icon&#8221;]JTNDc3BhbiUyMGNsYXNzJTNEJTIyQmlCYW5rLWljb24tJTIwYmktaWNvbnMlMjBiaS1pY29ucy10YXJqZXRhLW1vbmVkYXMlMjIlM0UlM0MlMkZzcGFuJTNF[\/vc_raw_html][vc_column_text css=&#8221;.vc_custom_1720469312132{padding-right: 16px !important;padding-left: 16px !important;}&#8221;]<\/p>\n<p style=\"text-align: center;\"><strong>Puntos Bi<\/strong>:<\/p>\n<ul>\n<li style=\"text-align: left;\">Acumula Puntos Bi por cada d\u00f3lar de compra que realice con su nueva tarjeta de cr\u00e9dito Visa Infinite, los cuales podr\u00e1s convertir en dinero aplicado como un cr\u00e9dito a tu cuenta, por lo que podr\u00e1s seguir utilizando tu tarjeta con toda la seguridad y el respaldo de Visa.<\/li>\n<\/ul>\n<p>[\/vc_column_text][\/vc_column_inner][vc_column_inner width=&#8221;1\/2&#8243;][vc_raw_html css=&#8221;&#8221; el_class=&#8221;center-icon&#8221;]JTNDc3BhbiUyMGNsYXNzJTNEJTIyQmlCYW5rLWljb24tJTIwYmktaWNvbnMlMjBiaS1pY29ucy12aWRlbyUyMiUzRSUzQyUyRnNwYW4lM0UlMEE=[\/vc_raw_html][vc_column_text css=&#8221;.vc_custom_1774630062224{padding-right: 16px !important;padding-left: 16px !important;}&#8221;]<\/p>\n<p style=\"text-align: center;\"><strong>Entretenimiento Visa:<\/strong><\/p>\n<ul>\n<li style=\"text-align: left;\">Experiencias gastron\u00f3micas como los Weeks, entre otras grandes experiencias que Visa y Bi Bank dise\u00f1a para sus clientes.<\/li>\n<li>Para conocer promociones y descuentos: <a href=\"https:\/\/www.visa.com.pa\/es_PA\/promociones\/?redemptionCountry=172&amp;category=94\" target=\"_blank\" rel=\"noopener\">Entra aqu\u00ed.<\/a><\/li>\n<\/ul>\n<p>[\/vc_column_text][\/vc_column_inner][\/vc_row_inner][vc_row_inner equal_height=&#8221;yes&#8221; overflow=&#8221;default&#8221; css=&#8221;.vc_custom_1720047746407{margin-top: 35px !important;}&#8221;][vc_column_inner el_class=&#8221;bordederecho&#8221; width=&#8221;1\/2&#8243; overflow=&#8221;default&#8221;][vc_raw_html css=&#8221;&#8221; el_class=&#8221;center-icon&#8221;]JTNDc3BhbiUyMGNsYXNzJTNEJTIyQmlCYW5rLWljb24tJTIwYmktaWNvbnMlMjBiaS1pY29ucy1yZWdhbG8lMjIlM0UlM0MlMkZzcGFuJTNF[\/vc_raw_html][vc_column_text css=&#8221;.vc_custom_1720223079055{padding-right: 16px !important;padding-left: 16px !important;}&#8221;]<\/p>\n<p style=\"text-align: center;\"><strong>Beneficios internacionales al pagar con su Visa Infinite:<\/strong><\/p>\n<ul>\n<li style=\"text-align: left;\">LoungeKey, disfrute Salas VIP en cientos de aeropuertos.<\/li>\n<\/ul>\n<p>[\/vc_column_text][\/vc_column_inner][vc_column_inner width=&#8221;1\/2&#8243; overflow=&#8221;default&#8221;][vc_raw_html css=&#8221;&#8221; el_class=&#8221;center-icon&#8221;]JTNDc3BhbiUyMGNsYXNzJTNEJTIyQmlCYW5rLWljb24tJTIwYmktaWNvbnMlMjBiaS1pY29ucy1hdmlvbiUyMiUzRSUzQyUyRnNwYW4lM0U=[\/vc_raw_html][vc_column_text css=&#8221;.vc_custom_1774630111913{padding-right: 16px !important;padding-left: 16px !important;}&#8221;]<\/p>\n<p style=\"text-align: center;\"><strong>Al viajar:<\/strong><\/p>\n<ul style=\"text-align: left;\">\n<li style=\"text-align: left;\">Sin Comisi\u00f3n por cambio de moneda, al realizar compras en mercados no dolarizados, el banco no le &nbsp;cobrar\u00e1 comisiones por la conversi\u00f3n de moneda. La transacci\u00f3n reflejada en su estado de cuenta ser\u00e1 de acuerdo con la tasa de cambio efectiva en el momento de la compra.<\/li>\n<li style=\"text-align: left;\">Visa Digital Concierge 24\/7* alrededor del mundo.<\/li>\n<li style=\"text-align: left;\">Seguros para alquiler de autos, de retraso \/ p\u00e9rdida de equipaje, garant\u00eda extendida, &nbsp;de demora de viaje, de cancelaci\u00f3n de viaje, de conexi\u00f3n, de p\u00e9rdida de vuelo.<\/li>\n<li style=\"text-align: left;\">Servicio m\u00e9dico para emergencia internacional, l\u00ednea de asesoramiento de enfermer\u00eda.<\/li>\n<li style=\"text-align: left;\">Visa Luxury Hotel Collection.*<\/li>\n<li style=\"text-align: left;\">Duty Free Americas* en el Aeropuerto de Tocumen en la Ciudad de Panam\u00e1; Visa Airport Companion.<\/li>\n<li style=\"text-align: left;\">Servicio de reemplazo de tarjetas.*<\/li>\n<\/ul>\n<p>[\/vc_column_text][\/vc_column_inner][\/vc_row_inner][vc_empty_space height=&#8221;55px&#8221;][vc_column_text css=&#8221;.vc_custom_1720221284618{margin-bottom: 8px !important;}&#8221;]<\/p>\n<p style=\"text-align: left;\">*Revisa los detalles y beneficios adicionales.<\/p>\n<p>[\/vc_column_text][vc_btn title=&#8221;Aqu\u00ed&#8221; style=&#8221;classic&#8221; css=&#8221;.vc_custom_1742310484137{margin-top: 0px !important;margin-bottom: 20px !important;}&#8221; link=&#8221;url:https%3A%2F%2Flinkprotect.cudasvc.com%2Furl%3Fa%3Dhttps%253a%252f%252fwww.visa.com.pa%252fpague-con-visa%252ftarjetas%252fvisa-infinite.html%26c%3DE%2C1%2C4PID03hfYqU6ANrHZDoVsGlROrZqxlrkOKnhXHRr1Pqr1UrzljmwCaow4LXVcSL7_LpXHnYMzHNLroEmaiX0nLXPsbzKhmfbt-ORlyxQQLu5dGqO%26typo%3D1|target:_blank&#8221; el_class=&#8221;btn-corp-01&#8243;][\/vc_column][\/vc_row][vc_row overflow=&#8221;default&#8221; css=&#8221;.vc_custom_1655936034015{margin-top: 50px !important;margin-bottom: 50px !important;}&#8221;][vc_column]\r\n<div id=\"tabs-wlKqmk3YtT\" class=\"sh-tabs sh-tabs-style1\">\r\n\t<!-- Tabs -->\r\n\t<ul class=\"nav nav-tabs sh-tabs-filter sh-noselect\" role=\"tablist\">\r\n\t\t\t\t\t\t\t\t\t<li role=\"presentation\" class=\" active\">\r\n\t\t\t\t\t<a href=\"#tab-wlKqmk3YtT-1\" role=\"tab\" data-toggle=\"tab\">\r\n\t\t\t\t\t\t\r\n\t\t\t\t\t\tRequisitos\r\n\t\t\t\t\t\t\t\t\t\t\t<\/a>\r\n\t\t\t\t<\/li>\r\n\t\t\t\t\t\t<\/ul>\r\n\r\n\t<!-- Content -->\r\n\t<div class=\"tab-content\">\r\n\t\t\t\t\t\t\t\t\t<div role=\"tabpanel\" class=\"tab-pane fade in active\" id=\"tab-wlKqmk3YtT-1\">\r\n\t\t\t\t\t<ul>\n<li style=line-height:2.5em>Copia de C\u00e9dula o Pasaporte.<\/li>\n<li style=line-height:2.5em>Copia de recibo de servicios (agua, luz, cable o tel\u00e9fono).<\/li>\n<li style=line-height:2.5em>Buenas referencias de cr\u00e9dito.<\/li>\n<\/ul>\n<br>\n<h4>Asalariados:<\/h4><br>\n<ul>\n<li style=line-height:2.5em>Copia de Ficha de Seguro Social.<\/li>\n<li style=line-height:2.5em>Copia de comprobante de pago o carta de trabajo.<\/li>\n<\/ul>\n<br>\n\n<h4>Independiente:<\/h4>\n<ul>\n<li style=line-height:2.5em>2 \u00faltimas declaraciones de renta.<\/li>\n<li style=line-height:2.5em>Recibo de pago o Paz y Salvo con la Direcci\u00f3n General de Ingresos.<\/li>\n<li style=line-height:2.5em>Extractos bancarios de los \u00faltimos 6 meses.<\/li>\n<\/ul>\n<br>\n\n<h4>Extranjeros Residentes:<\/h4>\n<ul>\n<li style=line-height:2.5em>Permiso de Trabajo.<\/li>\n<li style=line-height:2.5em>Carnet de Migraci\u00f3n.<\/li>\n<\/ul>\n\t\t\t\t<\/div>\r\n\t\t\t\t\t\t<\/div>\r\n<\/div>\r\n            <style type=\"text\/css\">\r\n                #tabs-wlKqmk3YtT .sh-tabs-filter li:not(.active) a,#tabs-wlKqmk3YtT .tab-pane {color: #003865!important;}#tabs-wlKqmk3YtT .sh-tabs-filter li.active a,#tabs-wlKqmk3YtT .sh-tabs-filter li:hover a {color: #003865!important;}#tabs-wlKqmk3YtT .sh-tabs-filter li.active a {border-bottom-color: #003865!important;}#tabs-wlKqmk3YtT .sh-tabs-filter li a:after {background-color: #ffb81c!important;}            <\/style>\r\n        [\/vc_column][\/vc_row][\/vc_section]<\/p>\n<\/div>","protected":false},"excerpt":{"rendered":"<p>[vc_section][vc_row][vc_column][\/vc_column][\/vc_row][vc_row overflow=&#8221;default&#8221; css=&#8221;.vc_custom_1655934108737{margin-top: 50px !important;}&#8221;][vc_column][vc_column_text css=&#8221;.vc_custom_1720220943172{margin-bottom: 0px !important;}&#8221;]Disponible por invitaci\u00f3n especial, Visa Infinite ha sido especialmente dise\u00f1ada para llenar sus m\u00e1s altas expectativas.[\/vc_column_text][\/vc_column][\/vc_row][vc_row overflow=&#8221;default&#8221; css=&#8221;.vc_custom_1720047682148{margin-top: 50px !important;}&#8221;][vc_column overflow=&#8221;default&#8221;][vc_row_inner equal_height=&#8221;yes&#8221; overflow=&#8221;default&#8221; css=&#8221;.vc_custom_1720047591949{margin-top: 20px !important;}&#8221;][vc_column_inner el_class=&#8221;bordederecho&#8221; width=&#8221;1\/2&#8243; overflow=&#8221;default&#8221;][vc_raw_html css=&#8221;&#8221; el_class=&#8221;center-icon&#8221;]JTNDc3BhbiUyMGNsYXNzJTNEJTIyQmlCYW5rLWljb24tJTIwYmktaWNvbnMlMjBiaS1pY29ucy1pbnRlcm5hY2lvbmFsLXRhcmpldGElMjIlM0UlM0MlMkZzcGFuJTNF[\/vc_raw_html][vc_column_text css=&#8221;.vc_custom_1720223044074{padding-right: 16px !important;padding-left: 16px !important;}&#8221;] Tarjeta de&#8230;<\/p>\n","protected":false},"author":4,"featured_media":0,"parent":0,"menu_order":0,"comment_status":"closed","ping_status":"closed","template":"","meta":{"footnotes":""},"wf_page_folders":[24],"class_list":["post-1503","page","type-page","status-publish","hentry"],"_links":{"self":[{"href":"https:\/\/www.corporacionbi.com\/pa\/bibank\/wp-json\/wp\/v2\/pages\/1503","targetHints":{"allow":["GET"]}}],"collection":[{"href":"https:\/\/www.corporacionbi.com\/pa\/bibank\/wp-json\/wp\/v2\/pages"}],"about":[{"href":"https:\/\/www.corporacionbi.com\/pa\/bibank\/wp-json\/wp\/v2\/types\/page"}],"author":[{"embeddable":true,"href":"https:\/\/www.corporacionbi.com\/pa\/bibank\/wp-json\/wp\/v2\/users\/4"}],"replies":[{"embeddable":true,"href":"https:\/\/www.corporacionbi.com\/pa\/bibank\/wp-json\/wp\/v2\/comments?post=1503"}],"version-history":[{"count":88,"href":"https:\/\/www.corporacionbi.com\/pa\/bibank\/wp-json\/wp\/v2\/pages\/1503\/revisions"}],"predecessor-version":[{"id":6703,"href":"https:\/\/www.corporacionbi.com\/pa\/bibank\/wp-json\/wp\/v2\/pages\/1503\/revisions\/6703"}],"wp:attachment":[{"href":"https:\/\/www.corporacionbi.com\/pa\/bibank\/wp-json\/wp\/v2\/media?parent=1503"}],"wp:term":[{"taxonomy":"wf_page_folders","embeddable":true,"href":"https:\/\/www.corporacionbi.com\/pa\/bibank\/wp-json\/wp\/v2\/wf_page_folders?post=1503"}],"curies":[{"name":"wp","href":"https:\/\/api.w.org\/{rel}","templated":true}]}}