{"id":1499,"date":"2022-07-14T22:40:01","date_gmt":"2022-07-14T22:40:01","guid":{"rendered":"https:\/\/www.corporacionbi.com\/pa\/bibank\/?page_id=1499"},"modified":"2026-03-27T09:41:16","modified_gmt":"2026-03-27T15:41:16","slug":"tarjeta-de-credito-platinum","status":"publish","type":"page","link":"https:\/\/www.corporacionbi.com\/pa\/bibank\/tarjeta-de-credito-platinum\/","title":{"rendered":"Tarjeta de Cr\u00e9dito &#8211; Platinum"},"content":{"rendered":"<div class=\"wpb-content-wrapper\"><p>[vc_section][vc_row][vc_column]\n\t\t\t\t<p class=\"rs-p-wp-fix\"><\/p>\n\t\t\t\t<sr7-module data-alias=\"tarjeta-de-debito-y-atms-1\" data-id=\"66\" id=\"SR7_66_1\" class=\"rs-ov-hidden\" data-version=\"6.7.54\">\n\t\t\t\t\t<sr7-adjuster><\/sr7-adjuster>\n\t\t\t\t\t<sr7-content>\n\t\t\t\t\t\t<sr7-slide id=\"SR7_66_1-38\" data-key=\"38\">\n\t\t\t\t\t\t\t<sr7-bg id=\"SR7_66_1-38-4\" class=\"sr7-layer\"><noscript><img decoding=\"async\" src=\"https:\/\/www.corporacionbi.com\/pa\/bibank\/wp-content\/uploads\/2022\/08\/Visa-platinum.jpg\" alt=\"\" title=\"Visa-platinum-bi-bank-banco-panam\u00e1\"><\/noscript><\/sr7-bg>\n\t\t\t\t\t\t\t<sr7-txt id=\"SR7_66_1-38-3\" class=\"sr7-layer\"><strong>Tarjetas de Cr\u00e9dito<strong><\/sr7-txt>\n\t\t\t\t\t\t<\/sr7-slide>\n\t\t\t\t\t\t<sr7-slide id=\"SR7_66_1-139\" data-key=\"139\">\n\t\t\t\t\t\t<\/sr7-slide>\n\t\t\t\t\t<\/sr7-content>\n\t\t\t\t<\/sr7-module>\n\t\t\t\t<script>\n\t\t\t\t\twindow.SR7 ??={};SR7.PMH ??={}; SR7.PMH[\"SR7_66_1\"] = {cn:100,state:false,fn: function() { if (window._tpt!==undefined && window._tpt.prepareModuleHeight !== undefined) {  _tpt.prepareModuleHeight({id:\"SR7_66_1\",el:[600,600,350,400,350],type:'standard',shdw:'0',gh:[600,600,350,400,350],gw:[1920,1920,1024,778,480],vpt:['-200px&#039;,&#039;-200px&#039;,&#039;-200px&#039;,&#039;-200px&#039;,&#039;-200px'],size:{fullWidth:true, fullHeight:false},mh:'0',onh:0,onw:0,bg:{color:'{\"orig\":\"transparent\",\"type\":\"solid\",\"string\":\"transparent\"}'}});   SR7.PMH[\"SR7_66_1\"].state=true;} else if(SR7.PMH[\"SR7_66_1\"].cn-->0)\tsetTimeout( SR7.PMH[\"SR7_66_1\"].fn,19);}};SR7.PMH[\"SR7_66_1\" ].fn();\n\t\t\t\t<\/script>\n[\/vc_column][\/vc_row][vc_row overflow=&#8221;default&#8221; css=&#8221;.vc_custom_1655934108737{margin-top: 50px !important;}&#8221;][vc_column]\r\n<div class=\"sh-heading  \" id=\"heading-uXIZ6oJMf8\">\r\n\t<div class=\"sh-element-margin\">\r\n\r\n\t\t\r\n\t\t\t<h1 class=\"sh-heading-content size-default text-left\">\r\n\t\t\t\tVisa Platinum\t\t\t<\/h1>\r\n\r\n\t\t\r\n\t<\/div>\r\n<\/div>\r\n            <style type=\"text\/css\">\r\n                #heading-uXIZ6oJMf8 .sh-element-margin {margin: 0px 0px 30px 0px;}#heading-uXIZ6oJMf8 .sh-heading-content {font-weight: 700!important;color: #003865;}#heading-uXIZ6oJMf8 .sh-heading-content,#heading-uXIZ6oJMf8 .sh-heading-additional-text {}            <\/style>\r\n        [vc_column_text css=&#8221;.vc_custom_1720221500161{margin-bottom: 16px !important;}&#8221;]Esta tarjeta de Cr\u00e9dito ha sido especialmente concebida para superar sus m\u00e1s altas expectativas.<\/p>\n<p>Le brinda la facilidad para realizar compras y pagos de forma r\u00e1pida y segura, en cualquier establecimiento afiliado a la red global de Visa, f\u00edsica y digital, con grandes valores agregados para su comodidad y seguridad.[\/vc_column_text][\/vc_column][\/vc_row][vc_row overflow=&#8221;default&#8221; css=&#8221;.vc_custom_1655934108737{margin-top: 50px !important;}&#8221;][vc_column overflow=&#8221;default&#8221;]\r\n<div class=\"sh-heading  \" id=\"heading-tPGzMfjLsa\">\r\n\t<div class=\"sh-element-margin\">\r\n\r\n\t\t\r\n\t\t\t<h2 class=\"sh-heading-content size-default text-left\">\r\n\t\t\t\tBeneficios\t\t\t<\/h2>\r\n\r\n\t\t\r\n\t<\/div>\r\n<\/div>\r\n            <style type=\"text\/css\">\r\n                #heading-tPGzMfjLsa .sh-element-margin {}#heading-tPGzMfjLsa .sh-heading-content {font-weight: 700!important;color: #003865;}#heading-tPGzMfjLsa .sh-heading-content,#heading-tPGzMfjLsa .sh-heading-additional-text {}            <\/style>\r\n        [vc_row_inner equal_height=&#8221;yes&#8221; overflow=&#8221;default&#8221; css=&#8221;.vc_custom_1720222555184{margin-top: 20px !important;}&#8221;][vc_column_inner el_class=&#8221;bordederecho&#8221; width=&#8221;1\/2&#8243; overflow=&#8221;default&#8221;][vc_raw_html css=&#8221;&#8221; el_class=&#8221;center-icon&#8221;]JTNDc3BhbiUyMGNsYXNzJTNEJTIyQmlCYW5rLWljb24tJTIwYmktaWNvbnMlMjBiaS1pY29ucy1pbnRlcm5hY2lvbmFsLXRhcmpldGElMjIlM0UlM0MlMkZzcGFuJTNF[\/vc_raw_html][vc_column_text css=&#8221;.vc_custom_1720221939795{padding-right: 16px !important;padding-left: 16px !important;}&#8221;]<\/p>\n<p style=\"text-align: center;\"><strong>Tarjeta de uso local e internacional.<\/strong><\/p>\n<p>[\/vc_column_text][\/vc_column_inner][vc_column_inner width=&#8221;1\/2&#8243; overflow=&#8221;default&#8221;][vc_raw_html css=&#8221;&#8221; el_class=&#8221;center-icon&#8221;]JTNDc3BhbiUyMGNsYXNzJTNEJTIyQmlCYW5rLWljb24tJTIwYmktaWNvbnMlMjBiaS1pY29ucy10YXJqZXRhLWFncmVnYXIlMjIlM0UlM0MlMkZzcGFuJTNF[\/vc_raw_html][vc_column_text css=&#8221;.vc_custom_1720221857877{padding-right: 16px !important;padding-left: 16px !important;}&#8221;]<\/p>\n<p style=\"text-align: center;\"><strong>Tarjetas adicionales gratis.<\/strong><\/p>\n<p>[\/vc_column_text][\/vc_column_inner][\/vc_row_inner][vc_row_inner equal_height=&#8221;yes&#8221; overflow=&#8221;default&#8221; css=&#8221;.vc_custom_1720222674884{margin-top: 35px !important;}&#8221;][vc_column_inner el_class=&#8221;bordederecho&#8221; width=&#8221;1\/2&#8243; overflow=&#8221;default&#8221;][vc_raw_html css=&#8221;&#8221; el_class=&#8221;center-icon&#8221;]JTNDc3BhbiUyMGNsYXNzJTNEJTIyQmlCYW5rLWljb24tJTIwYmktaWNvbnMlMjBiaS1pY29ucy1jZWx1bGFyLW5vdGlmaWNhY2lvbiUyMiUzRSUzQyUyRnNwYW4lM0U=[\/vc_raw_html][vc_column_text css=&#8221;.vc_custom_1751914810338{padding-right: 16px !important;padding-left: 16px !important;}&#8221;]<\/p>\n<p style=\"text-align: center;\"><strong>Servicio de Alertas:<\/strong><\/p>\n<p style=\"text-align: center;\">A trav\u00e9s de mensajes de texto (SMS)<\/p>\n<p>[\/vc_column_text][\/vc_column_inner][vc_column_inner width=&#8221;1\/2&#8243; overflow=&#8221;default&#8221;][vc_raw_html css=&#8221;&#8221; el_class=&#8221;center-icon&#8221;]JTNDc3BhbiUyMGNsYXNzJTNEJTIyQmlCYW5rLWljb24tJTIwYmktaWNvbnMlMjBiaS1pY29ucy1yZWdhbG8lMjIlM0UlM0MlMkZzcGFuJTNF[\/vc_raw_html][vc_column_text css=&#8221;.vc_custom_1720221876840{padding-right: 16px !important;padding-left: 16px !important;}&#8221;]<\/p>\n<p style=\"text-align: center;\"><strong>Beneficios internacionales al pagar con su Visa Platinum.<\/strong><\/p>\n<p>[\/vc_column_text][\/vc_column_inner][\/vc_row_inner][vc_row_inner equal_height=&#8221;yes&#8221; overflow=&#8221;default&#8221; css=&#8221;.vc_custom_1720222572444{margin-top: 35px !important;}&#8221;][vc_column_inner el_class=&#8221;bordederecho&#8221; width=&#8221;1\/2&#8243; overflow=&#8221;default&#8221;][vc_raw_html css=&#8221;&#8221; el_class=&#8221;center-icon&#8221;]JTNDc3BhbiUyMGNsYXNzJTNEJTIyQmlCYW5rLWljb24tJTIwYmktaWNvbnMlMjBiaS1pY29ucy1jb21wcmFzLWJsb3F1ZWFkbyUyMiUzRSUzQyUyRnNwYW4lM0U=[\/vc_raw_html][vc_column_text css=&#8221;.vc_custom_1774625913507{padding-right: 16px !important;padding-left: 16px !important;}&#8221;]<\/p>\n<p style=\"text-align: center;\"><strong>Al comprar:<\/strong><\/p>\n<ul>\n<li style=\"text-align: left;\">Seguros de Fraude.<\/li>\n<li style=\"text-align: left;\">Garant\u00eda Extendida.*<\/li>\n<li style=\"text-align: left;\">Protecci\u00f3n de Compra.*<\/li>\n<\/ul>\n<p>[\/vc_column_text][\/vc_column_inner][vc_column_inner width=&#8221;1\/2&#8243;][vc_raw_html css=&#8221;&#8221; el_class=&#8221;center-icon&#8221;]JTNDc3BhbiUyMGNsYXNzJTNEJTIyQmlCYW5rLWljb24tJTIwYmktaWNvbnMlMjBiaS1pY29ucy10YXJqZXRhLW1vbmVkYXMlMjIlM0UlM0MlMkZzcGFuJTNF[\/vc_raw_html][vc_column_text css=&#8221;.vc_custom_1774625934724{padding-right: 16px !important;padding-left: 16px !important;}&#8221;]<\/p>\n<p style=\"text-align: center;\"><strong>Puntos Bi<\/strong>:<\/p>\n<ul>\n<li style=\"text-align: left;\">Acumula Puntos Bi por cada d\u00f3lar de compra que realice con su nueva tarjeta de cr\u00e9dito Visa Platinum, los cuales podr\u00e1s convertir en dinero aplicado como un cr\u00e9dito a tu cuenta, por lo que podr\u00e1s seguir utilizando tu tarjeta con toda la seguridad y el respaldo de Visa.<\/li>\n<\/ul>\n<p>[\/vc_column_text][\/vc_column_inner][\/vc_row_inner][vc_row_inner equal_height=&#8221;yes&#8221; overflow=&#8221;default&#8221; css=&#8221;.vc_custom_1720222581106{margin-top: 35px !important;}&#8221;][vc_column_inner el_class=&#8221;bordederecho&#8221; width=&#8221;1\/2&#8243; overflow=&#8221;default&#8221;][vc_raw_html css=&#8221;&#8221; el_class=&#8221;center-icon&#8221;]JTNDc3BhbiUyMGNsYXNzJTNEJTIyQmlCYW5rLWljb24tJTIwYmktaWNvbnMlMjBiaS1pY29ucy12aWRlbyUyMiUzRSUzQyUyRnNwYW4lM0U=[\/vc_raw_html][vc_column_text css=&#8221;.vc_custom_1774625953755{padding-right: 16px !important;padding-left: 16px !important;}&#8221;]<\/p>\n<p style=\"text-align: center;\"><strong>Entretenimiento Visa:<br \/>\n<\/strong><\/p>\n<ul>\n<li style=\"text-align: left;\">Experiencias gastron\u00f3micas como los Weeks, entre otras grandes experiencias que Visa y Bi Bank dise\u00f1a para sus clientes.<\/li>\n<li>Para conocer promociones y descuentos: <a href=\"https:\/\/www.visa.com.pa\/es_PA\/promociones\/?redemptionCountry=172&amp;category=94\" target=\"_blank\" rel=\"noopener\">Entra aqu\u00ed.<\/a><\/li>\n<\/ul>\n<p>[\/vc_column_text][\/vc_column_inner][vc_column_inner width=&#8221;1\/2&#8243; overflow=&#8221;default&#8221;][vc_raw_html css=&#8221;&#8221; el_class=&#8221;center-icon&#8221;]JTNDc3BhbiUyMGNsYXNzJTNEJTIyQmlCYW5rLWljb24tJTIwYmktaWNvbnMlMjBiaS1pY29ucy1hdmlvbiUyMiUzRSUzQyUyRnNwYW4lM0U=[\/vc_raw_html][vc_column_text css=&#8221;.vc_custom_1774625978040{padding-right: 16px !important;padding-left: 16px !important;}&#8221;]<\/p>\n<p style=\"text-align: center;\"><strong>Al viajar: <\/strong><\/p>\n<ul>\n<li>Sin Comisi\u00f3n por cambio de moneda, al realizar compras en mercados no dolarizados, el banco no le cobrar\u00e1 comisiones por la conversi\u00f3n de moneda. La transacci\u00f3n reflejada en su estado de cuenta ser\u00e1 de acuerdo con la tasa de cambio efectiva en el momento de la compra.<\/li>\n<li>Visa Digital Concierge 24\/7* alrededor del mundo.<\/li>\n<\/ul>\n<p>&nbsp;<\/p>\n<ul>\n<li>Alquiler de autos.<\/li>\n<li>Servicio m\u00e9dico de emergencia internacional, l\u00ednea de asesoramiento de enfermer\u00eda.<\/li>\n<\/ul>\n<p>&nbsp;<\/p>\n<ul>\n<li>Visa Luxury Hotel Collection.*<\/li>\n<li>Duty Free Americas* en el Aeropuerto de Tocumen en la Ciudad de Panam\u00e1; Visa Airport Companion.<\/li>\n<li>Servicio de reemplazo de tarjetas.*<\/li>\n<\/ul>\n<p>[\/vc_column_text][\/vc_column_inner][\/vc_row_inner][vc_empty_space height=&#8221;55px&#8221;][vc_column_text css=&#8221;.vc_custom_1720221994738{margin-bottom: 16px !important;}&#8221;]*Revisa los detalles y beneficios adicionales[\/vc_column_text][vc_btn title=&#8221;Aqu\u00ed&#8221; style=&#8221;classic&#8221; css=&#8221;.vc_custom_1742310465670{margin-top: 0px !important;margin-bottom: 20px !important;}&#8221; el_class=&#8221;btn-corp-01&#8243; link=&#8221;url:http%3A%2F%2Fwww.visa.com.pa|target:_blank&#8221;][\/vc_column][\/vc_row][vc_row overflow=&#8221;default&#8221; css=&#8221;.vc_custom_1655936034015{margin-top: 50px !important;margin-bottom: 50px !important;}&#8221;][vc_column]\r\n<div id=\"tabs-COQ1wR0Hub\" class=\"sh-tabs sh-tabs-style1\">\r\n\t<!-- Tabs -->\r\n\t<ul class=\"nav nav-tabs sh-tabs-filter sh-noselect\" role=\"tablist\">\r\n\t\t\t\t\t\t\t\t\t<li role=\"presentation\" class=\" active\">\r\n\t\t\t\t\t<a href=\"#tab-COQ1wR0Hub-1\" role=\"tab\" data-toggle=\"tab\">\r\n\t\t\t\t\t\t\r\n\t\t\t\t\t\tRequisitos\r\n\t\t\t\t\t\t\t\t\t\t\t<\/a>\r\n\t\t\t\t<\/li>\r\n\t\t\t\t\t\t<\/ul>\r\n\r\n\t<!-- Content -->\r\n\t<div class=\"tab-content\">\r\n\t\t\t\t\t\t\t\t\t<div role=\"tabpanel\" class=\"tab-pane fade in active\" id=\"tab-COQ1wR0Hub-1\">\r\n\t\t\t\t\t<ul>\n<li style=line-height:2.5em>Copia de C\u00e9dula o Pasaporte.<\/li>\n<li style=line-height:2.5em>Copia de recibo de servicios (agua, luz, cable o tel\u00e9fono).<\/li>\n<li style=line-height:2.5em>Buenas referencias de cr\u00e9dito.<\/li>\n<\/ul>\n<br>\n<h4>Asalariados:<\/h4><br>\n<ul>\n<li style=line-height:2.5em>Copia de Ficha de Seguro Social.<\/li>\n<li style=line-height:2.5em>Copia de comprobante de pago o carta de trabajo.<\/li>\n<\/ul>\n<br>\n\n<h4>Independiente:<\/h4>\n<ul>\n<li style=line-height:2.5em>2 \u00faltimas declaraciones de renta.<\/li>\n<li style=line-height:2.5em>Recibo de pago o Paz y Salvo con la Direcci\u00f3n General de Ingresos.<\/li>\n<li style=line-height:2.5em>Extractos bancarios de los \u00faltimos 6 meses.<\/li>\n<\/ul>\n<br>\n\n<h4>Extranjeros Residentes:<\/h4>\n<ul>\n<li style=line-height:2.5em>Permiso de Trabajo.<\/li>\n<li style=line-height:2.5em>Carnet de Migraci\u00f3n.<\/li>\n<\/ul>\n\t\t\t\t<\/div>\r\n\t\t\t\t\t\t<\/div>\r\n<\/div>\r\n            <style type=\"text\/css\">\r\n                #tabs-COQ1wR0Hub .sh-tabs-filter li:not(.active) a,#tabs-COQ1wR0Hub .tab-pane {color: #003865!important;}#tabs-COQ1wR0Hub .sh-tabs-filter li.active a,#tabs-COQ1wR0Hub .sh-tabs-filter li:hover a {color: #003865!important;}#tabs-COQ1wR0Hub .sh-tabs-filter li.active a {border-bottom-color: #003865!important;}#tabs-COQ1wR0Hub .sh-tabs-filter li a:after {background-color: #ffb81c!important;}            <\/style>\r\n        [\/vc_column][\/vc_row][\/vc_section]<\/p>\n<\/div>","protected":false},"excerpt":{"rendered":"<p>[vc_section][vc_row][vc_column][\/vc_column][\/vc_row][vc_row overflow=&#8221;default&#8221; css=&#8221;.vc_custom_1655934108737{margin-top: 50px !important;}&#8221;][vc_column][vc_column_text css=&#8221;.vc_custom_1720221500161{margin-bottom: 16px !important;}&#8221;]Esta tarjeta de Cr\u00e9dito ha sido especialmente concebida para superar sus m\u00e1s altas expectativas. Le brinda la facilidad para realizar compras y pagos de forma r\u00e1pida y segura, en cualquier establecimiento afiliado a la red global de Visa,&#8230;<\/p>\n","protected":false},"author":4,"featured_media":0,"parent":0,"menu_order":0,"comment_status":"closed","ping_status":"closed","template":"","meta":{"footnotes":""},"wf_page_folders":[24],"class_list":["post-1499","page","type-page","status-publish","hentry"],"_links":{"self":[{"href":"https:\/\/www.corporacionbi.com\/pa\/bibank\/wp-json\/wp\/v2\/pages\/1499","targetHints":{"allow":["GET"]}}],"collection":[{"href":"https:\/\/www.corporacionbi.com\/pa\/bibank\/wp-json\/wp\/v2\/pages"}],"about":[{"href":"https:\/\/www.corporacionbi.com\/pa\/bibank\/wp-json\/wp\/v2\/types\/page"}],"author":[{"embeddable":true,"href":"https:\/\/www.corporacionbi.com\/pa\/bibank\/wp-json\/wp\/v2\/users\/4"}],"replies":[{"embeddable":true,"href":"https:\/\/www.corporacionbi.com\/pa\/bibank\/wp-json\/wp\/v2\/comments?post=1499"}],"version-history":[{"count":44,"href":"https:\/\/www.corporacionbi.com\/pa\/bibank\/wp-json\/wp\/v2\/pages\/1499\/revisions"}],"predecessor-version":[{"id":6702,"href":"https:\/\/www.corporacionbi.com\/pa\/bibank\/wp-json\/wp\/v2\/pages\/1499\/revisions\/6702"}],"wp:attachment":[{"href":"https:\/\/www.corporacionbi.com\/pa\/bibank\/wp-json\/wp\/v2\/media?parent=1499"}],"wp:term":[{"taxonomy":"wf_page_folders","embeddable":true,"href":"https:\/\/www.corporacionbi.com\/pa\/bibank\/wp-json\/wp\/v2\/wf_page_folders?post=1499"}],"curies":[{"name":"wp","href":"https:\/\/api.w.org\/{rel}","templated":true}]}}