{"id":1486,"date":"2022-07-14T22:32:06","date_gmt":"2022-07-14T22:32:06","guid":{"rendered":"https:\/\/www.corporacionbi.com\/pa\/bibank\/?page_id=1486"},"modified":"2025-03-18T09:06:53","modified_gmt":"2025-03-18T15:06:53","slug":"tarjetas-de-credito","status":"publish","type":"page","link":"https:\/\/www.corporacionbi.com\/pa\/bibank\/tarjetas-de-credito\/","title":{"rendered":"Tarjetas de Cr\u00e9dito"},"content":{"rendered":"<div class=\"wpb-content-wrapper\"><p>[vc_section][vc_row][vc_column]\n\t\t\t\t<p class=\"rs-p-wp-fix\"><\/p>\n\t\t\t\t<sr7-module data-alias=\"tc-visa-platinum-1\" data-id=\"12\" id=\"SR7_12_1\" class=\"rs-ov-hidden\" data-version=\"6.7.54\">\n\t\t\t\t\t<sr7-adjuster><\/sr7-adjuster>\n\t\t\t\t\t<sr7-content>\n\t\t\t\t\t\t<sr7-slide id=\"SR7_12_1-4\" data-key=\"4\">\n\t\t\t\t\t\t\t<h1 id=\"SR7_12_1-4-3\" class=\"sr7-layer\"><b>Tarjetas de Cr\u00e9dito<\/b><br \/>\n<\/h1>\n\t\t\t\t\t\t<\/sr7-slide>\n\t\t\t\t\t\t<sr7-slide id=\"SR7_12_1-105\" data-key=\"105\">\n\t\t\t\t\t\t<\/sr7-slide>\n\t\t\t\t\t<\/sr7-content>\n\t\t\t\t<\/sr7-module>\n\t\t\t\t<script>\n\t\t\t\t\twindow.SR7 ??={};SR7.PMH ??={}; SR7.PMH[\"SR7_12_1\"] = {cn:100,state:false,fn: function() { if (window._tpt!==undefined && window._tpt.prepareModuleHeight !== undefined) {  _tpt.prepareModuleHeight({id:\"SR7_12_1\",el:[600,600,350,400,350],type:'standard',shdw:'0',gh:[600,600,350,400,350],gw:[1920,1920,1024,778,480],vpt:['-200px&#039;,&#039;-200px&#039;,&#039;-200px&#039;,&#039;-200px&#039;,&#039;-200px'],size:{fullWidth:true, fullHeight:false},mh:'0',onh:0,onw:0,bg:{color:'{\"orig\":\"transparent\",\"type\":\"solid\",\"string\":\"transparent\"}'}});   SR7.PMH[\"SR7_12_1\"].state=true;} else if(SR7.PMH[\"SR7_12_1\"].cn-->0)\tsetTimeout( SR7.PMH[\"SR7_12_1\"].fn,19);}};SR7.PMH[\"SR7_12_1\" ].fn();\n\t\t\t\t<\/script>\n[\/vc_column][\/vc_row][vc_row overflow=&#8221;default&#8221; css=&#8221;.vc_custom_1656013050117{margin-top: 100px !important;}&#8221;][vc_column][vc_column_text]Las Tarjetas de Cr\u00e9dito de Bi Bank le brindan la facilidad para realizar compras y pagos de forma r\u00e1pida y segura, en cualquier establecimiento afiliado a la Red Global de Visa, f\u00edsica o virtualmente; al mismo tiempo que le ofrecen valores agregados para su comodidad y seguridad.[\/vc_column_text][\/vc_column][\/vc_row][\/vc_section][vc_section][vc_row gap=&#8221;35&#8243; equal_height=&#8221;yes&#8221; content_placement=&#8221;top&#8221; overflow=&#8221;default&#8221; css=&#8221;.vc_custom_1656024657309{margin-right: 10px !important;}&#8221;][vc_column width=&#8221;1\/4&#8243;][\/vc_column][vc_column width=&#8221;1\/4&#8243; overflow=&#8221;default&#8221;][vc_row_inner][vc_column_inner el_class=&#8221;bordecintillo&#8221; overflow=&#8221;default&#8221;]\r\n            \r\n            <div class=\"sh-empty-space vc_empty_space sh-empty-space-M2fjVlxTXY  \" style=\"height: 15px\">\r\n                <span class=\"vc_empty_space_inner\"><\/span>\r\n            <\/div>\r\n\r\n        [vc_single_image image=&#8221;1490&#8243; img_size=&#8221;medium&#8221; alignment=&#8221;center&#8221;]\r\n<div class=\"sh-heading  \" id=\"heading-rcOZfG1Wgy\">\r\n\t<div class=\"sh-element-margin\">\r\n\r\n\t\t\r\n\t\t\t<h2 class=\"sh-heading-content size-default text-left\">\r\n\t\t\t\tVisa Platinum\t\t\t<\/h2>\r\n\r\n\t\t\r\n\t<\/div>\r\n<\/div>\r\n            <style type=\"text\/css\">\r\n                #heading-rcOZfG1Wgy .sh-element-margin {}#heading-rcOZfG1Wgy .sh-heading-content {font-weight: 700!important;color: #003865;}#heading-rcOZfG1Wgy .sh-heading-content,#heading-rcOZfG1Wgy .sh-heading-additional-text {}            <\/style>\r\n        [vc_btn title=&#8221;Conoce m\u00e1s&#8221; style=&#8221;classic&#8221; css=&#8221;.vc_custom_1742310382403{margin-top: 20px !important;}&#8221; el_class=&#8221;btn-corp-02&#8243; link=&#8221;url:https%3A%2F%2Fwww.corporacionbi.com%2Fpa%2Fbibank%2Ftarjeta-de-credito-platinum%2F|target:_blank&#8221;][\/vc_column_inner][\/vc_row_inner][\/vc_column][vc_column width=&#8221;1\/4&#8243;][vc_row_inner][vc_column_inner el_class=&#8221;bordecintillo&#8221; overflow=&#8221;default&#8221;]\r\n            \r\n            <div class=\"sh-empty-space vc_empty_space sh-empty-space-HpAWzjyJoa  \" style=\"height: 15px\">\r\n                <span class=\"vc_empty_space_inner\"><\/span>\r\n            <\/div>\r\n\r\n        [vc_single_image image=&#8221;1494&#8243; img_size=&#8221;medium&#8221; alignment=&#8221;center&#8221;]\r\n<div class=\"sh-heading  \" id=\"heading-M4mPNVIxl3\">\r\n\t<div class=\"sh-element-margin\">\r\n\r\n\t\t\r\n\t\t\t<h2 class=\"sh-heading-content size-default text-left\">\r\n\t\t\t\tVisa Infinite\t\t\t<\/h2>\r\n\r\n\t\t\r\n\t<\/div>\r\n<\/div>\r\n            <style type=\"text\/css\">\r\n                #heading-M4mPNVIxl3 .sh-element-margin {}#heading-M4mPNVIxl3 .sh-heading-content {font-weight: 700!important;color: #003865;}#heading-M4mPNVIxl3 .sh-heading-content,#heading-M4mPNVIxl3 .sh-heading-additional-text {}            <\/style>\r\n        [vc_btn title=&#8221;Conoce m\u00e1s&#8221; style=&#8221;classic&#8221; css=&#8221;.vc_custom_1742310409369{margin-top: 20px !important;}&#8221; el_class=&#8221;btn-corp-02&#8243; link=&#8221;url:https%3A%2F%2Fwww.corporacionbi.com%2Fpa%2Fbibank%2Ftarjeta-de-credito-infinite%2F|target:_blank&#8221;][\/vc_column_inner][\/vc_row_inner][\/vc_column][vc_column width=&#8221;1\/4&#8243;][\/vc_column][\/vc_row][\/vc_section][vc_row][vc_column]\r\n            \r\n            <div class=\"sh-empty-space vc_empty_space sh-empty-space-yP4HQ81LR0  \" style=\"height: 50px\">\r\n                <span class=\"vc_empty_space_inner\"><\/span>\r\n            <\/div>\r\n\r\n        [\/vc_column][\/vc_row][vc_row full_width=&#8221;stretch_row_content&#8221; overflow=&#8221;default&#8221; css=&#8221;.vc_custom_1664300685725{margin-bottom: -30px !important;}&#8221;][vc_column overflow=&#8221;default&#8221; css=&#8221;.vc_custom_1664300638439{padding-bottom: 0px !important;}&#8221;]\n\t\t\t\t<p class=\"rs-p-wp-fix\"><\/p>\n\t\t\t\t<sr7-module data-alias=\"galeria-tc-1\" data-id=\"13\" id=\"SR7_13_2\" class=\"rs-ov-hidden\" data-version=\"6.7.54\">\n\t\t\t\t\t<sr7-adjuster><\/sr7-adjuster>\n\t\t\t\t\t<sr7-content>\n\t\t\t\t\t\t<sr7-slide id=\"SR7_13_2-5\" data-key=\"5\">\n\t\t\t\t\t\t\t<sr7-bg id=\"SR7_13_2-5-6\" class=\"sr7-layer\"><noscript><img decoding=\"async\" src=\"https:\/\/www.corporacionbi.com\/pa\/bibank\/wp-content\/uploads\/2024\/01\/banner-galeria-tarjetas-2.jpg\" alt=\"banner-galeria-tarjetas-2\" title=\"banner-galeria-tarjetas-2\"><\/noscript><\/sr7-bg>\n\t\t\t\t\t\t\t<h3 id=\"SR7_13_2-5-3\" class=\"sr7-layer\">Programa de Lealtad<br \/>\ny Beneficios<br \/>\n<\/h3>\n\t\t\t\t\t\t\t<a id=\"SR7_13_2-5-5\" class=\"sr7-layer\" href=\"https:\/\/www.corporacionbi.com\/pa\/bibank\/programa-de-lealtad-y-beneficios\/\" target=\"_self\">M\u00e1s informaci\u00f3n<\/a>\n\t\t\t\t\t\t<\/sr7-slide>\n\t\t\t\t\t\t<sr7-slide id=\"SR7_13_2-106\" data-key=\"106\">\n\t\t\t\t\t\t<\/sr7-slide>\n\t\t\t\t\t<\/sr7-content>\n\t\t\t\t<\/sr7-module>\n\t\t\t\t<script>\n\t\t\t\t\twindow.SR7 ??={};SR7.PMH ??={}; SR7.PMH[\"SR7_13_2\"] = {cn:100,state:false,fn: function() { if (window._tpt!==undefined && window._tpt.prepareModuleHeight !== undefined) {  _tpt.prepareModuleHeight({id:\"SR7_13_2\",el:[400,400,200,250,300],type:'standard',shdw:'0',gh:[400,400,200,250,300],gw:[1920,1920,1024,778,480],vpt:['-200px&#039;,&#039;-200px&#039;,&#039;-200px&#039;,&#039;-200px&#039;,&#039;-200px'],size:{fullWidth:true, fullHeight:false},mh:'0',onh:0,onw:0,bg:{color:'{\"orig\":\"transparent\",\"type\":\"solid\",\"string\":\"transparent\"}'}});   SR7.PMH[\"SR7_13_2\"].state=true;} else if(SR7.PMH[\"SR7_13_2\"].cn-->0)\tsetTimeout( SR7.PMH[\"SR7_13_2\"].fn,19);}};SR7.PMH[\"SR7_13_2\" ].fn();\n\t\t\t\t<\/script>\n[\/vc_column][\/vc_row]<\/p>\n<\/div>","protected":false},"excerpt":{"rendered":"<p>[vc_section][vc_row][vc_column][\/vc_column][\/vc_row][vc_row overflow=&#8221;default&#8221; css=&#8221;.vc_custom_1656013050117{margin-top: 100px !important;}&#8221;][vc_column][vc_column_text]Las Tarjetas de Cr\u00e9dito de Bi Bank le brindan la facilidad para realizar compras y pagos de forma r\u00e1pida y segura, en cualquier establecimiento afiliado a la Red Global de Visa, f\u00edsica o virtualmente; al mismo tiempo que le ofrecen valores&#8230;<\/p>\n","protected":false},"author":4,"featured_media":0,"parent":0,"menu_order":0,"comment_status":"closed","ping_status":"closed","template":"","meta":{"footnotes":""},"wf_page_folders":[24],"class_list":["post-1486","page","type-page","status-publish","hentry"],"_links":{"self":[{"href":"https:\/\/www.corporacionbi.com\/pa\/bibank\/wp-json\/wp\/v2\/pages\/1486","targetHints":{"allow":["GET"]}}],"collection":[{"href":"https:\/\/www.corporacionbi.com\/pa\/bibank\/wp-json\/wp\/v2\/pages"}],"about":[{"href":"https:\/\/www.corporacionbi.com\/pa\/bibank\/wp-json\/wp\/v2\/types\/page"}],"author":[{"embeddable":true,"href":"https:\/\/www.corporacionbi.com\/pa\/bibank\/wp-json\/wp\/v2\/users\/4"}],"replies":[{"embeddable":true,"href":"https:\/\/www.corporacionbi.com\/pa\/bibank\/wp-json\/wp\/v2\/comments?post=1486"}],"version-history":[{"count":22,"href":"https:\/\/www.corporacionbi.com\/pa\/bibank\/wp-json\/wp\/v2\/pages\/1486\/revisions"}],"predecessor-version":[{"id":5771,"href":"https:\/\/www.corporacionbi.com\/pa\/bibank\/wp-json\/wp\/v2\/pages\/1486\/revisions\/5771"}],"wp:attachment":[{"href":"https:\/\/www.corporacionbi.com\/pa\/bibank\/wp-json\/wp\/v2\/media?parent=1486"}],"wp:term":[{"taxonomy":"wf_page_folders","embeddable":true,"href":"https:\/\/www.corporacionbi.com\/pa\/bibank\/wp-json\/wp\/v2\/wf_page_folders?post=1486"}],"curies":[{"name":"wp","href":"https:\/\/api.w.org\/{rel}","templated":true}]}}