{"id":1475,"date":"2022-07-14T22:03:17","date_gmt":"2022-07-14T22:03:17","guid":{"rendered":"https:\/\/www.corporacionbi.com\/pa\/bibank\/?page_id=1475"},"modified":"2025-03-18T09:04:06","modified_gmt":"2025-03-18T15:04:06","slug":"tarjeta-clave-y-atms","status":"publish","type":"page","link":"https:\/\/www.corporacionbi.com\/pa\/bibank\/tarjeta-clave-y-atms\/","title":{"rendered":"Tarjeta Clave y ATM\u00b4s"},"content":{"rendered":"<div class=\"wpb-content-wrapper\"><p>[vc_section][vc_row][vc_column]\n\t\t\t\t<p class=\"rs-p-wp-fix\"><\/p>\n\t\t\t\t<sr7-module data-alias=\"prestamos-de-vivienda-1\" data-id=\"65\" id=\"SR7_65_1\" class=\"rs-ov-hidden\" data-version=\"6.7.54\">\n\t\t\t\t\t<sr7-adjuster><\/sr7-adjuster>\n\t\t\t\t\t<sr7-content>\n\t\t\t\t\t\t<sr7-slide id=\"SR7_65_1-37\" data-key=\"37\">\n\t\t\t\t\t\t\t<sr7-bg id=\"SR7_65_1-37-4\" class=\"sr7-layer\"><noscript><img decoding=\"async\" src=\"https:\/\/www.corporacionbi.com\/pa\/bibank\/wp-content\/uploads\/2022\/08\/Tarjeta-de-De\u0301bito-y-ATMs.jpg\" alt=\"\" title=\"Tarjeta-de-De\u0301bito-y-ATMs-bi-bank\"><\/noscript><\/sr7-bg>\n\t\t\t\t\t\t\t<h1 id=\"SR7_65_1-37-3\" class=\"sr7-layer\"><strong>Tarjeta Clave y ATM\u00b4s<strong><\/h1>\n\t\t\t\t\t\t<\/sr7-slide>\n\t\t\t\t\t\t<sr7-slide id=\"SR7_65_1-138\" data-key=\"138\">\n\t\t\t\t\t\t<\/sr7-slide>\n\t\t\t\t\t<\/sr7-content>\n\t\t\t\t<\/sr7-module>\n\t\t\t\t<script>\n\t\t\t\t\twindow.SR7 ??={};SR7.PMH ??={}; SR7.PMH[\"SR7_65_1\"] = {cn:100,state:false,fn: function() { if (window._tpt!==undefined && window._tpt.prepareModuleHeight !== undefined) {  _tpt.prepareModuleHeight({id:\"SR7_65_1\",el:[600,600,350,400,350],type:'standard',shdw:'0',gh:[600,600,350,400,350],gw:[1920,1920,1024,778,480],vpt:['-200px&#039;,&#039;-200px&#039;,&#039;-200px&#039;,&#039;-200px&#039;,&#039;-200px'],size:{fullWidth:true, fullHeight:false},mh:'0',onh:0,onw:0,bg:{color:'{\"orig\":\"transparent\",\"type\":\"solid\",\"string\":\"transparent\"}'}});   SR7.PMH[\"SR7_65_1\"].state=true;} else if(SR7.PMH[\"SR7_65_1\"].cn-->0)\tsetTimeout( SR7.PMH[\"SR7_65_1\"].fn,19);}};SR7.PMH[\"SR7_65_1\" ].fn();\n\t\t\t\t<\/script>\n[\/vc_column][\/vc_row][vc_row overflow=&#8221;default&#8221; css=&#8221;.vc_custom_1655934108737{margin-top: 50px !important;}&#8221;][vc_column][vc_column_text css=&#8221;&#8221;]Con las tarjetas Clave de Bi Bank tienes acceso a tu cuenta corriente o de ahorro los 365 d\u00edas del a\u00f1o, a trav\u00e9s de todos los Cajeros Autom\u00e1ticos y Puntos de Venta del Sistema Clave dentro de la Rep\u00fablica de Panam\u00e1.[\/vc_column_text][\/vc_column][\/vc_row][vc_row overflow=&#8221;default&#8221; css=&#8221;.vc_custom_1655934108737{margin-top: 50px !important;}&#8221;][vc_column overflow=&#8221;default&#8221;]\r\n<div class=\"sh-heading  \" id=\"heading-SkqKitX2e6\">\r\n\t<div class=\"sh-element-margin\">\r\n\r\n\t\t\r\n\t\t\t<h2 class=\"sh-heading-content size-default text-left\">\r\n\t\t\t\tBeneficios\t\t\t<\/h2>\r\n\r\n\t\t\r\n\t<\/div>\r\n<\/div>\r\n            <style type=\"text\/css\">\r\n                #heading-SkqKitX2e6 .sh-element-margin {}#heading-SkqKitX2e6 .sh-heading-content {font-weight: 700!important;color: #003865;}#heading-SkqKitX2e6 .sh-heading-content,#heading-SkqKitX2e6 .sh-heading-additional-text {}            <\/style>\r\n        [vc_row_inner equal_height=&#8221;yes&#8221; overflow=&#8221;default&#8221; css=&#8221;.vc_custom_1656010454584{margin-top: 20px !important;}&#8221;][vc_column_inner el_class=&#8221;bordederecho&#8221; width=&#8221;1\/5&#8243; overflow=&#8221;default&#8221;][vc_raw_html css=&#8221;&#8221; el_class=&#8221;center-icon&#8221;]JTNDc3BhbiUyMGNsYXNzJTNEJTIyQmlCYW5rLWljb24tJTIwYmktaWNvbnMlMjBiaS1pY29ucy10YXJqZXRhLWVkaXRhciUyMiUzRSUzQyUyRnNwYW4lM0U=[\/vc_raw_html][vc_column_text]<\/p>\n<p style=\"text-align: center;\">Personalizada<\/p>\n<p>[\/vc_column_text][\/vc_column_inner][vc_column_inner el_class=&#8221;bordederecho&#8221; width=&#8221;1\/5&#8243; overflow=&#8221;default&#8221;][vc_raw_html css=&#8221;&#8221; el_class=&#8221;center-icon&#8221;]JTNDc3BhbiUyMGNsYXNzJTNEJTIyQmlCYW5rLWljb24tJTIwYmktaWNvbnMlMjBiaS1pY29ucy10aWVuZGElMjIlM0UlM0MlMkZzcGFuJTNF[\/vc_raw_html][vc_column_text]<\/p>\n<p style=\"text-align: center;\">Compras locales en comercios afiliados a la Red del Sistema Clave, sin necesidad de portar efectivo<\/p>\n<p>[\/vc_column_text][\/vc_column_inner][vc_column_inner width=&#8221;1\/5&#8243; overflow=&#8221;default&#8221;][vc_raw_html css=&#8221;&#8221; el_class=&#8221;center-icon&#8221;]JTNDc3BhbiUyMGNsYXNzJTNEJTIyQmlCYW5rLWljb24tJTIwYmktaWNvbnMlMjBiaS1pY29ucy10YXJqZXRhLWVmZWN0aXZvJTIyJTNFJTNDJTJGc3BhbiUzRQ==[\/vc_raw_html][vc_column_text]<\/p>\n<p style=\"text-align: center;\">Retiro en m\u00e1s de 2,000 cajeros autom\u00e1ticos de la red local del Sistema Clave dentro de la Rep\u00fablica de Panam\u00e1<\/p>\n<p>[\/vc_column_text][\/vc_column_inner][vc_column_inner width=&#8221;1\/5&#8243; overflow=&#8221;default&#8221;][\/vc_column_inner][vc_column_inner width=&#8221;1\/5&#8243;][\/vc_column_inner][\/vc_row_inner][\/vc_column][\/vc_row][vc_row overflow=&#8221;default&#8221; css=&#8221;.vc_custom_1655936034015{margin-top: 50px !important;margin-bottom: 50px !important;}&#8221;][vc_column]\r\n<div id=\"tabs-scPRefmpvG\" class=\"sh-tabs sh-tabs-style1\">\r\n\t<!-- Tabs -->\r\n\t<ul class=\"nav nav-tabs sh-tabs-filter sh-noselect\" role=\"tablist\">\r\n\t\t\t\t\t\t\t\t\t<li role=\"presentation\" class=\" active\">\r\n\t\t\t\t\t<a href=\"#tab-scPRefmpvG-1\" role=\"tab\" data-toggle=\"tab\">\r\n\t\t\t\t\t\t\r\n\t\t\t\t\t\tRequisitos\r\n\t\t\t\t\t\t\t\t\t\t\t<\/a>\r\n\t\t\t\t<\/li>\r\n\t\t\t\t\t\t<\/ul>\r\n\r\n\t<!-- Content -->\r\n\t<div class=\"tab-content\">\r\n\t\t\t\t\t\t\t\t\t<div role=\"tabpanel\" class=\"tab-pane fade in active\" id=\"tab-scPRefmpvG-1\">\r\n\t\t\t\t\t<ul>\n<li style=line-height:2.5em>C\u00e9dula de identidad personal o Pasaporte vigente en caso de ser extranjero.<\/li>\n<li style=line-height:2.5em>Poseer Cuenta Corriente y\/o Ahorros.<\/li>\n<\/ul>\n<br>\n\t\t\t\t<\/div>\r\n\t\t\t\t\t\t<\/div>\r\n<\/div>\r\n            <style type=\"text\/css\">\r\n                #tabs-scPRefmpvG .sh-tabs-filter li:not(.active) a,#tabs-scPRefmpvG .tab-pane {color: #003865!important;}#tabs-scPRefmpvG .sh-tabs-filter li.active a,#tabs-scPRefmpvG .sh-tabs-filter li:hover a {color: #003865!important;}#tabs-scPRefmpvG .sh-tabs-filter li.active a {border-bottom-color: #003865!important;}#tabs-scPRefmpvG .sh-tabs-filter li a:after {background-color: #ffb81c!important;}            <\/style>\r\n        [\/vc_column][\/vc_row][vc_row][vc_column]\r\n<div class=\"sh-heading  \" id=\"heading-Qn8M36qCPw\">\r\n\t<div class=\"sh-element-margin\">\r\n\r\n\t\t\r\n\t\t\t<h2 class=\"sh-heading-content size-default text-left\">\r\n\t\t\t\tATM\u00b4s de Bi Bank\t\t\t<\/h2>\r\n\r\n\t\t\r\n\t<\/div>\r\n<\/div>\r\n            <style type=\"text\/css\">\r\n                #heading-Qn8M36qCPw .sh-element-margin {margin: 0px 0px 20px 0px;}#heading-Qn8M36qCPw .sh-heading-content {font-weight: 700!important;color: #003865;}#heading-Qn8M36qCPw .sh-heading-content,#heading-Qn8M36qCPw .sh-heading-additional-text {}            <\/style>\r\n        [vc_column_text]Los cajeros autom\u00e1ticos de Bi Bank pertenecen a la red local de cajeros del Sistema Clave, y est\u00e1n disponibles a los clientes de Bi Bank y clientes de otros bancos locales para que puedan realizar transacciones de forma r\u00e1pida y segura, sin restricci\u00f3n de horario.[\/vc_column_text][\/vc_column][\/vc_row][vc_row][vc_column width=&#8221;1\/6&#8243;][vc_btn title=&#8221;Ver ubicaciones&#8221; style=&#8221;classic&#8221; css=&#8221;&#8221; el_class=&#8221;btn-corp-01&#8243; link=&#8221;url:https%3A%2F%2Fwww.corporacionbi.com%2Fpa%2Fbibank%2Flocalizador%2F&#8221;][\/vc_column][vc_column width=&#8221;2\/3&#8243;][\/vc_column][vc_column width=&#8221;1\/6&#8243;][\/vc_column][\/vc_row][vc_row overflow=&#8221;default&#8221; css=&#8221;.vc_custom_1655934108737{margin-top: 50px !important;}&#8221;][vc_column overflow=&#8221;default&#8221;]\r\n<div class=\"sh-heading  \" id=\"heading-GauEp4lDxc\">\r\n\t<div class=\"sh-element-margin\">\r\n\r\n\t\t\r\n\t\t\t<h2 class=\"sh-heading-content size-default text-left\">\r\n\t\t\t\tBeneficios\t\t\t<\/h2>\r\n\r\n\t\t\r\n\t<\/div>\r\n<\/div>\r\n            <style type=\"text\/css\">\r\n                #heading-GauEp4lDxc .sh-element-margin {}#heading-GauEp4lDxc .sh-heading-content {font-weight: 700!important;color: #003865;}#heading-GauEp4lDxc .sh-heading-content,#heading-GauEp4lDxc .sh-heading-additional-text {}            <\/style>\r\n        [vc_row_inner equal_height=&#8221;yes&#8221; overflow=&#8221;default&#8221; css=&#8221;.vc_custom_1656010454584{margin-top: 20px !important;}&#8221;][vc_column_inner el_class=&#8221;bordederecho&#8221; width=&#8221;1\/5&#8243; overflow=&#8221;default&#8221;][vc_raw_html css=&#8221;&#8221; el_class=&#8221;center-icon&#8221;]JTNDc3BhbiUyMGNsYXNzJTNEJTIyQmlCYW5rLWljb24tJTIwYmktaWNvbnMlMjBiaS1pY29ucy11c3VhcmlvLWF1cmljdWxhcmVzJTIyJTNFJTNDJTJGc3BhbiUzRQ==[\/vc_raw_html][vc_column_text css=&#8221;&#8221;]<\/p>\n<p style=\"text-align: center;\">Disponibilidad 24 horas<\/p>\n<p>[\/vc_column_text][\/vc_column_inner][vc_column_inner el_class=&#8221;bordederecho&#8221; width=&#8221;1\/5&#8243; overflow=&#8221;default&#8221;][vc_raw_html css=&#8221;&#8221; el_class=&#8221;center-icon&#8221;]JTNDc3BhbiUyMGNsYXNzJTNEJTIyQmlCYW5rLWljb24tJTIwYmktaWNvbnMlMjBiaS1pY29ucy11YmljYWNpb24tYmxvcXVlYWRvJTIyJTNFJTNDJTJGc3BhbiUzRQ==[\/vc_raw_html][vc_column_text]<\/p>\n<p style=\"text-align: center;\">Ubicaci\u00f3n accesible y segura<\/p>\n<p>[\/vc_column_text][\/vc_column_inner][vc_column_inner el_class=&#8221;bordederecho&#8221; width=&#8221;1\/5&#8243; overflow=&#8221;default&#8221;][vc_raw_html css=&#8221;&#8221; el_class=&#8221;center-icon&#8221;]JTNDc3BhbiUyMGNsYXNzJTNEJTIyQmlCYW5rLWljb24tJTIwYmktaWNvbnMlMjBiaS1pY29ucy10YXJqZXRhLWVmZWN0aXZvJTIyJTNFJTNDJTJGc3BhbiUzRQ==[\/vc_raw_html][vc_column_text]<\/p>\n<p style=\"text-align: center;\">Retiro de efectivo de $5.00 y $20.00, con un m\u00e1ximo de $500.00 diarios<\/p>\n<p>[\/vc_column_text][\/vc_column_inner][vc_column_inner el_class=&#8221;bordederecho&#8221; width=&#8221;1\/5&#8243; overflow=&#8221;default&#8221;][vc_raw_html css=&#8221;&#8221; el_class=&#8221;center-icon&#8221;]JTNDc3BhbiUyMGNsYXNzJTNEJTIyQmlCYW5rLWljb24tJTIwYmktaWNvbnMlMjBiaS1pY29ucy1sYXB0b3AtZG9jdW1lbnRvJTIyJTNFJTNDJTJGc3BhbiUzRQ==[\/vc_raw_html][vc_column_text]<\/p>\n<p style=\"text-align: center;\">Consulta en l\u00edneas de saldos de cuentas corrientes y de ahorros<\/p>\n<p>[\/vc_column_text][\/vc_column_inner][vc_column_inner width=&#8221;1\/5&#8243;][vc_raw_html css=&#8221;&#8221; el_class=&#8221;center-icon&#8221;]JTNDc3BhbiUyMGNsYXNzJTNEJTIyQmlCYW5rLWljb24tJTIwYmktaWNvbnMlMjBiaS1pY29ucy1lbmVyZ2lhLWVmZWN0aXZvJTIyJTNFJTNDJTJGc3BhbiUzRQ==[\/vc_raw_html][vc_column_text]<\/p>\n<p style=\"text-align: center;\">Pagos de servicios p\u00fablicos y privados<\/p>\n<p>[\/vc_column_text][\/vc_column_inner][\/vc_row_inner][vc_row_inner equal_height=&#8221;yes&#8221; overflow=&#8221;default&#8221; css=&#8221;.vc_custom_1656010454584{margin-top: 20px !important;}&#8221;][vc_column_inner el_class=&#8221;bordederecho&#8221; width=&#8221;1\/5&#8243; overflow=&#8221;default&#8221;][vc_raw_html css=&#8221;&#8221; el_class=&#8221;center-icon&#8221;]JTNDc3BhbiUyMGNsYXNzJTNEJTIyQmlCYW5rLWljb24tJTIwYmktaWNvbnMlMjBiaS1pY29ucy1idXMlMjIlM0UlM0MlMkZzcGFuJTNF[\/vc_raw_html][vc_column_text]<\/p>\n<p style=\"text-align: center;\">Recargas de servicios m\u00f3viles y transporte<\/p>\n<p>[\/vc_column_text][\/vc_column_inner][vc_column_inner width=&#8221;1\/5&#8243; overflow=&#8221;default&#8221;][vc_raw_html css=&#8221;&#8221; el_class=&#8221;center-icon&#8221;]JTNDc3BhbiUyMGNsYXNzJTNEJTIyQmlCYW5rLWljb24tJTIwYmktaWNvbnMlMjBiaS1pY29ucy1hZ3JhZGVjaW1pZW50byUyMiUzRSUzQyUyRnNwYW4lM0U=[\/vc_raw_html][vc_column_text]<\/p>\n<p style=\"text-align: center;\">Donaciones a Fundaciones Ben\u00e9ficas<\/p>\n<p>[\/vc_column_text][\/vc_column_inner][vc_column_inner width=&#8221;1\/5&#8243; overflow=&#8221;default&#8221;][\/vc_column_inner][vc_column_inner width=&#8221;1\/5&#8243; overflow=&#8221;default&#8221;][\/vc_column_inner][vc_column_inner width=&#8221;1\/5&#8243;][\/vc_column_inner][\/vc_row_inner][\/vc_column][\/vc_row][\/vc_section][vc_row][vc_column]\r\n            \r\n            <div class=\"sh-empty-space vc_empty_space sh-empty-space-s5Im3xCLYQ  \" style=\"height: 80px\">\r\n                <span class=\"vc_empty_space_inner\"><\/span>\r\n            <\/div>\r\n\r\n        [\/vc_column][\/vc_row]<\/p>\n<\/div>","protected":false},"excerpt":{"rendered":"<p>[vc_section][vc_row][vc_column][\/vc_column][\/vc_row][vc_row overflow=&#8221;default&#8221; css=&#8221;.vc_custom_1655934108737{margin-top: 50px !important;}&#8221;][vc_column][vc_column_text css=&#8221;&#8221;]Con las tarjetas Clave de Bi Bank tienes acceso a tu cuenta corriente o de ahorro los 365 d\u00edas del a\u00f1o, a trav\u00e9s de todos los Cajeros Autom\u00e1ticos y Puntos de Venta del Sistema Clave dentro de la Rep\u00fablica de&#8230;<\/p>\n","protected":false},"author":4,"featured_media":0,"parent":0,"menu_order":0,"comment_status":"closed","ping_status":"closed","template":"","meta":{"footnotes":""},"wf_page_folders":[24],"class_list":["post-1475","page","type-page","status-publish","hentry"],"_links":{"self":[{"href":"https:\/\/www.corporacionbi.com\/pa\/bibank\/wp-json\/wp\/v2\/pages\/1475","targetHints":{"allow":["GET"]}}],"collection":[{"href":"https:\/\/www.corporacionbi.com\/pa\/bibank\/wp-json\/wp\/v2\/pages"}],"about":[{"href":"https:\/\/www.corporacionbi.com\/pa\/bibank\/wp-json\/wp\/v2\/types\/page"}],"author":[{"embeddable":true,"href":"https:\/\/www.corporacionbi.com\/pa\/bibank\/wp-json\/wp\/v2\/users\/4"}],"replies":[{"embeddable":true,"href":"https:\/\/www.corporacionbi.com\/pa\/bibank\/wp-json\/wp\/v2\/comments?post=1475"}],"version-history":[{"count":28,"href":"https:\/\/www.corporacionbi.com\/pa\/bibank\/wp-json\/wp\/v2\/pages\/1475\/revisions"}],"predecessor-version":[{"id":5769,"href":"https:\/\/www.corporacionbi.com\/pa\/bibank\/wp-json\/wp\/v2\/pages\/1475\/revisions\/5769"}],"wp:attachment":[{"href":"https:\/\/www.corporacionbi.com\/pa\/bibank\/wp-json\/wp\/v2\/media?parent=1475"}],"wp:term":[{"taxonomy":"wf_page_folders","embeddable":true,"href":"https:\/\/www.corporacionbi.com\/pa\/bibank\/wp-json\/wp\/v2\/wf_page_folders?post=1475"}],"curies":[{"name":"wp","href":"https:\/\/api.w.org\/{rel}","templated":true}]}}