{"id":1467,"date":"2022-07-14T21:41:22","date_gmt":"2022-07-14T21:41:22","guid":{"rendered":"https:\/\/www.corporacionbi.com\/pa\/bibank\/?page_id=1467"},"modified":"2025-07-07T12:58:05","modified_gmt":"2025-07-07T18:58:05","slug":"prestamos-de-vivienda","status":"publish","type":"page","link":"https:\/\/www.corporacionbi.com\/pa\/bibank\/prestamos-de-vivienda\/","title":{"rendered":"Pr\u00e9stamos de Vivienda"},"content":{"rendered":"<div class=\"wpb-content-wrapper\"><p>[vc_section][vc_row][vc_column]\n\t\t\t\t<p class=\"rs-p-wp-fix\"><\/p>\n\t\t\t\t<sr7-module data-alias=\"prestamos-de-auto-1\" data-id=\"64\" id=\"SR7_64_1\" class=\"rs-ov-hidden\" data-version=\"6.7.54\">\n\t\t\t\t\t<sr7-adjuster><\/sr7-adjuster>\n\t\t\t\t\t<sr7-content>\n\t\t\t\t\t\t<sr7-slide id=\"SR7_64_1-36\" data-key=\"36\">\n\t\t\t\t\t\t\t<h1 id=\"SR7_64_1-36-3\" class=\"sr7-layer\"><strong>Pr\u00e9stamo de Vivienda<strong><\/h1>\n\t\t\t\t\t\t<\/sr7-slide>\n\t\t\t\t\t\t<sr7-slide id=\"SR7_64_1-137\" data-key=\"137\">\n\t\t\t\t\t\t<\/sr7-slide>\n\t\t\t\t\t<\/sr7-content>\n\t\t\t\t<\/sr7-module>\n\t\t\t\t<script>\n\t\t\t\t\twindow.SR7 ??={};SR7.PMH ??={}; SR7.PMH[\"SR7_64_1\"] = {cn:100,state:false,fn: function() { if (window._tpt!==undefined && window._tpt.prepareModuleHeight !== undefined) {  _tpt.prepareModuleHeight({id:\"SR7_64_1\",el:[600,600,350,400,350],type:'standard',shdw:'0',gh:[600,600,350,400,350],gw:[1920,1920,1024,778,480],vpt:['-200px&#039;,&#039;-200px&#039;,&#039;-200px&#039;,&#039;-200px&#039;,&#039;-200px'],size:{fullWidth:true, fullHeight:false},mh:'0',onh:0,onw:0,bg:{color:'{\"orig\":\"transparent\",\"type\":\"solid\",\"string\":\"transparent\"}'}});   SR7.PMH[\"SR7_64_1\"].state=true;} else if(SR7.PMH[\"SR7_64_1\"].cn-->0)\tsetTimeout( SR7.PMH[\"SR7_64_1\"].fn,19);}};SR7.PMH[\"SR7_64_1\" ].fn();\n\t\t\t\t<\/script>\n[\/vc_column][\/vc_row][vc_row overflow=&#8221;default&#8221; css=&#8221;.vc_custom_1655934108737{margin-top: 50px !important;}&#8221;][vc_column][vc_column_text css=&#8221;&#8221;]<span style=\"font-weight: 400;\">Adquirir tu casa, ahora, es m\u00e1s f\u00e1cil con el pr\u00e9stamo de vivienda en Bi Bank. Esta alternativa de cr\u00e9dito, te permitir\u00e1 gozar de tasas competitivas ajustadas a tu presupuesto.<\/span>[\/vc_column_text][vc_btn title=&#8221;Solicita tu pr\u00e9stamo&#8221; style=&#8221;classic&#8221; css=&#8221;.vc_custom_1742310222275{margin-top: 20px !important;margin-bottom: 20px !important;}&#8221; link=&#8221;url:https%3A%2F%2Fblog.corporacionbi.com%2Fsolicita-tu-prestamo-personal-de-bi-bank%3Futm_campaign%3Dmarketplace%26utm_medium%3Dsitiocoorporativo%26utm_source%3Dprestamopersonal%26utm_content%3Dbibank|target:_blank&#8221; el_class=&#8221;btn-corp-01&#8243;][\/vc_column][\/vc_row][vc_row overflow=&#8221;default&#8221; css=&#8221;.vc_custom_1655934108737{margin-top: 50px !important;}&#8221;][vc_column overflow=&#8221;default&#8221;]\r\n<div class=\"sh-heading  \" id=\"heading-y9fYKL40oE\">\r\n\t<div class=\"sh-element-margin\">\r\n\r\n\t\t\r\n\t\t\t<h2 class=\"sh-heading-content size-default text-left\">\r\n\t\t\t\tBeneficios\t\t\t<\/h2>\r\n\r\n\t\t\r\n\t<\/div>\r\n<\/div>\r\n            <style type=\"text\/css\">\r\n                #heading-y9fYKL40oE .sh-element-margin {}#heading-y9fYKL40oE .sh-heading-content {font-weight: 700!important;color: #003865;}#heading-y9fYKL40oE .sh-heading-content,#heading-y9fYKL40oE .sh-heading-additional-text {}            <\/style>\r\n        [vc_row_inner equal_height=&#8221;yes&#8221; overflow=&#8221;default&#8221; css=&#8221;.vc_custom_1656010454584{margin-top: 20px !important;}&#8221;][vc_column_inner el_class=&#8221;bordederecho&#8221; width=&#8221;1\/4&#8243; overflow=&#8221;default&#8221;]<div class=\"bi-icons-widget  biw-4ff06457b90d  \" style=\"text-align:center; display:flex; flex-direction:column; align-items:center; justify-content:flex-start; width:100%;\"><div class=\"bi-icons-w-icon_container vc_custom_1720210111955\" style=\"line-height: normal;\"><span class=\"bi-icons bi-icons-celular-monedas  biw-icon-4ff06457b90d \"><\/span><\/div><div class=\"bi-icons-w-container_text\"><\/div><\/div>[vc_column_text css=&#8221;&#8221;]<\/p>\n<p style=\"text-align: center;\">Traslada el saldo de tu Hipoteca a Bi Bank y recibe dinero en mano<\/p>\n<p>[\/vc_column_text][\/vc_column_inner][vc_column_inner el_class=&#8221;bordederecho&#8221; width=&#8221;1\/4&#8243; overflow=&#8221;default&#8221;]<div class=\"bi-icons-widget  biw-39ce68f9c79c  \" style=\"text-align:center; display:flex; flex-direction:column; align-items:center; justify-content:flex-start; width:100%;\"><div class=\"bi-icons-w-icon_container vc_custom_1720210382997\" style=\"line-height: normal;\"><span class=\"bi-icons bi-icons-banco-notificacion  biw-icon-39ce68f9c79c \"><\/span><\/div><div class=\"bi-icons-w-container_text\"><\/div><\/div>[vc_column_text css=&#8221;&#8221;]<\/p>\n<p style=\"text-align: center;\">Gastos Legales incluidos dentro del Financiamiento<\/p>\n<p>[\/vc_column_text][\/vc_column_inner][vc_column_inner el_class=&#8221;bordederecho&#8221; width=&#8221;1\/4&#8243; overflow=&#8221;default&#8221;]<div class=\"bi-icons-widget  biw-18add0648eca  \" style=\"text-align:center; display:flex; flex-direction:column; align-items:center; justify-content:flex-start; width:100%;\"><div class=\"bi-icons-w-icon_container vc_custom_1720210776103\" style=\"line-height: normal;\"><span class=\"bi-icons bi-icons-efectivo-monedas  biw-icon-18add0648eca \"><\/span><\/div><div class=\"bi-icons-w-container_text\"><\/div><\/div>[vc_column_text]<\/p>\n<p style=\"text-align: center;\">Tasa competitiva<\/p>\n<p>[\/vc_column_text][\/vc_column_inner][vc_column_inner width=&#8221;1\/4&#8243;]<div class=\"bi-icons-widget  biw-5fc2ac1d416b  \" style=\"text-align:center; display:flex; flex-direction:column; align-items:center; justify-content:flex-start; width:100%;\"><div class=\"bi-icons-w-icon_container vc_custom_1720210484471\" style=\"line-height: normal;\"><span class=\"bi-icons bi-icons-reloj  biw-icon-5fc2ac1d416b \"><\/span><\/div><div class=\"bi-icons-w-container_text\"><\/div><\/div>[vc_column_text css=&#8221;&#8221;]<\/p>\n<p style=\"text-align: center;\">Plazos hasta 30 a\u00f1os<\/p>\n<p>[\/vc_column_text][\/vc_column_inner][\/vc_row_inner][vc_row_inner equal_height=&#8221;yes&#8221; overflow=&#8221;default&#8221; css=&#8221;.vc_custom_1656010454584{margin-top: 20px !important;}&#8221;][vc_column_inner el_class=&#8221;bordederecho&#8221; width=&#8221;1\/4&#8243; overflow=&#8221;default&#8221;]<div class=\"bi-icons-widget  biw-52229a96b872  \" style=\"text-align:center; display:flex; flex-direction:column; align-items:center; justify-content:flex-start; width:100%;\"><div class=\"bi-icons-w-icon_container vc_custom_1720210599974\" style=\"line-height: normal;\"><span class=\"bi-icons bi-icons-hombre  biw-icon-52229a96b872 \"><\/span><\/div><div class=\"bi-icons-w-container_text\"><\/div><\/div>[vc_column_text css=&#8221;&#8221;]<\/p>\n<p style=\"text-align: center;\">Asesor\u00eda y acompa\u00f1amiento durante todo el proceso<\/p>\n<p>\u00a0[\/vc_column_text][\/vc_column_inner][vc_column_inner el_class=&#8221;bordederecho&#8221; width=&#8221;1\/4&#8243; overflow=&#8221;default&#8221;]<div class=\"bi-icons-widget  biw-d033154c3ae0  \" style=\"text-align:center; display:flex; flex-direction:column; align-items:center; justify-content:flex-start; width:100%;\"><div class=\"bi-icons-w-icon_container vc_custom_1720210625991\" style=\"line-height: normal;\"><span class=\"bi-icons bi-icons-usuario-auriculares  biw-icon-d033154c3ae0 \"><\/span><\/div><div class=\"bi-icons-w-container_text\"><\/div><\/div>[vc_column_text]<\/p>\n<p style=\"text-align: center;\">Atenci\u00f3n personalizada por ejecutivos con amplia experiencia<\/p>\n<p>[\/vc_column_text][\/vc_column_inner][vc_column_inner el_class=&#8221;bordederecho&#8221; width=&#8221;1\/4&#8243; overflow=&#8221;default&#8221;]<div class=\"bi-icons-widget  biw-9bd794316c4e  \" style=\"text-align:center; display:flex; flex-direction:column; align-items:center; justify-content:flex-start; width:100%;\"><div class=\"bi-icons-w-icon_container vc_custom_1720210730455\" style=\"line-height: normal;\"><span class=\"bi-icons bi-icons-documento-reloj  biw-icon-9bd794316c4e \"><\/span><\/div><div class=\"bi-icons-w-container_text\"><\/div><\/div>[vc_column_text]<\/p>\n<p style=\"text-align: center;\">Agilidad en la respuesta a sus solicitud de cr\u00e9dito<\/p>\n<p>[\/vc_column_text][\/vc_column_inner][vc_column_inner el_class=&#8221;bordederecho&#8221; width=&#8221;1\/4&#8243; overflow=&#8221;default&#8221;]<div class=\"bi-icons-widget  biw-51ace8464fc5  \" style=\"text-align:center; display:flex; flex-direction:column; align-items:center; justify-content:flex-start; width:100%;\"><div class=\"bi-icons-w-icon_container vc_custom_1720210799060\" style=\"line-height: normal;\"><span class=\"bi-icons bi-icons-calendario-tarjeta  biw-icon-51ace8464fc5 \"><\/span><\/div><div class=\"bi-icons-w-container_text\"><\/div><\/div>[vc_column_text]<\/p>\n<p style=\"text-align: center;\">C\u00f3moda cuotas mensuales<\/p>\n<p>[\/vc_column_text][\/vc_column_inner][\/vc_row_inner][vc_row_inner equal_height=&#8221;yes&#8221; overflow=&#8221;default&#8221; css=&#8221;.vc_custom_1656010454584{margin-top: 20px !important;}&#8221;][vc_column_inner el_class=&#8221;bordederecho&#8221; width=&#8221;1\/4&#8243; overflow=&#8221;default&#8221;]<div class=\"bi-icons-widget  biw-4b4a35f24902  \" style=\"text-align:center; display:flex; flex-direction:column; align-items:center; justify-content:flex-start; width:100%;\"><div class=\"bi-icons-w-icon_container vc_custom_1720210835267\" style=\"line-height: normal;\"><span class=\"bi-icons bi-icons-seguro-tarjeta  biw-icon-4b4a35f24902 \"><\/span><\/div><div class=\"bi-icons-w-container_text\"><\/div><\/div>[vc_column_text]<\/p>\n<p style=\"text-align: center;\">Tranquilidad al pagar con d\u00e9bito autom\u00e1tico<\/p>\n<p>[\/vc_column_text][\/vc_column_inner][vc_column_inner el_class=&#8221;bordederecho&#8221; width=&#8221;1\/4&#8243; overflow=&#8221;default&#8221;]<div class=\"bi-icons-widget  biw-9cd4872d2083  \" style=\"text-align:center; display:flex; flex-direction:column; align-items:center; justify-content:flex-start; width:100%;\"><div class=\"bi-icons-w-icon_container vc_custom_1720210860813\" style=\"line-height: normal;\"><span class=\"bi-icons bi-icons-laptop-celular  biw-icon-9cd4872d2083 \"><\/span><\/div><div class=\"bi-icons-w-container_text\"><\/div><\/div>[vc_column_text]<\/p>\n<p style=\"text-align: center;\">Consulta a trav\u00e9s de Banca en L\u00ednea<\/p>\n<p>[\/vc_column_text][\/vc_column_inner][vc_column_inner width=&#8221;1\/4&#8243;][\/vc_column_inner][vc_column_inner width=&#8221;1\/4&#8243;][\/vc_column_inner][\/vc_row_inner][\/vc_column][\/vc_row][vc_row overflow=&#8221;default&#8221; css=&#8221;.vc_custom_1655936034015{margin-top: 50px !important;margin-bottom: 50px !important;}&#8221;][vc_column]\r\n<div id=\"tabs-C6s2ULEFvu\" class=\"sh-tabs sh-tabs-style1\">\r\n\t<!-- Tabs -->\r\n\t<ul class=\"nav nav-tabs sh-tabs-filter sh-noselect\" role=\"tablist\">\r\n\t\t\t\t\t\t\t\t\t<li role=\"presentation\" class=\" active\">\r\n\t\t\t\t\t<a href=\"#tab-C6s2ULEFvu-1\" role=\"tab\" data-toggle=\"tab\">\r\n\t\t\t\t\t\t\r\n\t\t\t\t\t\tRequisitos\r\n\t\t\t\t\t\t\t\t\t\t\t<\/a>\r\n\t\t\t\t<\/li>\r\n\t\t\t\t\t\t<\/ul>\r\n\r\n\t<!-- Content -->\r\n\t<div class=\"tab-content\">\r\n\t\t\t\t\t\t\t\t\t<div role=\"tabpanel\" class=\"tab-pane fade in active\" id=\"tab-C6s2ULEFvu-1\">\r\n\t\t\t\t\t<h4>Asalariado:<\/h4>\n<ul>\n<li style=line-height:2.5em>Copia de c\u00e9dula de identidad personal.<\/li>\n<li style=line-height:2.5em>Aval\u00fao (vivienda existente) o contrato de compra-venta (vivienda nueva).<\/li>\n<li style=line-height:2.5em>Carta de trabajo.<\/li>\n<li style=line-height:2.5em>\u00daltima ficha de Seguro Social.<\/li>\n<li style=line-height:2.5em>\u00daltimo talonario de pago.<\/li>\n<li style=line-height:2.5em>Extractos bancarios de los \u00faltimos 6 meses.<\/li>\n<\/ul>\n<br>\n<h4>Independiente:<\/h4>\n<ul>\n<li style=line-height:2.5em>Dos \u00faltimas declaraciones de renta.<\/li>\n<li style=line-height:2.5em>Recibo de pagos de impuestos MEF.<\/li>\n<\/ul>\n<br>\n\n\t\t\t\t<\/div>\r\n\t\t\t\t\t\t<\/div>\r\n<\/div>\r\n            <style type=\"text\/css\">\r\n                #tabs-C6s2ULEFvu .sh-tabs-filter li:not(.active) a,#tabs-C6s2ULEFvu .tab-pane {color: #003865!important;}#tabs-C6s2ULEFvu .sh-tabs-filter li.active a,#tabs-C6s2ULEFvu .sh-tabs-filter li:hover a {color: #003865!important;}#tabs-C6s2ULEFvu .sh-tabs-filter li.active a {border-bottom-color: #003865!important;}#tabs-C6s2ULEFvu .sh-tabs-filter li a:after {background-color: #ffb81c!important;}            <\/style>\r\n        [\/vc_column][\/vc_row][\/vc_section][vc_row disable_element=&#8221;yes&#8221; overflow=&#8221;default&#8221;][vc_column]\r\n<div class=\"sh-heading  \" id=\"heading-zMJoXR7Zgc\">\r\n\t<div class=\"sh-element-margin\">\r\n\r\n\t\t\r\n\t\t\t<h3 class=\"sh-heading-content size-default text-left\">\r\n\t\t\t\tTraslado de Hipotecas\t\t\t<\/h3>\r\n\r\n\t\t\r\n\t<\/div>\r\n<\/div>\r\n            <style type=\"text\/css\">\r\n                #heading-zMJoXR7Zgc .sh-element-margin {}#heading-zMJoXR7Zgc .sh-heading-content {font-weight: 700!important;color: #003865;}#heading-zMJoXR7Zgc .sh-heading-content,#heading-zMJoXR7Zgc .sh-heading-additional-text {}            <\/style>\r\n        [vc_row_inner][vc_column_inner]\r\n<div id=\"tabs-KjR9Jk2mZz\" class=\"sh-tabs sh-tabs-style1\">\r\n\t<!-- Tabs -->\r\n\t<ul class=\"nav nav-tabs sh-tabs-filter sh-noselect\" role=\"tablist\">\r\n\t\t\t\t\t\t\t\t\t<li role=\"presentation\" class=\" active\">\r\n\t\t\t\t\t<a href=\"#tab-KjR9Jk2mZz-1\" role=\"tab\" data-toggle=\"tab\">\r\n\t\t\t\t\t\t\r\n\t\t\t\t\t\tInformaci\u00f3n\r\n\t\t\t\t\t\t\t\t\t\t\t<\/a>\r\n\t\t\t\t<\/li>\r\n\t\t\t\t\t\t<\/ul>\r\n\r\n\t<!-- Content -->\r\n\t<div class=\"tab-content\">\r\n\t\t\t\t\t\t\t\t\t<div role=\"tabpanel\" class=\"tab-pane fade in active\" id=\"tab-KjR9Jk2mZz-1\">\r\n\t\t\t\t\t<h4>Traslada el saldo de tu Hipoteca a Bi Bank y recibe dinero en mano<\/h4>\n<ul>\n<li style=line-height:2.5em>Aval\u00fao Gratis<\/li>\n<li style=line-height:2.5em>Gastos Legales incluidos dentro del Financiamiento<\/li>\n<li style=line-height:2.5em>Tasas de inter\u00e9s desde 6%<\/li>\n<li style=line-height:2.5em>Plazos hasta 30 a\u00f1os<\/li>\n<li style=line-height:2.5em>Sin penalidad por abonos extraordinarios a Capital<\/li>\n<li style=line-height:2.5em>Sin comisi\u00f3n de renovaci\u00f3n cada 5 a\u00f1os<\/li>\n<li style=line-height:2.5em>Atenci\u00f3n, Asesor\u00eda y Acompa\u00f1amiento durante todo el proceso.<\/li>\n<\/ul>\n<br>\n<h4>Cont\u00e1ctanos<\/h4>\n<ul>\n<li style=line-height:2.5em>bancadeconsumo@bibank.com.pa<\/li>\n\n\n\t\t\t\t<\/div>\r\n\t\t\t\t\t\t<\/div>\r\n<\/div>\r\n            <style type=\"text\/css\">\r\n                #tabs-KjR9Jk2mZz .sh-tabs-filter li:not(.active) a,#tabs-KjR9Jk2mZz .tab-pane {color: #003865!important;}#tabs-KjR9Jk2mZz .sh-tabs-filter li.active a,#tabs-KjR9Jk2mZz .sh-tabs-filter li:hover a {color: #003865!important;}#tabs-KjR9Jk2mZz .sh-tabs-filter li.active a {border-bottom-color: #003865!important;}#tabs-KjR9Jk2mZz .sh-tabs-filter li a:after {background-color: #ffb81c!important;}            <\/style>\r\n        [\/vc_column_inner][\/vc_row_inner][\/vc_column][\/vc_row][vc_row][vc_column][vc_column_text css=&#8221;&#8221;]<\/p>\n<h3>Cont\u00e1ctanos<\/h3>\n<p>bancaconsumo@bibank.com.pa[\/vc_column_text][\/vc_column][\/vc_row]<\/p>\n<\/div>","protected":false},"excerpt":{"rendered":"<p>[vc_section][vc_row][vc_column][\/vc_column][\/vc_row][vc_row overflow=&#8221;default&#8221; css=&#8221;.vc_custom_1655934108737{margin-top: 50px !important;}&#8221;][vc_column][vc_column_text css=&#8221;&#8221;]Adquirir tu casa, ahora, es m\u00e1s f\u00e1cil con el pr\u00e9stamo de vivienda en Bi Bank. Esta alternativa de cr\u00e9dito, te permitir\u00e1 gozar de tasas competitivas ajustadas a tu presupuesto.[\/vc_column_text][vc_btn title=&#8221;Solicita tu pr\u00e9stamo&#8221; style=&#8221;classic&#8221; css=&#8221;.vc_custom_1742310222275{margin-top: 20px !important;margin-bottom: 20px !important;}&#8221; link=&#8221;url:https%3A%2F%2Fblog.corporacionbi.com%2Fsolicita-tu-prestamo-personal-de-bi-bank%3Futm_campaign%3Dmarketplace%26utm_medium%3Dsitiocoorporativo%26utm_source%3Dprestamopersonal%26utm_content%3Dbibank|target:_blank&#8221; el_class=&#8221;btn-corp-01&#8243;][\/vc_column][\/vc_row][vc_row&#8230;<\/p>\n","protected":false},"author":4,"featured_media":0,"parent":0,"menu_order":0,"comment_status":"closed","ping_status":"closed","template":"","meta":{"footnotes":""},"wf_page_folders":[24],"class_list":["post-1467","page","type-page","status-publish","hentry"],"_links":{"self":[{"href":"https:\/\/www.corporacionbi.com\/pa\/bibank\/wp-json\/wp\/v2\/pages\/1467","targetHints":{"allow":["GET"]}}],"collection":[{"href":"https:\/\/www.corporacionbi.com\/pa\/bibank\/wp-json\/wp\/v2\/pages"}],"about":[{"href":"https:\/\/www.corporacionbi.com\/pa\/bibank\/wp-json\/wp\/v2\/types\/page"}],"author":[{"embeddable":true,"href":"https:\/\/www.corporacionbi.com\/pa\/bibank\/wp-json\/wp\/v2\/users\/4"}],"replies":[{"embeddable":true,"href":"https:\/\/www.corporacionbi.com\/pa\/bibank\/wp-json\/wp\/v2\/comments?post=1467"}],"version-history":[{"count":30,"href":"https:\/\/www.corporacionbi.com\/pa\/bibank\/wp-json\/wp\/v2\/pages\/1467\/revisions"}],"predecessor-version":[{"id":6067,"href":"https:\/\/www.corporacionbi.com\/pa\/bibank\/wp-json\/wp\/v2\/pages\/1467\/revisions\/6067"}],"wp:attachment":[{"href":"https:\/\/www.corporacionbi.com\/pa\/bibank\/wp-json\/wp\/v2\/media?parent=1467"}],"wp:term":[{"taxonomy":"wf_page_folders","embeddable":true,"href":"https:\/\/www.corporacionbi.com\/pa\/bibank\/wp-json\/wp\/v2\/wf_page_folders?post=1467"}],"curies":[{"name":"wp","href":"https:\/\/api.w.org\/{rel}","templated":true}]}}