{"id":1462,"date":"2022-07-14T21:21:01","date_gmt":"2022-07-14T21:21:01","guid":{"rendered":"https:\/\/www.corporacionbi.com\/pa\/bibank\/?page_id=1462"},"modified":"2025-03-18T09:03:31","modified_gmt":"2025-03-18T15:03:31","slug":"prestamo-de-auto","status":"publish","type":"page","link":"https:\/\/www.corporacionbi.com\/pa\/bibank\/prestamo-de-auto\/","title":{"rendered":"Pr\u00e9stamo de Auto"},"content":{"rendered":"<div class=\"wpb-content-wrapper\"><p>[vc_section][vc_row][vc_column]\n\t\t\t\t<p class=\"rs-p-wp-fix\"><\/p>\n\t\t\t\t<sr7-module data-alias=\"deposito-a-plazo-fijo-11\" data-id=\"63\" id=\"SR7_63_1\" class=\"rs-ov-hidden\" data-version=\"6.7.54\">\n\t\t\t\t\t<sr7-adjuster><\/sr7-adjuster>\n\t\t\t\t\t<sr7-content>\n\t\t\t\t\t\t<sr7-slide id=\"SR7_63_1-35\" data-key=\"35\">\n\t\t\t\t\t\t\t<sr7-bg id=\"SR7_63_1-35-4\" class=\"sr7-layer\"><noscript><img decoding=\"async\" src=\"https:\/\/www.corporacionbi.com\/pa\/bibank\/wp-content\/uploads\/2022\/07\/prestamos-de-auto.jpg\" alt=\"\" title=\"prestamos-de-auto\"><\/noscript><\/sr7-bg>\n\t\t\t\t\t\t\t<h1 id=\"SR7_63_1-35-3\" class=\"sr7-layer\"><strong>Pr\u00e9stamo de Auto<strong><\/h1>\n\t\t\t\t\t\t<\/sr7-slide>\n\t\t\t\t\t\t<sr7-slide id=\"SR7_63_1-136\" data-key=\"136\">\n\t\t\t\t\t\t<\/sr7-slide>\n\t\t\t\t\t<\/sr7-content>\n\t\t\t\t<\/sr7-module>\n\t\t\t\t<script>\n\t\t\t\t\twindow.SR7 ??={};SR7.PMH ??={}; SR7.PMH[\"SR7_63_1\"] = {cn:100,state:false,fn: function() { if (window._tpt!==undefined && window._tpt.prepareModuleHeight !== undefined) {  _tpt.prepareModuleHeight({id:\"SR7_63_1\",el:[600,600,350,400,350],type:'standard',shdw:'0',gh:[600,600,350,400,350],gw:[1920,1920,1024,778,480],vpt:['-200px&#039;,&#039;-200px&#039;,&#039;-200px&#039;,&#039;-200px&#039;,&#039;-200px'],size:{fullWidth:true, fullHeight:false},mh:'0',onh:0,onw:0,bg:{color:'{\"orig\":\"transparent\",\"type\":\"solid\",\"string\":\"transparent\"}'}});   SR7.PMH[\"SR7_63_1\"].state=true;} else if(SR7.PMH[\"SR7_63_1\"].cn-->0)\tsetTimeout( SR7.PMH[\"SR7_63_1\"].fn,19);}};SR7.PMH[\"SR7_63_1\" ].fn();\n\t\t\t\t<\/script>\n[\/vc_column][\/vc_row][vc_row overflow=&#8221;default&#8221; css=&#8221;.vc_custom_1655934108737{margin-top: 50px !important;}&#8221;][vc_column][vc_column_text]<span style=\"font-weight: 400;\">Adquirir tu veh\u00edculo nunca ha sido tan f\u00e1cil. Con el pr\u00e9stamo de auto de Bi Bank, tendr\u00e1s un tasa de inter\u00e9s c\u00f3moda y plazos de acuerdo a tus ingresos. <\/span>[\/vc_column_text][vc_btn title=&#8221;Solicita tu pr\u00e9stamo&#8221; style=&#8221;classic&#8221; css=&#8221;.vc_custom_1742310207005{margin-top: 20px !important;margin-bottom: 20px !important;}&#8221; link=&#8221;url:https%3A%2F%2Fblog.corporacionbi.com%2Fsolicita-tu-prestamo-personal-de-bi-bank%3Futm_campaign%3Dmarketplace%26utm_medium%3Dsitiocoorporativo%26utm_source%3Dprestamopersonal%26utm_content%3Dbibank|target:_blank&#8221; el_class=&#8221;btn-corp-01&#8243;][\/vc_column][\/vc_row][vc_row overflow=&#8221;default&#8221; css=&#8221;.vc_custom_1655934108737{margin-top: 50px !important;}&#8221;][vc_column overflow=&#8221;default&#8221;]\r\n<div class=\"sh-heading  \" id=\"heading-taRYn6jifJ\">\r\n\t<div class=\"sh-element-margin\">\r\n\r\n\t\t\r\n\t\t\t<h2 class=\"sh-heading-content size-default text-left\">\r\n\t\t\t\tBeneficios\t\t\t<\/h2>\r\n\r\n\t\t\r\n\t<\/div>\r\n<\/div>\r\n            <style type=\"text\/css\">\r\n                #heading-taRYn6jifJ .sh-element-margin {}#heading-taRYn6jifJ .sh-heading-content {font-weight: 700!important;color: #003865;}#heading-taRYn6jifJ .sh-heading-content,#heading-taRYn6jifJ .sh-heading-additional-text {}            <\/style>\r\n        [vc_row_inner equal_height=&#8221;yes&#8221; overflow=&#8221;default&#8221; css=&#8221;.vc_custom_1656010454584{margin-top: 20px !important;}&#8221;][vc_column_inner el_class=&#8221;bordederecho&#8221; width=&#8221;1\/5&#8243; overflow=&#8221;default&#8221;][vc_raw_html css=&#8221;&#8221; el_class=&#8221;center-icon&#8221;]JTNDc3BhbiUyMGNsYXNzJTNEJTIyQmlCYW5rLWljb24tJTIwYmktaWNvbnMlMjBiaS1pY29ucy11c3VhcmlvLWF1cmljdWxhcmVzJTIyJTNFJTNDJTJGc3BhbiUzRQ==[\/vc_raw_html][vc_column_text]<\/p>\n<p style=\"text-align: center;\">Atenci\u00f3n personalizado por ejecutivos con amplia experiencia<\/p>\n<p>[\/vc_column_text][\/vc_column_inner][vc_column_inner el_class=&#8221;bordederecho&#8221; width=&#8221;1\/5&#8243; overflow=&#8221;default&#8221;][vc_raw_html css=&#8221;&#8221; el_class=&#8221;center-icon&#8221;]JTNDc3BhbiUyMGNsYXNzJTNEJTIyQmlCYW5rLWljb24tJTIwYmktaWNvbnMlMjBiaS1pY29ucy1kb2N1bWVudG8tcmVsb2olMjIlM0UlM0MlMkZzcGFuJTNF[\/vc_raw_html][vc_column_text]<\/p>\n<p style=\"text-align: center;\">Agilidad en la respuesta de tu solicitud<\/p>\n<p>[\/vc_column_text][\/vc_column_inner][vc_column_inner el_class=&#8221;bordederecho&#8221; width=&#8221;1\/5&#8243; overflow=&#8221;default&#8221;][vc_raw_html css=&#8221;&#8221; el_class=&#8221;center-icon&#8221;]JTNDc3BhbiUyMGNsYXNzJTNEJTIyQmlCYW5rLWljb24tJTIwYmktaWNvbnMlMjBiaS1pY29ucy1lZmVjdGl2by1tb25lZGFzJTIyJTNFJTNDJTJGc3BhbiUzRQ==[\/vc_raw_html][vc_column_text]<\/p>\n<p style=\"text-align: center;\">Tasa competitiva<\/p>\n<p>[\/vc_column_text][\/vc_column_inner][vc_column_inner el_class=&#8221;bordederecho&#8221; width=&#8221;1\/5&#8243; overflow=&#8221;default&#8221;][vc_raw_html css=&#8221;&#8221; el_class=&#8221;center-icon&#8221;]JTNDc3BhbiUyMGNsYXNzJTNEJTIyQmlCYW5rLWljb24tJTIwYmktaWNvbnMlMjBiaS1pY29ucy1jYWxlbmRhcmlvLXRhcmpldGElMjIlM0UlM0MlMkZzcGFuJTNF[\/vc_raw_html][vc_column_text]<\/p>\n<p style=\"text-align: center;\">C\u00f3modas cuotas mensuales<\/p>\n<p>[\/vc_column_text][\/vc_column_inner][vc_column_inner width=&#8221;1\/5&#8243;][vc_raw_html css=&#8221;&#8221; el_class=&#8221;center-icon&#8221;]JTNDc3BhbiUyMGNsYXNzJTNEJTIyQmlCYW5rLWljb24tJTIwYmktaWNvbnMlMjBiaS1pY29ucy1jYWxlbmRhcmlvLWJsb3F1ZWFkbyUyMiUzRSUzQyUyRnNwYW4lM0U=[\/vc_raw_html][vc_column_text]<\/p>\n<p style=\"text-align: center;\">Tranquilidad al pagar con d\u00e9bito autom\u00e1tico<\/p>\n<p>[\/vc_column_text][\/vc_column_inner][\/vc_row_inner][vc_row_inner equal_height=&#8221;yes&#8221; overflow=&#8221;default&#8221; css=&#8221;.vc_custom_1656010488953{margin-top: 20px !important;}&#8221;][vc_column_inner width=&#8221;1\/5&#8243; overflow=&#8221;default&#8221;][vc_raw_html css=&#8221;&#8221; el_class=&#8221;center-icon&#8221;]JTNDc3BhbiUyMGNsYXNzJTNEJTIyQmlCYW5rLWljb24tJTIwYmktaWNvbnMlMjBiaS1pY29ucy1sYXB0b3AtY2VsdWxhciUyMiUzRSUzQyUyRnNwYW4lM0U=[\/vc_raw_html][vc_column_text]<\/p>\n<p style=\"text-align: center;\">Consulta a trav\u00e9s de Banca en L\u00ednea<\/p>\n<p>[\/vc_column_text][\/vc_column_inner][vc_column_inner width=&#8221;1\/5&#8243;][\/vc_column_inner][vc_column_inner width=&#8221;1\/5&#8243;][\/vc_column_inner][vc_column_inner width=&#8221;1\/5&#8243;][\/vc_column_inner][vc_column_inner width=&#8221;1\/5&#8243;][\/vc_column_inner][\/vc_row_inner][\/vc_column][\/vc_row][vc_row overflow=&#8221;default&#8221; css=&#8221;.vc_custom_1655936034015{margin-top: 50px !important;margin-bottom: 50px !important;}&#8221;][vc_column]\r\n<div id=\"tabs-83d7TSx9HP\" class=\"sh-tabs sh-tabs-style1\">\r\n\t<!-- Tabs -->\r\n\t<ul class=\"nav nav-tabs sh-tabs-filter sh-noselect\" role=\"tablist\">\r\n\t\t\t\t\t\t\t\t\t<li role=\"presentation\" class=\" active\">\r\n\t\t\t\t\t<a href=\"#tab-83d7TSx9HP-1\" role=\"tab\" data-toggle=\"tab\">\r\n\t\t\t\t\t\t\r\n\t\t\t\t\t\tRequisitos\r\n\t\t\t\t\t\t\t\t\t\t\t<\/a>\r\n\t\t\t\t<\/li>\r\n\t\t\t\t\t\t<\/ul>\r\n\r\n\t<!-- Content -->\r\n\t<div class=\"tab-content\">\r\n\t\t\t\t\t\t\t\t\t<div role=\"tabpanel\" class=\"tab-pane fade in active\" id=\"tab-83d7TSx9HP-1\">\r\n\t\t\t\t\t<h4>Asalariado:<\/h4>\n<ul>\n<li style=line-height:2.5em>Copia de c\u00e9dula de identidad personal.<\/li>\n<li style=line-height:2.5em>Copia de licencia de conducir vigente.<\/li>\n<li style=line-height:2.5em>Copia de luz, agua o tel\u00e9fono que sean menor a seis meses.<\/li>\n<li style=line-height:2.5em>Factura proforma del autom\u00f3vil a adquirir.<\/li>\n<li style=line-height:2.5em>Carta de trabajo.<\/li>\n<li style=line-height:2.5em>\u00daltima ficha de Seguro Social.<\/li>\n<li style=line-height:2.5em>\u00daltimo talonario de pago.<\/li>\n<li style=line-height:2.5em>Extractos bancarios de los \u00faltimos 6 meses.<\/li>\n<\/ul>\n<br>\n<h4>Independiente:<\/h4><br>\n<ul>\n<li style=line-height:2.5em>Copia de c\u00e9dula de identidad personal.<\/li>\n<li style=line-height:2.5em>Copia de licencia de conducir vigente.<\/li>\n<li style=line-height:2.5em>Copia de luz, agua o tel\u00e9fono que sean menor a seis meses.<\/li>\n<li style=line-height:2.5em>Factura proforma de autom\u00f3vil a adquirir.<\/li>\n<li style=line-height:2.5em>Dos \u00faltimas declaraciones de renta.<\/li>\n<li style=line-height:2.5em>Recibo de pagos de impuestos MEF.<\/li>\n<li style=line-height:2.5em>Extractos bancarios de los \u00faltimos 6 meses.<\/li>\n<\/ul>\n<br>\n\n\t\t\t\t<\/div>\r\n\t\t\t\t\t\t<\/div>\r\n<\/div>\r\n            <style type=\"text\/css\">\r\n                #tabs-83d7TSx9HP .sh-tabs-filter li:not(.active) a,#tabs-83d7TSx9HP .tab-pane {color: #003865!important;}#tabs-83d7TSx9HP .sh-tabs-filter li.active a,#tabs-83d7TSx9HP .sh-tabs-filter li:hover a {color: #003865!important;}#tabs-83d7TSx9HP .sh-tabs-filter li.active a {border-bottom-color: #003865!important;}#tabs-83d7TSx9HP .sh-tabs-filter li a:after {background-color: #ffb81c!important;}            <\/style>\r\n        [\/vc_column][\/vc_row][\/vc_section]<\/p>\n<\/div>","protected":false},"excerpt":{"rendered":"<p>[vc_section][vc_row][vc_column][\/vc_column][\/vc_row][vc_row overflow=&#8221;default&#8221; css=&#8221;.vc_custom_1655934108737{margin-top: 50px !important;}&#8221;][vc_column][vc_column_text]Adquirir tu veh\u00edculo nunca ha sido tan f\u00e1cil. Con el pr\u00e9stamo de auto de Bi Bank, tendr\u00e1s un tasa de inter\u00e9s c\u00f3moda y plazos de acuerdo a tus ingresos. [\/vc_column_text][vc_btn title=&#8221;Solicita tu pr\u00e9stamo&#8221; style=&#8221;classic&#8221; css=&#8221;.vc_custom_1742310207005{margin-top: 20px !important;margin-bottom: 20px !important;}&#8221; link=&#8221;url:https%3A%2F%2Fblog.corporacionbi.com%2Fsolicita-tu-prestamo-personal-de-bi-bank%3Futm_campaign%3Dmarketplace%26utm_medium%3Dsitiocoorporativo%26utm_source%3Dprestamopersonal%26utm_content%3Dbibank|target:_blank&#8221; el_class=&#8221;btn-corp-01&#8243;][\/vc_column][\/vc_row][vc_row&#8230;<\/p>\n","protected":false},"author":4,"featured_media":0,"parent":0,"menu_order":0,"comment_status":"closed","ping_status":"closed","template":"","meta":{"footnotes":""},"wf_page_folders":[24],"class_list":["post-1462","page","type-page","status-publish","hentry"],"_links":{"self":[{"href":"https:\/\/www.corporacionbi.com\/pa\/bibank\/wp-json\/wp\/v2\/pages\/1462","targetHints":{"allow":["GET"]}}],"collection":[{"href":"https:\/\/www.corporacionbi.com\/pa\/bibank\/wp-json\/wp\/v2\/pages"}],"about":[{"href":"https:\/\/www.corporacionbi.com\/pa\/bibank\/wp-json\/wp\/v2\/types\/page"}],"author":[{"embeddable":true,"href":"https:\/\/www.corporacionbi.com\/pa\/bibank\/wp-json\/wp\/v2\/users\/4"}],"replies":[{"embeddable":true,"href":"https:\/\/www.corporacionbi.com\/pa\/bibank\/wp-json\/wp\/v2\/comments?post=1462"}],"version-history":[{"count":13,"href":"https:\/\/www.corporacionbi.com\/pa\/bibank\/wp-json\/wp\/v2\/pages\/1462\/revisions"}],"predecessor-version":[{"id":5767,"href":"https:\/\/www.corporacionbi.com\/pa\/bibank\/wp-json\/wp\/v2\/pages\/1462\/revisions\/5767"}],"wp:attachment":[{"href":"https:\/\/www.corporacionbi.com\/pa\/bibank\/wp-json\/wp\/v2\/media?parent=1462"}],"wp:term":[{"taxonomy":"wf_page_folders","embeddable":true,"href":"https:\/\/www.corporacionbi.com\/pa\/bibank\/wp-json\/wp\/v2\/wf_page_folders?post=1462"}],"curies":[{"name":"wp","href":"https:\/\/api.w.org\/{rel}","templated":true}]}}