{"id":1416,"date":"2022-07-14T17:41:24","date_gmt":"2022-07-14T17:41:24","guid":{"rendered":"https:\/\/www.corporacionbi.com\/pa\/bibank\/?page_id=1416"},"modified":"2025-03-18T09:49:06","modified_gmt":"2025-03-18T15:49:06","slug":"linea-de-credito-no-rotativa-2","status":"publish","type":"page","link":"https:\/\/www.corporacionbi.com\/pa\/bibank\/linea-de-credito-no-rotativa-2\/","title":{"rendered":"L\u00ednea de Cr\u00e9dito No Rotativa"},"content":{"rendered":"<div class=\"wpb-content-wrapper\"><p>[vc_section][vc_row][vc_column]\n\t\t\t\t<p class=\"rs-p-wp-fix\"><\/p>\n\t\t\t\t<sr7-module data-alias=\"linea-de-credito-rotativa-1\" data-id=\"55\" id=\"SR7_55_1\" class=\"rs-ov-hidden\" data-version=\"6.7.54\">\n\t\t\t\t\t<sr7-adjuster><\/sr7-adjuster>\n\t\t\t\t\t<sr7-content>\n\t\t\t\t\t\t<sr7-slide id=\"SR7_55_1-29\" data-key=\"29\">\n\t\t\t\t\t\t\t<sr7-bg id=\"SR7_55_1-29-4\" class=\"sr7-layer\"><noscript><img decoding=\"async\" src=\"https:\/\/www.corporacionbi.com\/pa\/bibank\/wp-content\/uploads\/2022\/07\/linea-de-credito-no-rotativa.jpg\" alt=\"banco-bi-bank-linea-credito-no-rotativa-empresarial\" title=\"banco-bi-bank-linea-credito-no-rotativa-empresarial\"><\/noscript><\/sr7-bg>\n\t\t\t\t\t\t\t<h1 id=\"SR7_55_1-29-3\" class=\"sr7-layer\"><strong>L\u00ednea de Cr\u00e9dito No Rotativa<strong><\/h1>\n\t\t\t\t\t\t<\/sr7-slide>\n\t\t\t\t\t\t<sr7-slide id=\"SR7_55_1-130\" data-key=\"130\">\n\t\t\t\t\t\t<\/sr7-slide>\n\t\t\t\t\t<\/sr7-content>\n\t\t\t\t<\/sr7-module>\n\t\t\t\t<script>\n\t\t\t\t\twindow.SR7 ??={};SR7.PMH ??={}; SR7.PMH[\"SR7_55_1\"] = {cn:100,state:false,fn: function() { if (window._tpt!==undefined && window._tpt.prepareModuleHeight !== undefined) {  _tpt.prepareModuleHeight({id:\"SR7_55_1\",el:[600,600,350,400,350],type:'standard',shdw:'0',gh:[600,600,350,400,350],gw:[1920,1920,1024,778,480],vpt:['-200px&#039;,&#039;-200px&#039;,&#039;-200px&#039;,&#039;-200px&#039;,&#039;-200px'],size:{fullWidth:true, fullHeight:false},mh:'0',onh:0,onw:0,bg:{color:'{\"orig\":\"transparent\",\"type\":\"solid\",\"string\":\"transparent\"}'}});   SR7.PMH[\"SR7_55_1\"].state=true;} else if(SR7.PMH[\"SR7_55_1\"].cn-->0)\tsetTimeout( SR7.PMH[\"SR7_55_1\"].fn,19);}};SR7.PMH[\"SR7_55_1\" ].fn();\n\t\t\t\t<\/script>\n[\/vc_column][\/vc_row][vc_row overflow=&#8221;default&#8221; css=&#8221;.vc_custom_1655934108737{margin-top: 50px !important;}&#8221;][vc_column][vc_column_text]<span style=\"font-weight: 400;\">A trav\u00e9s de la l\u00ednea cr\u00e9dito no rotativo de Bi Bank, ya no tendr\u00e1 que postergar la realizaci\u00f3n de los proyectos de su empresa, ofrecemos tasa de inter\u00e9s y plazos competitivos.<\/span>[\/vc_column_text][vc_btn title=&#8221;Solicita tu pr\u00e9stamo&#8221; style=&#8221;classic&#8221; css=&#8221;.vc_custom_1742312940654{margin-top: 20px !important;margin-bottom: 20px !important;}&#8221; link=&#8221;url:https%3A%2F%2Fblog.corporacionbi.com%2Fsolicita-prestamo-empresarial-bi-bank%3Futm_campaign%3Dmarketplace%26utm_medium%3Dsitiocoorporativo%26utm_source%3Dprestamoempresarial%26utm_content%3Dbibank|target:_blank&#8221; el_class=&#8221;btn-corp-01&#8243;][\/vc_column][\/vc_row][vc_row overflow=&#8221;default&#8221; css=&#8221;.vc_custom_1655934108737{margin-top: 50px !important;}&#8221;][vc_column overflow=&#8221;default&#8221;]\r\n<div class=\"sh-heading  \" id=\"heading-T9xqivkP7B\">\r\n\t<div class=\"sh-element-margin\">\r\n\r\n\t\t\r\n\t\t\t<h2 class=\"sh-heading-content size-default text-left\">\r\n\t\t\t\tBeneficios\t\t\t<\/h2>\r\n\r\n\t\t\r\n\t<\/div>\r\n<\/div>\r\n            <style type=\"text\/css\">\r\n                #heading-T9xqivkP7B .sh-element-margin {}#heading-T9xqivkP7B .sh-heading-content {font-weight: 700!important;color: #003865;}#heading-T9xqivkP7B .sh-heading-content,#heading-T9xqivkP7B .sh-heading-additional-text {}            <\/style>\r\n        [vc_row_inner equal_height=&#8221;yes&#8221; overflow=&#8221;default&#8221; css=&#8221;.vc_custom_1656010454584{margin-top: 20px !important;}&#8221;][vc_column_inner el_class=&#8221;bordederecho&#8221; width=&#8221;1\/5&#8243; overflow=&#8221;default&#8221;][vc_raw_html css=&#8221;&#8221; el_class=&#8221;center-icon&#8221;]JTNDc3BhbiUyMGNsYXNzJTNEJTIyQmlCYW5rLWljb24tJTIwYmktaWNvbnMlMjBiaS1pY29ucy1lZGlmaWNpby1hcnJpYmElMjIlM0UlM0MlMkZzcGFuJTNF[\/vc_raw_html][vc_column_text]<\/p>\n<p style=\"text-align: center;\">Apoya el crecimiento de tu empresa<\/p>\n<p>[\/vc_column_text][\/vc_column_inner][vc_column_inner width=&#8221;1\/5&#8243; overflow=&#8221;default&#8221;][vc_raw_html css=&#8221;&#8221; el_class=&#8221;center-icon&#8221;]JTNDc3BhbiUyMGNsYXNzJTNEJTIyQmlCYW5rLWljb24tJTIwYmktaWNvbnMlMjBiaS1pY29ucy10cmFuc3BvcnRhY2lvbiUyMiUzRSUzQyUyRnNwYW4lM0U=[\/vc_raw_html][vc_column_text]<\/p>\n<p style=\"text-align: center;\">Financiamiento que apoya el desarrollo de proyectos espec\u00edficos<\/p>\n<p>[\/vc_column_text][\/vc_column_inner][vc_column_inner width=&#8221;1\/5&#8243; overflow=&#8221;default&#8221;][\/vc_column_inner][vc_column_inner width=&#8221;1\/5&#8243; overflow=&#8221;default&#8221;][\/vc_column_inner][vc_column_inner width=&#8221;1\/5&#8243;][\/vc_column_inner][\/vc_row_inner][\/vc_column][\/vc_row][vc_row overflow=&#8221;default&#8221; css=&#8221;.vc_custom_1655936034015{margin-top: 50px !important;margin-bottom: 50px !important;}&#8221;][vc_column]\r\n<div id=\"tabs-7iOo1ZmDJ9\" class=\"sh-tabs sh-tabs-style1\">\r\n\t<!-- Tabs -->\r\n\t<ul class=\"nav nav-tabs sh-tabs-filter sh-noselect\" role=\"tablist\">\r\n\t\t\t\t\t\t\t\t\t<li role=\"presentation\" class=\" active\">\r\n\t\t\t\t\t<a href=\"#tab-7iOo1ZmDJ9-1\" role=\"tab\" data-toggle=\"tab\">\r\n\t\t\t\t\t\t\r\n\t\t\t\t\t\tRequisitos\r\n\t\t\t\t\t\t\t\t\t\t\t<\/a>\r\n\t\t\t\t<\/li>\r\n\t\t\t\t\t\t<\/ul>\r\n\r\n\t<!-- Content -->\r\n\t<div class=\"tab-content\">\r\n\t\t\t\t\t\t\t\t\t<div role=\"tabpanel\" class=\"tab-pane fade in active\" id=\"tab-7iOo1ZmDJ9-1\">\r\n\t\t\t\t\t<ul>\n<li style=line-height:2.5em>Copia del Pacto Social.<\/li>\n<li style=line-height:2.5em>Enmiendas de Pacto Social (si las hubiere).<\/li>\n<li style=line-height:2.5em>Certificado de Registro P\u00fablico vigente (3 meses).<\/li>\n<li style=line-height:2.5em>Carta de referencia bancaria o comercial (Empresa\/Firmantes), en original, dirigidas a Bi Bank, en hoja membretada, direcci\u00f3n y n\u00famero telef\u00f3nico para ser confirmadas.\n<\/li>\n<li style=line-height:2.5em>De no poseer referencia la empresa, deber\u00e1 ser referencia bancaria de Beneficiario final.<\/li>\n<li style=line-height:2.5em>Copia de Aviso de operaci\u00f3n\/Licencia Comercial (si aplica).<\/li>\n<li style=line-height:2.5em>Acta de Junta Directiva o Accionistas, autorizando la apertura de la cuenta y estableciendo los firmantes de la misma (formulario proporcionado por Bi Bank).<\/li>\n<li style=line-height:2.5em>Certificados de ingresos o respaldo de fondos por escrito que ser\u00e1n depositados en la cuenta. (Estados Financieros, Declaraci\u00f3n de Renta o cualquier evidencia del flujo de ingresos del cliente. <\/li>\n<li style=line-height:2.5em>Recibo de servicios (agua, luz, tel\u00e9fono), para las empresas no operativas recibo de servicios de beneficiario final o real, no mayor a 6 meses.\n<\/li>\n<li style=line-height:2.5em>Para fundaciones: Constituci\u00f3n Legal de la Fundaci\u00f3n (Escritura constituci\u00f3n de la Fundaci\u00f3n), Reglamento de la Fundaci\u00f3n, acta de consejo fundacional.<\/li>\n<li style=line-height:2.5em>Cualquier otro documento adicional que sea requerido por el Banco.<\/li>\n<\/ul>\n<br>\n<h4>Firmantes Paname\u00f1os<\/h4><br>\n<ul>\n<li style=line-height:2.5em>Copia de c\u00e9dula de identidad personal de: Firmantes de la sociedad, Junta Directiva, Accionistas, Directores, Beneficiario final, Representante Legal y Apoderado.<\/li>\n<li style=line-height:2.5em>Segundo documento de identidad vigente que tenga la foto y la firma (licencia de conducir, carn\u00e9 de seguro Social, etc.) solo de los firmantes.<\/li>\n<\/ul>\n<br>\n\n<h4>Firmantes Extranjeros<\/h4>\n<ul>\n<li style=line-height:2.5em>Copia de Pasaporte (foto y datos generales) de: Firmantes de la sociedad, Junta Directiva, Accionistas, Directores, Beneficiario final, Representante Legal y Apoderado.<\/li>\n<li style=line-height:2.5em>Segundo documento de identidad vigente que tenga la foto y la firma (licencia de conducir, carn\u00e9 de seguro Social, etc.) Solo de los firmantes.<\/li>\t\t\t\t<\/div>\r\n\t\t\t\t\t\t<\/div>\r\n<\/div>\r\n            <style type=\"text\/css\">\r\n                #tabs-7iOo1ZmDJ9 .sh-tabs-filter li:not(.active) a,#tabs-7iOo1ZmDJ9 .tab-pane {color: #003865!important;}#tabs-7iOo1ZmDJ9 .sh-tabs-filter li.active a,#tabs-7iOo1ZmDJ9 .sh-tabs-filter li:hover a {color: #003865!important;}#tabs-7iOo1ZmDJ9 .sh-tabs-filter li.active a {border-bottom-color: #003865!important;}#tabs-7iOo1ZmDJ9 .sh-tabs-filter li a:after {background-color: #ffb81c!important;}            <\/style>\r\n        [\/vc_column][\/vc_row][\/vc_section]<\/p>\n<\/div>","protected":false},"excerpt":{"rendered":"<p>[vc_section][vc_row][vc_column][\/vc_column][\/vc_row][vc_row overflow=&#8221;default&#8221; css=&#8221;.vc_custom_1655934108737{margin-top: 50px !important;}&#8221;][vc_column][vc_column_text]A trav\u00e9s de la l\u00ednea cr\u00e9dito no rotativo de Bi Bank, ya no tendr\u00e1 que postergar la realizaci\u00f3n de los proyectos de su empresa, ofrecemos tasa de inter\u00e9s y plazos competitivos.[\/vc_column_text][vc_btn title=&#8221;Solicita tu pr\u00e9stamo&#8221; style=&#8221;classic&#8221; css=&#8221;.vc_custom_1742312940654{margin-top: 20px !important;margin-bottom: 20px !important;}&#8221; link=&#8221;url:https%3A%2F%2Fblog.corporacionbi.com%2Fsolicita-prestamo-empresarial-bi-bank%3Futm_campaign%3Dmarketplace%26utm_medium%3Dsitiocoorporativo%26utm_source%3Dprestamoempresarial%26utm_content%3Dbibank|target:_blank&#8221;&#8230;<\/p>\n","protected":false},"author":4,"featured_media":0,"parent":0,"menu_order":0,"comment_status":"closed","ping_status":"closed","template":"","meta":{"footnotes":""},"wf_page_folders":[23],"class_list":["post-1416","page","type-page","status-publish","hentry"],"_links":{"self":[{"href":"https:\/\/www.corporacionbi.com\/pa\/bibank\/wp-json\/wp\/v2\/pages\/1416","targetHints":{"allow":["GET"]}}],"collection":[{"href":"https:\/\/www.corporacionbi.com\/pa\/bibank\/wp-json\/wp\/v2\/pages"}],"about":[{"href":"https:\/\/www.corporacionbi.com\/pa\/bibank\/wp-json\/wp\/v2\/types\/page"}],"author":[{"embeddable":true,"href":"https:\/\/www.corporacionbi.com\/pa\/bibank\/wp-json\/wp\/v2\/users\/4"}],"replies":[{"embeddable":true,"href":"https:\/\/www.corporacionbi.com\/pa\/bibank\/wp-json\/wp\/v2\/comments?post=1416"}],"version-history":[{"count":13,"href":"https:\/\/www.corporacionbi.com\/pa\/bibank\/wp-json\/wp\/v2\/pages\/1416\/revisions"}],"predecessor-version":[{"id":5790,"href":"https:\/\/www.corporacionbi.com\/pa\/bibank\/wp-json\/wp\/v2\/pages\/1416\/revisions\/5790"}],"wp:attachment":[{"href":"https:\/\/www.corporacionbi.com\/pa\/bibank\/wp-json\/wp\/v2\/media?parent=1416"}],"wp:term":[{"taxonomy":"wf_page_folders","embeddable":true,"href":"https:\/\/www.corporacionbi.com\/pa\/bibank\/wp-json\/wp\/v2\/wf_page_folders?post=1416"}],"curies":[{"name":"wp","href":"https:\/\/api.w.org\/{rel}","templated":true}]}}