{"id":1405,"date":"2022-07-14T17:15:54","date_gmt":"2022-07-14T17:15:54","guid":{"rendered":"https:\/\/www.corporacionbi.com\/pa\/bibank\/?page_id=1405"},"modified":"2025-10-15T09:35:06","modified_gmt":"2025-10-15T15:35:06","slug":"equipo-gerencial","status":"publish","type":"page","link":"https:\/\/www.corporacionbi.com\/pa\/bibank\/equipo-gerencial\/","title":{"rendered":"Equipo Gerencial"},"content":{"rendered":"<div class=\"wpb-content-wrapper\"><p>[vc_section][vc_row][vc_column]\n\t\t\t\t<p class=\"rs-p-wp-fix\"><\/p>\n\t\t\t\t<sr7-module data-alias=\"calificaciones-de-riesgo-1\" data-id=\"53\" id=\"SR7_53_1\" class=\"rs-ov-hidden\" data-version=\"6.7.54\">\n\t\t\t\t\t<sr7-adjuster><\/sr7-adjuster>\n\t\t\t\t\t<sr7-content>\n\t\t\t\t\t\t<sr7-slide id=\"SR7_53_1-27\" data-key=\"27\">\n\t\t\t\t\t\t\t<h1 id=\"SR7_53_1-27-3\" class=\"sr7-layer\"><b>Equipo  Gerencial<\/b><\/h1>\n\t\t\t\t\t\t<\/sr7-slide>\n\t\t\t\t\t\t<sr7-slide id=\"SR7_53_1-128\" data-key=\"128\">\n\t\t\t\t\t\t<\/sr7-slide>\n\t\t\t\t\t<\/sr7-content>\n\t\t\t\t<\/sr7-module>\n\t\t\t\t<script>\n\t\t\t\t\twindow.SR7 ??={};SR7.PMH ??={}; SR7.PMH[\"SR7_53_1\"] = {cn:100,state:false,fn: function() { if (window._tpt!==undefined && window._tpt.prepareModuleHeight !== undefined) {  _tpt.prepareModuleHeight({id:\"SR7_53_1\",el:[600,600,350,400,350],type:'standard',shdw:'0',gh:[600,600,350,400,350],gw:[1920,1920,1024,778,480],vpt:['-200px&#039;,&#039;-200px&#039;,&#039;-200px&#039;,&#039;-200px&#039;,&#039;-200px'],size:{fullWidth:true, fullHeight:false},mh:'0',onh:0,onw:0,bg:{color:'{\"orig\":\"transparent\",\"type\":\"solid\",\"string\":\"transparent\"}'}});   SR7.PMH[\"SR7_53_1\"].state=true;} else if(SR7.PMH[\"SR7_53_1\"].cn-->0)\tsetTimeout( SR7.PMH[\"SR7_53_1\"].fn,19);}};SR7.PMH[\"SR7_53_1\" ].fn();\n\t\t\t\t<\/script>\n[\/vc_column][\/vc_row][vc_row overflow=&#8221;default&#8221; css=&#8221;.vc_custom_1663628176790{margin-top: 60px !important;}&#8221; el_class=&#8221;bordetabla&#8221;][vc_column][vc_column_text css=&#8221;&#8221;]<\/p>\n<table style=\"width: 100%;\" border=\"1\">\n<tbody>\n<tr>\n<td>Victor\u00a0Viggiano\u00a0Guardia<\/td>\n<td>Presidente\u00a0Ejecutivo\u00a0y\u00a0Gerente\u00a0General<\/td>\n<\/tr>\n<tr>\n<td width=\"289\">Iv\u00e1n\u00a0Xicar\u00e1\u00a0Ajanel<\/td>\n<td width=\"375\">Vicepresidente\u00a0Ejecutivo\u00a0y\u00a0Subgerente\u00a0General<\/td>\n<\/tr>\n<tr>\n<td width=\"289\">Jorge\u00a0Gonz\u00e1lez\u00a0Byrne<\/td>\n<td width=\"375\">Gerente\u00a0de\u00a0Asesor\u00eda\u00a0Legal<\/td>\n<\/tr>\n<tr>\n<td width=\"289\">Silvia\u00a0Elena\u00a0de\u00a0Kilborn<\/td>\n<td width=\"375\">Vicepresidente Banca Regional<\/td>\n<\/tr>\n<tr>\n<td width=\"289\">Alfonso\u00a0Wong<\/td>\n<td width=\"375\">Vicepresidente Banca Especializada<\/td>\n<\/tr>\n<tr>\n<td width=\"289\">Julio\u00a0Cama\u00f1o<\/td>\n<td width=\"375\">Vicepresidente Banca Corporativa<\/td>\n<\/tr>\n<tr>\n<td width=\"289\">Roberto D\u00edaz<\/td>\n<td width=\"375\">Vicepresidente Banca Empresarial<\/td>\n<\/tr>\n<tr>\n<td width=\"289\">Tutily Davis de Garc\u00eda<\/td>\n<td width=\"375\">Vicepresidente\u00a0Senior\u00a0Banca\u00a0Privada<\/td>\n<\/tr>\n<tr>\n<td width=\"289\">Kira Gardellini<\/td>\n<td width=\"375\">Vicepresidente Banca Consumo<\/td>\n<\/tr>\n<tr>\n<td width=\"289\">Alexis Bethancourt<\/td>\n<td width=\"375\">Vicepresidente\u00a0Banca\u00a0Corresponsal<\/td>\n<\/tr>\n<tr>\n<td width=\"289\">Paula Londo\u00f1o<\/td>\n<td width=\"375\">Vicepresidente\u00a0\u00a0de\u00a0Gesti\u00f3n\u00a0\u00a0Humana\u00a0\u00a0y Asuntos Corporativos<\/td>\n<\/tr>\n<tr>\n<td width=\"289\">Mario\u00a0Ren\u00e9\u00a0Garc\u00eda<\/td>\n<td width=\"375\">Vicepresidente\u00a0Operaciones\u00a0y\u00a0Finanzas<\/td>\n<\/tr>\n<tr>\n<td width=\"289\">Orlando Garc\u00eda<\/td>\n<td width=\"375\">Vicepresidente Medios de Pago y Mercadeo<\/td>\n<\/tr>\n<tr>\n<td width=\"289\">Yilka\u00a0Lissette\u00a0Salazar<\/td>\n<td width=\"375\">Vicepresidente\u00a0An\u00e1lisis,\u00a0Administraci\u00f3n\u00a0y\u00a0Control\u00a0de\u00a0Cr\u00e9ditos<\/td>\n<\/tr>\n<tr>\n<td width=\"289\">M\u00f3nica\u00a0Melania\u00a0Cameron<\/td>\n<td width=\"375\">Vicepresidente\u00a0Riesgo\u00a0Integral<\/td>\n<\/tr>\n<tr>\n<td width=\"289\">D\u00e9bora Fern\u00e1ndez<\/td>\n<td width=\"375\">Vicepresidente Cumplimiento<\/td>\n<\/tr>\n<tr>\n<td width=\"289\">Mario\u00a0Alberto\u00a0C\u00f3rdoba<\/td>\n<td width=\"375\">Auditor\u00a0Interno<\/td>\n<\/tr>\n<tr>\n<td width=\"289\">Onasis C\u00f3rdoba<\/td>\n<td width=\"375\">Gerente Seguridad de la Informaci\u00f3n y Ciberseguridad<\/td>\n<\/tr>\n<tr>\n<td width=\"289\">Livia\u00a0Garc\u00eda<\/td>\n<td width=\"375\">Gerente Fideicomisos<\/td>\n<\/tr>\n<tr>\n<td width=\"289\">Jos\u00e9\u00a0Eliacim\u00a0Vergara<\/td>\n<td width=\"375\">Gerente\u00a0Tecnolog\u00eda<\/td>\n<\/tr>\n<tr>\n<td width=\"289\">Vannessa\u00a0Roca<\/td>\n<td width=\"375\">Gerente\u00a0de\u00a0Proyectos\u00a0PMO<\/td>\n<\/tr>\n<tr>\n<td width=\"289\">Joseline Ramirez<\/td>\n<td width=\"375\">Gerente\u00a0de\u00a0Banca Digital<\/td>\n<\/tr>\n<\/tbody>\n<\/table>\n<p>[\/vc_column_text][\/vc_column][\/vc_row][\/vc_section]<\/p>\n<\/div>","protected":false},"excerpt":{"rendered":"<p>[vc_section][vc_row][vc_column][\/vc_column][\/vc_row][vc_row overflow=&#8221;default&#8221; css=&#8221;.vc_custom_1663628176790{margin-top: 60px !important;}&#8221; el_class=&#8221;bordetabla&#8221;][vc_column][vc_column_text css=&#8221;&#8221;] Victor\u00a0Viggiano\u00a0Guardia Presidente\u00a0Ejecutivo\u00a0y\u00a0Gerente\u00a0General Iv\u00e1n\u00a0Xicar\u00e1\u00a0Ajanel Vicepresidente\u00a0Ejecutivo\u00a0y\u00a0Subgerente\u00a0General Jorge\u00a0Gonz\u00e1lez\u00a0Byrne Gerente\u00a0de\u00a0Asesor\u00eda\u00a0Legal Silvia\u00a0Elena\u00a0de\u00a0Kilborn Vicepresidente Banca Regional Alfonso\u00a0Wong Vicepresidente Banca Especializada Julio\u00a0Cama\u00f1o Vicepresidente Banca Corporativa Roberto D\u00edaz Vicepresidente Banca Empresarial Tutily Davis de Garc\u00eda Vicepresidente\u00a0Senior\u00a0Banca\u00a0Privada Kira Gardellini Vicepresidente Banca Consumo Alexis Bethancourt Vicepresidente\u00a0Banca\u00a0Corresponsal Paula Londo\u00f1o&#8230;<\/p>\n","protected":false},"author":4,"featured_media":0,"parent":0,"menu_order":0,"comment_status":"closed","ping_status":"closed","template":"","meta":{"footnotes":""},"wf_page_folders":[41],"class_list":["post-1405","page","type-page","status-publish","hentry"],"_links":{"self":[{"href":"https:\/\/www.corporacionbi.com\/pa\/bibank\/wp-json\/wp\/v2\/pages\/1405","targetHints":{"allow":["GET"]}}],"collection":[{"href":"https:\/\/www.corporacionbi.com\/pa\/bibank\/wp-json\/wp\/v2\/pages"}],"about":[{"href":"https:\/\/www.corporacionbi.com\/pa\/bibank\/wp-json\/wp\/v2\/types\/page"}],"author":[{"embeddable":true,"href":"https:\/\/www.corporacionbi.com\/pa\/bibank\/wp-json\/wp\/v2\/users\/4"}],"replies":[{"embeddable":true,"href":"https:\/\/www.corporacionbi.com\/pa\/bibank\/wp-json\/wp\/v2\/comments?post=1405"}],"version-history":[{"count":20,"href":"https:\/\/www.corporacionbi.com\/pa\/bibank\/wp-json\/wp\/v2\/pages\/1405\/revisions"}],"predecessor-version":[{"id":6191,"href":"https:\/\/www.corporacionbi.com\/pa\/bibank\/wp-json\/wp\/v2\/pages\/1405\/revisions\/6191"}],"wp:attachment":[{"href":"https:\/\/www.corporacionbi.com\/pa\/bibank\/wp-json\/wp\/v2\/media?parent=1405"}],"wp:term":[{"taxonomy":"wf_page_folders","embeddable":true,"href":"https:\/\/www.corporacionbi.com\/pa\/bibank\/wp-json\/wp\/v2\/wf_page_folders?post=1405"}],"curies":[{"name":"wp","href":"https:\/\/api.w.org\/{rel}","templated":true}]}}