{"id":1313,"date":"2022-07-13T20:06:43","date_gmt":"2022-07-13T20:06:43","guid":{"rendered":"https:\/\/www.corporacionbi.com\/pa\/bibank\/?page_id=1313"},"modified":"2025-03-18T09:36:54","modified_gmt":"2025-03-18T15:36:54","slug":"cuenta-corriente-empresarial","status":"publish","type":"page","link":"https:\/\/www.corporacionbi.com\/pa\/bibank\/cuenta-corriente-empresarial\/","title":{"rendered":"Cuenta Corriente Empresarial"},"content":{"rendered":"<div class=\"wpb-content-wrapper\"><p>[vc_section][vc_row][vc_column]\n\t\t\t\t<p class=\"rs-p-wp-fix\"><\/p>\n\t\t\t\t<sr7-module data-alias=\"tips-de-seguridad-1\" data-id=\"46\" id=\"SR7_46_1\" class=\"rs-ov-hidden\" data-version=\"6.7.54\">\n\t\t\t\t\t<sr7-adjuster><\/sr7-adjuster>\n\t\t\t\t\t<sr7-content>\n\t\t\t\t\t\t<sr7-slide id=\"SR7_46_1-21\" data-key=\"21\">\n\t\t\t\t\t\t\t<h1 id=\"SR7_46_1-21-3\" class=\"sr7-layer\"><strong>Cuenta Corriente<strong><\/h1>\n\t\t\t\t\t\t<\/sr7-slide>\n\t\t\t\t\t\t<sr7-slide id=\"SR7_46_1-122\" data-key=\"122\">\n\t\t\t\t\t\t<\/sr7-slide>\n\t\t\t\t\t<\/sr7-content>\n\t\t\t\t<\/sr7-module>\n\t\t\t\t<script>\n\t\t\t\t\twindow.SR7 ??={};SR7.PMH ??={}; SR7.PMH[\"SR7_46_1\"] = {cn:100,state:false,fn: function() { if (window._tpt!==undefined && window._tpt.prepareModuleHeight !== undefined) {  _tpt.prepareModuleHeight({id:\"SR7_46_1\",el:[600,600,350,400,350],type:'standard',shdw:'0',gh:[600,600,350,400,350],gw:[1920,1920,1024,778,480],vpt:['-200px&#039;,&#039;-200px&#039;,&#039;-200px&#039;,&#039;-200px&#039;,&#039;-200px'],size:{fullWidth:true, fullHeight:false},mh:'0',onh:0,onw:0,bg:{color:'{\"orig\":\"transparent\",\"type\":\"solid\",\"string\":\"transparent\"}'}});   SR7.PMH[\"SR7_46_1\"].state=true;} else if(SR7.PMH[\"SR7_46_1\"].cn-->0)\tsetTimeout( SR7.PMH[\"SR7_46_1\"].fn,19);}};SR7.PMH[\"SR7_46_1\" ].fn();\n\t\t\t\t<\/script>\n[\/vc_column][\/vc_row][vc_row overflow=&#8221;default&#8221; css=&#8221;.vc_custom_1655934108737{margin-top: 50px !important;}&#8221;][vc_column][vc_column_text]Con la Cuenta Corriente de Bi Bank, podr\u00e1 tener facilidad para el manejo de sus finanzas. Para su comodidad contar\u00e1 con Bi en L\u00ednea Empresarial para llevar un control de sus operaciones desde su oficina.[\/vc_column_text][vc_btn title=&#8221;Solicita tu cuenta&#8221; style=&#8221;classic&#8221; css=&#8221;.vc_custom_1742312189561{margin-top: 20px !important;margin-bottom: 20px !important;}&#8221; link=&#8221;url:https%3A%2F%2Fblog.corporacionbi.com%2Fsolicita-tu-cuenta-empresarial-bi-bank%3Futm_campaign%3Dmarketplace%26utm_medium%3Dsitiocoorporativo%26utm_source%3Dcuentaempresarial%26utm_content%3Dbibank|target:_blank&#8221; el_class=&#8221;btn-corp-01&#8243;][\/vc_column][\/vc_row][vc_row overflow=&#8221;default&#8221; css=&#8221;.vc_custom_1655934108737{margin-top: 50px !important;}&#8221;][vc_column overflow=&#8221;default&#8221;]\r\n<div class=\"sh-heading  \" id=\"heading-XUg6fN5yZS\">\r\n\t<div class=\"sh-element-margin\">\r\n\r\n\t\t\r\n\t\t\t<h2 class=\"sh-heading-content size-default text-left\">\r\n\t\t\t\tBeneficios\t\t\t<\/h2>\r\n\r\n\t\t\r\n\t<\/div>\r\n<\/div>\r\n            <style type=\"text\/css\">\r\n                #heading-XUg6fN5yZS .sh-element-margin {}#heading-XUg6fN5yZS .sh-heading-content {font-weight: 700!important;color: #003865;}#heading-XUg6fN5yZS .sh-heading-content,#heading-XUg6fN5yZS .sh-heading-additional-text {}            <\/style>\r\n        [vc_row_inner equal_height=&#8221;yes&#8221; overflow=&#8221;default&#8221; css=&#8221;.vc_custom_1657745509693{margin-top: 20px !important;}&#8221;][vc_column_inner el_class=&#8221;bordederecho&#8221; width=&#8221;1\/5&#8243; overflow=&#8221;default&#8221;]<div class=\"bi-icons-widget  biw-a24d86ba657b  \" style=\"text-align:left; display:flex; flex-direction:column; align-items:center; justify-content:flex-start; width:100%;\"><div class=\"bi-icons-w-icon_container \" style=\"line-height: normal;\"><span class=\"bi-icons bi-icons-laptop  biw-icon-a24d86ba657b \"><\/span><\/div><div class=\"bi-icons-w-container_text\"><\/div><\/div>[vc_column_text]<\/p>\n<p style=\"text-align: center;\">Acceso inmediato a sus estados de cuenta a trav\u00e9s de consulta de Banca en L\u00ednea<\/p>\n<p>[\/vc_column_text][\/vc_column_inner][vc_column_inner el_class=&#8221;bordederecho&#8221; width=&#8221;1\/5&#8243; overflow=&#8221;default&#8221;]<div class=\"bi-icons-widget  biw-fa9ce0d89484  \" style=\"text-align:left; display:flex; flex-direction:column; align-items:center; justify-content:flex-start; width:100%;\"><div class=\"bi-icons-w-icon_container \" style=\"line-height: normal;\"><span class=\"bi-icons bi-icons-indicacionflecha-dosdirecciones  biw-icon-fa9ce0d89484 \"><\/span><\/div><div class=\"bi-icons-w-container_text\"><\/div><\/div>[vc_column_text]<\/p>\n<p style=\"text-align: center;\">El traslado de fondos entre sus cuentas a nivel Regional no tendr\u00e1 costo y ser\u00e1 en tiempo real<\/p>\n<p>[\/vc_column_text][\/vc_column_inner][vc_column_inner el_class=&#8221;bordederecho&#8221; width=&#8221;1\/5&#8243; overflow=&#8221;default&#8221;]<div class=\"bi-icons-widget  biw-925c5ca1b7f4  \" style=\"text-align:left; display:flex; flex-direction:column; align-items:center; justify-content:flex-start; width:100%;\"><div class=\"bi-icons-w-icon_container \" style=\"line-height: normal;\"><span class=\"bi-icons bi-icons-efectivo  biw-icon-925c5ca1b7f4 \"><\/span><\/div><div class=\"bi-icons-w-container_text\"><\/div><\/div>[vc_column_text]<\/p>\n<p style=\"text-align: center;\">Facilita el pago a sus empleados, proveedores y clientes<\/p>\n<p>[\/vc_column_text][\/vc_column_inner][\/vc_row_inner][\/vc_column][\/vc_row][vc_row overflow=&#8221;default&#8221; css=&#8221;.vc_custom_1655936034015{margin-top: 50px !important;margin-bottom: 50px !important;}&#8221;][vc_column]\r\n<div id=\"tabs-PQSkeK4y5L\" class=\"sh-tabs sh-tabs-style1\">\r\n\t<!-- Tabs -->\r\n\t<ul class=\"nav nav-tabs sh-tabs-filter sh-noselect\" role=\"tablist\">\r\n\t\t\t\t\t\t\t\t\t<li role=\"presentation\" class=\" active\">\r\n\t\t\t\t\t<a href=\"#tab-PQSkeK4y5L-1\" role=\"tab\" data-toggle=\"tab\">\r\n\t\t\t\t\t\t\r\n\t\t\t\t\t\tRequisitos\r\n\t\t\t\t\t\t\t\t\t\t\t<\/a>\r\n\t\t\t\t<\/li>\r\n\t\t\t\t\t\t\t<li role=\"presentation\" class=\"\">\r\n\t\t\t\t\t<a href=\"#tab-PQSkeK4y5L-2\" role=\"tab\" data-toggle=\"tab\">\r\n\t\t\t\t\t\t\r\n\t\t\t\t\t\tOtros\r\n\t\t\t\t\t\t\t\t\t\t\t<\/a>\r\n\t\t\t\t<\/li>\r\n\t\t\t\t\t\t<\/ul>\r\n\r\n\t<!-- Content -->\r\n\t<div class=\"tab-content\">\r\n\t\t\t\t\t\t\t\t\t<div role=\"tabpanel\" class=\"tab-pane fade in active\" id=\"tab-PQSkeK4y5L-1\">\r\n\t\t\t\t\t<ul>\n<li style=line-height:2.5em>Constituci\u00f3n de la Persona Jur\u00eddica (Pacto Social).<\/li>\n<li style=line-height:2.5em>Enmiendas del Pacto Social (si las hubiere).<\/li>\n<li style=line-height:2.5em>Certificado de Registro P\u00fablico vigente (vigencia seg\u00fan lo determine el documento).<\/li>\n<li style=line-height:2.5em>Acta de Junta Directiva o Accionistas o Acta del Consejo Fundacional (en caso de Fundaciones de Inter\u00e9s Privado).<\/li>\n<\/ul>\n<br>\n<h4>Extranjeros<\/h4><br>\n<ul>\n<li style=line-height:2.5em>Carta de referencia bancaria o comercial (Titulares).<\/li>\n<li style=line-height:2.5em>Memorandum of Association (Equivalente al Pacto Social).<\/li>\n<li style=line-height:2.5em>Certificate of Incorporation (Equivalente a la Certificaci\u00f3n del Registro P\u00fablico).<\/li>\n<li style=line-height:2.5em>Certificate of Incumbency (Registro de Directores).<\/li>\n<li style=line-height:2.5em>Certificate of Good Standing (Certificado de vigencia de la sociedad).<\/li>\n<li style=line-height:2.5em>\u00daltimos dos documentos deben ser: Apostillados o Notariados (V\u00eda Consular en el pa\u00eds y certificado por el Ministerio de Relaciones Exteriores de Panam\u00e1).<\/li>\n<\/ul>\n<br>\n<h4>Identificaci\u00f3n del Presidente y\/o Representante Legal, Secretario, Firmantes, Apoderados, Accionistas y Beneficiario final, Fundadores, Benefactores (todas las partes involucradas):<\/h4>\n<ul>\n<li style=line-height:2.5em>Copia de documento de identidad principal vigente (c\u00e9dula o pasaporte).<\/li><\/ul>\n<br>\n<h4>Licencia Comercial y evidencia de ingresos<\/h4>\n<ul>\n<li style=line-height:2.5em>Licencia comercial o certificado de operaci\u00f3n (para sociedades operativas).<\/li>\n<li style=line-height:2.5em>Estados Financieros, Declaraci\u00f3n de renta, o cualquier documento legal o contractual que evidencia el flujo de ingresos del cliente.<\/li>\n<\/ul>\n\t\t\t\t<\/div>\r\n\t\t\t\t\t\t\t<div role=\"tabpanel\" class=\"tab-pane fade\" id=\"tab-PQSkeK4y5L-2\">\r\n\t\t\t\t\t<li style=line-height:2.5em>Comprobante de Domicilio reciente: luz o agua o tel\u00e9fono u otro servicio, no mayor a 6 meses (cuando aplique).<\/li>\n<li style=line-height:2.5em>Organigrama Corporativo de la Sociedad (No aplica sociedades de estructura simple- <\/li>\n<li style=line-height:2.5em>\u2013 que no existen sociedades intermediarias entre nuestro cliente y el beneficiario final del producto, es decir que el 100% de las acciones son directas a una persona(s) natural (es). <\/li>\n<li style=line-height:2.5em>Formulario FATCA: W9 \u00f3 W8BEN-E (cuando aplique).<\/li>\n<li style=line-height:2.5em>Cualquier otro documento que sea requerido por el banco.<\/li>\t\t\t\t<\/div>\r\n\t\t\t\t\t\t<\/div>\r\n<\/div>\r\n            <style type=\"text\/css\">\r\n                #tabs-PQSkeK4y5L .sh-tabs-filter li:not(.active) a,#tabs-PQSkeK4y5L .tab-pane {color: #003865!important;}#tabs-PQSkeK4y5L .sh-tabs-filter li.active a,#tabs-PQSkeK4y5L .sh-tabs-filter li:hover a {color: #003865!important;}#tabs-PQSkeK4y5L .sh-tabs-filter li.active a {border-bottom-color: #003865!important;}#tabs-PQSkeK4y5L .sh-tabs-filter li a:after {background-color: #ffb81c!important;}            <\/style>\r\n        [\/vc_column][\/vc_row][\/vc_section]<\/p>\n<\/div>","protected":false},"excerpt":{"rendered":"<p>[vc_section][vc_row][vc_column][\/vc_column][\/vc_row][vc_row overflow=&#8221;default&#8221; css=&#8221;.vc_custom_1655934108737{margin-top: 50px !important;}&#8221;][vc_column][vc_column_text]Con la Cuenta Corriente de Bi Bank, podr\u00e1 tener facilidad para el manejo de sus finanzas. Para su comodidad contar\u00e1 con Bi en L\u00ednea Empresarial para llevar un control de sus operaciones desde su oficina.[\/vc_column_text][vc_btn title=&#8221;Solicita tu cuenta&#8221; style=&#8221;classic&#8221; css=&#8221;.vc_custom_1742312189561{margin-top: 20px&#8230;<\/p>\n","protected":false},"author":4,"featured_media":0,"parent":0,"menu_order":0,"comment_status":"closed","ping_status":"closed","template":"","meta":{"footnotes":""},"wf_page_folders":[23],"class_list":["post-1313","page","type-page","status-publish","hentry"],"_links":{"self":[{"href":"https:\/\/www.corporacionbi.com\/pa\/bibank\/wp-json\/wp\/v2\/pages\/1313","targetHints":{"allow":["GET"]}}],"collection":[{"href":"https:\/\/www.corporacionbi.com\/pa\/bibank\/wp-json\/wp\/v2\/pages"}],"about":[{"href":"https:\/\/www.corporacionbi.com\/pa\/bibank\/wp-json\/wp\/v2\/types\/page"}],"author":[{"embeddable":true,"href":"https:\/\/www.corporacionbi.com\/pa\/bibank\/wp-json\/wp\/v2\/users\/4"}],"replies":[{"embeddable":true,"href":"https:\/\/www.corporacionbi.com\/pa\/bibank\/wp-json\/wp\/v2\/comments?post=1313"}],"version-history":[{"count":22,"href":"https:\/\/www.corporacionbi.com\/pa\/bibank\/wp-json\/wp\/v2\/pages\/1313\/revisions"}],"predecessor-version":[{"id":5784,"href":"https:\/\/www.corporacionbi.com\/pa\/bibank\/wp-json\/wp\/v2\/pages\/1313\/revisions\/5784"}],"wp:attachment":[{"href":"https:\/\/www.corporacionbi.com\/pa\/bibank\/wp-json\/wp\/v2\/media?parent=1313"}],"wp:term":[{"taxonomy":"wf_page_folders","embeddable":true,"href":"https:\/\/www.corporacionbi.com\/pa\/bibank\/wp-json\/wp\/v2\/wf_page_folders?post=1313"}],"curies":[{"name":"wp","href":"https:\/\/api.w.org\/{rel}","templated":true}]}}