{"id":1114,"date":"2022-06-24T14:00:11","date_gmt":"2022-06-24T14:00:11","guid":{"rendered":"https:\/\/www.corporacionbi.com\/pa\/bibank\/?page_id=1114"},"modified":"2025-03-18T09:28:48","modified_gmt":"2025-03-18T15:28:48","slug":"bi-en-linea","status":"publish","type":"page","link":"https:\/\/www.corporacionbi.com\/pa\/bibank\/bi-en-linea\/","title":{"rendered":"Bi en l\u00ednea"},"content":{"rendered":"<div class=\"wpb-content-wrapper\"><p>[vc_section][vc_row][vc_column]\n\t\t\t\t<p class=\"rs-p-wp-fix\"><\/p>\n\t\t\t\t<sr7-module data-alias=\"actualizacion-datos-clientes-1\" data-id=\"24\" id=\"SR7_24_1\" class=\"rs-ov-hidden\" data-version=\"6.7.54\">\n\t\t\t\t\t<sr7-adjuster><\/sr7-adjuster>\n\t\t\t\t\t<sr7-content>\n\t\t\t\t\t\t<sr7-slide id=\"SR7_24_1-14\" data-key=\"14\">\n\t\t\t\t\t\t\t<sr7-bg id=\"SR7_24_1-14-4\" class=\"sr7-layer\"><noscript><img decoding=\"async\" src=\"https:\/\/www.corporacionbi.com\/pa\/bibank\/wp-content\/uploads\/2022\/06\/banner-bi-en-linea.jpg\" alt=\"banner-bi-en-linea-banca-electronica-bi-bank\" title=\"banner-bi-en-linea-banca-electronica-bi-bank\"><\/noscript><\/sr7-bg>\n\t\t\t\t\t\t\t<h1 id=\"SR7_24_1-14-3\" class=\"sr7-layer\"><b>Bi en L\u00ednea<\/b><\/h1>\n\t\t\t\t\t\t<\/sr7-slide>\n\t\t\t\t\t\t<sr7-slide id=\"SR7_24_1-115\" data-key=\"115\">\n\t\t\t\t\t\t<\/sr7-slide>\n\t\t\t\t\t<\/sr7-content>\n\t\t\t\t<\/sr7-module>\n\t\t\t\t<script>\n\t\t\t\t\twindow.SR7 ??={};SR7.PMH ??={}; SR7.PMH[\"SR7_24_1\"] = {cn:100,state:false,fn: function() { if (window._tpt!==undefined && window._tpt.prepareModuleHeight !== undefined) {  _tpt.prepareModuleHeight({id:\"SR7_24_1\",el:[600,600,350,400,350],type:'standard',shdw:'0',gh:[600,600,350,400,350],gw:[1920,1920,1024,778,480],vpt:['-200px&#039;,&#039;-200px&#039;,&#039;-200px&#039;,&#039;-200px&#039;,&#039;-200px'],size:{fullWidth:true, fullHeight:false},mh:'0',onh:0,onw:0,bg:{color:'{\"orig\":\"transparent\",\"type\":\"solid\",\"string\":\"transparent\"}'}});   SR7.PMH[\"SR7_24_1\"].state=true;} else if(SR7.PMH[\"SR7_24_1\"].cn-->0)\tsetTimeout( SR7.PMH[\"SR7_24_1\"].fn,19);}};SR7.PMH[\"SR7_24_1\" ].fn();\n\t\t\t\t<\/script>\n[\/vc_column][\/vc_row][vc_row overflow=&#8221;default&#8221; css=&#8221;.vc_custom_1655934108737{margin-top: 50px !important;}&#8221;][vc_column][vc_row_inner][vc_column_inner width=&#8221;1\/2&#8243;][vc_column_text]Bi en L\u00ednea es tu banca electr\u00f3nica que te permite realizar todas tus operaciones bancarias en l\u00ednea, a trav\u00e9s de internet utilizando una computadora, tablet o smartphone.<\/p>\n<p>Ahora con una imagen renovada que te brinda una mejor experiencia de banca digital a trav\u00e9s de nuevas opciones de navegaci\u00f3n y visualizaci\u00f3n para que encuentres la informaci\u00f3n de tus cuentas en una sola vista y puedas realizar tus consultas y operaciones f\u00e1cilmente y en menos tiempo.<\/p>\n<p>Esta nueva imagen aplica para clientes individuales y empresariales.<\/p>\n<p>&nbsp;<\/p>\n<p>Conoce nuestra nueva imagen:[\/vc_column_text][vc_btn title=&#8221;Ingresa aqu\u00ed&#8221; style=&#8221;classic&#8221; align=&#8221;left&#8221; css=&#8221;.vc_custom_1742311553415{padding-bottom: 10px !important;}&#8221; el_class=&#8221;btn-corp-01&#8243; link=&#8221;url:https%3A%2F%2Fbienlinea.bibank.com.pa%2Fonline-banking%2Flogin|target:_blank&#8221;][\/vc_column_inner][vc_column_inner width=&#8221;1\/2&#8243;][vc_single_image image=&#8221;1119&#8243; img_size=&#8221;full&#8221; alignment=&#8221;center&#8221;][\/vc_column_inner][\/vc_row_inner][\/vc_column][\/vc_row][vc_row overflow=&#8221;default&#8221; css=&#8221;.vc_custom_1655934108737{margin-top: 50px !important;}&#8221;][vc_column overflow=&#8221;default&#8221;]\r\n<div class=\"sh-heading  \" id=\"heading-yQFIBTC8Vn\">\r\n\t<div class=\"sh-element-margin\">\r\n\r\n\t\t\r\n\t\t\t<h2 class=\"sh-heading-content size-default text-left\">\r\n\t\t\t\tDescarga las app oficiales\t\t\t<\/h2>\r\n\r\n\t\t\r\n\t<\/div>\r\n<\/div>\r\n            <style type=\"text\/css\">\r\n                #heading-yQFIBTC8Vn .sh-element-margin {margin: 0px 0px 35px 0px;}#heading-yQFIBTC8Vn .sh-heading-content {font-weight: 700!important;color: #003865;}#heading-yQFIBTC8Vn .sh-heading-content,#heading-yQFIBTC8Vn .sh-heading-additional-text {}            <\/style>\r\n        [vc_row_inner][vc_column_inner width=&#8221;1\/4&#8243;][vc_single_image image=&#8221;1121&#8243; img_size=&#8221;medium&#8221; onclick=&#8221;custom_link&#8221; img_link_target=&#8221;_blank&#8221; link=&#8221;https:\/\/play.google.com\/store\/apps\/details?id=pa.com.bi.bienlinea&amp;hl=es_GT&amp;gl=US&#8221;][\/vc_column_inner][vc_column_inner width=&#8221;1\/4&#8243;][vc_single_image image=&#8221;1120&#8243; img_size=&#8221;medium&#8221; onclick=&#8221;custom_link&#8221; img_link_target=&#8221;_blank&#8221; link=&#8221;https:\/\/apps.apple.com\/gt\/app\/bi-en-l%C3%ADnea-pa\/id1084721017&#8243;][\/vc_column_inner][vc_column_inner width=&#8221;1\/4&#8243;][\/vc_column_inner][vc_column_inner width=&#8221;1\/4&#8243;][\/vc_column_inner][\/vc_row_inner][\/vc_column][\/vc_row][vc_row overflow=&#8221;default&#8221; css=&#8221;.vc_custom_1655934108737{margin-top: 50px !important;}&#8221;][vc_column overflow=&#8221;default&#8221;]\r\n<div class=\"sh-heading  \" id=\"heading-EqI3k6AJa0\">\r\n\t<div class=\"sh-element-margin\">\r\n\r\n\t\t\r\n\t\t\t<h1 class=\"sh-heading-content size-default text-left\">\r\n\t\t\t\tBeneficios\t\t\t<\/h1>\r\n\r\n\t\t\r\n\t<\/div>\r\n<\/div>\r\n            <style type=\"text\/css\">\r\n                #heading-EqI3k6AJa0 .sh-element-margin {margin: 0px 0px 30px 0px;}#heading-EqI3k6AJa0 .sh-heading-content {font-weight: 700!important;color: #003865;}#heading-EqI3k6AJa0 .sh-heading-content,#heading-EqI3k6AJa0 .sh-heading-additional-text {}            <\/style>\r\n        [\/vc_column][\/vc_row][vc_row gap=&#8221;35&#8243; overflow=&#8221;default&#8221;][vc_column width=&#8221;1\/3&#8243;][vc_row_inner][vc_column_inner el_class=&#8221;bordecintillo&#8221; overflow=&#8221;default&#8221; css=&#8221;.vc_custom_1656018260879{padding-right: 35px !important;padding-left: 35px !important;}&#8221;][vc_raw_html css=&#8221;.vc_custom_1718116537668{margin-top: 30px !important;}&#8221; el_class=&#8221;center-icon&#8221;]JTNDaSUyMGNsYXNzJTNEJTIyQmlCYW5rLWljb24tJTIwYmktaWNvbnMlMjBiaS1pY29ucy1tZW5zYWplJTIyJTNFJTNDJTJGaSUzRQ==[\/vc_raw_html][vc_column_text]<\/p>\n<p style=\"text-align: center;\">Banca web multiling\u00fce y adaptable a todos tus dispositivos m\u00f3viles.<\/p>\n<p>[\/vc_column_text][vc_empty_space height=&#8221;25px&#8221;][\/vc_column_inner][\/vc_row_inner][\/vc_column][vc_column width=&#8221;1\/3&#8243;][vc_row_inner][vc_column_inner el_class=&#8221;bordecintillo&#8221; overflow=&#8221;default&#8221; css=&#8221;.vc_custom_1656018285729{padding-right: 35px !important;padding-left: 35px !important;}&#8221;][vc_raw_html css=&#8221;.vc_custom_1718118227110{margin-top: 30px !important;}&#8221; el_class=&#8221;center-icon&#8221;]JTNDaSUyMGNsYXNzJTNEJTIyQmlCYW5rLWljb24tJTIwYmktaWNvbnMlMjBiaS1pY29ucy1yZWxvaiUyMiUzRSUzQyUyRmklM0U=[\/vc_raw_html][vc_column_text]<\/p>\n<p style=\"text-align: center;\">Ahorra tiempo y minimiza efectivo, realizando tus operaciones bancarias de forma inmediata y segura.<\/p>\n<p>[\/vc_column_text][\/vc_column_inner][\/vc_row_inner][\/vc_column][vc_column width=&#8221;1\/3&#8243;][vc_row_inner][vc_column_inner el_class=&#8221;bordecintillo&#8221; overflow=&#8221;default&#8221; css=&#8221;.vc_custom_1656018306519{padding-right: 35px !important;padding-left: 35px !important;}&#8221;][vc_raw_html css=&#8221;.vc_custom_1718125492925{margin-top: 30px !important;}&#8221; el_class=&#8221;center-icon&#8221;]JTNDaSUyMGNsYXNzJTNEJTIyQmlCYW5rLWljb24tJTIwYmktaWNvbnMlMjBiaS1pY29ucy1pbnRlcm5hY2lvbmFsJTIyJTNFJTNDJTJGaSUzRQ==[\/vc_raw_html][vc_column_text]<\/p>\n<p style=\"text-align: center;\">Mayor comodidad al realizar tus transacciones bancarias, en horarios extendidos, desde donde te encuentres.<\/p>\n<p>[\/vc_column_text][\/vc_column_inner][\/vc_row_inner][\/vc_column][\/vc_row][vc_row gap=&#8221;35&#8243; overflow=&#8221;default&#8221;][vc_column width=&#8221;1\/3&#8243;][vc_row_inner][vc_column_inner el_class=&#8221;bordecintillo&#8221; overflow=&#8221;default&#8221; css=&#8221;.vc_custom_1656018260879{padding-right: 35px !important;padding-left: 35px !important;}&#8221;][vc_raw_html css=&#8221;.vc_custom_1718126458295{margin-top: 30px !important;}&#8221; el_class=&#8221;center-icon&#8221;]JTNDaSUyMGNsYXNzJTNEJTIyQmlCYW5rLWljb24tJTIwYmktaWNvbnMlMjBiaS1pY29ucy1zb2xpY2l0dWQtZWZlY3Rpdm8lMjIlM0UlM0MlMkZpJTNF[\/vc_raw_html][vc_column_text]<\/p>\n<p style=\"text-align: center;\">Control inmediato de tus movimientos, a trav\u00e9s de saldos y estados de cuentas.<\/p>\n<p>[\/vc_column_text][vc_empty_space height=&#8221;50px&#8221;][\/vc_column_inner][\/vc_row_inner][\/vc_column][vc_column width=&#8221;1\/3&#8243;][vc_row_inner][vc_column_inner el_class=&#8221;bordecintillo&#8221; overflow=&#8221;default&#8221; css=&#8221;.vc_custom_1656018285729{padding-right: 35px !important;padding-left: 35px !important;}&#8221;][vc_raw_html css=&#8221;.vc_custom_1718126533728{margin-top: 30px !important;}&#8221; el_class=&#8221;center-icon&#8221;]JTNDaSUyMGNsYXNzJTNEJTIyQmlCYW5rLWljb24tJTIwYmktaWNvbnMlMjBiaS1pY29ucy1hY2VwdGFyLWNpcmN1bG8lMjIlM0UlM0MlMkZpJTNF[\/vc_raw_html][vc_column_text]<\/p>\n<p style=\"text-align: center;\">Informaci\u00f3n de horarios, productos y servicios para que tengas toda la informaci\u00f3n que necesitas sin salir de la banca en l\u00ednea.<\/p>\n<p>[\/vc_column_text][\/vc_column_inner][\/vc_row_inner][\/vc_column][vc_column width=&#8221;1\/3&#8243;][vc_row_inner][vc_column_inner el_class=&#8221;bordecintillo&#8221; overflow=&#8221;default&#8221; css=&#8221;.vc_custom_1656018306519{padding-right: 35px !important;padding-left: 35px !important;}&#8221;][vc_raw_html css=&#8221;.vc_custom_1718125523458{margin-top: 30px !important;}&#8221; el_class=&#8221;center-icon&#8221;]JTNDaSUyMGNsYXNzJTNEJTIyQmlCYW5rLWljb24tJTIwYmktaWNvbnMlMjBiaS1pY29ucy1zZWd1cm8tYmxvcXVlYWRvJTIyJTNFJTNDJTJGaSUzRQ==[\/vc_raw_html][vc_column_text]<\/p>\n<p style=\"text-align: center;\">M\u00e9todos de autenticaci\u00f3n seguros, para tu mayor tranquilidad y confianza.<\/p>\n<p>[\/vc_column_text][vc_empty_space height=&#8221;50px&#8221;][\/vc_column_inner][\/vc_row_inner][\/vc_column][\/vc_row][vc_row overflow=&#8221;default&#8221; css=&#8221;.vc_custom_1667433253624{margin-top: 40px !important;margin-bottom: 15px !important;}&#8221;][vc_column width=&#8221;1\/4&#8243;][vc_btn title=&#8221;Solicita Bi en L\u00ednea&#8221; style=&#8221;classic&#8221; align=&#8221;left&#8221; css=&#8221;.vc_custom_1742311578147{padding-bottom: 10px !important;}&#8221; el_class=&#8221;btn-corp-01&#8243; link=&#8221;url:https%3A%2F%2Fblog.corporacionbi.com%2Fsolicita-bi-en-linea-bi-bank%3Futm_campaign%3Dmarketplace%26utm_medium%3Dsitiocoorporativo%26utm_source%3Dbienlineabibank%26utm_content%3Dbibank|target:_blank&#8221;][\/vc_column][vc_column width=&#8221;1\/4&#8243;][vc_btn title=&#8221;Ver Kit de Bienvenida&#8221; style=&#8221;classic&#8221; align=&#8221;left&#8221; css=&#8221;.vc_custom_1742311594544{padding-bottom: 10px !important;}&#8221; el_class=&#8221;btn-corp-01&#8243; link=&#8221;url:https%3A%2F%2Fwww.corporacionbi.com%2Fpa%2Fbibank%2Fkit-de-bienvenida%2F|target:_blank&#8221;][\/vc_column][vc_column width=&#8221;1\/4&#8243;][\/vc_column][vc_column width=&#8221;1\/4&#8243;][\/vc_column][\/vc_row][vc_row overflow=&#8221;default&#8221; css=&#8221;.vc_custom_1655936034015{margin-top: 50px !important;margin-bottom: 50px !important;}&#8221;][vc_column]\r\n<div id=\"tabs-FCR6ZlD7M2\" class=\"sh-tabs sh-tabs-style1\">\r\n\t<!-- Tabs -->\r\n\t<ul class=\"nav nav-tabs sh-tabs-filter sh-noselect\" role=\"tablist\">\r\n\t\t\t\t\t\t\t\t\t<li role=\"presentation\" class=\" active\">\r\n\t\t\t\t\t<a href=\"#tab-FCR6ZlD7M2-1\" role=\"tab\" data-toggle=\"tab\">\r\n\t\t\t\t\t\t\r\n\t\t\t\t\t\tBanca en Linea Individual\r\n\t\t\t\t\t\t\t\t\t\t\t<\/a>\r\n\t\t\t\t<\/li>\r\n\t\t\t\t\t\t\t<li role=\"presentation\" class=\"\">\r\n\t\t\t\t\t<a href=\"#tab-FCR6ZlD7M2-2\" role=\"tab\" data-toggle=\"tab\">\r\n\t\t\t\t\t\t\r\n\t\t\t\t\t\tBanca en Linea Empresarial\r\n\t\t\t\t\t\t\t\t\t\t\t<\/a>\r\n\t\t\t\t<\/li>\r\n\t\t\t\t\t\t<\/ul>\r\n\r\n\t<!-- Content -->\r\n\t<div class=\"tab-content\">\r\n\t\t\t\t\t\t\t\t\t<div role=\"tabpanel\" class=\"tab-pane fade in active\" id=\"tab-FCR6ZlD7M2-1\">\r\n\t\t\t\t\t<ul>\n<li style=line-height:2.5em>Realiza consultas de saldos de los productos de Cuentas de Ahorros, <\/li>\n<li style=line-height:2.5em>Corrientes, Plazos Fijos, Pr\u00e9stamos y Tarjetas de Cr\u00e9dito.<\/li>\n<li style=line-height:2.5em>Genera estados de Cuentas de tus productos asociados.<\/li>\n<li style=line-height:2.5em>Buenas referencias de cr\u00e9dito.<\/li>\n<li style=line-height:2.5em>Revisa el historial de Operaciones Realizadas.<\/li>\n<li style=line-height:2.5em>Transfiere a cuentas propias y de terceros.<\/li>\n<li style=line-height:2.5em>Realiza transferencias a Otros Bancos Locales e Internacionales.<\/li>\n<li style=line-height:2.5em>Paga tus pr\u00e9stamos personales.<\/li>\n<li style=line-height:2.5em>Realiza pagos de Tarjetas de Cr\u00e9ditos Propias y de Terceros.<\/li>\n<li style=line-height:2.5em>Administra tu perfil de seguridad para recuperaci\u00f3n de contrase\u00f1as.<\/li>\n<li style=line-height:2.5em>Navega a trav\u00e9s de los enlaces a sitios web con informaci\u00f3n del banco.<\/li>\n<\/ul>\n\t\t\t\t<\/div>\r\n\t\t\t\t\t\t\t<div role=\"tabpanel\" class=\"tab-pane fade\" id=\"tab-FCR6ZlD7M2-2\">\r\n\t\t\t\t\t<ul>\n<li style=line-height:2.5em>Consultas de saldos de los productos de Cuentas de Ahorros, Corrientes <\/li>\n<li style=line-height:2.5em>Plazos Fijos y Pr\u00e9stamos.<\/li>\n<li style=line-height:2.5em>Estados de Cuentas de los productos asociados.<\/li>\n<li style=line-height:2.5em>Historial de Operaciones Realizadas.<\/li>\n<li style=line-height:2.5em>Transferencias Propias, Internacionales y a Otros Bancos Locales.<\/li>\n<li style=line-height:2.5em>Pagos de Pr\u00e9stamos.<\/li>\n<li style=line-height:2.5em>Pagos a Proveedores.<\/li>\n<li style=line-height:2.5em>Pagos de Planillas.<\/li>\n<li style=line-height:2.5em>Consulta y Resumen General de Fideicomisos.<\/li>\n<li style=line-height:2.5em>Administraci\u00f3n de perfil de seguridad para recuperaci\u00f3n de contrase\u00f1as.\n<\/li>\n<li style=line-height:2.5em>Gestiones Varias.<\/li>\n<li style=line-height:2.5em>Enlace a sitios web con informaci\u00f3n del banco.<\/li>\n<\/ul>\n\t\t\t\t<\/div>\r\n\t\t\t\t\t\t<\/div>\r\n<\/div>\r\n            <style type=\"text\/css\">\r\n                #tabs-FCR6ZlD7M2 .sh-tabs-filter li:not(.active) a,#tabs-FCR6ZlD7M2 .tab-pane {color: #003865!important;}#tabs-FCR6ZlD7M2 .sh-tabs-filter li.active a,#tabs-FCR6ZlD7M2 .sh-tabs-filter li:hover a {color: #003865!important;}#tabs-FCR6ZlD7M2 .sh-tabs-filter li.active a {border-bottom-color: #003865!important;}#tabs-FCR6ZlD7M2 .sh-tabs-filter li a:after {background-color: #ffb81c!important;}            <\/style>\r\n        [\/vc_column][\/vc_row][\/vc_section]<\/p>\n<\/div>","protected":false},"excerpt":{"rendered":"<p>[vc_section][vc_row][vc_column][\/vc_column][\/vc_row][vc_row overflow=&#8221;default&#8221; css=&#8221;.vc_custom_1655934108737{margin-top: 50px !important;}&#8221;][vc_column][vc_row_inner][vc_column_inner width=&#8221;1\/2&#8243;][vc_column_text]Bi en L\u00ednea es tu banca electr\u00f3nica que te permite realizar todas tus operaciones bancarias en l\u00ednea, a trav\u00e9s de internet utilizando una computadora, tablet o smartphone. Ahora con una imagen renovada que te brinda una mejor experiencia de banca&#8230;<\/p>\n","protected":false},"author":4,"featured_media":0,"parent":0,"menu_order":0,"comment_status":"closed","ping_status":"closed","template":"","meta":{"footnotes":""},"wf_page_folders":[26],"class_list":["post-1114","page","type-page","status-publish","hentry"],"_links":{"self":[{"href":"https:\/\/www.corporacionbi.com\/pa\/bibank\/wp-json\/wp\/v2\/pages\/1114","targetHints":{"allow":["GET"]}}],"collection":[{"href":"https:\/\/www.corporacionbi.com\/pa\/bibank\/wp-json\/wp\/v2\/pages"}],"about":[{"href":"https:\/\/www.corporacionbi.com\/pa\/bibank\/wp-json\/wp\/v2\/types\/page"}],"author":[{"embeddable":true,"href":"https:\/\/www.corporacionbi.com\/pa\/bibank\/wp-json\/wp\/v2\/users\/4"}],"replies":[{"embeddable":true,"href":"https:\/\/www.corporacionbi.com\/pa\/bibank\/wp-json\/wp\/v2\/comments?post=1114"}],"version-history":[{"count":34,"href":"https:\/\/www.corporacionbi.com\/pa\/bibank\/wp-json\/wp\/v2\/pages\/1114\/revisions"}],"predecessor-version":[{"id":5783,"href":"https:\/\/www.corporacionbi.com\/pa\/bibank\/wp-json\/wp\/v2\/pages\/1114\/revisions\/5783"}],"wp:attachment":[{"href":"https:\/\/www.corporacionbi.com\/pa\/bibank\/wp-json\/wp\/v2\/media?parent=1114"}],"wp:term":[{"taxonomy":"wf_page_folders","embeddable":true,"href":"https:\/\/www.corporacionbi.com\/pa\/bibank\/wp-json\/wp\/v2\/wf_page_folders?post=1114"}],"curies":[{"name":"wp","href":"https:\/\/api.w.org\/{rel}","templated":true}]}}