{"id":1095,"date":"2022-06-24T13:13:45","date_gmt":"2022-06-24T13:13:45","guid":{"rendered":"https:\/\/www.corporacionbi.com\/pa\/bibank\/?page_id=1095"},"modified":"2025-05-23T12:11:34","modified_gmt":"2025-05-23T18:11:34","slug":"actualizacion-datos-de-clientes","status":"publish","type":"page","link":"https:\/\/www.corporacionbi.com\/pa\/bibank\/actualizacion-datos-de-clientes\/","title":{"rendered":"Actualizacion Datos de Clientes"},"content":{"rendered":"<div class=\"wpb-content-wrapper\"><p>[vc_section][vc_row][vc_column]\n\t\t\t\t<p class=\"rs-p-wp-fix\"><\/p>\n\t\t\t\t<sr7-module data-alias=\"solicitud-de-productos-en-linea-1-1\" data-id=\"22\" id=\"SR7_22_1\" class=\"rs-ov-hidden\" data-version=\"6.7.54\">\n\t\t\t\t\t<sr7-adjuster><\/sr7-adjuster>\n\t\t\t\t\t<sr7-content>\n\t\t\t\t\t\t<sr7-slide id=\"SR7_22_1-12\" data-key=\"12\">\n\t\t\t\t\t\t\t<h2 id=\"SR7_22_1-12-3\" class=\"sr7-layer\"><b>Actualizaci\u00f3n de<\/b><br \/>\nDatos de Clientes<\/h2>\n\t\t\t\t\t\t<\/sr7-slide>\n\t\t\t\t\t\t<sr7-slide id=\"SR7_22_1-113\" data-key=\"113\">\n\t\t\t\t\t\t<\/sr7-slide>\n\t\t\t\t\t<\/sr7-content>\n\t\t\t\t<\/sr7-module>\n\t\t\t\t<script>\n\t\t\t\t\twindow.SR7 ??={};SR7.PMH ??={}; SR7.PMH[\"SR7_22_1\"] = {cn:100,state:false,fn: function() { if (window._tpt!==undefined && window._tpt.prepareModuleHeight !== undefined) {  _tpt.prepareModuleHeight({id:\"SR7_22_1\",el:[600,600,350,400,350],type:'standard',shdw:'0',gh:[600,600,350,400,350],gw:[1920,1920,1024,778,480],vpt:['-200px&#039;,&#039;-200px&#039;,&#039;-200px&#039;,&#039;-200px&#039;,&#039;-200px'],size:{fullWidth:true, fullHeight:false},mh:'0',onh:0,onw:0,bg:{color:'{\"orig\":\"transparent\",\"type\":\"solid\",\"string\":\"transparent\"}'}});   SR7.PMH[\"SR7_22_1\"].state=true;} else if(SR7.PMH[\"SR7_22_1\"].cn-->0)\tsetTimeout( SR7.PMH[\"SR7_22_1\"].fn,19);}};SR7.PMH[\"SR7_22_1\" ].fn();\n\t\t\t\t<\/script>\n[\/vc_column][\/vc_row][vc_row overflow=&#8221;default&#8221; css=&#8221;.vc_custom_1656013050117{margin-top: 100px !important;}&#8221;][vc_column width=&#8221;3\/5&#8243;]\r\n<div class=\"sh-heading  \" id=\"heading-cuboFtxQlX\">\r\n\t<div class=\"sh-element-margin\">\r\n\r\n\t\t\r\n\t\t\t<h1 class=\"sh-heading-content size-default text-left\">\r\n\t\t\t\tActualizaci\u00f3n de Datos de Clientes\t\t\t<\/h1>\r\n\r\n\t\t\r\n\t<\/div>\r\n<\/div>\r\n            <style type=\"text\/css\">\r\n                #heading-cuboFtxQlX .sh-element-margin {}#heading-cuboFtxQlX .sh-heading-content {font-weight: 700!important;color: #003865;}#heading-cuboFtxQlX .sh-heading-content,#heading-cuboFtxQlX .sh-heading-additional-text {}            <\/style>\r\n        [vc_empty_space][vc_column_text css=&#8221;&#8221;]Bi Bank, S.A., como entidad regulada por la Superintendencia de Bancos de Panam\u00e1, cumple con lo establecido en el Acuerdo 10-2015, que\u00a0<b>les<\/b>\u00a0exige a las instituciones financieras realizar procesos de debida diligencia sobre sus clientes.<\/p>\n<p>Con el objetivo de mantener actualizada su informaci\u00f3n en nuestros sistemas, y as\u00ed brindarle un servicio seguro y eficiente,\u00a0<b>lo<\/b>\u00a0estaremos contactando o a trav\u00e9s de nuestros canales oficiales para solicitarle la actualizaci\u00f3n de sus datos.<\/p>\n<p>Es importante destacar que la informaci\u00f3n requerida puede variar\u00a0de acuerdo con\u00a0su perfil financiero o transaccional, y seg\u00fan se trate de una persona natural o jur\u00eddica. Por ello, se le podr\u00e1 solicitar documentaci\u00f3n que respalde sus ingresos mensuales recurrentes.<\/p>\n<p>Le recordamos que\u00a0Bi Bank, S.A.\u00a0nunca solicitar\u00e1 informaci\u00f3n sensible como n\u00fameros de cuenta, usuario, contrase\u00f1a o preguntas de seguridad de Banca en L\u00ednea o de la App. Si recibe alg\u00fan requerimiento de este tipo, no lo proporcione y rep\u00f3rtelo de inmediato, ya que puede tratarse de un intento de fraude (<b><i>phishing<\/i><\/b>).<\/p>\n<p>Este proceso se realizar\u00e1 cumpliendo con estrictos est\u00e1ndares de seguridad y confidencialidad. Nuestro equipo de actualizaci\u00f3n de datos podr\u00e1 contactarlo desde la direcci\u00f3n oficial\u00a0de\u00a0<a title=\"mailto:actualizacionbibank@bibank.com.pa\" contenteditable=\"false\" href=\"mailto:actualizacionbibank@bibank.com.pa\" target=\"_blank\" rel=\"noopener\">actualizacion<span class=\"searchHighlight\">bibank<\/span>@<span class=\"searchHighlight\">bibank<\/span>.com.pa<\/a>,\u00a0para\u00a0informarle\u00a0qu\u00e9 datos deber\u00e1 actualizar.<\/p>\n<p>&nbsp;<\/p>\n<p>Agradecemos su atenci\u00f3n y colaboraci\u00f3n en este proceso.<\/p>\n<p>&nbsp;<\/p>\n<p>Atentamente,<\/p>\n<p><strong>Bi Bank, S.A.<\/strong>[\/vc_column_text][\/vc_column][vc_column width=&#8221;2\/5&#8243;][vc_single_image image=&#8221;5996&#8243; img_size=&#8221;full&#8221; alignment=&#8221;center&#8221; css=&#8221;.vc_custom_1748021176265{padding-right: 0px !important;padding-left: 0px !important;}&#8221; el_class=&#8221;rounded-tl-6xl rounded-br-6xl cont-bi-overflow-overlay&#8221;][\/vc_column][\/vc_row][\/vc_section]<\/p>\n<\/div>","protected":false},"excerpt":{"rendered":"<p>[vc_section][vc_row][vc_column][\/vc_column][\/vc_row][vc_row overflow=&#8221;default&#8221; css=&#8221;.vc_custom_1656013050117{margin-top: 100px !important;}&#8221;][vc_column width=&#8221;3\/5&#8243;][vc_empty_space][vc_column_text css=&#8221;&#8221;]Bi Bank, S.A., como entidad regulada por la Superintendencia de Bancos de Panam\u00e1, cumple con lo establecido en el Acuerdo 10-2015, que\u00a0les\u00a0exige a las instituciones financieras realizar procesos de debida diligencia sobre sus clientes. Con el objetivo de mantener&#8230;<\/p>\n","protected":false},"author":4,"featured_media":0,"parent":0,"menu_order":0,"comment_status":"closed","ping_status":"closed","template":"","meta":{"footnotes":""},"wf_page_folders":[],"class_list":["post-1095","page","type-page","status-publish","hentry"],"_links":{"self":[{"href":"https:\/\/www.corporacionbi.com\/pa\/bibank\/wp-json\/wp\/v2\/pages\/1095","targetHints":{"allow":["GET"]}}],"collection":[{"href":"https:\/\/www.corporacionbi.com\/pa\/bibank\/wp-json\/wp\/v2\/pages"}],"about":[{"href":"https:\/\/www.corporacionbi.com\/pa\/bibank\/wp-json\/wp\/v2\/types\/page"}],"author":[{"embeddable":true,"href":"https:\/\/www.corporacionbi.com\/pa\/bibank\/wp-json\/wp\/v2\/users\/4"}],"replies":[{"embeddable":true,"href":"https:\/\/www.corporacionbi.com\/pa\/bibank\/wp-json\/wp\/v2\/comments?post=1095"}],"version-history":[{"count":11,"href":"https:\/\/www.corporacionbi.com\/pa\/bibank\/wp-json\/wp\/v2\/pages\/1095\/revisions"}],"predecessor-version":[{"id":5997,"href":"https:\/\/www.corporacionbi.com\/pa\/bibank\/wp-json\/wp\/v2\/pages\/1095\/revisions\/5997"}],"wp:attachment":[{"href":"https:\/\/www.corporacionbi.com\/pa\/bibank\/wp-json\/wp\/v2\/media?parent=1095"}],"wp:term":[{"taxonomy":"wf_page_folders","embeddable":true,"href":"https:\/\/www.corporacionbi.com\/pa\/bibank\/wp-json\/wp\/v2\/wf_page_folders?post=1095"}],"curies":[{"name":"wp","href":"https:\/\/api.w.org\/{rel}","templated":true}]}}