{"id":1051,"date":"2022-06-23T22:14:07","date_gmt":"2022-06-23T22:14:07","guid":{"rendered":"https:\/\/www.corporacionbi.com\/pa\/bibank\/?page_id=1051"},"modified":"2025-10-15T09:34:31","modified_gmt":"2025-10-15T15:34:31","slug":"junta-directiva","status":"publish","type":"page","link":"https:\/\/www.corporacionbi.com\/pa\/bibank\/junta-directiva\/","title":{"rendered":"Junta Directiva"},"content":{"rendered":"<div class=\"wpb-content-wrapper\"><p>[vc_section][vc_row][vc_column]\n\t\t\t\t<p class=\"rs-p-wp-fix\"><\/p>\n\t\t\t\t<sr7-module data-alias=\"acerca-del-banco-1\" data-id=\"18\" id=\"SR7_18_1\" class=\"rs-ov-hidden\" data-version=\"6.7.54\">\n\t\t\t\t\t<sr7-adjuster><\/sr7-adjuster>\n\t\t\t\t\t<sr7-content>\n\t\t\t\t\t\t<sr7-slide id=\"SR7_18_1-8\" data-key=\"8\">\n\t\t\t\t\t\t\t<h1 id=\"SR7_18_1-8-3\" class=\"sr7-layer\"><b>Junta Directiva<\/b><br \/>\n<\/h1>\n\t\t\t\t\t\t<\/sr7-slide>\n\t\t\t\t\t\t<sr7-slide id=\"SR7_18_1-109\" data-key=\"109\">\n\t\t\t\t\t\t<\/sr7-slide>\n\t\t\t\t\t<\/sr7-content>\n\t\t\t\t<\/sr7-module>\n\t\t\t\t<script>\n\t\t\t\t\twindow.SR7 ??={};SR7.PMH ??={}; SR7.PMH[\"SR7_18_1\"] = {cn:100,state:false,fn: function() { if (window._tpt!==undefined && window._tpt.prepareModuleHeight !== undefined) {  _tpt.prepareModuleHeight({id:\"SR7_18_1\",el:[600,600,350,400,350],type:'standard',shdw:'0',gh:[600,600,350,400,350],gw:[1920,1920,1024,778,480],vpt:['-200px&#039;,&#039;-200px&#039;,&#039;-200px&#039;,&#039;-200px&#039;,&#039;-200px'],size:{fullWidth:true, fullHeight:false},mh:'0',onh:0,onw:0,bg:{color:'{\"orig\":\"transparent\",\"type\":\"solid\",\"string\":\"transparent\"}'}});   SR7.PMH[\"SR7_18_1\"].state=true;} else if(SR7.PMH[\"SR7_18_1\"].cn-->0)\tsetTimeout( SR7.PMH[\"SR7_18_1\"].fn,19);}};SR7.PMH[\"SR7_18_1\" ].fn();\n\t\t\t\t<\/script>\n[\/vc_column][\/vc_row][vc_row overflow=&#8221;default&#8221; css=&#8221;.vc_custom_1663628107909{margin-top: 60px !important;}&#8221; el_class=&#8221;bordetabla&#8221;][vc_column][vc_column_text css=&#8221;&#8221;]<\/p>\n<table style=\"width: 100%;\" border=\"1\">\n<tbody>\n<tr>\n<td style=\"width: 60%;\">Julio Ramiro Castillo Ar\u00e9valo<\/td>\n<td style=\"width: 40%;\">Presidente<\/td>\n<\/tr>\n<tr>\n<td>Jos\u00e9 Antonio Arz\u00fa Tinoco<\/td>\n<td>Vicepresidente<\/td>\n<\/tr>\n<tr>\n<td>Tomas Jos\u00e9 Rodr\u00edguez Schlesinger<\/td>\n<td>Tesorero<\/td>\n<\/tr>\n<tr>\n<td>Luis Andr\u00e9s Gabriel Bouscayrol<\/td>\n<td>Secretario<\/td>\n<\/tr>\n<tr>\n<td>Juan Alfonso Solares Camacho<\/td>\n<td>Director<\/td>\n<\/tr>\n<tr>\n<td>Luis Rolando Lara Grojec<\/td>\n<td>Director<\/td>\n<\/tr>\n<tr>\n<td>Amauri Castillo<\/td>\n<td>Director<\/td>\n<\/tr>\n<tr>\n<td>Luis Fernando Arambur\u00fa Porras<\/td>\n<td>Director Independiente<\/td>\n<\/tr>\n<tr>\n<td>Roxana C\u00e1rdenas Angulo<\/td>\n<td>Director Independiente<\/td>\n<\/tr>\n<tr>\n<td>Sonia Rodriguez de Newell<\/td>\n<td>Director Independiente<\/td>\n<\/tr>\n<tr>\n<td>Dani Ariel Kuzniecky Barsky<\/td>\n<td>Director Independiente<\/td>\n<\/tr>\n<tr>\n<td>Luis Fernando Prado Ortiz<\/td>\n<td>Asesor de Junta Directiva<\/td>\n<\/tr>\n<\/tbody>\n<\/table>\n<div><\/div>\n<p>[\/vc_column_text][\/vc_column][\/vc_row][\/vc_section]<\/p>\n<\/div>","protected":false},"excerpt":{"rendered":"<p>[vc_section][vc_row][vc_column][\/vc_column][\/vc_row][vc_row overflow=&#8221;default&#8221; css=&#8221;.vc_custom_1663628107909{margin-top: 60px !important;}&#8221; el_class=&#8221;bordetabla&#8221;][vc_column][vc_column_text css=&#8221;&#8221;] Julio Ramiro Castillo Ar\u00e9valo Presidente Jos\u00e9 Antonio Arz\u00fa Tinoco Vicepresidente Tomas Jos\u00e9 Rodr\u00edguez Schlesinger Tesorero Luis Andr\u00e9s Gabriel Bouscayrol Secretario Juan Alfonso Solares Camacho Director Luis Rolando Lara Grojec Director Amauri Castillo Director Luis Fernando Arambur\u00fa Porras Director&#8230;<\/p>\n","protected":false},"author":4,"featured_media":0,"parent":0,"menu_order":0,"comment_status":"closed","ping_status":"closed","template":"","meta":{"footnotes":""},"wf_page_folders":[41],"class_list":["post-1051","page","type-page","status-publish","hentry"],"_links":{"self":[{"href":"https:\/\/www.corporacionbi.com\/pa\/bibank\/wp-json\/wp\/v2\/pages\/1051","targetHints":{"allow":["GET"]}}],"collection":[{"href":"https:\/\/www.corporacionbi.com\/pa\/bibank\/wp-json\/wp\/v2\/pages"}],"about":[{"href":"https:\/\/www.corporacionbi.com\/pa\/bibank\/wp-json\/wp\/v2\/types\/page"}],"author":[{"embeddable":true,"href":"https:\/\/www.corporacionbi.com\/pa\/bibank\/wp-json\/wp\/v2\/users\/4"}],"replies":[{"embeddable":true,"href":"https:\/\/www.corporacionbi.com\/pa\/bibank\/wp-json\/wp\/v2\/comments?post=1051"}],"version-history":[{"count":14,"href":"https:\/\/www.corporacionbi.com\/pa\/bibank\/wp-json\/wp\/v2\/pages\/1051\/revisions"}],"predecessor-version":[{"id":6188,"href":"https:\/\/www.corporacionbi.com\/pa\/bibank\/wp-json\/wp\/v2\/pages\/1051\/revisions\/6188"}],"wp:attachment":[{"href":"https:\/\/www.corporacionbi.com\/pa\/bibank\/wp-json\/wp\/v2\/media?parent=1051"}],"wp:term":[{"taxonomy":"wf_page_folders","embeddable":true,"href":"https:\/\/www.corporacionbi.com\/pa\/bibank\/wp-json\/wp\/v2\/wf_page_folders?post=1051"}],"curies":[{"name":"wp","href":"https:\/\/api.w.org\/{rel}","templated":true}]}}