{"id":1034,"date":"2022-06-23T21:18:54","date_gmt":"2022-06-23T21:18:54","guid":{"rendered":"https:\/\/www.corporacionbi.com\/pa\/bibank\/?page_id=1034"},"modified":"2025-10-02T15:57:46","modified_gmt":"2025-10-02T21:57:46","slug":"acerca-del-banco","status":"publish","type":"page","link":"https:\/\/www.corporacionbi.com\/pa\/bibank\/acerca-del-banco\/","title":{"rendered":"Acerca del banco"},"content":{"rendered":"<div class=\"wpb-content-wrapper\"><p>[vc_section][vc_row][vc_column]\n\t\t\t\t<p class=\"rs-p-wp-fix\"><\/p>\n\t\t\t\t<sr7-module data-alias=\"galeria-tc-11\" data-id=\"16\" id=\"SR7_16_1\" class=\"rs-ov-hidden\" data-version=\"6.7.54\">\n\t\t\t\t\t<sr7-adjuster><\/sr7-adjuster>\n\t\t\t\t\t<sr7-content>\n\t\t\t\t\t\t<sr7-slide id=\"SR7_16_1-6\" data-key=\"6\">\n\t\t\t\t\t\t\t<h2 id=\"SR7_16_1-6-3\" class=\"sr7-layer\"><b>Acerca del Banco<br \/>\n<\/h2>\n\t\t\t\t\t\t<\/sr7-slide>\n\t\t\t\t\t\t<sr7-slide id=\"SR7_16_1-107\" data-key=\"107\">\n\t\t\t\t\t\t<\/sr7-slide>\n\t\t\t\t\t<\/sr7-content>\n\t\t\t\t<\/sr7-module>\n\t\t\t\t<script>\n\t\t\t\t\twindow.SR7 ??={};SR7.PMH ??={}; SR7.PMH[\"SR7_16_1\"] = {cn:100,state:false,fn: function() { if (window._tpt!==undefined && window._tpt.prepareModuleHeight !== undefined) {  _tpt.prepareModuleHeight({id:\"SR7_16_1\",el:[600,600,350,400,350],type:'standard',shdw:'0',gh:[600,600,350,400,350],gw:[1920,1920,1024,778,480],vpt:['-200px&#039;,&#039;-200px&#039;,&#039;-200px&#039;,&#039;-200px&#039;,&#039;-200px'],size:{fullWidth:true, fullHeight:false},mh:'0',onh:0,onw:0,bg:{color:'{\"orig\":\"transparent\",\"type\":\"solid\",\"string\":\"transparent\"}'}});   SR7.PMH[\"SR7_16_1\"].state=true;} else if(SR7.PMH[\"SR7_16_1\"].cn-->0)\tsetTimeout( SR7.PMH[\"SR7_16_1\"].fn,19);}};SR7.PMH[\"SR7_16_1\" ].fn();\n\t\t\t\t<\/script>\n[\/vc_column][\/vc_row][vc_row overflow=&#8221;default&#8221; css=&#8221;.vc_custom_1656019906917{margin-top: 50px !important;}&#8221;][vc_column width=&#8221;1\/2&#8243;]\r\n<div class=\"sh-heading  \" id=\"heading-8z1RhIfJB5\">\r\n\t<div class=\"sh-element-margin\">\r\n\r\n\t\t\r\n\t\t\t<h1 class=\"sh-heading-content size-default text-left\">\r\n\t\t\t\tBienvenido a Bi Bank\t\t\t<\/h1>\r\n\r\n\t\t\r\n\t<\/div>\r\n<\/div>\r\n            <style type=\"text\/css\">\r\n                #heading-8z1RhIfJB5 .sh-element-margin {margin: 0px 0px 30px 0px;}#heading-8z1RhIfJB5 .sh-heading-content {font-weight: 700!important;color: #003865;}#heading-8z1RhIfJB5 .sh-heading-content,#heading-8z1RhIfJB5 .sh-heading-additional-text {}            <\/style>\r\n        [\/vc_column][vc_column width=&#8221;1\/2&#8243;][vc_column_text]Bi Bank, S.A. es una sociedad Paname\u00f1a de capital 100% privado, que inici\u00f3 operaciones de Licencia General el 18 de Enero de 2016, seg\u00fan autorizaci\u00f3n de la Superintendencia de Bancos de Panam\u00e1, otorgada el 1 de septiembre de 2015.<\/p>\n<p>&nbsp;<\/p>\n<p>Formamos parte de Corporaci\u00f3n BI, una de las organizaciones financieras m\u00e1s grandes a nivel centroamericano y la m\u00e1s grande en Guatemala; en Bi Bank uno de nuestros principales objetivos\u00a0es prestar\u00a0soluciones financieras a tu medida, atenci\u00f3n personalizada con cortes\u00eda y eficiencia.<\/p>\n<p>&nbsp;<\/p>\n<p>Somos una s\u00f3lida organizaci\u00f3n financiera conscientes de nuestra responsabilidad para con nuestros clientes, nuestro personal, nuestra comunidad y nuestros accionistas.[\/vc_column_text][\/vc_column][\/vc_row][vc_row overflow=&#8221;default&#8221; css=&#8221;.vc_custom_1656019940464{margin-top: 50px !important;}&#8221;][vc_column][vc_row_inner][vc_column_inner width=&#8221;1\/4&#8243;][vc_raw_html el_class=&#8221;center-icon&#8221;]JTNDaSUyMGNsYXNzJTNEJTIyQmlCYW5rLWljb24tYmktYmFuay1pY29ub3NfbWlzaW9uJTIyJTNFJTNDJTJGaSUzRQ==[\/vc_raw_html][\/vc_column_inner][vc_column_inner el_class=&#8221;bordederecho&#8221; width=&#8221;1\/4&#8243; overflow=&#8221;default&#8221;][vc_column_text]<\/p>\n<h3><span style=\"color: #003865;\">Misi\u00f3n<\/span><\/h3>\n<p>El desarrollo de nuestros Colaboradores, Clientes, Accionistas, y de nuestra comunidad.[\/vc_column_text][\/vc_column_inner][vc_column_inner width=&#8221;1\/4&#8243;][vc_raw_html el_class=&#8221;center-icon&#8221;]JTNDaSUyMGNsYXNzJTNEJTIyQmlCYW5rLWljb24tYmktYmFuay1pY29ub3NfdmlzaW9uJTIyJTNFJTNDJTJGaSUzRQ==[\/vc_raw_html][\/vc_column_inner][vc_column_inner width=&#8221;1\/4&#8243;][vc_column_text]<\/p>\n<h3><span style=\"color: #003865;\">Visi\u00f3n<\/span><\/h3>\n<p>Ser la primera opci\u00f3n para los centroamericanos, y la instituci\u00f3n m\u00e1s grande de Centroam\u00e9rica.[\/vc_column_text][\/vc_column_inner][\/vc_row_inner][\/vc_column][\/vc_row][vc_row overflow=&#8221;default&#8221; css=&#8221;.vc_custom_1668732065050{margin-top: 65px !important;margin-bottom: 50px !important;}&#8221;][vc_column width=&#8221;1\/2&#8243; overflow=&#8221;default&#8221; css=&#8221;.vc_custom_1668732192331{margin-bottom: 20px !important;}&#8221;]\r\n\r\n\r\n\r\n<div id=\"image-gallery-EXdwRKNu4T\" class=\"sh-image-gallery sh-image-gallery-noverlay sh-image-gallery-container sh-image-gallery-disable\"  data-autoplay=\"3000\" data-columns=\"1\">\r\n\t\t\t<div class=\"sh-image-gallery-item\">\r\n\t\t\t<div class=\"sh-gallery-item\">\r\n\t\t\t\t<div class=\"post-meta-thumb\">\r\n\r\n\t\t\t\t\t\t\t\t\t\t\t<img decoding=\"async\" src=\"https:\/\/www.corporacionbi.com\/pa\/bibank\/wp-content\/uploads\/2022\/06\/entrega.jpg\" alt=\"bi-bank-principios-valores-entrega\" \/>\r\n\t\t\t\t\t\r\n\t\t\t\t\t\t\t\t\t\t\t\r\n        <div class=\"sh-overlay-style1\">\r\n            <div class=\"sh-table-full\">\r\n                \r\n                                    <a href=\"https:\/\/www.corporacionbi.com\/pa\/bibank\/wp-content\/uploads\/2022\/06\/entrega.jpg\" class=\"sh-overlay-item sh-table-cell\" data-rel=\"lightcase:imgCollectionEXdwRKNu4T\">\r\n                        <div class=\"sh-overlay-item-container\">\r\n                            <i class=\"icon-magnifier-add\"><\/i>\r\n                        <\/div>\r\n                    <\/a>\r\n                            <\/div>\r\n        <\/div>\r\n\r\n    \t\t\t\t\t\t\t\t\t<\/div>\r\n\t\t\t<\/div>\r\n\t\t<\/div>\r\n\t\t\t<div class=\"sh-image-gallery-item\">\r\n\t\t\t<div class=\"sh-gallery-item\">\r\n\t\t\t\t<div class=\"post-meta-thumb\">\r\n\r\n\t\t\t\t\t\t\t\t\t\t\t<img decoding=\"async\" src=\"https:\/\/www.corporacionbi.com\/pa\/bibank\/wp-content\/uploads\/2022\/06\/Integridad.jpg\" alt=\"bi-bank-principios-valores-integridad\" \/>\r\n\t\t\t\t\t\r\n\t\t\t\t\t\t\t\t\t\t\t\r\n        <div class=\"sh-overlay-style1\">\r\n            <div class=\"sh-table-full\">\r\n                \r\n                                    <a href=\"https:\/\/www.corporacionbi.com\/pa\/bibank\/wp-content\/uploads\/2022\/06\/Integridad.jpg\" class=\"sh-overlay-item sh-table-cell\" data-rel=\"lightcase:imgCollectionEXdwRKNu4T\">\r\n                        <div class=\"sh-overlay-item-container\">\r\n                            <i class=\"icon-magnifier-add\"><\/i>\r\n                        <\/div>\r\n                    <\/a>\r\n                            <\/div>\r\n        <\/div>\r\n\r\n    \t\t\t\t\t\t\t\t\t<\/div>\r\n\t\t\t<\/div>\r\n\t\t<\/div>\r\n\t\t\t<div class=\"sh-image-gallery-item\">\r\n\t\t\t<div class=\"sh-gallery-item\">\r\n\t\t\t\t<div class=\"post-meta-thumb\">\r\n\r\n\t\t\t\t\t\t\t\t\t\t\t<img decoding=\"async\" src=\"https:\/\/www.corporacionbi.com\/pa\/bibank\/wp-content\/uploads\/2022\/06\/Amor-a-la-patria.jpg\" alt=\"bi-bank-principios-valores-amor-patria\" \/>\r\n\t\t\t\t\t\r\n\t\t\t\t\t\t\t\t\t\t\t\r\n        <div class=\"sh-overlay-style1\">\r\n            <div class=\"sh-table-full\">\r\n                \r\n                                    <a href=\"https:\/\/www.corporacionbi.com\/pa\/bibank\/wp-content\/uploads\/2022\/06\/Amor-a-la-patria.jpg\" class=\"sh-overlay-item sh-table-cell\" data-rel=\"lightcase:imgCollectionEXdwRKNu4T\">\r\n                        <div class=\"sh-overlay-item-container\">\r\n                            <i class=\"icon-magnifier-add\"><\/i>\r\n                        <\/div>\r\n                    <\/a>\r\n                            <\/div>\r\n        <\/div>\r\n\r\n    \t\t\t\t\t\t\t\t\t<\/div>\r\n\t\t\t<\/div>\r\n\t\t<\/div>\r\n\t\t\t<div class=\"sh-image-gallery-item\">\r\n\t\t\t<div class=\"sh-gallery-item\">\r\n\t\t\t\t<div class=\"post-meta-thumb\">\r\n\r\n\t\t\t\t\t\t\t\t\t\t\t<img decoding=\"async\" src=\"https:\/\/www.corporacionbi.com\/pa\/bibank\/wp-content\/uploads\/2022\/06\/Innovacion.jpg\" alt=\"bi-bank-principios-valores-innovaci\u00f3n\" \/>\r\n\t\t\t\t\t\r\n\t\t\t\t\t\t\t\t\t\t\t\r\n        <div class=\"sh-overlay-style1\">\r\n            <div class=\"sh-table-full\">\r\n                \r\n                                    <a href=\"https:\/\/www.corporacionbi.com\/pa\/bibank\/wp-content\/uploads\/2022\/06\/Innovacion.jpg\" class=\"sh-overlay-item sh-table-cell\" data-rel=\"lightcase:imgCollectionEXdwRKNu4T\">\r\n                        <div class=\"sh-overlay-item-container\">\r\n                            <i class=\"icon-magnifier-add\"><\/i>\r\n                        <\/div>\r\n                    <\/a>\r\n                            <\/div>\r\n        <\/div>\r\n\r\n    \t\t\t\t\t\t\t\t\t<\/div>\r\n\t\t\t<\/div>\r\n\t\t<\/div>\r\n\t\t\t<div class=\"sh-image-gallery-item\">\r\n\t\t\t<div class=\"sh-gallery-item\">\r\n\t\t\t\t<div class=\"post-meta-thumb\">\r\n\r\n\t\t\t\t\t\t\t\t\t\t\t<img decoding=\"async\" src=\"https:\/\/www.corporacionbi.com\/pa\/bibank\/wp-content\/uploads\/2022\/06\/Trabajo-en-equipo.jpg\" alt=\"bi-bank-principios-valores-trabajo-equipo\" \/>\r\n\t\t\t\t\t\r\n\t\t\t\t\t\t\t\t\t\t\t\r\n        <div class=\"sh-overlay-style1\">\r\n            <div class=\"sh-table-full\">\r\n                \r\n                                    <a href=\"https:\/\/www.corporacionbi.com\/pa\/bibank\/wp-content\/uploads\/2022\/06\/Trabajo-en-equipo.jpg\" class=\"sh-overlay-item sh-table-cell\" data-rel=\"lightcase:imgCollectionEXdwRKNu4T\">\r\n                        <div class=\"sh-overlay-item-container\">\r\n                            <i class=\"icon-magnifier-add\"><\/i>\r\n                        <\/div>\r\n                    <\/a>\r\n                            <\/div>\r\n        <\/div>\r\n\r\n    \t\t\t\t\t\t\t\t\t<\/div>\r\n\t\t\t<\/div>\r\n\t\t<\/div>\r\n\t<\/div>\r\n            <style type=\"text\/css\">\r\n                #image-gallery-EXdwRKNu4T .slick-dots li.slick-active button {background-color: #ffb81c!important;}            <\/style>\r\n        [\/vc_column][vc_column width=&#8221;1\/2&#8243;]\r\n<div class=\"sh-heading  \" id=\"heading-G3isChqEOW\">\r\n\t<div class=\"sh-element-margin\">\r\n\r\n\t\t\r\n\t\t\t<h3 class=\"sh-heading-content size-default text-left\">\r\n\t\t\t\tPrincipios y Valores\t\t\t<\/h3>\r\n\r\n\t\t\r\n\t<\/div>\r\n<\/div>\r\n            <style type=\"text\/css\">\r\n                #heading-G3isChqEOW .sh-element-margin {margin: 0px 0px 20px 0px;}#heading-G3isChqEOW .sh-heading-content {font-weight: 700!important;color: #003865;}#heading-G3isChqEOW .sh-heading-content,#heading-G3isChqEOW .sh-heading-additional-text {}            <\/style>\r\n        [vc_tta_accordion spacing=&#8221;5&#8243; c_icon=&#8221;chevron&#8221; active_section=&#8221;&#8221; no_fill=&#8221;true&#8221; collapsible_all=&#8221;true&#8221;][vc_tta_section title=&#8221;Integridad&#8221; tab_id=&#8221;1704408244874-6fd21295-f4ab&#8221;][vc_column_text]Actuamos siempre con la verdad, transparencia, honestidad y respeto.[\/vc_column_text][\/vc_tta_section][vc_tta_section title=&#8221;Entrega&#8221; tab_id=&#8221;1704423575138-5bb52344-7972&#8243;][vc_column_text]Nuestro ritmo constante de trabajo nos distingue.[\/vc_column_text][\/vc_tta_section][vc_tta_section title=&#8221;Trabajo en Equipo&#8221; tab_id=&#8221;1704423598708-b9ff54fb-bd71&#8243;][vc_column_text]Trabajamos juntos para obtener los mejores resultados.[\/vc_column_text][\/vc_tta_section][vc_tta_section title=&#8221;Innovaci\u00f3n&#8221; tab_id=&#8221;1704423596254-50f49c10-2dc3&#8243;][vc_column_text]Buscamos nuevas y mejores maneras de hacer todo lo que hacemos.[\/vc_column_text][\/vc_tta_section][vc_tta_section title=&#8221;Amor a la Patria&#8221; tab_id=&#8221;1727373030258-9ba89623-385f&#8221;][vc_column_text css=&#8221;&#8221;]Orgullosos de nuestra nacionalidad, promovemos el desarrollo de nuestro pa\u00eds apoyando la alfabetizaci\u00f3n, la cultura y el deporte.[\/vc_column_text][\/vc_tta_section][\/vc_tta_accordion][\/vc_column][\/vc_row][\/vc_section]<\/p>\n<\/div>","protected":false},"excerpt":{"rendered":"<p>[vc_section][vc_row][vc_column][\/vc_column][\/vc_row][vc_row overflow=&#8221;default&#8221; css=&#8221;.vc_custom_1656019906917{margin-top: 50px !important;}&#8221;][vc_column width=&#8221;1\/2&#8243;][\/vc_column][vc_column width=&#8221;1\/2&#8243;][vc_column_text]Bi Bank, S.A. es una sociedad Paname\u00f1a de capital 100% privado, que inici\u00f3 operaciones de Licencia General el 18 de Enero de 2016, seg\u00fan autorizaci\u00f3n de la Superintendencia de Bancos de Panam\u00e1, otorgada el 1 de septiembre de 2015&#8230;.<\/p>\n","protected":false},"author":4,"featured_media":0,"parent":0,"menu_order":0,"comment_status":"closed","ping_status":"closed","template":"","meta":{"footnotes":""},"wf_page_folders":[21],"class_list":["post-1034","page","type-page","status-publish","hentry"],"_links":{"self":[{"href":"https:\/\/www.corporacionbi.com\/pa\/bibank\/wp-json\/wp\/v2\/pages\/1034","targetHints":{"allow":["GET"]}}],"collection":[{"href":"https:\/\/www.corporacionbi.com\/pa\/bibank\/wp-json\/wp\/v2\/pages"}],"about":[{"href":"https:\/\/www.corporacionbi.com\/pa\/bibank\/wp-json\/wp\/v2\/types\/page"}],"author":[{"embeddable":true,"href":"https:\/\/www.corporacionbi.com\/pa\/bibank\/wp-json\/wp\/v2\/users\/4"}],"replies":[{"embeddable":true,"href":"https:\/\/www.corporacionbi.com\/pa\/bibank\/wp-json\/wp\/v2\/comments?post=1034"}],"version-history":[{"count":26,"href":"https:\/\/www.corporacionbi.com\/pa\/bibank\/wp-json\/wp\/v2\/pages\/1034\/revisions"}],"predecessor-version":[{"id":6168,"href":"https:\/\/www.corporacionbi.com\/pa\/bibank\/wp-json\/wp\/v2\/pages\/1034\/revisions\/6168"}],"wp:attachment":[{"href":"https:\/\/www.corporacionbi.com\/pa\/bibank\/wp-json\/wp\/v2\/media?parent=1034"}],"wp:term":[{"taxonomy":"wf_page_folders","embeddable":true,"href":"https:\/\/www.corporacionbi.com\/pa\/bibank\/wp-json\/wp\/v2\/wf_page_folders?post=1034"}],"curies":[{"name":"wp","href":"https:\/\/api.w.org\/{rel}","templated":true}]}}