{"id":806,"date":"2023-01-05T23:43:44","date_gmt":"2023-01-05T23:43:44","guid":{"rendered":"https:\/\/www.corporacionbi.com\/gt\/integrada\/?page_id=806"},"modified":"2024-08-23T16:02:35","modified_gmt":"2024-08-23T22:02:35","slug":"otros-servicios","status":"publish","type":"page","link":"https:\/\/www.corporacionbi.com\/gt\/integrada\/otros-servicios\/","title":{"rendered":"Otros Servicios"},"content":{"rendered":"<div class=\"wpb-content-wrapper\"><p>[vc_section][vc_row][vc_column]\n\t\t\t\t<p class=\"rs-p-wp-fix\"><\/p>\n\t\t\t\t<sr7-module data-alias=\"archivo-total-1\" data-id=\"38\" id=\"SR7_38_1\" class=\"rs-ov-hidden\" data-version=\"6.7.54\">\n\t\t\t\t\t<sr7-adjuster><\/sr7-adjuster>\n\t\t\t\t\t<sr7-content>\n\t\t\t\t\t\t<sr7-slide id=\"SR7_38_1-19\" data-key=\"19\">\n\t\t\t\t\t\t\t<sr7-txt id=\"SR7_38_1-19-6\" class=\"sr7-layer\"><strong>Otros Servicios<\/strong><\/sr7-txt>\n\t\t\t\t\t\t\t<sr7-txt id=\"SR7_38_1-19-7\" class=\"sr7-layer\">Variedad de servicios puestos a disposici\u00f3n de nuestros clientes para brindar una mejor opci\u00f3n complementaria a los servicios principales, de acuerdo a las operaciones que los clientes requieran.<\/sr7-txt>\n\t\t\t\t\t\t<\/sr7-slide>\n\t\t\t\t\t\t<sr7-slide id=\"SR7_38_1-43\" data-key=\"43\">\n\t\t\t\t\t\t<\/sr7-slide>\n\t\t\t\t\t<\/sr7-content>\n\t\t\t\t\t<image_lists style=\"display:none\">\n\t\t\t\t\t\t<img data-src=\"\/\/www.corporacionbi.com\/gt\/integrada\/wp-content\/uploads\/2024\/08\/osban.webp\" data-libid=\"1383\" data-lib=\"medialibrary\" alt=\"otros servicios\" title=\"otros servicios\" width=\"0\" height=\"0\" data-dbsrc=\"Ly93d3cuY29ycG9yYWNpb25iaS5jb20vZ3QvaW50ZWdyYWRhL3dwLWNvbnRlbnQvdXBsb2Fkcy8yMDI0LzA4L29zYmFuLndlYnA=\"\/>\n\t\t\t\t\t<\/image_lists>\n\t\t\t\t<\/sr7-module>\n\t\t\t\t<script>\n\t\t\t\t\twindow.SR7 ??={};SR7.PMH ??={}; SR7.PMH[\"SR7_38_1\"] = {cn:100,state:false,fn: function() { if (window._tpt!==undefined && window._tpt.prepareModuleHeight !== undefined) {  _tpt.prepareModuleHeight({id:\"SR7_38_1\",el:[550,550,300,300,300],type:'standard',shdw:'0',gh:[550,550,300,300,300],gw:[1920,1920,1024,778,480],vpt:['-200px&#039;,&#039;-200px&#039;,&#039;-200px&#039;,&#039;-200px&#039;,&#039;-200px'],size:{fullWidth:true, fullHeight:false},mh:'0',onh:0,onw:0,bg:{color:'{\"orig\":\"transparent\",\"type\":\"solid\",\"string\":\"transparent\"}'}});   SR7.PMH[\"SR7_38_1\"].state=true;} else if(SR7.PMH[\"SR7_38_1\"].cn-->0)\tsetTimeout( SR7.PMH[\"SR7_38_1\"].fn,19);}};SR7.PMH[\"SR7_38_1\" ].fn();\n\t\t\t\t<\/script>\n[\/vc_column][\/vc_row][vc_row full_width=&#8221;stretch_row&#8221; overflow=&#8221;default&#8221; css=&#8221;.vc_custom_1672265751007{background-color: #fafafa !important;}&#8221;][vc_column]\r\n            \r\n            <div class=\"sh-empty-space vc_empty_space sh-empty-space-FRYSXpas1W  \" style=\"height: 30px\">\r\n                <span class=\"vc_empty_space_inner\"><\/span>\r\n            <\/div>\r\n\r\n        \n\t\t\t\t<p class=\"rs-p-wp-fix\"><\/p>\n\t\t\t\t<sr7-module data-alias=\"beneficios-archivo-total-1\" data-id=\"39\" id=\"SR7_39_2\" class=\"rs-ov-hidden\" data-version=\"6.7.54\">\n\t\t\t\t\t<sr7-adjuster><\/sr7-adjuster>\n\t\t\t\t\t<sr7-content>\n\t\t\t\t\t\t<sr7-slide id=\"SR7_39_2-20\" data-key=\"20\">\n\t\t\t\t\t\t\t<sr7-txt id=\"SR7_39_2-20-8\" class=\"sr7-layer\"><strong>Beneficios<\/stong><\/sr7-txt>\n\t\t\t\t\t\t\t<sr7-txt id=\"SR7_39_2-20-9\" class=\"sr7-layer\">Que tendr\u00e1s como nuestro cliente<\/sr7-txt>\n\t\t\t\t\t\t<\/sr7-slide>\n\t\t\t\t\t\t<sr7-slide id=\"SR7_39_2-44\" data-key=\"44\">\n\t\t\t\t\t\t<\/sr7-slide>\n\t\t\t\t\t<\/sr7-content>\n\t\t\t\t\t<image_lists style=\"display:none\">\n\t\t\t\t\t\t<img data-src=\"\/\/www.corporacionbi.com\/gt\/integrada\/wp-content\/uploads\/2024\/08\/os.webp\" data-libid=\"1384\" data-lib=\"medialibrary\" alt=\"otros servicios-2\" title=\"otros servicios-2\" width=\"0\" height=\"0\" data-dbsrc=\"Ly93d3cuY29ycG9yYWNpb25iaS5jb20vZ3QvaW50ZWdyYWRhL3dwLWNvbnRlbnQvdXBsb2Fkcy8yMDI0LzA4L29zLndlYnA=\"\/>\n\t\t\t\t\t<\/image_lists>\n\t\t\t\t<\/sr7-module>\n\t\t\t\t<script>\n\t\t\t\t\twindow.SR7 ??={};SR7.PMH ??={}; SR7.PMH[\"SR7_39_2\"] = {cn:100,state:false,fn: function() { if (window._tpt!==undefined && window._tpt.prepareModuleHeight !== undefined) {  _tpt.prepareModuleHeight({id:\"SR7_39_2\",el:[300,300,300,300,300],type:'standard',shdw:'0',gh:[300,300,300,300,300],gw:[1920,1920,1024,778,480],vpt:['-200px&#039;,&#039;-200px&#039;,&#039;-200px&#039;,&#039;-200px&#039;,&#039;-200px'],size:{fullWidth:true, fullHeight:false},mh:'0',onh:0,onw:0,bg:{color:'{\"orig\":\"transparent\",\"type\":\"solid\",\"string\":\"transparent\"}'}});   SR7.PMH[\"SR7_39_2\"].state=true;} else if(SR7.PMH[\"SR7_39_2\"].cn-->0)\tsetTimeout( SR7.PMH[\"SR7_39_2\"].fn,19);}};SR7.PMH[\"SR7_39_2\" ].fn();\n\t\t\t\t<\/script>\n[\/vc_column][\/vc_row][vc_row full_width=&#8221;stretch_row&#8221; overflow=&#8221;default&#8221; css=&#8221;.vc_custom_1672264826994{background-color: #fafafa !important;}&#8221;][vc_column][vc_tta_pageable no_fill_content_area=&#8221;true&#8221; active_section=&#8221;1&#8243; pagination_color=&#8221;turquoise&#8221;][vc_tta_section title=&#8221;Section 1&#8243; tab_id=&#8221;1672263008273-341b9fcb-5c4d5244-7894&#8243;][vc_row_inner][vc_column_inner width=&#8221;1\/3&#8243;][vc_column_text el_class=&#8221;gray&#8221;]<\/p>\n<h5>Centralizaci\u00f3n<\/h5>\n<p>[\/vc_column_text][vc_separator color=&#8221;custom&#8221; align=&#8221;align_left&#8221; border_width=&#8221;2&#8243; el_width=&#8221;50&#8243; css=&#8221;.vc_custom_1672263228642{margin-top: -20px !important;}&#8221; accent_color=&#8221;#2c8b9e&#8221;][vc_column_text]Centralizaci\u00f3n en un solo proveedor de todos los servicios.[\/vc_column_text][\/vc_column_inner][vc_column_inner width=&#8221;1\/3&#8243;][vc_column_text el_class=&#8221;gray&#8221;]<\/p>\n<h5>Servicios<\/h5>\n<p>[\/vc_column_text][vc_separator color=&#8221;custom&#8221; align=&#8221;align_left&#8221; border_width=&#8221;2&#8243; el_width=&#8221;50&#8243; css=&#8221;.vc_custom_1672263282322{margin-top: -20px !important;}&#8221; accent_color=&#8221;#2c8b9e&#8221;][vc_column_text]Servicios hechos a la medida.[\/vc_column_text][\/vc_column_inner][vc_column_inner width=&#8221;1\/3&#8243;][vc_column_text el_class=&#8221;gray&#8221;]<\/p>\n<h5>Pagos electr\u00f3nicos<\/h5>\n<p>[\/vc_column_text][vc_separator color=&#8221;custom&#8221; align=&#8221;align_left&#8221; border_width=&#8221;2&#8243; el_width=&#8221;50&#8243; css=&#8221;.vc_custom_1672263286943{margin-top: -20px !important;}&#8221; accent_color=&#8221;#2c8b9e&#8221;][vc_column_text]Si el cliente utiliza cuentas de Banco Industrial, S.A., puede realizar el pago del servicio de forma electr\u00f3nica.[\/vc_column_text][\/vc_column_inner][\/vc_row_inner][\/vc_tta_section][\/vc_tta_pageable][\/vc_column][\/vc_row][vc_row][vc_column width=&#8221;1\/4&#8243;][vc_single_image image=&#8221;1366&#8243; img_size=&#8221;full&#8221; css=&#8221;&#8221;][\/vc_column][vc_column width=&#8221;3\/4&#8243;]\r\n<div id=\"tabs-RH3sXqn2Bp\" class=\"sh-tabs sh-tabs-style4\">\r\n\t<!-- Tabs -->\r\n\t<ul class=\"nav nav-tabs sh-tabs-filter sh-noselect\" role=\"tablist\">\r\n\t\t\t\t\t\t\t\t\t<li role=\"presentation\" class=\" active\">\r\n\t\t\t\t\t<a href=\"#tab-RH3sXqn2Bp-1\" role=\"tab\" data-toggle=\"tab\">\r\n\t\t\t\t\t\t\r\n\t\t\t\t\t\tRequisitos\r\n\t\t\t\t\t\t\t\t\t\t\t\t\t<span class=\"sh-tabs-icon\">\r\n\t\t\t\t\t\t\t\t<i class=\"icon-doc\"><\/i>\r\n\t\t\t\t\t\t\t<\/span>\r\n\t\t\t\t\t\t\t\t\t\t\t<\/a>\r\n\t\t\t\t<\/li>\r\n\t\t\t\t\t\t\t<li role=\"presentation\" class=\"\">\r\n\t\t\t\t\t<a href=\"#tab-RH3sXqn2Bp-2\" role=\"tab\" data-toggle=\"tab\">\r\n\t\t\t\t\t\t\r\n\t\t\t\t\t\tCaracter\u00edsticas\r\n\t\t\t\t\t\t\t\t\t\t\t\t\t<span class=\"sh-tabs-icon\">\r\n\t\t\t\t\t\t\t\t<i class=\"icon-check\"><\/i>\r\n\t\t\t\t\t\t\t<\/span>\r\n\t\t\t\t\t\t\t\t\t\t\t<\/a>\r\n\t\t\t\t<\/li>\r\n\t\t\t\t\t\t\t<li role=\"presentation\" class=\"\">\r\n\t\t\t\t\t<a href=\"#tab-RH3sXqn2Bp-3\" role=\"tab\" data-toggle=\"tab\">\r\n\t\t\t\t\t\t\r\n\t\t\t\t\t\tPol\u00edticas\r\n\t\t\t\t\t\t\t\t\t\t\t\t\t<span class=\"sh-tabs-icon\">\r\n\t\t\t\t\t\t\t\t<i class=\"ti-list\"><\/i>\r\n\t\t\t\t\t\t\t<\/span>\r\n\t\t\t\t\t\t\t\t\t\t\t<\/a>\r\n\t\t\t\t<\/li>\r\n\t\t\t\t\t\t\t<li role=\"presentation\" class=\"\">\r\n\t\t\t\t\t<a href=\"#tab-RH3sXqn2Bp-4\" role=\"tab\" data-toggle=\"tab\">\r\n\t\t\t\t\t\t\r\n\t\t\t\t\t\tTarifas\r\n\t\t\t\t\t\t\t\t\t\t\t\t\t<span class=\"sh-tabs-icon\">\r\n\t\t\t\t\t\t\t\t<i class=\"icon-cursor\"><\/i>\r\n\t\t\t\t\t\t\t<\/span>\r\n\t\t\t\t\t\t\t\t\t\t\t<\/a>\r\n\t\t\t\t<\/li>\r\n\t\t\t\t\t\t<\/ul>\r\n\r\n\t<!-- Content -->\r\n\t<div class=\"tab-content\">\r\n\t\t\t\t\t\t\t\t\t<div role=\"tabpanel\" class=\"tab-pane fade in active\" id=\"tab-RH3sXqn2Bp-1\">\r\n\t\t\t\t\t<strong>Tomar en cuenta lo siguiente:<\/strong><br>\n\u2022Confirmaci\u00f3n y aceptaci\u00f3n por el cliente, de la cotizaci\u00f3n elaborada por el ejecutivo de ventas\n\t\t\t\t<\/div>\r\n\t\t\t\t\t\t\t<div role=\"tabpanel\" class=\"tab-pane fade\" id=\"tab-RH3sXqn2Bp-2\">\r\n\t\t\t\t\t\u2022Gesti\u00f3n de tr\u00e1mites aduanales y coordinaci\u00f3n de transporte.<br>\n\u2022Almacenaje de veh\u00edculos en predios.<br>\n\u2022Servicio de bascula.<br>\n\u2022Administraci\u00f3n de inventarios.<br>\n\u2022Servicio de uso rampa (trasiego de mercader\u00eda).<br>\n\u2022Servicio de cuadrilla (carga y descarga).<br>\n\n\t\t\t\t<\/div>\r\n\t\t\t\t\t\t\t<div role=\"tabpanel\" class=\"tab-pane fade\" id=\"tab-RH3sXqn2Bp-3\">\r\n\t\t\t\t\t\u2022Servicio de atenci\u00f3n de Lunes a Viernes de 08:00 a 17:00 horas.<br>\n\t\t\t\t<\/div>\r\n\t\t\t\t\t\t\t<div role=\"tabpanel\" class=\"tab-pane fade\" id=\"tab-RH3sXqn2Bp-4\">\r\n\t\t\t\t\t\u2022Las tarifas de tr\u00e1mites aduanales, coordinaci\u00f3n de transporte, almacenaje de veh\u00edculos, administraci\u00f3n de inventarios y el servicio de cuadrilla est\u00e1n sujetas al volumen y tipo de mercader\u00eda.<br>\n\u2022* Las tarifas est\u00e1n sujetas a cambios seg\u00fan fluctuaciones de mercado.<br>\n\n\t\t\t\t<\/div>\r\n\t\t\t\t\t\t<\/div>\r\n<\/div>\r\n            <style type=\"text\/css\">\r\n                #tabs-RH3sXqn2Bp .sh-tabs-filter li:not(.active) a,#tabs-RH3sXqn2Bp .tab-pane {color: #5a5a5a!important;}#tabs-RH3sXqn2Bp .sh-tabs-filter li.active a,#tabs-RH3sXqn2Bp .sh-tabs-filter li:hover a {color: #00c1d4!important;}#tabs-RH3sXqn2Bp .sh-tabs-filter li.active a {border-bottom-color: #00c1d4!important;}#tabs-RH3sXqn2Bp .sh-tabs-filter li a:after {background-color: #00c1d4!important;}#tabs-RH3sXqn2Bp .nav-tabs,#tabs-RH3sXqn2Bp .sh-tabs-filter li {border-color: #707070!important;}            <\/style>\r\n        \r\n            \r\n            <div class=\"sh-empty-space vc_empty_space sh-empty-space-Zu0t8opxLM  \" style=\"height: 50px\">\r\n                <span class=\"vc_empty_space_inner\"><\/span>\r\n            <\/div>\r\n\r\n        [\/vc_column][\/vc_row][vc_row full_width=&#8221;stretch_row&#8221; overflow=&#8221;default&#8221; css=&#8221;.vc_custom_1672264882633{background-color: #2c8b9e !important;}&#8221;][vc_column][vc_raw_html el_class=&#8221;iconblanco&#8221;]JTNDY2VudGVyJTNFJTNDaSUyMGNsYXNzJTNEJTIyYWxtYWNlbmFkb3JhLW1haWwlMjBpY29uYmxhbmNvJTIyJTNFJTNDJTJGaSUzRSUzQyUyRmNlbnRlciUzRQ==[\/vc_raw_html][vc_column_text]<\/p>\n<h2 style= \"text-align: center; color: #FFFFFF !important;\"> Guardemos el contacto<\/h2>\n<p>[\/vc_column_text][vc_btn title=&#8221;Escr\u00edbenos aqu\u00ed&#8221; align=&#8221;center&#8221; el_class=&#8221;fondobtn3&#8243; link=&#8221;url:https%3A%2F%2Fwww.corporacionbi.com%2Fgt%2Fintegrada%2Fcontacto%2F&#8221;]\r\n            \r\n            <div class=\"sh-empty-space vc_empty_space sh-empty-space-SPacYZCx0B  \" style=\"height: 20px\">\r\n                <span class=\"vc_empty_space_inner\"><\/span>\r\n            <\/div>\r\n\r\n        [\/vc_column][\/vc_row][\/vc_section][vc_row][vc_column][\/vc_column][\/vc_row]<\/p>\n<\/div>","protected":false},"excerpt":{"rendered":"<p>[vc_section][vc_row][vc_column][\/vc_column][\/vc_row][vc_row full_width=&#8221;stretch_row&#8221; overflow=&#8221;default&#8221; css=&#8221;.vc_custom_1672265751007{background-color: #fafafa !important;}&#8221;][vc_column][\/vc_column][\/vc_row][vc_row full_width=&#8221;stretch_row&#8221; overflow=&#8221;default&#8221; css=&#8221;.vc_custom_1672264826994{background-color: #fafafa !important;}&#8221;][vc_column][vc_tta_pageable no_fill_content_area=&#8221;true&#8221; active_section=&#8221;1&#8243; pagination_color=&#8221;turquoise&#8221;][vc_tta_section title=&#8221;Section 1&#8243; tab_id=&#8221;1672263008273-341b9fcb-5c4d5244-7894&#8243;][vc_row_inner][vc_column_inner width=&#8221;1\/3&#8243;][vc_column_text el_class=&#8221;gray&#8221;] Centralizaci\u00f3n [\/vc_column_text][vc_separator color=&#8221;custom&#8221; align=&#8221;align_left&#8221; border_width=&#8221;2&#8243; el_width=&#8221;50&#8243; css=&#8221;.vc_custom_1672263228642{margin-top: -20px !important;}&#8221; accent_color=&#8221;#2c8b9e&#8221;][vc_column_text]Centralizaci\u00f3n en un solo proveedor de todos los servicios.[\/vc_column_text][\/vc_column_inner][vc_column_inner width=&#8221;1\/3&#8243;][vc_column_text el_class=&#8221;gray&#8221;] Servicios [\/vc_column_text][vc_separator color=&#8221;custom&#8221; align=&#8221;align_left&#8221; border_width=&#8221;2&#8243; el_width=&#8221;50&#8243;&#8230;<\/p>\n","protected":false},"author":2,"featured_media":0,"parent":0,"menu_order":0,"comment_status":"closed","ping_status":"closed","template":"","meta":{"footnotes":""},"wf_page_folders":[14],"class_list":["post-806","page","type-page","status-publish","hentry"],"_links":{"self":[{"href":"https:\/\/www.corporacionbi.com\/gt\/integrada\/wp-json\/wp\/v2\/pages\/806","targetHints":{"allow":["GET"]}}],"collection":[{"href":"https:\/\/www.corporacionbi.com\/gt\/integrada\/wp-json\/wp\/v2\/pages"}],"about":[{"href":"https:\/\/www.corporacionbi.com\/gt\/integrada\/wp-json\/wp\/v2\/types\/page"}],"author":[{"embeddable":true,"href":"https:\/\/www.corporacionbi.com\/gt\/integrada\/wp-json\/wp\/v2\/users\/2"}],"replies":[{"embeddable":true,"href":"https:\/\/www.corporacionbi.com\/gt\/integrada\/wp-json\/wp\/v2\/comments?post=806"}],"version-history":[{"count":10,"href":"https:\/\/www.corporacionbi.com\/gt\/integrada\/wp-json\/wp\/v2\/pages\/806\/revisions"}],"predecessor-version":[{"id":1385,"href":"https:\/\/www.corporacionbi.com\/gt\/integrada\/wp-json\/wp\/v2\/pages\/806\/revisions\/1385"}],"wp:attachment":[{"href":"https:\/\/www.corporacionbi.com\/gt\/integrada\/wp-json\/wp\/v2\/media?parent=806"}],"wp:term":[{"taxonomy":"wf_page_folders","embeddable":true,"href":"https:\/\/www.corporacionbi.com\/gt\/integrada\/wp-json\/wp\/v2\/wf_page_folders?post=806"}],"curies":[{"name":"wp","href":"https:\/\/api.w.org\/{rel}","templated":true}]}}