{"id":802,"date":"2023-01-05T23:31:58","date_gmt":"2023-01-05T23:31:58","guid":{"rendered":"https:\/\/www.corporacionbi.com\/gt\/integrada\/?page_id=802"},"modified":"2024-08-23T15:58:30","modified_gmt":"2024-08-23T21:58:30","slug":"predio-vehiculos","status":"publish","type":"page","link":"https:\/\/www.corporacionbi.com\/gt\/integrada\/predio-vehiculos\/","title":{"rendered":"Predio Veh\u00edculos"},"content":{"rendered":"<div class=\"wpb-content-wrapper\"><p>[vc_section][vc_row][vc_column]\n\t\t\t\t<p class=\"rs-p-wp-fix\"><\/p>\n\t\t\t\t<sr7-module data-alias=\"cuartos-frios-1\" data-id=\"36\" id=\"SR7_36_1\" class=\"rs-ov-hidden\" data-version=\"6.7.54\">\n\t\t\t\t\t<sr7-adjuster><\/sr7-adjuster>\n\t\t\t\t\t<sr7-content>\n\t\t\t\t\t\t<sr7-slide id=\"SR7_36_1-18\" data-key=\"18\">\n\t\t\t\t\t\t\t<sr7-txt id=\"SR7_36_1-18-6\" class=\"sr7-layer\"><strong>Predio Veh\u00edculos<\/strong><\/sr7-txt>\n\t\t\t\t\t\t\t<sr7-txt id=\"SR7_36_1-18-7\" class=\"sr7-layer\">Predio para veh\u00edculos nuevos o usados, puede funcionar como almac\u00e9n general con impuestos liquidados o almac\u00e9n fiscal sin haber cancelado los impuestos de importaci\u00f3n e impuestos arancelarios.<\/sr7-txt>\n\t\t\t\t\t\t<\/sr7-slide>\n\t\t\t\t\t\t<sr7-slide id=\"SR7_36_1-42\" data-key=\"42\">\n\t\t\t\t\t\t<\/sr7-slide>\n\t\t\t\t\t<\/sr7-content>\n\t\t\t\t\t<image_lists style=\"display:none\">\n\t\t\t\t\t\t<img data-src=\"\/\/www.corporacionbi.com\/gt\/integrada\/wp-content\/uploads\/2024\/08\/predban.webp\" data-libid=\"1379\" data-lib=\"medialibrary\" alt=\"Predio de veh\u00edculos\" title=\"Predio de veh\u00edculos\" width=\"0\" height=\"0\" data-dbsrc=\"Ly93d3cuY29ycG9yYWNpb25iaS5jb20vZ3QvaW50ZWdyYWRhL3dwLWNvbnRlbnQvdXBsb2Fkcy8yMDI0LzA4L3ByZWRiYW4ud2VicA==\"\/>\n\t\t\t\t\t<\/image_lists>\n\t\t\t\t<\/sr7-module>\n\t\t\t\t<script>\n\t\t\t\t\twindow.SR7 ??={};SR7.PMH ??={}; SR7.PMH[\"SR7_36_1\"] = {cn:100,state:false,fn: function() { if (window._tpt!==undefined && window._tpt.prepareModuleHeight !== undefined) {  _tpt.prepareModuleHeight({id:\"SR7_36_1\",el:[550,550,300,300,300],type:'standard',shdw:'0',gh:[550,550,300,300,300],gw:[1920,1920,1024,778,480],vpt:['-200px&#039;,&#039;-200px&#039;,&#039;-200px&#039;,&#039;-200px&#039;,&#039;-200px'],size:{fullWidth:true, fullHeight:false},mh:'0',onh:0,onw:0,bg:{color:'{\"orig\":\"transparent\",\"type\":\"solid\",\"string\":\"transparent\"}'}});   SR7.PMH[\"SR7_36_1\"].state=true;} else if(SR7.PMH[\"SR7_36_1\"].cn-->0)\tsetTimeout( SR7.PMH[\"SR7_36_1\"].fn,19);}};SR7.PMH[\"SR7_36_1\" ].fn();\n\t\t\t\t<\/script>\n[\/vc_column][\/vc_row][vc_row full_width=&#8221;stretch_row&#8221; overflow=&#8221;default&#8221; css=&#8221;.vc_custom_1672265751007{background-color: #fafafa !important;}&#8221;][vc_column]\r\n            \r\n            <div class=\"sh-empty-space vc_empty_space sh-empty-space-OC6KxtVvEw  \" style=\"height: 30px\">\r\n                <span class=\"vc_empty_space_inner\"><\/span>\r\n            <\/div>\r\n\r\n        \n\t\t\t\t<p class=\"rs-p-wp-fix\"><\/p>\n\t\t\t\t<sr7-module data-alias=\"beneficios-cuartos-frios-1\" data-id=\"35\" id=\"SR7_35_2\" class=\"rs-ov-hidden\" data-version=\"6.7.54\">\n\t\t\t\t\t<sr7-adjuster><\/sr7-adjuster>\n\t\t\t\t\t<sr7-content>\n\t\t\t\t\t\t<sr7-slide id=\"SR7_35_2-17\" data-key=\"17\">\n\t\t\t\t\t\t\t<sr7-txt id=\"SR7_35_2-17-8\" class=\"sr7-layer\"><strong>Beneficios<\/stong><\/sr7-txt>\n\t\t\t\t\t\t\t<sr7-txt id=\"SR7_35_2-17-9\" class=\"sr7-layer\">Que tendr\u00e1s como nuestro cliente<\/sr7-txt>\n\t\t\t\t\t\t<\/sr7-slide>\n\t\t\t\t\t\t<sr7-slide id=\"SR7_35_2-41\" data-key=\"41\">\n\t\t\t\t\t\t<\/sr7-slide>\n\t\t\t\t\t<\/sr7-content>\n\t\t\t\t\t<image_lists style=\"display:none\">\n\t\t\t\t\t\t<img data-src=\"\/\/www.corporacionbi.com\/gt\/integrada\/wp-content\/uploads\/2024\/08\/c.webp\" data-libid=\"1380\" data-lib=\"medialibrary\" alt=\"Predio de veh\u00edculos\" title=\"Predio de veh\u00edculos\" width=\"0\" height=\"0\" data-dbsrc=\"Ly93d3cuY29ycG9yYWNpb25iaS5jb20vZ3QvaW50ZWdyYWRhL3dwLWNvbnRlbnQvdXBsb2Fkcy8yMDI0LzA4L2Mud2VicA==\"\/>\n\t\t\t\t\t<\/image_lists>\n\t\t\t\t<\/sr7-module>\n\t\t\t\t<script>\n\t\t\t\t\twindow.SR7 ??={};SR7.PMH ??={}; SR7.PMH[\"SR7_35_2\"] = {cn:100,state:false,fn: function() { if (window._tpt!==undefined && window._tpt.prepareModuleHeight !== undefined) {  _tpt.prepareModuleHeight({id:\"SR7_35_2\",el:[300,300,300,300,300],type:'standard',shdw:'0',gh:[300,300,300,300,300],gw:[1920,1920,1024,778,480],vpt:['-200px&#039;,&#039;-200px&#039;,&#039;-200px&#039;,&#039;-200px&#039;,&#039;-200px'],size:{fullWidth:true, fullHeight:false},mh:'0',onh:0,onw:0,bg:{color:'{\"orig\":\"transparent\",\"type\":\"solid\",\"string\":\"transparent\"}'}});   SR7.PMH[\"SR7_35_2\"].state=true;} else if(SR7.PMH[\"SR7_35_2\"].cn-->0)\tsetTimeout( SR7.PMH[\"SR7_35_2\"].fn,19);}};SR7.PMH[\"SR7_35_2\" ].fn();\n\t\t\t\t<\/script>\n[\/vc_column][\/vc_row][vc_row full_width=&#8221;stretch_row&#8221; overflow=&#8221;default&#8221; css=&#8221;.vc_custom_1672264826994{background-color: #fafafa !important;}&#8221;][vc_column][vc_tta_pageable no_fill_content_area=&#8221;true&#8221; active_section=&#8221;1&#8243; pagination_color=&#8221;turquoise&#8221;][vc_tta_section title=&#8221;Section 1&#8243; tab_id=&#8221;1672263008273-341b9fcb-5c4dfdf9-2841&#8243;][vc_row_inner][vc_column_inner width=&#8221;1\/4&#8243;][vc_column_text el_class=&#8221;gray&#8221;]<\/p>\n<h5>Resguardo<\/h5>\n<p>[\/vc_column_text][vc_separator color=&#8221;custom&#8221; align=&#8221;align_left&#8221; border_width=&#8221;2&#8243; el_width=&#8221;50&#8243; css=&#8221;.vc_custom_1672263228642{margin-top: -20px !important;}&#8221; accent_color=&#8221;#2c8b9e&#8221;][vc_column_text]Resguardo de veh\u00edculos por un plazo m\u00e1ximo de un a\u00f1o sin pago de impuestos de importaci\u00f3n y arancel.[\/vc_column_text][\/vc_column_inner][vc_column_inner width=&#8221;1\/4&#8243;][vc_column_text el_class=&#8221;gray&#8221;]<\/p>\n<h5>Cobertura<\/h5>\n<p>[\/vc_column_text][vc_separator color=&#8221;custom&#8221; align=&#8221;align_left&#8221; border_width=&#8221;2&#8243; el_width=&#8221;50&#8243; css=&#8221;.vc_custom_1672263282322{margin-top: -20px !important;}&#8221; accent_color=&#8221;#2c8b9e&#8221;][vc_column_text]Cobertura de seguro contra todo riesgo de los veh\u00edculos almacenados.[\/vc_column_text][\/vc_column_inner][vc_column_inner width=&#8221;1\/4&#8243;][vc_column_text el_class=&#8221;gray&#8221;]<\/p>\n<h5>Traslado<\/h5>\n<p>[\/vc_column_text][vc_separator color=&#8221;custom&#8221; align=&#8221;align_left&#8221; border_width=&#8221;2&#8243; el_width=&#8221;50&#8243; css=&#8221;.vc_custom_1672263286943{margin-top: -20px !important;}&#8221; accent_color=&#8221;#2c8b9e&#8221;][vc_column_text]Opci\u00f3n de trasladar los veh\u00edculos con impuestos pagados a bodega general.[\/vc_column_text][\/vc_column_inner][vc_column_inner width=&#8221;1\/4&#8243;][vc_column_text el_class=&#8221;gray&#8221;]<\/p>\n<h5>Endoso<\/h5>\n<p>[\/vc_column_text][vc_separator color=&#8221;custom&#8221; align=&#8221;align_left&#8221; border_width=&#8221;2&#8243; el_width=&#8221;50&#8243; css=&#8221;.vc_custom_1672263292132{margin-top: -20px !important;}&#8221; accent_color=&#8221;#2c8b9e&#8221;][vc_column_text]Endosar total o parcialmente los veh\u00edculos a terceros.[\/vc_column_text][\/vc_column_inner][\/vc_row_inner][\/vc_tta_section][vc_tta_section title=&#8221;Section 2&#8243; tab_id=&#8221;1672263008281-b59a1ec1-4764fdf9-2841&#8243;][vc_row_inner][vc_column_inner width=&#8221;1\/4&#8243;][vc_column_text el_class=&#8221;gray&#8221;]<\/p>\n<h5>Re-exportaci\u00f3n<\/h5>\n<p>[\/vc_column_text][vc_separator color=&#8221;custom&#8221; align=&#8221;align_left&#8221; border_width=&#8221;2&#8243; el_width=&#8221;50&#8243; accent_color=&#8221;#2c8b9e&#8221;][vc_column_text]Re-exportaci\u00f3n de veh\u00edculos sin pago de impuestos de importaci\u00f3n o arancelarios en nuestro pa\u00eds.[\/vc_column_text][\/vc_column_inner][vc_column_inner width=&#8221;1\/4&#8243;][vc_column_text el_class=&#8221;gray&#8221;]<\/p>\n<h5>Pago electr\u00f3nico<\/h5>\n<p>[\/vc_column_text][vc_separator color=&#8221;custom&#8221; align=&#8221;align_left&#8221; border_width=&#8221;2&#8243; el_width=&#8221;50&#8243; accent_color=&#8221;#2c8b9e&#8221;][vc_column_text]Si el cliente utiliza cuentas de Banco Industrial, S.A., puede realizar el pago del servicio de forma electr\u00f3nica.[\/vc_column_text][\/vc_column_inner][vc_column_inner width=&#8221;1\/4&#8243;][\/vc_column_inner][vc_column_inner width=&#8221;1\/4&#8243;][\/vc_column_inner][\/vc_row_inner]\r\n            \r\n            <div class=\"sh-empty-space vc_empty_space sh-empty-space-7e02LKOIX1  \" style=\"height: 30px\">\r\n                <span class=\"vc_empty_space_inner\"><\/span>\r\n            <\/div>\r\n\r\n        [\/vc_tta_section][\/vc_tta_pageable][\/vc_column][\/vc_row][vc_row][vc_column width=&#8221;1\/4&#8243;][vc_single_image image=&#8221;1381&#8243; img_size=&#8221;full&#8221; css=&#8221;&#8221;][\/vc_column][vc_column width=&#8221;3\/4&#8243;]\r\n<div id=\"tabs-eRKwdphV7a\" class=\"sh-tabs sh-tabs-style4\">\r\n\t<!-- Tabs -->\r\n\t<ul class=\"nav nav-tabs sh-tabs-filter sh-noselect\" role=\"tablist\">\r\n\t\t\t\t\t\t\t\t\t<li role=\"presentation\" class=\" active\">\r\n\t\t\t\t\t<a href=\"#tab-eRKwdphV7a-1\" role=\"tab\" data-toggle=\"tab\">\r\n\t\t\t\t\t\t\r\n\t\t\t\t\t\tRequisitos\r\n\t\t\t\t\t\t\t\t\t\t\t\t\t<span class=\"sh-tabs-icon\">\r\n\t\t\t\t\t\t\t\t<i class=\"icon-doc\"><\/i>\r\n\t\t\t\t\t\t\t<\/span>\r\n\t\t\t\t\t\t\t\t\t\t\t<\/a>\r\n\t\t\t\t<\/li>\r\n\t\t\t\t\t\t\t<li role=\"presentation\" class=\"\">\r\n\t\t\t\t\t<a href=\"#tab-eRKwdphV7a-2\" role=\"tab\" data-toggle=\"tab\">\r\n\t\t\t\t\t\t\r\n\t\t\t\t\t\tCaracter\u00edsticas\r\n\t\t\t\t\t\t\t\t\t\t\t\t\t<span class=\"sh-tabs-icon\">\r\n\t\t\t\t\t\t\t\t<i class=\"icon-check\"><\/i>\r\n\t\t\t\t\t\t\t<\/span>\r\n\t\t\t\t\t\t\t\t\t\t\t<\/a>\r\n\t\t\t\t<\/li>\r\n\t\t\t\t\t\t\t<li role=\"presentation\" class=\"\">\r\n\t\t\t\t\t<a href=\"#tab-eRKwdphV7a-3\" role=\"tab\" data-toggle=\"tab\">\r\n\t\t\t\t\t\t\r\n\t\t\t\t\t\tPol\u00edticas\r\n\t\t\t\t\t\t\t\t\t\t\t\t\t<span class=\"sh-tabs-icon\">\r\n\t\t\t\t\t\t\t\t<i class=\"ti-list\"><\/i>\r\n\t\t\t\t\t\t\t<\/span>\r\n\t\t\t\t\t\t\t\t\t\t\t<\/a>\r\n\t\t\t\t<\/li>\r\n\t\t\t\t\t\t\t<li role=\"presentation\" class=\"\">\r\n\t\t\t\t\t<a href=\"#tab-eRKwdphV7a-4\" role=\"tab\" data-toggle=\"tab\">\r\n\t\t\t\t\t\t\r\n\t\t\t\t\t\tTarifas\r\n\t\t\t\t\t\t\t\t\t\t\t\t\t<span class=\"sh-tabs-icon\">\r\n\t\t\t\t\t\t\t\t<i class=\"icon-cursor\"><\/i>\r\n\t\t\t\t\t\t\t<\/span>\r\n\t\t\t\t\t\t\t\t\t\t\t<\/a>\r\n\t\t\t\t<\/li>\r\n\t\t\t\t\t\t<\/ul>\r\n\r\n\t<!-- Content -->\r\n\t<div class=\"tab-content\">\r\n\t\t\t\t\t\t\t\t\t<div role=\"tabpanel\" class=\"tab-pane fade in active\" id=\"tab-eRKwdphV7a-1\">\r\n\t\t\t\t\tAlmac\u00e9n fiscal:<br>\n\u2022Solicitud de carta de cupo.<br>\n\u2022Confirmaci\u00f3n y aceptaci\u00f3n por el cliente, de la cotizaci\u00f3n elaborada por el ejecutivo de ventas.<br><br>\n\nAlmac\u00e9n general:<br>\n\u2022Copia de p\u00f3liza de traslado, factura o certificaci\u00f3n contable que especifique el valor de los veh\u00edculos.<br>\n\u2022Registro de firmas de personas autorizadas para retirar la mercader\u00eda.<br>\n\u2022Formularios de la Intendencia de Verificaci\u00f3n Especial (IVE), sus requisitos y formulario PEP.<br>\n\n\t\t\t\t<\/div>\r\n\t\t\t\t\t\t\t<div role=\"tabpanel\" class=\"tab-pane fade\" id=\"tab-eRKwdphV7a-2\">\r\n\t\t\t\t\t\u2022Aduana autorizada por la Superintendencia de Administraci\u00f3n Tributaria.<br>\n\u2022Servicio de atenci\u00f3n por Delegaci\u00f3n de SAT y personal de integrada Integrada, S.A.<br>\n\u2022Amplio predio habilitado para estacionamiento y resguardo del transporte.<br>\n\u2022Amplio espacio para maniobras de contenedores.<br>\n\u2022Recintos autorizados por la Superintendencia de Administraci\u00f3n Tributaria.<br>\n\u2022Ubicaciones para almacenamiento con capacidad para 3,000 veh\u00edculos.<br>\t\t\t\t<\/div>\r\n\t\t\t\t\t\t\t<div role=\"tabpanel\" class=\"tab-pane fade\" id=\"tab-eRKwdphV7a-3\">\r\n\t\t\t\t\t\u2022Producto utilizado por clientes individuales y jur\u00eddicos que no posean litigios o contingencias.<br>\n\u2022Servicio de atenci\u00f3n por Delegaci\u00f3n de SAT de Lunes a Viernes de 08:00 a 16:00 horas.<br>\n\u2022Servicio de atenci\u00f3n por personal de integrada Integrada, S.A. de Lunes a Viernes de 08:00 a 17:00 horas.<br>\n\u2022Servicio de atenci\u00f3n en tiempo extraordinario solicitado con anticipaci\u00f3n por el cliente y previa autorizaci\u00f3n de SAT.<br>\n\u2022Para poder retirar su veh\u00edculo deber\u00e1 tener cancelados en su totalidad los servicios prestados por la integrada.<br>\n\n\t\t\t\t<\/div>\r\n\t\t\t\t\t\t\t<div role=\"tabpanel\" class=\"tab-pane fade\" id=\"tab-eRKwdphV7a-4\">\r\n\t\t\t\t\t\u2022Almacenaje por veh\u00edculo y\/o unidad Q.150.00 mensual (Cobro m\u00ednimo mensual Q.550.00) *<br>\n\u2022* Las tarifas est\u00e1n sujetas a cambios seg\u00fan fluctuaciones de mercado.<br>\n\u2022* Tarifas negociables y preferenciales seg\u00fan el tipo y volumen de los veh\u00edculos.<br>\n\n\t\t\t\t<\/div>\r\n\t\t\t\t\t\t<\/div>\r\n<\/div>\r\n            <style type=\"text\/css\">\r\n                #tabs-eRKwdphV7a .sh-tabs-filter li:not(.active) a,#tabs-eRKwdphV7a .tab-pane {color: #5a5a5a!important;}#tabs-eRKwdphV7a .sh-tabs-filter li.active a,#tabs-eRKwdphV7a .sh-tabs-filter li:hover a {color: #00c1d4!important;}#tabs-eRKwdphV7a .sh-tabs-filter li.active a {border-bottom-color: #00c1d4!important;}#tabs-eRKwdphV7a .sh-tabs-filter li a:after {background-color: #00c1d4!important;}#tabs-eRKwdphV7a .nav-tabs,#tabs-eRKwdphV7a .sh-tabs-filter li {border-color: #707070!important;}            <\/style>\r\n        \r\n            \r\n            <div class=\"sh-empty-space vc_empty_space sh-empty-space-qxjP78oYuD  \" style=\"height: 50px\">\r\n                <span class=\"vc_empty_space_inner\"><\/span>\r\n            <\/div>\r\n\r\n        [\/vc_column][\/vc_row][vc_row full_width=&#8221;stretch_row&#8221; overflow=&#8221;default&#8221; css=&#8221;.vc_custom_1672264882633{background-color: #2c8b9e !important;}&#8221;][vc_column][vc_raw_html el_class=&#8221;iconblanco&#8221;]JTNDY2VudGVyJTNFJTNDaSUyMGNsYXNzJTNEJTIyYWxtYWNlbmFkb3JhLW1haWwlMjBpY29uYmxhbmNvJTIyJTNFJTNDJTJGaSUzRSUzQyUyRmNlbnRlciUzRQ==[\/vc_raw_html][vc_custom_heading text=&#8221;<\/p>\n<h2 style= ``text-align: center; color: #FFFFFF !important;``> Guardemos contacto<\/h2>\n<p>&#8221; font_container=&#8221;tag:h2|text_align:center|color:%23ffffff&#8221; css=&#8221;.vc_custom_1674681136932{margin-top: -20px !important;}&#8221;][vc_btn title=&#8221;Escr\u00edbenos aqu\u00ed&#8221; align=&#8221;center&#8221; el_class=&#8221;fondobtn3&#8243; link=&#8221;url:https%3A%2F%2Fwww.corporacionbi.com%2Fgt%2Fintegrada%2Fcontacto%2F&#8221;]\r\n            \r\n            <div class=\"sh-empty-space vc_empty_space sh-empty-space-zioEUZGw0P  \" style=\"height: 20px\">\r\n                <span class=\"vc_empty_space_inner\"><\/span>\r\n            <\/div>\r\n\r\n        [\/vc_column][\/vc_row][\/vc_section]<\/p>\n<\/div>","protected":false},"excerpt":{"rendered":"<p>[vc_section][vc_row][vc_column][\/vc_column][\/vc_row][vc_row full_width=&#8221;stretch_row&#8221; overflow=&#8221;default&#8221; css=&#8221;.vc_custom_1672265751007{background-color: #fafafa !important;}&#8221;][vc_column][\/vc_column][\/vc_row][vc_row full_width=&#8221;stretch_row&#8221; overflow=&#8221;default&#8221; css=&#8221;.vc_custom_1672264826994{background-color: #fafafa !important;}&#8221;][vc_column][vc_tta_pageable no_fill_content_area=&#8221;true&#8221; active_section=&#8221;1&#8243; pagination_color=&#8221;turquoise&#8221;][vc_tta_section title=&#8221;Section 1&#8243; tab_id=&#8221;1672263008273-341b9fcb-5c4dfdf9-2841&#8243;][vc_row_inner][vc_column_inner width=&#8221;1\/4&#8243;][vc_column_text el_class=&#8221;gray&#8221;] Resguardo [\/vc_column_text][vc_separator color=&#8221;custom&#8221; align=&#8221;align_left&#8221; border_width=&#8221;2&#8243; el_width=&#8221;50&#8243; css=&#8221;.vc_custom_1672263228642{margin-top: -20px !important;}&#8221; accent_color=&#8221;#2c8b9e&#8221;][vc_column_text]Resguardo de veh\u00edculos por un plazo m\u00e1ximo de un a\u00f1o sin pago de impuestos de importaci\u00f3n y&#8230;<\/p>\n","protected":false},"author":2,"featured_media":0,"parent":0,"menu_order":0,"comment_status":"closed","ping_status":"closed","template":"","meta":{"footnotes":""},"wf_page_folders":[14],"class_list":["post-802","page","type-page","status-publish","hentry"],"_links":{"self":[{"href":"https:\/\/www.corporacionbi.com\/gt\/integrada\/wp-json\/wp\/v2\/pages\/802","targetHints":{"allow":["GET"]}}],"collection":[{"href":"https:\/\/www.corporacionbi.com\/gt\/integrada\/wp-json\/wp\/v2\/pages"}],"about":[{"href":"https:\/\/www.corporacionbi.com\/gt\/integrada\/wp-json\/wp\/v2\/types\/page"}],"author":[{"embeddable":true,"href":"https:\/\/www.corporacionbi.com\/gt\/integrada\/wp-json\/wp\/v2\/users\/2"}],"replies":[{"embeddable":true,"href":"https:\/\/www.corporacionbi.com\/gt\/integrada\/wp-json\/wp\/v2\/comments?post=802"}],"version-history":[{"count":8,"href":"https:\/\/www.corporacionbi.com\/gt\/integrada\/wp-json\/wp\/v2\/pages\/802\/revisions"}],"predecessor-version":[{"id":1382,"href":"https:\/\/www.corporacionbi.com\/gt\/integrada\/wp-json\/wp\/v2\/pages\/802\/revisions\/1382"}],"wp:attachment":[{"href":"https:\/\/www.corporacionbi.com\/gt\/integrada\/wp-json\/wp\/v2\/media?parent=802"}],"wp:term":[{"taxonomy":"wf_page_folders","embeddable":true,"href":"https:\/\/www.corporacionbi.com\/gt\/integrada\/wp-json\/wp\/v2\/wf_page_folders?post=802"}],"curies":[{"name":"wp","href":"https:\/\/api.w.org\/{rel}","templated":true}]}}