{"id":798,"date":"2023-01-05T23:25:25","date_gmt":"2023-01-05T23:25:25","guid":{"rendered":"https:\/\/www.corporacionbi.com\/gt\/integrada\/?page_id=798"},"modified":"2024-08-23T15:49:09","modified_gmt":"2024-08-23T21:49:09","slug":"archivo-total","status":"publish","type":"page","link":"https:\/\/www.corporacionbi.com\/gt\/integrada\/archivo-total\/","title":{"rendered":"Archivo Total"},"content":{"rendered":"<div class=\"wpb-content-wrapper\"><p>[vc_section][vc_row][vc_column]\n\t\t\t\t<p class=\"rs-p-wp-fix\"><\/p>\n\t\t\t\t<sr7-module data-alias=\"bodega-general-1\" data-id=\"33\" id=\"SR7_33_1\" class=\"rs-ov-hidden\" data-version=\"6.7.54\">\n\t\t\t\t\t<sr7-adjuster><\/sr7-adjuster>\n\t\t\t\t\t<sr7-content>\n\t\t\t\t\t\t<sr7-slide id=\"SR7_33_1-16\" data-key=\"16\">\n\t\t\t\t\t\t\t<sr7-txt id=\"SR7_33_1-16-6\" class=\"sr7-layer\"><strong>Archivo Total<\/strong><\/sr7-txt>\n\t\t\t\t\t\t\t<sr7-txt id=\"SR7_33_1-16-7\" class=\"sr7-layer\">Una soluci\u00f3n tecnol\u00f3gica para la administraci\u00f3n, coordinaci\u00f3n y control de archivos documentales, incorporando el proceso integral de la gesti\u00f3n documental y f\u00edsica, para el almacenaje de sus archivos.<\/sr7-txt>\n\t\t\t\t\t\t<\/sr7-slide>\n\t\t\t\t\t\t<sr7-slide id=\"SR7_33_1-40\" data-key=\"40\">\n\t\t\t\t\t\t<\/sr7-slide>\n\t\t\t\t\t<\/sr7-content>\n\t\t\t\t\t<image_lists style=\"display:none\">\n\t\t\t\t\t\t<img data-src=\"\/\/www.corporacionbi.com\/gt\/integrada\/wp-content\/uploads\/2024\/08\/doc.webp\" data-libid=\"1376\" data-lib=\"medialibrary\" alt=\"Archivos\" title=\"Archivos\" width=\"0\" height=\"0\" data-dbsrc=\"Ly93d3cuY29ycG9yYWNpb25iaS5jb20vZ3QvaW50ZWdyYWRhL3dwLWNvbnRlbnQvdXBsb2Fkcy8yMDI0LzA4L2RvYy53ZWJw\"\/>\n\t\t\t\t\t<\/image_lists>\n\t\t\t\t<\/sr7-module>\n\t\t\t\t<script>\n\t\t\t\t\twindow.SR7 ??={};SR7.PMH ??={}; SR7.PMH[\"SR7_33_1\"] = {cn:100,state:false,fn: function() { if (window._tpt!==undefined && window._tpt.prepareModuleHeight !== undefined) {  _tpt.prepareModuleHeight({id:\"SR7_33_1\",el:[550,550,300,300,300],type:'standard',shdw:'0',gh:[550,550,300,300,300],gw:[1920,1920,1024,778,480],vpt:['-200px&#039;,&#039;-200px&#039;,&#039;-200px&#039;,&#039;-200px&#039;,&#039;-200px'],size:{fullWidth:true, fullHeight:false},mh:'0',onh:0,onw:0,bg:{color:'{\"orig\":\"transparent\",\"type\":\"solid\",\"string\":\"transparent\"}'}});   SR7.PMH[\"SR7_33_1\"].state=true;} else if(SR7.PMH[\"SR7_33_1\"].cn-->0)\tsetTimeout( SR7.PMH[\"SR7_33_1\"].fn,19);}};SR7.PMH[\"SR7_33_1\" ].fn();\n\t\t\t\t<\/script>\n[\/vc_column][\/vc_row][vc_row full_width=&#8221;stretch_row&#8221; overflow=&#8221;default&#8221; css=&#8221;.vc_custom_1672265751007{background-color: #fafafa !important;}&#8221;][vc_column]\r\n            \r\n            <div class=\"sh-empty-space vc_empty_space sh-empty-space-R5mMy04XEV  \" style=\"height: 30px\">\r\n                <span class=\"vc_empty_space_inner\"><\/span>\r\n            <\/div>\r\n\r\n        \n\t\t\t\t<p class=\"rs-p-wp-fix\"><\/p>\n\t\t\t\t<sr7-module data-alias=\"beneficios-bodega-general-1\" data-id=\"32\" id=\"SR7_32_2\" class=\"rs-ov-hidden\" data-version=\"6.7.54\">\n\t\t\t\t\t<sr7-adjuster><\/sr7-adjuster>\n\t\t\t\t\t<sr7-content>\n\t\t\t\t\t\t<sr7-slide id=\"SR7_32_2-15\" data-key=\"15\">\n\t\t\t\t\t\t\t<sr7-txt id=\"SR7_32_2-15-8\" class=\"sr7-layer\"><strong>Beneficios<\/stong><\/sr7-txt>\n\t\t\t\t\t\t\t<sr7-txt id=\"SR7_32_2-15-9\" class=\"sr7-layer\">Que tendr\u00e1s como nuestro cliente<\/sr7-txt>\n\t\t\t\t\t\t<\/sr7-slide>\n\t\t\t\t\t\t<sr7-slide id=\"SR7_32_2-39\" data-key=\"39\">\n\t\t\t\t\t\t<\/sr7-slide>\n\t\t\t\t\t<\/sr7-content>\n\t\t\t\t\t<image_lists style=\"display:none\">\n\t\t\t\t\t\t<img data-src=\"\/\/www.corporacionbi.com\/gt\/integrada\/wp-content\/uploads\/2024\/08\/art.webp\" data-libid=\"1377\" data-lib=\"medialibrary\" title=\"art\" width=\"0\" height=\"0\" data-dbsrc=\"Ly93d3cuY29ycG9yYWNpb25iaS5jb20vZ3QvaW50ZWdyYWRhL3dwLWNvbnRlbnQvdXBsb2Fkcy8yMDI0LzA4L2FydC53ZWJw\"\/>\n\t\t\t\t\t<\/image_lists>\n\t\t\t\t<\/sr7-module>\n\t\t\t\t<script>\n\t\t\t\t\twindow.SR7 ??={};SR7.PMH ??={}; SR7.PMH[\"SR7_32_2\"] = {cn:100,state:false,fn: function() { if (window._tpt!==undefined && window._tpt.prepareModuleHeight !== undefined) {  _tpt.prepareModuleHeight({id:\"SR7_32_2\",el:[300,300,300,300,300],type:'standard',shdw:'0',gh:[300,300,300,300,300],gw:[1920,1920,1024,778,480],vpt:['-200px&#039;,&#039;-200px&#039;,&#039;-200px&#039;,&#039;-200px&#039;,&#039;-200px'],size:{fullWidth:true, fullHeight:false},mh:'0',onh:0,onw:0,bg:{color:'{\"orig\":\"transparent\",\"type\":\"solid\",\"string\":\"transparent\"}'}});   SR7.PMH[\"SR7_32_2\"].state=true;} else if(SR7.PMH[\"SR7_32_2\"].cn-->0)\tsetTimeout( SR7.PMH[\"SR7_32_2\"].fn,19);}};SR7.PMH[\"SR7_32_2\" ].fn();\n\t\t\t\t<\/script>\n[\/vc_column][\/vc_row][vc_row full_width=&#8221;stretch_row&#8221; overflow=&#8221;default&#8221; css=&#8221;.vc_custom_1672264826994{background-color: #fafafa !important;}&#8221;][vc_column][vc_tta_pageable no_fill_content_area=&#8221;true&#8221; active_section=&#8221;1&#8243; pagination_color=&#8221;turquoise&#8221;][vc_tta_section title=&#8221;Section 1&#8243; tab_id=&#8221;1672263008273-341b9fcb-5c4dd838-3f6f&#8221;][vc_row_inner][vc_column_inner width=&#8221;1\/4&#8243;][vc_column_text el_class=&#8221;gray&#8221;]<\/p>\n<h5>Seguridad<\/h5>\n<p>[\/vc_column_text][vc_separator color=&#8221;custom&#8221; align=&#8221;align_left&#8221; border_width=&#8221;2&#8243; el_width=&#8221;50&#8243; css=&#8221;.vc_custom_1672263228642{margin-top: -20px !important;}&#8221; accent_color=&#8221;#2c8b9e&#8221;][vc_column_text]Confidencialidad, seguridad en el resguardo y manejo de sus documentos.[\/vc_column_text][\/vc_column_inner][vc_column_inner width=&#8221;1\/4&#8243;][vc_column_text el_class=&#8221;gray&#8221;]<\/p>\n<h5>Almacenamiento<\/h5>\n<p>[\/vc_column_text][vc_separator color=&#8221;custom&#8221; align=&#8221;align_left&#8221; border_width=&#8221;2&#8243; el_width=&#8221;50&#8243; css=&#8221;.vc_custom_1672263282322{margin-top: -20px !important;}&#8221; accent_color=&#8221;#2c8b9e&#8221;][vc_column_text]Almacenamiento de informaci\u00f3n en cajas de cart\u00f3n y pl\u00e1stico.[\/vc_column_text][\/vc_column_inner][vc_column_inner width=&#8221;1\/4&#8243;][vc_column_text el_class=&#8221;gray&#8221;]<\/p>\n<h5>C\u00f3digo de barras<\/h5>\n<p>[\/vc_column_text][vc_separator color=&#8221;custom&#8221; align=&#8221;align_left&#8221; border_width=&#8221;2&#8243; el_width=&#8221;50&#8243; css=&#8221;.vc_custom_1672263286943{margin-top: -20px !important;}&#8221; accent_color=&#8221;#2c8b9e&#8221;][vc_column_text]Asignaci\u00f3n de c\u00f3digo de barras para cada caja.[\/vc_column_text][\/vc_column_inner][vc_column_inner width=&#8221;1\/4&#8243;][vc_column_text el_class=&#8221;gray&#8221;]<\/p>\n<h5>Lectura por esc\u00e1ner<\/h5>\n<p>[\/vc_column_text][vc_separator color=&#8221;custom&#8221; align=&#8221;align_left&#8221; border_width=&#8221;2&#8243; el_width=&#8221;50&#8243; css=&#8221;.vc_custom_1672263292132{margin-top: -20px !important;}&#8221; accent_color=&#8221;#2c8b9e&#8221;][vc_column_text]Lectura por esc\u00e1ner por ingreso y egreso de caja para brindar mayor eficiencia en la recepci\u00f3n o extracci\u00f3n.[\/vc_column_text][\/vc_column_inner][\/vc_row_inner][\/vc_tta_section][vc_tta_section title=&#8221;Section 2&#8243; tab_id=&#8221;1672263008281-b59a1ec1-4764d838-3f6f&#8221;][vc_row_inner][vc_column_inner width=&#8221;1\/4&#8243;][vc_column_text el_class=&#8221;gray&#8221;]<\/p>\n<h5>Administraci\u00f3n<\/h5>\n<p>[\/vc_column_text][vc_separator color=&#8221;custom&#8221; align=&#8221;align_left&#8221; border_width=&#8221;2&#8243; el_width=&#8221;50&#8243; accent_color=&#8221;#2c8b9e&#8221;][vc_column_text]Administraci\u00f3n y control de inventarios de cajas almacenadas.[\/vc_column_text][\/vc_column_inner][vc_column_inner width=&#8221;1\/4&#8243;][vc_column_text el_class=&#8221;gray&#8221;]<\/p>\n<h5>Servicio de entrega<\/h5>\n<p>[\/vc_column_text][vc_separator color=&#8221;custom&#8221; align=&#8221;align_left&#8221; border_width=&#8221;2&#8243; el_width=&#8221;50&#8243; accent_color=&#8221;#2c8b9e&#8221;][vc_column_text]Servicio de entrega de cajas a domicilio.[\/vc_column_text][\/vc_column_inner][vc_column_inner width=&#8221;1\/4&#8243;][vc_column_text el_class=&#8221;gray&#8221;]<\/p>\n<h5>Servicio de extracci\u00f3n<\/h5>\n<p>[\/vc_column_text][vc_separator color=&#8221;custom&#8221; align=&#8221;align_left&#8221; border_width=&#8221;2&#8243; el_width=&#8221;50&#8243; accent_color=&#8221;#2c8b9e&#8221;][vc_column_text]Servicio de extracci\u00f3n de informaci\u00f3n de cajas (solicitado y autorizado por el cliente).[\/vc_column_text][\/vc_column_inner][vc_column_inner width=&#8221;1\/4&#8243;][vc_column_text el_class=&#8221;gray&#8221;]<\/p>\n<h5>Servicio de esc\u00e1ner<\/h5>\n<p>[\/vc_column_text][vc_separator color=&#8221;custom&#8221; align=&#8221;align_left&#8221; border_width=&#8221;2&#8243; el_width=&#8221;50&#8243; accent_color=&#8221;#2c8b9e&#8221;][vc_column_text]Servicio de esc\u00e1ner para env\u00edo electr\u00f3nico de informaci\u00f3n solicitada.[\/vc_column_text][\/vc_column_inner][\/vc_row_inner]\r\n            \r\n            <div class=\"sh-empty-space vc_empty_space sh-empty-space-GmlcV2vXRo  \" style=\"height: 30px\">\r\n                <span class=\"vc_empty_space_inner\"><\/span>\r\n            <\/div>\r\n\r\n        [\/vc_tta_section][vc_tta_section title=&#8221;Section&#8221; tab_id=&#8221;1672961032497-7e2e1f60-0244&#8243;][vc_row_inner][vc_column_inner width=&#8221;1\/4&#8243;][vc_column_text el_class=&#8221;gray&#8221;]<\/p>\n<h5>Pago electr\u00f3nico<\/h5>\n<p>[\/vc_column_text][vc_separator color=&#8221;custom&#8221; align=&#8221;align_left&#8221; border_width=&#8221;2&#8243; accent_color=&#8221;#2c8b9e&#8221;][vc_column_text]Si el cliente utiliza cuentas de Banco Industrial, S.A., puede realizar el pago del servicio de forma electr\u00f3nica.[\/vc_column_text][\/vc_column_inner][vc_column_inner width=&#8221;1\/4&#8243;][\/vc_column_inner][vc_column_inner width=&#8221;1\/4&#8243;][\/vc_column_inner][vc_column_inner width=&#8221;1\/4&#8243;][\/vc_column_inner][\/vc_row_inner][\/vc_tta_section][\/vc_tta_pageable][\/vc_column][\/vc_row][vc_row][vc_column width=&#8221;1\/4&#8243;][vc_single_image image=&#8221;1366&#8243; img_size=&#8221;full&#8221; css=&#8221;&#8221;][\/vc_column][vc_column width=&#8221;3\/4&#8243;]\r\n<div id=\"tabs-cq9r2NesgI\" class=\"sh-tabs sh-tabs-style4\">\r\n\t<!-- Tabs -->\r\n\t<ul class=\"nav nav-tabs sh-tabs-filter sh-noselect\" role=\"tablist\">\r\n\t\t\t\t\t\t\t\t\t<li role=\"presentation\" class=\" active\">\r\n\t\t\t\t\t<a href=\"#tab-cq9r2NesgI-1\" role=\"tab\" data-toggle=\"tab\">\r\n\t\t\t\t\t\t\r\n\t\t\t\t\t\tRequisitos\r\n\t\t\t\t\t\t\t\t\t\t\t\t\t<span class=\"sh-tabs-icon\">\r\n\t\t\t\t\t\t\t\t<i class=\"icon-doc\"><\/i>\r\n\t\t\t\t\t\t\t<\/span>\r\n\t\t\t\t\t\t\t\t\t\t\t<\/a>\r\n\t\t\t\t<\/li>\r\n\t\t\t\t\t\t\t<li role=\"presentation\" class=\"\">\r\n\t\t\t\t\t<a href=\"#tab-cq9r2NesgI-2\" role=\"tab\" data-toggle=\"tab\">\r\n\t\t\t\t\t\t\r\n\t\t\t\t\t\tPol\u00edticas\r\n\t\t\t\t\t\t\t\t\t\t\t\t\t<span class=\"sh-tabs-icon\">\r\n\t\t\t\t\t\t\t\t<i class=\"ti-list\"><\/i>\r\n\t\t\t\t\t\t\t<\/span>\r\n\t\t\t\t\t\t\t\t\t\t\t<\/a>\r\n\t\t\t\t<\/li>\r\n\t\t\t\t\t\t\t<li role=\"presentation\" class=\"\">\r\n\t\t\t\t\t<a href=\"#tab-cq9r2NesgI-3\" role=\"tab\" data-toggle=\"tab\">\r\n\t\t\t\t\t\t\r\n\t\t\t\t\t\tTarifas\r\n\t\t\t\t\t\t\t\t\t\t\t\t\t<span class=\"sh-tabs-icon\">\r\n\t\t\t\t\t\t\t\t<i class=\"icon-cursor\"><\/i>\r\n\t\t\t\t\t\t\t<\/span>\r\n\t\t\t\t\t\t\t\t\t\t\t<\/a>\r\n\t\t\t\t<\/li>\r\n\t\t\t\t\t\t<\/ul>\r\n\r\n\t<!-- Content -->\r\n\t<div class=\"tab-content\">\r\n\t\t\t\t\t\t\t\t\t<div role=\"tabpanel\" class=\"tab-pane fade in active\" id=\"tab-cq9r2NesgI-1\">\r\n\t\t\t\t\t<strong>Tomar en cuenta lo siguiente:<\/strong><br>\n\u2022Emisi\u00f3n de Contrato de inicio de relaci\u00f3n entre cliente y integrada Integrada, S.A.<br>\n\u2022Registro de firmas de personas autorizadas para solicitud y acceso de informaci\u00f3n.<br>\n\u2022Formularios de la Intendencia de Verificaci\u00f3n Especial (IVE), sus requisitos y formulario PEP.<br>\n\n\t\t\t\t<\/div>\r\n\t\t\t\t\t\t\t<div role=\"tabpanel\" class=\"tab-pane fade\" id=\"tab-cq9r2NesgI-2\">\r\n\t\t\t\t\t\u2022Producto utilizado por clientes individuales y jur\u00eddicos que no posean litigios o contingencias.<br>\n\u2022Contrato de servicio por plazo indefinido.<br>\n\u2022Acceso a la informaci\u00f3n \u00fanicamente por personal autorizado.<br>\n\u2022Archivo exclusivo para almacenar documentos.<br>\n\u2022Servicio de atenci\u00f3n de personal de integrada Integrada, S.A. de Lunes a Viernes de 08:00 a 17:00 horas.<br>\n\u2022Cobro mensual anticipado.<br>\t\t\t\t<\/div>\r\n\t\t\t\t\t\t\t<div role=\"tabpanel\" class=\"tab-pane fade\" id=\"tab-cq9r2NesgI-3\">\r\n\t\t\t\t\t\u2022Almacenaje por caja de cart\u00f3n Q.3.30 mensual (Cobro m\u00ednimo mensual Q.110.00)*<br>\n\u2022Almacenaje por caja pl\u00e1stica Q.7.50 mensual (Cobro m\u00ednimo mensual Q.110.00)*<br>\n\u2022Venta por unidad de caja de cart\u00f3n Q.20.00*<br>\n\u2022* Las tarifas est\u00e1n sujetas a cambios seg\u00fan fluctuaciones de mercado.<br>\n\u2022*Tarifas negociables y preferenciales seg\u00fan la cantidad de cajas almacenadas.<br>\n\t\t\t\t<\/div>\r\n\t\t\t\t\t\t<\/div>\r\n<\/div>\r\n            <style type=\"text\/css\">\r\n                #tabs-cq9r2NesgI .sh-tabs-filter li:not(.active) a,#tabs-cq9r2NesgI .tab-pane {color: #5a5a5a!important;}#tabs-cq9r2NesgI .sh-tabs-filter li.active a,#tabs-cq9r2NesgI .sh-tabs-filter li:hover a {color: #00c1d4!important;}#tabs-cq9r2NesgI .sh-tabs-filter li.active a {border-bottom-color: #00c1d4!important;}#tabs-cq9r2NesgI .sh-tabs-filter li a:after {background-color: #00c1d4!important;}#tabs-cq9r2NesgI .nav-tabs,#tabs-cq9r2NesgI .sh-tabs-filter li {border-color: #707070!important;}            <\/style>\r\n        \r\n            \r\n            <div class=\"sh-empty-space vc_empty_space sh-empty-space-pyOKIsLuWw  \" style=\"height: 50px\">\r\n                <span class=\"vc_empty_space_inner\"><\/span>\r\n            <\/div>\r\n\r\n        [\/vc_column][\/vc_row][vc_row full_width=&#8221;stretch_row&#8221; overflow=&#8221;default&#8221; css=&#8221;.vc_custom_1672264882633{background-color: #2c8b9e !important;}&#8221;][vc_column][vc_raw_html el_class=&#8221;iconblanco&#8221;]JTNDY2VudGVyJTNFJTNDaSUyMGNsYXNzJTNEJTIyYWxtYWNlbmFkb3JhLW1haWwlMjBpY29uYmxhbmNvJTIyJTNFJTNDJTJGaSUzRSUzQyUyRmNlbnRlciUzRQ==[\/vc_raw_html][vc_column_text]<\/p>\n<h2 style=\"text-align: center; color: #ffffff !important;\">Guardemos el contacto<\/h2>\n<p>[\/vc_column_text][vc_btn title=&#8221;Escr\u00edbenos aqu\u00ed&#8221; align=&#8221;center&#8221; el_class=&#8221;fondobtn3&#8243; link=&#8221;url:https%3A%2F%2Fwww.corporacionbi.com%2Fgt%2Fintegrada%2Fcontacto%2F&#8221;]\r\n            \r\n            <div class=\"sh-empty-space vc_empty_space sh-empty-space-5ChuSQb3PF  \" style=\"height: 20px\">\r\n                <span class=\"vc_empty_space_inner\"><\/span>\r\n            <\/div>\r\n\r\n        [\/vc_column][\/vc_row][\/vc_section]<\/p>\n<\/div>","protected":false},"excerpt":{"rendered":"<p>[vc_section][vc_row][vc_column][\/vc_column][\/vc_row][vc_row full_width=&#8221;stretch_row&#8221; overflow=&#8221;default&#8221; css=&#8221;.vc_custom_1672265751007{background-color: #fafafa !important;}&#8221;][vc_column][\/vc_column][\/vc_row][vc_row full_width=&#8221;stretch_row&#8221; overflow=&#8221;default&#8221; css=&#8221;.vc_custom_1672264826994{background-color: #fafafa !important;}&#8221;][vc_column][vc_tta_pageable no_fill_content_area=&#8221;true&#8221; active_section=&#8221;1&#8243; pagination_color=&#8221;turquoise&#8221;][vc_tta_section title=&#8221;Section 1&#8243; tab_id=&#8221;1672263008273-341b9fcb-5c4dd838-3f6f&#8221;][vc_row_inner][vc_column_inner width=&#8221;1\/4&#8243;][vc_column_text el_class=&#8221;gray&#8221;] Seguridad [\/vc_column_text][vc_separator color=&#8221;custom&#8221; align=&#8221;align_left&#8221; border_width=&#8221;2&#8243; el_width=&#8221;50&#8243; css=&#8221;.vc_custom_1672263228642{margin-top: -20px !important;}&#8221; accent_color=&#8221;#2c8b9e&#8221;][vc_column_text]Confidencialidad, seguridad en el resguardo y manejo de sus documentos.[\/vc_column_text][\/vc_column_inner][vc_column_inner width=&#8221;1\/4&#8243;][vc_column_text el_class=&#8221;gray&#8221;] Almacenamiento [\/vc_column_text][vc_separator color=&#8221;custom&#8221; align=&#8221;align_left&#8221; border_width=&#8221;2&#8243;&#8230;<\/p>\n","protected":false},"author":2,"featured_media":0,"parent":0,"menu_order":0,"comment_status":"closed","ping_status":"closed","template":"","meta":{"footnotes":""},"wf_page_folders":[14],"class_list":["post-798","page","type-page","status-publish","hentry"],"_links":{"self":[{"href":"https:\/\/www.corporacionbi.com\/gt\/integrada\/wp-json\/wp\/v2\/pages\/798","targetHints":{"allow":["GET"]}}],"collection":[{"href":"https:\/\/www.corporacionbi.com\/gt\/integrada\/wp-json\/wp\/v2\/pages"}],"about":[{"href":"https:\/\/www.corporacionbi.com\/gt\/integrada\/wp-json\/wp\/v2\/types\/page"}],"author":[{"embeddable":true,"href":"https:\/\/www.corporacionbi.com\/gt\/integrada\/wp-json\/wp\/v2\/users\/2"}],"replies":[{"embeddable":true,"href":"https:\/\/www.corporacionbi.com\/gt\/integrada\/wp-json\/wp\/v2\/comments?post=798"}],"version-history":[{"count":8,"href":"https:\/\/www.corporacionbi.com\/gt\/integrada\/wp-json\/wp\/v2\/pages\/798\/revisions"}],"predecessor-version":[{"id":1378,"href":"https:\/\/www.corporacionbi.com\/gt\/integrada\/wp-json\/wp\/v2\/pages\/798\/revisions\/1378"}],"wp:attachment":[{"href":"https:\/\/www.corporacionbi.com\/gt\/integrada\/wp-json\/wp\/v2\/media?parent=798"}],"wp:term":[{"taxonomy":"wf_page_folders","embeddable":true,"href":"https:\/\/www.corporacionbi.com\/gt\/integrada\/wp-json\/wp\/v2\/wf_page_folders?post=798"}],"curies":[{"name":"wp","href":"https:\/\/api.w.org\/{rel}","templated":true}]}}