{"id":782,"date":"2023-01-05T22:18:56","date_gmt":"2023-01-05T22:18:56","guid":{"rendered":"https:\/\/www.corporacionbi.com\/gt\/integrada\/?page_id=782"},"modified":"2024-08-26T10:14:48","modified_gmt":"2024-08-26T16:14:48","slug":"aduana-interna-g-1","status":"publish","type":"page","link":"https:\/\/www.corporacionbi.com\/gt\/integrada\/aduana-interna-g-1\/","title":{"rendered":"Aduana Interna G-1"},"content":{"rendered":"<div class=\"wpb-content-wrapper\"><p>[vc_section][vc_row][vc_column]\n\t\t\t\t<p class=\"rs-p-wp-fix\"><\/p>\n\t\t\t\t<sr7-module data-alias=\"bodega-fiscal-13\" data-id=\"20\" id=\"SR7_20_1\" class=\"rs-ov-hidden\" data-version=\"6.7.54\">\n\t\t\t\t\t<sr7-adjuster><\/sr7-adjuster>\n\t\t\t\t\t<sr7-content>\n\t\t\t\t\t\t<sr7-slide id=\"SR7_20_1-9\" data-key=\"9\">\n\t\t\t\t\t\t\t<sr7-txt id=\"SR7_20_1-9-6\" class=\"sr7-layer\"><strong>Aduana Interna G-1<\/strong><\/sr7-txt>\n\t\t\t\t\t\t\t<sr7-txt id=\"SR7_20_1-9-7\" class=\"sr7-layer\">Servicio de revisi\u00f3n en nuestras instalaciones de mercader\u00eda importada proveniente de las diferentes fronteras y puertos del pa\u00eds, a trav\u00e9s de empresas consolidadoras debidamente autorizadas para el traslado de la mercader\u00eda.<\/sr7-txt>\n\t\t\t\t\t\t<\/sr7-slide>\n\t\t\t\t\t\t<sr7-slide id=\"SR7_20_1-33\" data-key=\"33\">\n\t\t\t\t\t\t<\/sr7-slide>\n\t\t\t\t\t<\/sr7-content>\n\t\t\t\t\t<image_lists style=\"display:none\">\n\t\t\t\t\t\t<img data-src=\"\/\/www.corporacionbi.com\/gt\/integrada\/wp-content\/uploads\/2024\/08\/adui.webp\" data-libid=\"1369\" data-lib=\"medialibrary\" alt=\"aduana interna\" title=\"aduana interna\" width=\"0\" height=\"0\" data-dbsrc=\"Ly93d3cuY29ycG9yYWNpb25iaS5jb20vZ3QvaW50ZWdyYWRhL3dwLWNvbnRlbnQvdXBsb2Fkcy8yMDI0LzA4L2FkdWkud2VicA==\"\/>\n\t\t\t\t\t<\/image_lists>\n\t\t\t\t<\/sr7-module>\n\t\t\t\t<script>\n\t\t\t\t\twindow.SR7 ??={};SR7.PMH ??={}; SR7.PMH[\"SR7_20_1\"] = {cn:100,state:false,fn: function() { if (window._tpt!==undefined && window._tpt.prepareModuleHeight !== undefined) {  _tpt.prepareModuleHeight({id:\"SR7_20_1\",el:[550,550,300,300,300],type:'standard',shdw:'0',gh:[550,550,300,300,300],gw:[1920,1920,1024,778,480],vpt:['-200px&#039;,&#039;-200px&#039;,&#039;-200px&#039;,&#039;-200px&#039;,&#039;-200px'],size:{fullWidth:true, fullHeight:false},mh:'0',onh:0,onw:0,bg:{color:'{\"orig\":\"transparent\",\"type\":\"solid\",\"string\":\"transparent\"}'}});   SR7.PMH[\"SR7_20_1\"].state=true;} else if(SR7.PMH[\"SR7_20_1\"].cn-->0)\tsetTimeout( SR7.PMH[\"SR7_20_1\"].fn,19);}};SR7.PMH[\"SR7_20_1\" ].fn();\n\t\t\t\t<\/script>\n[\/vc_column][\/vc_row][vc_row full_width=&#8221;stretch_row&#8221; overflow=&#8221;default&#8221; css=&#8221;.vc_custom_1672265751007{background-color: #fafafa !important;}&#8221;][vc_column]\r\n            \r\n            <div class=\"sh-empty-space vc_empty_space sh-empty-space-ENAvDYOwbk  \" style=\"height: 30px\">\r\n                <span class=\"vc_empty_space_inner\"><\/span>\r\n            <\/div>\r\n\r\n        \n\t\t\t\t<p class=\"rs-p-wp-fix\"><\/p>\n\t\t\t\t<sr7-module data-alias=\"beneficios-bodega-fiscal-1\" data-id=\"21\" id=\"SR7_21_2\" class=\"rs-ov-hidden\" data-version=\"6.7.54\">\n\t\t\t\t\t<sr7-adjuster><\/sr7-adjuster>\n\t\t\t\t\t<sr7-content>\n\t\t\t\t\t\t<sr7-slide id=\"SR7_21_2-10\" data-key=\"10\">\n\t\t\t\t\t\t\t<sr7-txt id=\"SR7_21_2-10-8\" class=\"sr7-layer\"><strong>Beneficios<\/stong><\/sr7-txt>\n\t\t\t\t\t\t\t<sr7-txt id=\"SR7_21_2-10-9\" class=\"sr7-layer\">Que tendr\u00e1s como nuestro cliente<\/sr7-txt>\n\t\t\t\t\t\t<\/sr7-slide>\n\t\t\t\t\t\t<sr7-slide id=\"SR7_21_2-34\" data-key=\"34\">\n\t\t\t\t\t\t<\/sr7-slide>\n\t\t\t\t\t<\/sr7-content>\n\t\t\t\t\t<image_lists style=\"display:none\">\n\t\t\t\t\t\t<img data-src=\"\/\/www.corporacionbi.com\/gt\/integrada\/wp-content\/uploads\/2024\/08\/tru.webp\" data-libid=\"1370\" data-lib=\"medialibrary\" title=\"tru\" width=\"0\" height=\"0\" data-dbsrc=\"Ly93d3cuY29ycG9yYWNpb25iaS5jb20vZ3QvaW50ZWdyYWRhL3dwLWNvbnRlbnQvdXBsb2Fkcy8yMDI0LzA4L3RydS53ZWJw\"\/>\n\t\t\t\t\t<\/image_lists>\n\t\t\t\t<\/sr7-module>\n\t\t\t\t<script>\n\t\t\t\t\twindow.SR7 ??={};SR7.PMH ??={}; SR7.PMH[\"SR7_21_2\"] = {cn:100,state:false,fn: function() { if (window._tpt!==undefined && window._tpt.prepareModuleHeight !== undefined) {  _tpt.prepareModuleHeight({id:\"SR7_21_2\",el:[300,300,300,300,300],type:'standard',shdw:'0',gh:[300,300,300,300,300],gw:[1920,1920,1024,778,480],vpt:['-200px&#039;,&#039;-200px&#039;,&#039;-200px&#039;,&#039;-200px&#039;,&#039;-200px'],size:{fullWidth:true, fullHeight:false},mh:'0',onh:0,onw:0,bg:{color:'{\"orig\":\"transparent\",\"type\":\"solid\",\"string\":\"transparent\"}'}});   SR7.PMH[\"SR7_21_2\"].state=true;} else if(SR7.PMH[\"SR7_21_2\"].cn-->0)\tsetTimeout( SR7.PMH[\"SR7_21_2\"].fn,19);}};SR7.PMH[\"SR7_21_2\" ].fn();\n\t\t\t\t<\/script>\n[\/vc_column][\/vc_row][vc_row full_width=&#8221;stretch_row&#8221; overflow=&#8221;default&#8221; css=&#8221;.vc_custom_1672264826994{background-color: #fafafa !important;}&#8221;][vc_column][vc_tta_pageable no_fill_content_area=&#8221;true&#8221; active_section=&#8221;1&#8243; pagination_color=&#8221;turquoise&#8221;][vc_tta_section title=&#8221;Section 1&#8243; tab_id=&#8221;1672263008273-341b9fcb-5c4d5d2c-526c&#8221;][vc_row_inner][vc_column_inner width=&#8221;1\/4&#8243;][vc_column_text el_class=&#8221;gray&#8221;]<\/p>\n<h5>Revisi\u00f3n<\/h5>\n<p>[\/vc_column_text][vc_separator color=&#8221;custom&#8221; align=&#8221;align_left&#8221; border_width=&#8221;2&#8243; el_width=&#8221;50&#8243; css=&#8221;.vc_custom_1672263228642{margin-top: -20px !important;}&#8221; accent_color=&#8221;#2c8b9e&#8221;][vc_column_text]Revisi\u00f3n y despacho m\u00e1s eficiente que en las aduanas de las fronteras o puertos.[\/vc_column_text][\/vc_column_inner][vc_column_inner width=&#8221;1\/4&#8243;][vc_column_text el_class=&#8221;gray&#8221;]<\/p>\n<h5>Parqueo<\/h5>\n<p>[\/vc_column_text][vc_separator color=&#8221;custom&#8221; align=&#8221;align_left&#8221; border_width=&#8221;2&#8243; el_width=&#8221;50&#8243; css=&#8221;.vc_custom_1672263282322{margin-top: -20px !important;}&#8221; accent_color=&#8221;#2c8b9e&#8221;][vc_column_text]Disponibilidad de amplio parqueo privado con seguridad.[\/vc_column_text][\/vc_column_inner][vc_column_inner width=&#8221;1\/4&#8243;][vc_column_text el_class=&#8221;gray&#8221;]<\/p>\n<h5>Descarga<\/h5>\n<p>[\/vc_column_text][vc_separator color=&#8221;custom&#8221; align=&#8221;align_left&#8221; border_width=&#8221;2&#8243; el_width=&#8221;50&#8243; css=&#8221;.vc_custom_1672263286943{margin-top: -20px !important;}&#8221; accent_color=&#8221;#2c8b9e&#8221;][vc_column_text]Disponibilidad de cuadrilla para descarga de la mercader\u00eda.[\/vc_column_text][\/vc_column_inner][vc_column_inner width=&#8221;1\/4&#8243;][vc_column_text el_class=&#8221;gray&#8221;]<\/p>\n<h5>Traslado<\/h5>\n<p>[\/vc_column_text][vc_separator color=&#8221;custom&#8221; align=&#8221;align_left&#8221; border_width=&#8221;2&#8243; el_width=&#8221;50&#8243; css=&#8221;.vc_custom_1672263292132{margin-top: -20px !important;}&#8221; accent_color=&#8221;#2c8b9e&#8221;][vc_column_text]Traslado de mercader\u00eda a nuestro almac\u00e9n fiscal luego de la revisi\u00f3n por SAT.[\/vc_column_text][\/vc_column_inner][\/vc_row_inner][\/vc_tta_section][vc_tta_section title=&#8221;Section 2&#8243; tab_id=&#8221;1672263008281-b59a1ec1-47645d2c-526c&#8221;][vc_row_inner][vc_column_inner width=&#8221;1\/4&#8243;][vc_column_text el_class=&#8221;gray&#8221;]<\/p>\n<h5>Bodega General<\/h5>\n<p>[\/vc_column_text][vc_separator color=&#8221;custom&#8221; align=&#8221;align_left&#8221; border_width=&#8221;2&#8243; el_width=&#8221;50&#8243; accent_color=&#8221;#2c8b9e&#8221;][vc_column_text]Opci\u00f3n de trasladar la mercader\u00eda con impuestos pagados a bodega general.[\/vc_column_text][\/vc_column_inner][vc_column_inner width=&#8221;1\/4&#8243;][vc_column_text el_class=&#8221;gray&#8221;]<\/p>\n<h5>Endoso<\/h5>\n<p>[\/vc_column_text][vc_separator color=&#8221;custom&#8221; align=&#8221;align_left&#8221; border_width=&#8221;2&#8243; el_width=&#8221;50&#8243; accent_color=&#8221;#2c8b9e&#8221;][vc_column_text]Endosar total o parcialmente la mercader\u00eda a terceros.[\/vc_column_text][\/vc_column_inner][vc_column_inner width=&#8221;1\/4&#8243;][vc_column_text el_class=&#8221;gray&#8221;]<\/p>\n<h5>Re-exportaci\u00f3n<\/h5>\n<p>[\/vc_column_text][vc_separator color=&#8221;custom&#8221; align=&#8221;align_left&#8221; border_width=&#8221;2&#8243; el_width=&#8221;50&#8243; accent_color=&#8221;#2c8b9e&#8221;][vc_column_text]Re-exportaci\u00f3n de mercader\u00eda sin pago de impuestos de importaci\u00f3n o arancelarios en nuestro pa\u00eds.[\/vc_column_text][\/vc_column_inner][vc_column_inner width=&#8221;1\/4&#8243;][vc_column_text el_class=&#8221;gray&#8221;]<\/p>\n<h5>Pagos electr\u00f3nicos<\/h5>\n<p>[\/vc_column_text][vc_separator color=&#8221;custom&#8221; align=&#8221;align_left&#8221; border_width=&#8221;2&#8243; el_width=&#8221;50&#8243; accent_color=&#8221;#2c8b9e&#8221;][vc_column_text]Si el cliente utiliza cuentas de Banco Industrial, S.A., puede realizar el pago del servicio de forma electr\u00f3nica.[\/vc_column_text][\/vc_column_inner][\/vc_row_inner]\r\n            \r\n            <div class=\"sh-empty-space vc_empty_space sh-empty-space-gVJCvd12TR  \" style=\"height: 30px\">\r\n                <span class=\"vc_empty_space_inner\"><\/span>\r\n            <\/div>\r\n\r\n        [\/vc_tta_section][vc_tta_section title=&#8221;Section&#8221; tab_id=&#8221;1672957193637-9e15b021-2226&#8243;][vc_row_inner][vc_column_inner width=&#8221;1\/4&#8243;][vc_column_text el_class=&#8221;gray&#8221;]<\/p>\n<h5>Tr\u00e1mites<\/h5>\n<p>[\/vc_column_text][vc_separator color=&#8221;custom&#8221; align=&#8221;align_left&#8221; border_width=&#8221;2&#8243; accent_color=&#8221;#2c8b9e&#8221;][vc_column_text]Gesti\u00f3n de tr\u00e1mites aduanales y coordinaci\u00f3n de transporte.[\/vc_column_text][\/vc_column_inner][vc_column_inner width=&#8221;1\/4&#8243;][\/vc_column_inner][vc_column_inner width=&#8221;1\/4&#8243;][\/vc_column_inner][vc_column_inner width=&#8221;1\/4&#8243;][\/vc_column_inner][\/vc_row_inner][\/vc_tta_section][\/vc_tta_pageable][\/vc_column][\/vc_row][vc_row][vc_column width=&#8221;1\/4&#8243;][vc_single_image image=&#8221;1381&#8243; img_size=&#8221;full&#8221; css=&#8221;&#8221;][\/vc_column][vc_column width=&#8221;3\/4&#8243;]\r\n<div id=\"tabs-GcO2EDkuoN\" class=\"sh-tabs sh-tabs-style4\">\r\n\t<!-- Tabs -->\r\n\t<ul class=\"nav nav-tabs sh-tabs-filter sh-noselect\" role=\"tablist\">\r\n\t\t\t\t\t\t\t\t\t<li role=\"presentation\" class=\" active\">\r\n\t\t\t\t\t<a href=\"#tab-GcO2EDkuoN-1\" role=\"tab\" data-toggle=\"tab\">\r\n\t\t\t\t\t\t\r\n\t\t\t\t\t\tRequisitos\r\n\t\t\t\t\t\t\t\t\t\t\t\t\t<span class=\"sh-tabs-icon\">\r\n\t\t\t\t\t\t\t\t<i class=\"icon-doc\"><\/i>\r\n\t\t\t\t\t\t\t<\/span>\r\n\t\t\t\t\t\t\t\t\t\t\t<\/a>\r\n\t\t\t\t<\/li>\r\n\t\t\t\t\t\t\t<li role=\"presentation\" class=\"\">\r\n\t\t\t\t\t<a href=\"#tab-GcO2EDkuoN-2\" role=\"tab\" data-toggle=\"tab\">\r\n\t\t\t\t\t\t\r\n\t\t\t\t\t\tCaracter\u00edsticas\r\n\t\t\t\t\t\t\t\t\t\t\t\t\t<span class=\"sh-tabs-icon\">\r\n\t\t\t\t\t\t\t\t<i class=\"icon-check\"><\/i>\r\n\t\t\t\t\t\t\t<\/span>\r\n\t\t\t\t\t\t\t\t\t\t\t<\/a>\r\n\t\t\t\t<\/li>\r\n\t\t\t\t\t\t\t<li role=\"presentation\" class=\"\">\r\n\t\t\t\t\t<a href=\"#tab-GcO2EDkuoN-3\" role=\"tab\" data-toggle=\"tab\">\r\n\t\t\t\t\t\t\r\n\t\t\t\t\t\tPol\u00edticas\r\n\t\t\t\t\t\t\t\t\t\t\t\t\t<span class=\"sh-tabs-icon\">\r\n\t\t\t\t\t\t\t\t<i class=\"ti-list\"><\/i>\r\n\t\t\t\t\t\t\t<\/span>\r\n\t\t\t\t\t\t\t\t\t\t\t<\/a>\r\n\t\t\t\t<\/li>\r\n\t\t\t\t\t\t\t<li role=\"presentation\" class=\"\">\r\n\t\t\t\t\t<a href=\"#tab-GcO2EDkuoN-4\" role=\"tab\" data-toggle=\"tab\">\r\n\t\t\t\t\t\t\r\n\t\t\t\t\t\tTarifas\r\n\t\t\t\t\t\t\t\t\t\t\t\t\t<span class=\"sh-tabs-icon\">\r\n\t\t\t\t\t\t\t\t<i class=\"icon-cursor\"><\/i>\r\n\t\t\t\t\t\t\t<\/span>\r\n\t\t\t\t\t\t\t\t\t\t\t<\/a>\r\n\t\t\t\t<\/li>\r\n\t\t\t\t\t\t<\/ul>\r\n\r\n\t<!-- Content -->\r\n\t<div class=\"tab-content\">\r\n\t\t\t\t\t\t\t\t\t<div role=\"tabpanel\" class=\"tab-pane fade in active\" id=\"tab-GcO2EDkuoN-1\">\r\n\t\t\t\t\tTomar en cuenta lo siguiente:<br>\n\u2022P\u00f3liza o documento de tr\u00e1nsito de traslado entre aduanas\t\t\t\t<\/div>\r\n\t\t\t\t\t\t\t<div role=\"tabpanel\" class=\"tab-pane fade\" id=\"tab-GcO2EDkuoN-2\">\r\n\t\t\t\t\t\u2022Aduana autorizada por la Superintendencia de Administraci\u00f3n Tributaria.<br>\n\u2022Servicio de atenci\u00f3n por Delegaci\u00f3n de SAT y personal de integrada Integrada, S.A.<br>\n\u2022Amplio predio habilitado para estacionamiento y resguardo del transporte.<br>\n\u2022Amplio espacio para maniobras de contenedores.<br>\n\n\t\t\t\t<\/div>\r\n\t\t\t\t\t\t\t<div role=\"tabpanel\" class=\"tab-pane fade\" id=\"tab-GcO2EDkuoN-3\">\r\n\t\t\t\t\t\u2022Producto utilizado por clientes individuales y jur\u00eddicos que no posean litigios o contingencias.<br>\n\u2022Apertura del transporte y revisi\u00f3n de la mercader\u00eda hasta ser autorizado por SAT.<br>\n\u2022Servicio de atenci\u00f3n por Delegaci\u00f3n de SAT de Lunes a Viernes de 08:00 a 16:00 horas.<br>\n\u2022Servicio de atenci\u00f3n por personal de integrada Integrada, S.A. de Lunes a Viernes de 08:00 a 17:00 horas.<br>\n\u2022Servicio de atenci\u00f3n en tiempo extraordinario solicitado con anticipaci\u00f3n por el cliente y previa autorizaci\u00f3n de SAT.<br>\n\u2022Para poder retirar su mercader\u00eda deber\u00e1 tener cancelados en su totalidad los servicios prestados por la integrada.<br>\n\n\t\t\t\t<\/div>\r\n\t\t\t\t\t\t\t<div role=\"tabpanel\" class=\"tab-pane fade\" id=\"tab-GcO2EDkuoN-4\">\r\n\t\t\t\t\t\u2022Venta de marchamo por parte de integrada Q.100.00 cada uno.<br>\n\u2022Q.175.00 por cada noche de parqueo, las primeras tres noches*<br>\n\u2022Q.125.00 por cada noche de parqueo, a partir de la 4ta. noche*<br>\n\u2022Cuadrilla con un cobro m\u00ednimo de Q.400.00 y un cobro m\u00e1ximo de Q.600.00*<br>\n\u2022Tarifas de revisi\u00f3n: Verde - Q.350.00; Ocular - Q.500.00; Parcial - Q.650.00; Completa - Q.800.00.<br>\n\u2022* Las tarifas est\u00e1n sujetas a cambios seg\u00fan fluctuaciones de mercado.<br>\n\u2022* Tarifas negociables y preferenciales seg\u00fan el tipo y volumen de la mercader\u00eda.<br>\n\n\t\t\t\t<\/div>\r\n\t\t\t\t\t\t<\/div>\r\n<\/div>\r\n            <style type=\"text\/css\">\r\n                #tabs-GcO2EDkuoN .sh-tabs-filter li:not(.active) a,#tabs-GcO2EDkuoN .tab-pane {color: #5a5a5a!important;}#tabs-GcO2EDkuoN .sh-tabs-filter li.active a,#tabs-GcO2EDkuoN .sh-tabs-filter li:hover a {color: #00c1d4!important;}#tabs-GcO2EDkuoN .sh-tabs-filter li.active a {border-bottom-color: #00c1d4!important;}#tabs-GcO2EDkuoN .sh-tabs-filter li a:after {background-color: #00c1d4!important;}#tabs-GcO2EDkuoN .nav-tabs,#tabs-GcO2EDkuoN .sh-tabs-filter li {border-color: #707070!important;}            <\/style>\r\n        \r\n            \r\n            <div class=\"sh-empty-space vc_empty_space sh-empty-space-BK691XoRdx  \" style=\"height: 50px\">\r\n                <span class=\"vc_empty_space_inner\"><\/span>\r\n            <\/div>\r\n\r\n        [\/vc_column][\/vc_row][vc_row full_width=&#8221;stretch_row&#8221; overflow=&#8221;default&#8221; css=&#8221;.vc_custom_1672264882633{background-color: #2c8b9e !important;}&#8221;][vc_column][vc_raw_html el_class=&#8221;iconblanco&#8221;]JTNDY2VudGVyJTNFJTNDaSUyMGNsYXNzJTNEJTIyYWxtYWNlbmFkb3JhLW1haWwlMjBpY29uYmxhbmNvJTIyJTNFJTNDJTJGaSUzRSUzQyUyRmNlbnRlciUzRQ==[\/vc_raw_html][vc_column_text]<\/p>\n<h2 style=\"text-align: center; color: #ffffff !important;\">Guardemos el contacto<\/h2>\n<p>[\/vc_column_text][vc_btn title=&#8221;Escr\u00edbenos aqu\u00ed&#8221; align=&#8221;center&#8221; el_class=&#8221;fondobtn3&#8243; link=&#8221;url:https%3A%2F%2Fwww.corporacionbi.com%2Fgt%2Fintegrada%2Fcontacto%2F&#8221;]\r\n            \r\n            <div class=\"sh-empty-space vc_empty_space sh-empty-space-hLkFfKJstZ  \" style=\"height: 20px\">\r\n                <span class=\"vc_empty_space_inner\"><\/span>\r\n            <\/div>\r\n\r\n        [\/vc_column][\/vc_row][\/vc_section]<\/p>\n<\/div>","protected":false},"excerpt":{"rendered":"<p>[vc_section][vc_row][vc_column][\/vc_column][\/vc_row][vc_row full_width=&#8221;stretch_row&#8221; overflow=&#8221;default&#8221; css=&#8221;.vc_custom_1672265751007{background-color: #fafafa !important;}&#8221;][vc_column][\/vc_column][\/vc_row][vc_row full_width=&#8221;stretch_row&#8221; overflow=&#8221;default&#8221; css=&#8221;.vc_custom_1672264826994{background-color: #fafafa !important;}&#8221;][vc_column][vc_tta_pageable no_fill_content_area=&#8221;true&#8221; active_section=&#8221;1&#8243; pagination_color=&#8221;turquoise&#8221;][vc_tta_section title=&#8221;Section 1&#8243; tab_id=&#8221;1672263008273-341b9fcb-5c4d5d2c-526c&#8221;][vc_row_inner][vc_column_inner width=&#8221;1\/4&#8243;][vc_column_text el_class=&#8221;gray&#8221;] Revisi\u00f3n [\/vc_column_text][vc_separator color=&#8221;custom&#8221; align=&#8221;align_left&#8221; border_width=&#8221;2&#8243; el_width=&#8221;50&#8243; css=&#8221;.vc_custom_1672263228642{margin-top: -20px !important;}&#8221; accent_color=&#8221;#2c8b9e&#8221;][vc_column_text]Revisi\u00f3n y despacho m\u00e1s eficiente que en las aduanas de las fronteras o puertos.[\/vc_column_text][\/vc_column_inner][vc_column_inner width=&#8221;1\/4&#8243;][vc_column_text el_class=&#8221;gray&#8221;] Parqueo&#8230;<\/p>\n","protected":false},"author":2,"featured_media":0,"parent":0,"menu_order":0,"comment_status":"closed","ping_status":"closed","template":"","meta":{"footnotes":""},"wf_page_folders":[14],"class_list":["post-782","page","type-page","status-publish","hentry"],"_links":{"self":[{"href":"https:\/\/www.corporacionbi.com\/gt\/integrada\/wp-json\/wp\/v2\/pages\/782","targetHints":{"allow":["GET"]}}],"collection":[{"href":"https:\/\/www.corporacionbi.com\/gt\/integrada\/wp-json\/wp\/v2\/pages"}],"about":[{"href":"https:\/\/www.corporacionbi.com\/gt\/integrada\/wp-json\/wp\/v2\/types\/page"}],"author":[{"embeddable":true,"href":"https:\/\/www.corporacionbi.com\/gt\/integrada\/wp-json\/wp\/v2\/users\/2"}],"replies":[{"embeddable":true,"href":"https:\/\/www.corporacionbi.com\/gt\/integrada\/wp-json\/wp\/v2\/comments?post=782"}],"version-history":[{"count":13,"href":"https:\/\/www.corporacionbi.com\/gt\/integrada\/wp-json\/wp\/v2\/pages\/782\/revisions"}],"predecessor-version":[{"id":1386,"href":"https:\/\/www.corporacionbi.com\/gt\/integrada\/wp-json\/wp\/v2\/pages\/782\/revisions\/1386"}],"wp:attachment":[{"href":"https:\/\/www.corporacionbi.com\/gt\/integrada\/wp-json\/wp\/v2\/media?parent=782"}],"wp:term":[{"taxonomy":"wf_page_folders","embeddable":true,"href":"https:\/\/www.corporacionbi.com\/gt\/integrada\/wp-json\/wp\/v2\/wf_page_folders?post=782"}],"curies":[{"name":"wp","href":"https:\/\/api.w.org\/{rel}","templated":true}]}}