{"id":693,"date":"2022-12-28T21:36:47","date_gmt":"2022-12-28T21:36:47","guid":{"rendered":"https:\/\/www.corporacionbi.com\/gt\/integrada\/?page_id=693"},"modified":"2024-08-23T15:23:50","modified_gmt":"2024-08-23T21:23:50","slug":"bodega-fiscal","status":"publish","type":"page","link":"https:\/\/www.corporacionbi.com\/gt\/integrada\/bodega-fiscal\/","title":{"rendered":"Bodega Fiscal"},"content":{"rendered":"<div class=\"wpb-content-wrapper\"><p>[vc_section][vc_row][vc_column]\n\t\t\t\t<p class=\"rs-p-wp-fix\"><\/p>\n\t\t\t\t<sr7-module data-alias=\"banner-secundario-1\" data-id=\"5\" id=\"SR7_5_1\" class=\"rs-ov-hidden\" data-version=\"6.7.54\">\n\t\t\t\t\t<sr7-adjuster><\/sr7-adjuster>\n\t\t\t\t\t<sr7-content>\n\t\t\t\t\t\t<sr7-slide id=\"SR7_5_1-3\" data-key=\"3\">\n\t\t\t\t\t\t\t<sr7-txt id=\"SR7_5_1-3-6\" class=\"sr7-layer\"><strong>Bodega Fiscal<\/strong><\/sr7-txt>\n\t\t\t\t\t\t\t<sr7-txt id=\"SR7_5_1-3-7\" class=\"sr7-layer\">Bodega dirigida a personas jur\u00eddicas o individuales que directamente o por medio un consolidador importen mercanc\u00edas y deseen mantenerlas temporalmente en calidad de dep\u00f3sito en un lugar habilitado y autorizado por la SAT mientras los impuestos de la mercanc\u00eda son cancelados.<\/sr7-txt>\n\t\t\t\t\t\t<\/sr7-slide>\n\t\t\t\t\t\t<sr7-slide id=\"SR7_5_1-27\" data-key=\"27\">\n\t\t\t\t\t\t<\/sr7-slide>\n\t\t\t\t\t<\/sr7-content>\n\t\t\t\t\t<image_lists style=\"display:none\">\n\t\t\t\t\t\t<img data-src=\"\/\/www.corporacionbi.com\/gt\/integrada\/wp-content\/uploads\/2024\/08\/banbf.webp\" data-libid=\"1368\" data-lib=\"medialibrary\" alt=\"bodega fiscal\" title=\"banbf\" width=\"0\" height=\"0\" data-dbsrc=\"Ly93d3cuY29ycG9yYWNpb25iaS5jb20vZ3QvaW50ZWdyYWRhL3dwLWNvbnRlbnQvdXBsb2Fkcy8yMDI0LzA4L2JhbmJmLndlYnA=\"\/>\n\t\t\t\t\t<\/image_lists>\n\t\t\t\t<\/sr7-module>\n\t\t\t\t<script>\n\t\t\t\t\twindow.SR7 ??={};SR7.PMH ??={}; SR7.PMH[\"SR7_5_1\"] = {cn:100,state:false,fn: function() { if (window._tpt!==undefined && window._tpt.prepareModuleHeight !== undefined) {  _tpt.prepareModuleHeight({id:\"SR7_5_1\",el:[550,550,300,300,300],type:'standard',shdw:'0',gh:[550,550,300,300,300],gw:[1920,1920,1024,778,480],vpt:['-200px&#039;,&#039;-200px&#039;,&#039;-200px&#039;,&#039;-200px&#039;,&#039;-200px'],size:{fullWidth:true, fullHeight:false},mh:'0',onh:0,onw:0,bg:{color:'{\"orig\":\"transparent\",\"type\":\"solid\",\"string\":\"transparent\"}'}});   SR7.PMH[\"SR7_5_1\"].state=true;} else if(SR7.PMH[\"SR7_5_1\"].cn-->0)\tsetTimeout( SR7.PMH[\"SR7_5_1\"].fn,19);}};SR7.PMH[\"SR7_5_1\" ].fn();\n\t\t\t\t<\/script>\n[\/vc_column][\/vc_row][vc_row full_width=&#8221;stretch_row&#8221; overflow=&#8221;default&#8221; css=&#8221;.vc_custom_1672265751007{background-color: #fafafa !important;}&#8221;][vc_column]\r\n            \r\n            <div class=\"sh-empty-space vc_empty_space sh-empty-space-wryMcbdDiu  \" style=\"height: 30px\">\r\n                <span class=\"vc_empty_space_inner\"><\/span>\r\n            <\/div>\r\n\r\n        \n\t\t\t\t<p class=\"rs-p-wp-fix\"><\/p>\n\t\t\t\t<sr7-module data-alias=\"bodega-fiscal-1\" data-id=\"6\" id=\"SR7_6_2\" class=\"rs-ov-hidden\" data-version=\"6.7.54\">\n\t\t\t\t\t<sr7-adjuster><\/sr7-adjuster>\n\t\t\t\t\t<sr7-content>\n\t\t\t\t\t\t<sr7-slide id=\"SR7_6_2-4\" data-key=\"4\">\n\t\t\t\t\t\t\t<sr7-txt id=\"SR7_6_2-4-8\" class=\"sr7-layer\"><strong>Beneficios<\/stong><\/sr7-txt>\n\t\t\t\t\t\t\t<sr7-txt id=\"SR7_6_2-4-9\" class=\"sr7-layer\">Que tendr\u00e1s como nuestro cliente<\/sr7-txt>\n\t\t\t\t\t\t<\/sr7-slide>\n\t\t\t\t\t\t<sr7-slide id=\"SR7_6_2-28\" data-key=\"28\">\n\t\t\t\t\t\t<\/sr7-slide>\n\t\t\t\t\t<\/sr7-content>\n\t\t\t\t\t<image_lists style=\"display:none\">\n\t\t\t\t\t\t<img data-src=\"\/\/www.corporacionbi.com\/gt\/integrada\/wp-content\/uploads\/2024\/08\/benfb.webp\" data-libid=\"1364\" data-lib=\"medialibrary\" title=\"benfb\" width=\"0\" height=\"0\" data-dbsrc=\"Ly93d3cuY29ycG9yYWNpb25iaS5jb20vZ3QvaW50ZWdyYWRhL3dwLWNvbnRlbnQvdXBsb2Fkcy8yMDI0LzA4L2JlbmZiLndlYnA=\"\/>\n\t\t\t\t\t<\/image_lists>\n\t\t\t\t<\/sr7-module>\n\t\t\t\t<script>\n\t\t\t\t\twindow.SR7 ??={};SR7.PMH ??={}; SR7.PMH[\"SR7_6_2\"] = {cn:100,state:false,fn: function() { if (window._tpt!==undefined && window._tpt.prepareModuleHeight !== undefined) {  _tpt.prepareModuleHeight({id:\"SR7_6_2\",el:[300,300,300,300,300],type:'standard',shdw:'0',gh:[300,300,300,300,300],gw:[1920,1920,1024,778,480],vpt:['-200px&#039;,&#039;-200px&#039;,&#039;-200px&#039;,&#039;-200px&#039;,&#039;-200px'],size:{fullWidth:true, fullHeight:false},mh:'0',onh:0,onw:0,bg:{color:'{\"orig\":\"transparent\",\"type\":\"solid\",\"string\":\"transparent\"}'}});   SR7.PMH[\"SR7_6_2\"].state=true;} else if(SR7.PMH[\"SR7_6_2\"].cn-->0)\tsetTimeout( SR7.PMH[\"SR7_6_2\"].fn,19);}};SR7.PMH[\"SR7_6_2\" ].fn();\n\t\t\t\t<\/script>\n[\/vc_column][\/vc_row][vc_row full_width=&#8221;stretch_row&#8221; overflow=&#8221;default&#8221; css=&#8221;.vc_custom_1672264826994{background-color: #fafafa !important;}&#8221;][vc_column][vc_tta_pageable no_fill_content_area=&#8221;true&#8221; active_section=&#8221;1&#8243; pagination_color=&#8221;turquoise&#8221;][vc_tta_section title=&#8221;Section 1&#8243; tab_id=&#8221;1672263008273-341b9fcb-5c4d&#8221;][vc_row_inner][vc_column_inner width=&#8221;1\/4&#8243;][vc_column_text el_class=&#8221;gray&#8221;]<\/p>\n<h5>Resguardo<\/h5>\n<p>[\/vc_column_text][vc_separator color=&#8221;custom&#8221; align=&#8221;align_left&#8221; border_width=&#8221;2&#8243; el_width=&#8221;50&#8243; css=&#8221;.vc_custom_1672263228642{margin-top: -20px !important;}&#8221; accent_color=&#8221;#2c8b9e&#8221;][vc_column_text]Resguardo de mercader\u00eda por un plazo m\u00e1ximo de un a\u00f1o sin pago de impuestos de importaci\u00f3n y arancel.[\/vc_column_text][\/vc_column_inner][vc_column_inner width=&#8221;1\/4&#8243;][vc_column_text el_class=&#8221;gray&#8221;]<\/p>\n<h5>Cobertura<\/h5>\n<p>[\/vc_column_text][vc_separator color=&#8221;custom&#8221; align=&#8221;align_left&#8221; border_width=&#8221;2&#8243; el_width=&#8221;50&#8243; css=&#8221;.vc_custom_1672263282322{margin-top: -20px !important;}&#8221; accent_color=&#8221;#2c8b9e&#8221;][vc_column_text]Cobertura de seguro contra todo riesgo de la mercader\u00eda almacenada.[\/vc_column_text][\/vc_column_inner][vc_column_inner width=&#8221;1\/4&#8243;][vc_column_text el_class=&#8221;gray&#8221;]<\/p>\n<h5>Traslado<\/h5>\n<p>[\/vc_column_text][vc_separator color=&#8221;custom&#8221; align=&#8221;align_left&#8221; border_width=&#8221;2&#8243; el_width=&#8221;50&#8243; css=&#8221;.vc_custom_1672263286943{margin-top: -20px !important;}&#8221; accent_color=&#8221;#2c8b9e&#8221;][vc_column_text]Opci\u00f3n de trasladar la mercader\u00eda con impuestos pagados a bodega general.[\/vc_column_text][\/vc_column_inner][vc_column_inner width=&#8221;1\/4&#8243;][vc_column_text el_class=&#8221;gray&#8221;]<\/p>\n<h5>Endoso<\/h5>\n<p>[\/vc_column_text][vc_separator color=&#8221;custom&#8221; align=&#8221;align_left&#8221; border_width=&#8221;2&#8243; el_width=&#8221;50&#8243; css=&#8221;.vc_custom_1672263292132{margin-top: -20px !important;}&#8221; accent_color=&#8221;#2c8b9e&#8221;][vc_column_text]Endosar total o parcialmente la mercader\u00eda a terceros.[\/vc_column_text][\/vc_column_inner][\/vc_row_inner][\/vc_tta_section][vc_tta_section title=&#8221;Section 2&#8243; tab_id=&#8221;1672263008281-b59a1ec1-4764&#8243;][vc_row_inner][vc_column_inner width=&#8221;1\/4&#8243;][vc_column_text el_class=&#8221;gray&#8221;]<\/p>\n<h5>Re-exportaci\u00f3n<\/h5>\n<p>[\/vc_column_text][vc_separator color=&#8221;custom&#8221; align=&#8221;align_left&#8221; border_width=&#8221;2&#8243; el_width=&#8221;50&#8243; accent_color=&#8221;#2c8b9e&#8221;][vc_column_text]Re-exportaci\u00f3n de mercader\u00eda sin pago de impuestos de importaci\u00f3n o arancelarios en nuestro pa\u00eds.[\/vc_column_text][\/vc_column_inner][vc_column_inner width=&#8221;1\/4&#8243;][vc_column_text el_class=&#8221;gray&#8221;]<\/p>\n<h5>Pago electr\u00f3nico<\/h5>\n<p>[\/vc_column_text][vc_separator color=&#8221;custom&#8221; align=&#8221;align_left&#8221; border_width=&#8221;2&#8243; el_width=&#8221;50&#8243; accent_color=&#8221;#2c8b9e&#8221;][vc_column_text]Si el cliente utiliza cuentas de Banco Industrial, S.A., puede realizar el pago del servicio de forma electr\u00f3nica.[\/vc_column_text][\/vc_column_inner][vc_column_inner width=&#8221;1\/4&#8243;][vc_column_text el_class=&#8221;gray&#8221;]<\/p>\n<h5>Tr\u00e1mites<\/h5>\n<p>[\/vc_column_text][vc_separator color=&#8221;custom&#8221; align=&#8221;align_left&#8221; border_width=&#8221;2&#8243; el_width=&#8221;50&#8243; accent_color=&#8221;#2c8b9e&#8221;][vc_column_text]Gesti\u00f3n de tr\u00e1mites aduanales y coordinaci\u00f3n de transporte internacional y local.[\/vc_column_text][\/vc_column_inner][vc_column_inner width=&#8221;1\/4&#8243;][\/vc_column_inner][\/vc_row_inner]\r\n            \r\n            <div class=\"sh-empty-space vc_empty_space sh-empty-space-sqgP6w3fHY  \" style=\"height: 30px\">\r\n                <span class=\"vc_empty_space_inner\"><\/span>\r\n            <\/div>\r\n\r\n        [\/vc_tta_section][\/vc_tta_pageable][\/vc_column][\/vc_row][vc_row][vc_column width=&#8221;1\/4&#8243;][vc_single_image image=&#8221;1366&#8243; img_size=&#8221;full&#8221; css=&#8221;&#8221;][\/vc_column][vc_column width=&#8221;3\/4&#8243;]\r\n<div id=\"tabs-6JBDHSGg8m\" class=\"sh-tabs sh-tabs-style4\">\r\n\t<!-- Tabs -->\r\n\t<ul class=\"nav nav-tabs sh-tabs-filter sh-noselect\" role=\"tablist\">\r\n\t\t\t\t\t\t\t\t\t<li role=\"presentation\" class=\" active\">\r\n\t\t\t\t\t<a href=\"#tab-6JBDHSGg8m-1\" role=\"tab\" data-toggle=\"tab\">\r\n\t\t\t\t\t\t\r\n\t\t\t\t\t\tRequisitos\r\n\t\t\t\t\t\t\t\t\t\t\t\t\t<span class=\"sh-tabs-icon\">\r\n\t\t\t\t\t\t\t\t<i class=\"icon-doc\"><\/i>\r\n\t\t\t\t\t\t\t<\/span>\r\n\t\t\t\t\t\t\t\t\t\t\t<\/a>\r\n\t\t\t\t<\/li>\r\n\t\t\t\t\t\t\t<li role=\"presentation\" class=\"\">\r\n\t\t\t\t\t<a href=\"#tab-6JBDHSGg8m-2\" role=\"tab\" data-toggle=\"tab\">\r\n\t\t\t\t\t\t\r\n\t\t\t\t\t\tCaracter\u00edsticas\r\n\t\t\t\t\t\t\t\t\t\t\t\t\t<span class=\"sh-tabs-icon\">\r\n\t\t\t\t\t\t\t\t<i class=\"icon-check\"><\/i>\r\n\t\t\t\t\t\t\t<\/span>\r\n\t\t\t\t\t\t\t\t\t\t\t<\/a>\r\n\t\t\t\t<\/li>\r\n\t\t\t\t\t\t\t<li role=\"presentation\" class=\"\">\r\n\t\t\t\t\t<a href=\"#tab-6JBDHSGg8m-3\" role=\"tab\" data-toggle=\"tab\">\r\n\t\t\t\t\t\t\r\n\t\t\t\t\t\tPol\u00edticas\r\n\t\t\t\t\t\t\t\t\t\t\t\t\t<span class=\"sh-tabs-icon\">\r\n\t\t\t\t\t\t\t\t<i class=\"ti-list\"><\/i>\r\n\t\t\t\t\t\t\t<\/span>\r\n\t\t\t\t\t\t\t\t\t\t\t<\/a>\r\n\t\t\t\t<\/li>\r\n\t\t\t\t\t\t\t<li role=\"presentation\" class=\"\">\r\n\t\t\t\t\t<a href=\"#tab-6JBDHSGg8m-4\" role=\"tab\" data-toggle=\"tab\">\r\n\t\t\t\t\t\t\r\n\t\t\t\t\t\tTarifas\r\n\t\t\t\t\t\t\t\t\t\t\t\t\t<span class=\"sh-tabs-icon\">\r\n\t\t\t\t\t\t\t\t<i class=\"icon-cursor\"><\/i>\r\n\t\t\t\t\t\t\t<\/span>\r\n\t\t\t\t\t\t\t\t\t\t\t<\/a>\r\n\t\t\t\t<\/li>\r\n\t\t\t\t\t\t<\/ul>\r\n\r\n\t<!-- Content -->\r\n\t<div class=\"tab-content\">\r\n\t\t\t\t\t\t\t\t\t<div role=\"tabpanel\" class=\"tab-pane fade in active\" id=\"tab-6JBDHSGg8m-1\">\r\n\t\t\t\t\t<strong>Tomar en cuenta lo siguiente:<\/strong><br>\n\u2022Solicitud de carta de cupo.<br>\n\u2022Confirmaci\u00f3n y aceptaci\u00f3n por el cliente, de la cotizaci\u00f3n elaborada por el ejecutivo de ventas.\n\t\t\t\t<\/div>\r\n\t\t\t\t\t\t\t<div role=\"tabpanel\" class=\"tab-pane fade\" id=\"tab-6JBDHSGg8m-2\">\r\n\t\t\t\t\t\u2022Recintos autorizados por la Superintendencia de Administraci\u00f3n Tributaria.<br>\n\u2022Ubicaciones para almacenamiento de mercader\u00eda fiscal con un total de 20,000 metros cuadrados.<br>\n\u2022Servicio de atenci\u00f3n por Delegaci\u00f3n de SAT y personal de integrada Integrada, S.A.<br>\n\t\t\t\t<\/div>\r\n\t\t\t\t\t\t\t<div role=\"tabpanel\" class=\"tab-pane fade\" id=\"tab-6JBDHSGg8m-3\">\r\n\t\t\t\t\t\u2022Producto utilizado por clientes individuales y jur\u00eddicos que no posean litigios o contingencias.<br>\n\u2022Servicio de atenci\u00f3n por Delegaci\u00f3n de SAT de Lunes a Viernes de 08:00 a 16:00 horas.<br>\n\u2022Servicio de atenci\u00f3n por personal de integrada Integrada, S.A. de Lunes a Viernes de 08:00 a 17:00 horas.<br>\n\u2022Servicio de atenci\u00f3n en tiempo extraordinario solicitado con anticipaci\u00f3n por el cliente y previa autorizaci\u00f3n de SAT.<br>\n\u2022Para poder retirar su mercader\u00eda deber\u00e1 tener cancelados en su totalidad los servicios prestados por la integrada.<br>\n\t\t\t\t<\/div>\r\n\t\t\t\t\t\t\t<div role=\"tabpanel\" class=\"tab-pane fade\" id=\"tab-6JBDHSGg8m-4\">\r\n\t\t\t\t\t\u2022Almacenaje del 0.45% mensual sobre el valor C.I.F. del 1 al 8vo. D\u00eda.<br>\n\u2022Almacenaje del 0.25% diario sobre el valor de impuestos a partir del 9vo. d\u00eda desde la fecha de ingreso (Cobro m\u00ednimo Q.550.00).<br>\n\u2022Manejo de Q.70.00 por tonelada m\u00e9trica o fracci\u00f3n (Utilizaci\u00f3n de montacargas por traslado de mercader\u00eda cobro m\u00ednimo Q. 200.00).<br>\n\u2022Cobro de Q.100.00 por gastos administrativos por contenedor ingresado.<br>\n\u2022Cobro de Q.125.00 por servicios de transmisi\u00f3n de desactivaci\u00f3n de marchamo electr\u00f3nico.<br>\n\u2022El almacenaje inicia a partir del de la fecha de ingreso de la unidad o transporte.<br>\n\u2022* Las tarifas est\u00e1n sujetas a cambios seg\u00fan fluctuaciones de mercado.<br>\n\u2022* Tarifas negociables y preferenciales seg\u00fan el tipo y volumen de la mercader\u00eda.<br>\n\t\t\t\t<\/div>\r\n\t\t\t\t\t\t<\/div>\r\n<\/div>\r\n            <style type=\"text\/css\">\r\n                #tabs-6JBDHSGg8m .sh-tabs-filter li:not(.active) a,#tabs-6JBDHSGg8m .tab-pane {color: #5a5a5a!important;}#tabs-6JBDHSGg8m .sh-tabs-filter li.active a,#tabs-6JBDHSGg8m .sh-tabs-filter li:hover a {color: #00c1d4!important;}#tabs-6JBDHSGg8m .sh-tabs-filter li.active a {border-bottom-color: #00c1d4!important;}#tabs-6JBDHSGg8m .sh-tabs-filter li a:after {background-color: #00c1d4!important;}#tabs-6JBDHSGg8m .nav-tabs,#tabs-6JBDHSGg8m .sh-tabs-filter li {border-color: #707070!important;}            <\/style>\r\n        \r\n            \r\n            <div class=\"sh-empty-space vc_empty_space sh-empty-space-NpYiKjxaA6  \" style=\"height: 50px\">\r\n                <span class=\"vc_empty_space_inner\"><\/span>\r\n            <\/div>\r\n\r\n        [\/vc_column][\/vc_row][vc_row full_width=&#8221;stretch_row&#8221; overflow=&#8221;default&#8221; css=&#8221;.vc_custom_1672264882633{background-color: #2c8b9e !important;}&#8221;][vc_column][vc_raw_html el_class=&#8221;iconblanco&#8221;]JTNDY2VudGVyJTNFJTNDaSUyMGNsYXNzJTNEJTIyYWxtYWNlbmFkb3JhLW1haWwlMjBpY29uYmxhbmNvJTIyJTNFJTNDJTJGaSUzRSUzQyUyRmNlbnRlciUzRQ==[\/vc_raw_html][vc_column_text]<\/p>\n<h2 style=\"text-align: center; color: #ffffff !important;\">Guardemos el contacto<\/h2>\n<p>[\/vc_column_text][vc_btn title=&#8221;Escr\u00edbenos aqu\u00ed&#8221; align=&#8221;center&#8221; el_class=&#8221;fondobtn3&#8243; link=&#8221;url:https%3A%2F%2Fwww.corporacionbi.com%2Fgt%2Fintegrada%2Fcontacto%2F&#8221;]\r\n            \r\n            <div class=\"sh-empty-space vc_empty_space sh-empty-space-VIYkPXZzfw  \" style=\"height: 20px\">\r\n                <span class=\"vc_empty_space_inner\"><\/span>\r\n            <\/div>\r\n\r\n        [\/vc_column][\/vc_row][\/vc_section]<\/p>\n<\/div>","protected":false},"excerpt":{"rendered":"<p>[vc_section][vc_row][vc_column][\/vc_column][\/vc_row][vc_row full_width=&#8221;stretch_row&#8221; overflow=&#8221;default&#8221; css=&#8221;.vc_custom_1672265751007{background-color: #fafafa !important;}&#8221;][vc_column][\/vc_column][\/vc_row][vc_row full_width=&#8221;stretch_row&#8221; overflow=&#8221;default&#8221; css=&#8221;.vc_custom_1672264826994{background-color: #fafafa !important;}&#8221;][vc_column][vc_tta_pageable no_fill_content_area=&#8221;true&#8221; active_section=&#8221;1&#8243; pagination_color=&#8221;turquoise&#8221;][vc_tta_section title=&#8221;Section 1&#8243; tab_id=&#8221;1672263008273-341b9fcb-5c4d&#8221;][vc_row_inner][vc_column_inner width=&#8221;1\/4&#8243;][vc_column_text el_class=&#8221;gray&#8221;] Resguardo [\/vc_column_text][vc_separator color=&#8221;custom&#8221; align=&#8221;align_left&#8221; border_width=&#8221;2&#8243; el_width=&#8221;50&#8243; css=&#8221;.vc_custom_1672263228642{margin-top: -20px !important;}&#8221; accent_color=&#8221;#2c8b9e&#8221;][vc_column_text]Resguardo de mercader\u00eda por un plazo m\u00e1ximo de un a\u00f1o sin pago de impuestos de importaci\u00f3n y&#8230;<\/p>\n","protected":false},"author":2,"featured_media":0,"parent":0,"menu_order":0,"comment_status":"closed","ping_status":"closed","template":"","meta":{"footnotes":""},"wf_page_folders":[14],"class_list":["post-693","page","type-page","status-publish","hentry"],"_links":{"self":[{"href":"https:\/\/www.corporacionbi.com\/gt\/integrada\/wp-json\/wp\/v2\/pages\/693","targetHints":{"allow":["GET"]}}],"collection":[{"href":"https:\/\/www.corporacionbi.com\/gt\/integrada\/wp-json\/wp\/v2\/pages"}],"about":[{"href":"https:\/\/www.corporacionbi.com\/gt\/integrada\/wp-json\/wp\/v2\/types\/page"}],"author":[{"embeddable":true,"href":"https:\/\/www.corporacionbi.com\/gt\/integrada\/wp-json\/wp\/v2\/users\/2"}],"replies":[{"embeddable":true,"href":"https:\/\/www.corporacionbi.com\/gt\/integrada\/wp-json\/wp\/v2\/comments?post=693"}],"version-history":[{"count":24,"href":"https:\/\/www.corporacionbi.com\/gt\/integrada\/wp-json\/wp\/v2\/pages\/693\/revisions"}],"predecessor-version":[{"id":1367,"href":"https:\/\/www.corporacionbi.com\/gt\/integrada\/wp-json\/wp\/v2\/pages\/693\/revisions\/1367"}],"wp:attachment":[{"href":"https:\/\/www.corporacionbi.com\/gt\/integrada\/wp-json\/wp\/v2\/media?parent=693"}],"wp:term":[{"taxonomy":"wf_page_folders","embeddable":true,"href":"https:\/\/www.corporacionbi.com\/gt\/integrada\/wp-json\/wp\/v2\/wf_page_folders?post=693"}],"curies":[{"name":"wp","href":"https:\/\/api.w.org\/{rel}","templated":true}]}}