{"id":402,"date":"2019-07-02T06:33:19","date_gmt":"2019-07-02T06:33:19","guid":{"rendered":"https:\/\/cdn.jevelin.shufflehound.com\/finances\/?page_id=402"},"modified":"2025-12-02T15:29:36","modified_gmt":"2025-12-02T21:29:36","slug":"home-finances","status":"publish","type":"page","link":"https:\/\/www.corporacionbi.com\/gt\/integrada\/","title":{"rendered":"Inicio"},"content":{"rendered":"<div class=\"wpb-content-wrapper\"><p>[vc_section][vc_row][vc_column]\n\t\t\t\t<p class=\"rs-p-wp-fix\"><\/p>\n\t\t\t\t<sr7-module data-alias=\"slider-1\" data-id=\"1\" id=\"SR7_1_1\" class=\"rs-ov-hidden\" data-version=\"6.7.54\">\n\t\t\t\t\t<sr7-adjuster><\/sr7-adjuster>\n\t\t\t\t\t<sr7-content>\n\t\t\t\t\t\t<sr7-slide id=\"SR7_1_1-1\" data-key=\"1\">\n\t\t\t\t\t\t\t<sr7-txt id=\"SR7_1_1-1-4\" class=\"sr7-layer\"><strong>Bienvenido a nuestro sitio<\/strong><\/sr7-txt>\n\t\t\t\t\t\t\t<sr7-txt id=\"SR7_1_1-1-5\" class=\"sr7-layer\"><strong>Almacenadora Integrada, S.A.<\/strong><\/sr7-txt>\n\t\t\t\t\t\t\t<sr7-txt id=\"SR7_1_1-1-6\" class=\"sr7-layer\"><strong>Almacenamos lo<\/strong><span class=\"span-color\"> <strong>importante<\/strong><\/span><\/sr7-txt>\n\t\t\t\t\t\t\t<sr7-txt id=\"SR7_1_1-1-7\" class=\"sr7-layer\">Manejamos , administramos y almacenamos tu mercader\u00eda de manera eficiente y flexible, en  bodegas fiscales, propias y habilitadas.<\/sr7-txt>\n\t\t\t\t\t\t<\/sr7-slide>\n\t\t\t\t\t\t<sr7-slide id=\"SR7_1_1-25\" data-key=\"25\">\n\t\t\t\t\t\t<\/sr7-slide>\n\t\t\t\t\t<\/sr7-content>\n\t\t\t\t\t<image_lists style=\"display:none\">\n\t\t\t\t\t\t<img data-src=\"\/\/www.corporacionbi.com\/gt\/integrada\/wp-content\/uploads\/2024\/08\/principal.webp\" data-libid=\"1399\" data-lib=\"medialibrary\" alt=\"Almacenadora Integrada\" title=\"Almacenadora Integrada\" width=\"0\" height=\"0\" data-dbsrc=\"Ly93d3cuY29ycG9yYWNpb25iaS5jb20vZ3QvaW50ZWdyYWRhL3dwLWNvbnRlbnQvdXBsb2Fkcy8yMDI0LzA4L3ByaW5jaXBhbC53ZWJw\"\/>\n\t\t\t\t\t<\/image_lists>\n\t\t\t\t<\/sr7-module>\n\t\t\t\t<script>\n\t\t\t\t\twindow.SR7 ??={};SR7.PMH ??={}; SR7.PMH[\"SR7_1_1\"] = {cn:100,state:false,fn: function() { if (window._tpt!==undefined && window._tpt.prepareModuleHeight !== undefined) {  _tpt.prepareModuleHeight({id:\"SR7_1_1\",el:[550,550,350,300,500],type:'standard',shdw:'0',gh:[550,550,350,300,500],gw:[1920,1920,1024,778,480],vpt:['100px&#039;,&#039;100px&#039;,&#039;100px&#039;,&#039;100px&#039;,&#039;100px'],size:{fullWidth:true, fullHeight:false},mh:'0',onh:0,onw:0,bg:{color:'{\"orig\":\"transparent\",\"type\":\"solid\",\"string\":\"transparent\"}'}});   SR7.PMH[\"SR7_1_1\"].state=true;} else if(SR7.PMH[\"SR7_1_1\"].cn-->0)\tsetTimeout( SR7.PMH[\"SR7_1_1\"].fn,19);}};SR7.PMH[\"SR7_1_1\" ].fn();\n\t\t\t\t<\/script>\n[\/vc_column][\/vc_row][vc_row][vc_column]\r\n            \r\n            <div class=\"sh-empty-space vc_empty_space sh-empty-space-s1IMiabUfd  \" style=\"height: 60px\">\r\n                <span class=\"vc_empty_space_inner\"><\/span>\r\n            <\/div>\r\n\r\n        [vc_custom_heading text=&#8221;Nuestros Servicios&#8221; font_container=&#8221;tag:h1|text_align:center&#8221;]\r\n            \r\n            <div class=\"sh-empty-space vc_empty_space sh-empty-space-zYuFVDpjW2  \" style=\"height: 32px\">\r\n                <span class=\"vc_empty_space_inner\"><\/span>\r\n            <\/div>\r\n\r\n        [\/vc_column][\/vc_row][vc_row][vc_column][vc_row_inner][vc_column_inner width=&#8221;1\/4&#8243; overflow=&#8221;default&#8221; el_id=&#8221;ai-home-servicios-bodega-fiscal&#8221;]\r\n<div id=\"single-image-idgr8O9EGM\" class=\"sh-single-image   sh-single-image-has-hover\">\r\n\t<div class=\"sh-element-margin\">\r\n\r\n\t\t\t\t\t<div class=\"sh-image-lazy-loading\" style=\"max-width: 341px;\">\r\n\t\t\r\n\t\t\t<div class=\"sh-single-image-container sh-single-image-container-lazy\">\r\n\t\t\t\t\r\n\t\t\t\t\t\t\t\t\t\t\t\t\t\t\t<a href=\"https:\/\/www.corporacionbi.com\/gt\/integrada\/bodega-fiscal\/\">\r\n\t\t\t\t\t\r\n\t\t\t\t\t\t\t\t\t\t\t\t\t\t\t\t\t\t\t\t\t<div class=\"ratio-container\" style=\"padding-top: 68.328445747801%;\">\r\n\t\t\t\t\t\t\t\t\t<div class=\"ratio-content\">\r\n\t\t\t\t\t\t\t\t\t\t<img class=\"sh-image-url lazy\" data-src=\"https:\/\/www.corporacionbi.com\/gt\/integrada\/wp-content\/uploads\/2024\/08\/bodega-fiscal.webp\" alt=\"bodega-fiscal\" \/>\r\n\t\t\t\t\t\t\t\t\t<\/div>\r\n\t\t\t\t\t\t\t\t<\/div>\r\n\t\t\t\t\t\t\t\r\n\t\t\t\t\t\t\t\t\t\t\t\t\t\t\t<img class=\"sh-image-hover lazy\" data-src=\"https:\/\/www.corporacionbi.com\/gt\/integrada\/wp-content\/uploads\/2024\/10\/bodega-fiscal-hover.webp\" zalt=\"bodega-fiscal\" \/>\r\n\t\t\t\t\t\t\t\t\t\t\t\t\t\r\n\t\t\t\t\t\t\t\t\t\t\t<\/a>\r\n\t\t\t\t\t\t\t\t\t\r\n\t\t\t\t\t\t\t<\/div>\r\n\r\n\t\t\t\t\t<\/div>\r\n\t\t\r\n\t<\/div>\r\n<\/div>\r\n            <style type=\"text\/css\">\r\n                #single-image-idgr8O9EGM {text-align: left;}#single-image-idgr8O9EGM .sh-image-lazy-loading {}            <\/style>\r\n        [vc_custom_heading text=&#8221;Bodega Fiscal&#8221; font_container=&#8221;tag:h2|text_align:center&#8221; css=&#8221;.vc_custom_1672239757974{margin-top: 20px !important;}&#8221;][vc_column_text]<\/p>\n<p style=\"text-align: center;\">Bodega dirigida a personas jur\u00eddicas o individuales que importen directamente o por medio de un consolidador.<\/p>\n<p>[\/vc_column_text][\/vc_column_inner][vc_column_inner width=&#8221;1\/4&#8243; overflow=&#8221;default&#8221; el_id=&#8221;ai-home-servicios-aduana-interna&#8221;]\r\n<div id=\"single-image-NFmJ5ZHuBh\" class=\"sh-single-image   sh-single-image-has-hover\">\r\n\t<div class=\"sh-element-margin\">\r\n\r\n\t\t\t\t\t<div class=\"sh-image-lazy-loading\" style=\"max-width: 341px;\">\r\n\t\t\r\n\t\t\t<div class=\"sh-single-image-container sh-single-image-container-lazy\">\r\n\t\t\t\t\r\n\t\t\t\t\t\t\t\t\t\t\t\t\t\t\t<a href=\"https:\/\/www.corporacionbi.com\/gt\/integrada\/aduana-interna-g-1\/\">\r\n\t\t\t\t\t\r\n\t\t\t\t\t\t\t\t\t\t\t\t\t\t\t\t\t\t\t\t\t<div class=\"ratio-container\" style=\"padding-top: 68.328445747801%;\">\r\n\t\t\t\t\t\t\t\t\t<div class=\"ratio-content\">\r\n\t\t\t\t\t\t\t\t\t\t<img class=\"sh-image-url lazy\" data-src=\"https:\/\/www.corporacionbi.com\/gt\/integrada\/wp-content\/uploads\/2024\/08\/aduana-interna.webp\" alt=\"aduana-interna\" \/>\r\n\t\t\t\t\t\t\t\t\t<\/div>\r\n\t\t\t\t\t\t\t\t<\/div>\r\n\t\t\t\t\t\t\t\r\n\t\t\t\t\t\t\t\t\t\t\t\t\t\t\t<img class=\"sh-image-hover lazy\" data-src=\"https:\/\/www.corporacionbi.com\/gt\/integrada\/wp-content\/uploads\/2024\/10\/aduana-interna-hover.webp\" zalt=\"aduana-interna\" \/>\r\n\t\t\t\t\t\t\t\t\t\t\t\t\t\r\n\t\t\t\t\t\t\t\t\t\t\t<\/a>\r\n\t\t\t\t\t\t\t\t\t\r\n\t\t\t\t\t\t\t<\/div>\r\n\r\n\t\t\t\t\t<\/div>\r\n\t\t\r\n\t<\/div>\r\n<\/div>\r\n            <style type=\"text\/css\">\r\n                #single-image-NFmJ5ZHuBh {text-align: left;}#single-image-NFmJ5ZHuBh .sh-image-lazy-loading {}            <\/style>\r\n        [vc_custom_heading text=&#8221;Aduana Interna G-1&#8243; font_container=&#8221;tag:h2|text_align:center&#8221; css=&#8221;.vc_custom_1672239821008{margin-top: 20px !important;}&#8221;][vc_column_text]<\/p>\n<p style=\"text-align: center;\">Servicio de revisi\u00f3n en nuestras instalaciones de mercader\u00eda importada proveniente de las diferentes fronteras y puertos del pa\u00eds.<\/p>\n<p>[\/vc_column_text][\/vc_column_inner][vc_column_inner width=&#8221;1\/4&#8243; overflow=&#8221;default&#8221; el_id=&#8221;ai-home-servicios-bodega-general&#8221;]\r\n<div id=\"single-image-87R3arN5HD\" class=\"sh-single-image   sh-single-image-has-hover\">\r\n\t<div class=\"sh-element-margin\">\r\n\r\n\t\t\t\t\t<div class=\"sh-image-lazy-loading\" style=\"max-width: 341px;\">\r\n\t\t\r\n\t\t\t<div class=\"sh-single-image-container sh-single-image-container-lazy\">\r\n\t\t\t\t\r\n\t\t\t\t\t\t\t\t\t\t\t\t\t\t\t<a href=\"https:\/\/www.corporacionbi.com\/gt\/integrada\/bodega-general\/\">\r\n\t\t\t\t\t\r\n\t\t\t\t\t\t\t\t\t\t\t\t\t\t\t\t\t\t\t\t\t<div class=\"ratio-container\" style=\"padding-top: 68.328445747801%;\">\r\n\t\t\t\t\t\t\t\t\t<div class=\"ratio-content\">\r\n\t\t\t\t\t\t\t\t\t\t<img class=\"sh-image-url lazy\" data-src=\"https:\/\/www.corporacionbi.com\/gt\/integrada\/wp-content\/uploads\/2024\/08\/bodega-general.webp\" alt=\"bodega-general\" \/>\r\n\t\t\t\t\t\t\t\t\t<\/div>\r\n\t\t\t\t\t\t\t\t<\/div>\r\n\t\t\t\t\t\t\t\r\n\t\t\t\t\t\t\t\t\t\t\t\t\t\t\t<img class=\"sh-image-hover lazy\" data-src=\"https:\/\/www.corporacionbi.com\/gt\/integrada\/wp-content\/uploads\/2024\/10\/bodega-general-hover.webp\" zalt=\"bodega-general\" \/>\r\n\t\t\t\t\t\t\t\t\t\t\t\t\t\r\n\t\t\t\t\t\t\t\t\t\t\t<\/a>\r\n\t\t\t\t\t\t\t\t\t\r\n\t\t\t\t\t\t\t<\/div>\r\n\r\n\t\t\t\t\t<\/div>\r\n\t\t\r\n\t<\/div>\r\n<\/div>\r\n            <style type=\"text\/css\">\r\n                #single-image-87R3arN5HD {text-align: left;}#single-image-87R3arN5HD .sh-image-lazy-loading {}            <\/style>\r\n        [vc_custom_heading text=&#8221;Bodega General&#8221; font_container=&#8221;tag:h2|text_align:center&#8221; css=&#8221;.vc_custom_1672239853002{margin-top: 20px !important;}&#8221;][vc_column_text]<\/p>\n<p style=\"text-align: center;\">Bodega designada para depositar mercader\u00eda nacionalizada, importada, producida o adquirida localmente.<\/p>\n<p>[\/vc_column_text][\/vc_column_inner][vc_column_inner width=&#8221;1\/4&#8243; overflow=&#8221;default&#8221; el_id=&#8221;ai-home-servicios-cuartos-frios&#8221;]\r\n<div id=\"single-image-JBkTwzLngu\" class=\"sh-single-image   sh-single-image-has-hover\">\r\n\t<div class=\"sh-element-margin\">\r\n\r\n\t\t\t\t\t<div class=\"sh-image-lazy-loading\" style=\"max-width: 341px;\">\r\n\t\t\r\n\t\t\t<div class=\"sh-single-image-container sh-single-image-container-lazy\">\r\n\t\t\t\t\r\n\t\t\t\t\t\t\t\t\t\t\t\t\t\t\t<a href=\"https:\/\/www.corporacionbi.com\/gt\/integrada\/cuartos-frios\/\">\r\n\t\t\t\t\t\r\n\t\t\t\t\t\t\t\t\t\t\t\t\t\t\t\t\t\t\t\t\t<div class=\"ratio-container\" style=\"padding-top: 68.328445747801%;\">\r\n\t\t\t\t\t\t\t\t\t<div class=\"ratio-content\">\r\n\t\t\t\t\t\t\t\t\t\t<img class=\"sh-image-url lazy\" data-src=\"https:\/\/www.corporacionbi.com\/gt\/integrada\/wp-content\/uploads\/2024\/08\/cuartos-frios.webp\" alt=\"cuartos-frios\" \/>\r\n\t\t\t\t\t\t\t\t\t<\/div>\r\n\t\t\t\t\t\t\t\t<\/div>\r\n\t\t\t\t\t\t\t\r\n\t\t\t\t\t\t\t\t\t\t\t\t\t\t\t<img class=\"sh-image-hover lazy\" data-src=\"https:\/\/www.corporacionbi.com\/gt\/integrada\/wp-content\/uploads\/2024\/10\/cuartos-frios-hover.webp\" zalt=\"cuartos-frios\" \/>\r\n\t\t\t\t\t\t\t\t\t\t\t\t\t\r\n\t\t\t\t\t\t\t\t\t\t\t<\/a>\r\n\t\t\t\t\t\t\t\t\t\r\n\t\t\t\t\t\t\t<\/div>\r\n\r\n\t\t\t\t\t<\/div>\r\n\t\t\r\n\t<\/div>\r\n<\/div>\r\n            <style type=\"text\/css\">\r\n                #single-image-JBkTwzLngu {text-align: left;}#single-image-JBkTwzLngu .sh-image-lazy-loading {}            <\/style>\r\n        [vc_custom_heading text=&#8221;Cuartos Fr\u00edos&#8221; font_container=&#8221;tag:h2|text_align:center&#8221; css=&#8221;.vc_custom_1672239903193{margin-top: 20px !important;}&#8221;][vc_column_text]<\/p>\n<p style=\"text-align: center;\">Bodega designada espec\u00edficamente para almacenar con temperatura regulada.<\/p>\n<p>[\/vc_column_text][\/vc_column_inner][\/vc_row_inner][vc_row_inner][vc_column_inner width=&#8221;1\/4&#8243; overflow=&#8221;default&#8221; el_id=&#8221;ai-home-servicios-archivo-total&#8221;]\r\n<div id=\"single-image-xef2DE4HIa\" class=\"sh-single-image   sh-single-image-has-hover\">\r\n\t<div class=\"sh-element-margin\">\r\n\r\n\t\t\t\t\t<div class=\"sh-image-lazy-loading\" style=\"max-width: 341px;\">\r\n\t\t\r\n\t\t\t<div class=\"sh-single-image-container sh-single-image-container-lazy\">\r\n\t\t\t\t\r\n\t\t\t\t\t\t\t\t\t\t\t\t\t\t\t<a href=\"https:\/\/www.corporacionbi.com\/gt\/integrada\/archivo-total\/\">\r\n\t\t\t\t\t\r\n\t\t\t\t\t\t\t\t\t\t\t\t\t\t\t\t\t\t\t\t\t<div class=\"ratio-container\" style=\"padding-top: 68.328445747801%;\">\r\n\t\t\t\t\t\t\t\t\t<div class=\"ratio-content\">\r\n\t\t\t\t\t\t\t\t\t\t<img class=\"sh-image-url lazy\" data-src=\"https:\/\/www.corporacionbi.com\/gt\/integrada\/wp-content\/uploads\/2024\/08\/archivo-total.webp\" alt=\"archivo-total\" \/>\r\n\t\t\t\t\t\t\t\t\t<\/div>\r\n\t\t\t\t\t\t\t\t<\/div>\r\n\t\t\t\t\t\t\t\r\n\t\t\t\t\t\t\t\t\t\t\t\t\t\t\t<img class=\"sh-image-hover lazy\" data-src=\"https:\/\/www.corporacionbi.com\/gt\/integrada\/wp-content\/uploads\/2024\/10\/archivo-total-hover.webp\" zalt=\"archivo-total\" \/>\r\n\t\t\t\t\t\t\t\t\t\t\t\t\t\r\n\t\t\t\t\t\t\t\t\t\t\t<\/a>\r\n\t\t\t\t\t\t\t\t\t\r\n\t\t\t\t\t\t\t<\/div>\r\n\r\n\t\t\t\t\t<\/div>\r\n\t\t\r\n\t<\/div>\r\n<\/div>\r\n            <style type=\"text\/css\">\r\n                #single-image-xef2DE4HIa {text-align: left;}#single-image-xef2DE4HIa .sh-image-lazy-loading {}            <\/style>\r\n        [vc_custom_heading text=&#8221;Archivo Total&#8221; font_container=&#8221;tag:h2|text_align:center&#8221; css=&#8221;.vc_custom_1672239991421{margin-top: 20px !important;}&#8221;][vc_column_text]<\/p>\n<p style=\"text-align: center;\">Una soluci\u00f3n tecnol\u00f3gica para la administraci\u00f3n, coordinaci\u00f3n y control de archivos documentales.<\/p>\n<p>[\/vc_column_text][\/vc_column_inner][vc_column_inner width=&#8221;1\/4&#8243; overflow=&#8221;default&#8221; el_id=&#8221;ai-home-servicios-predio-vehiculos&#8221;]\r\n<div id=\"single-image-jd53YnLfqs\" class=\"sh-single-image   sh-single-image-has-hover\">\r\n\t<div class=\"sh-element-margin\">\r\n\r\n\t\t\t\t\t<div class=\"sh-image-lazy-loading\" style=\"max-width: 341px;\">\r\n\t\t\r\n\t\t\t<div class=\"sh-single-image-container sh-single-image-container-lazy\">\r\n\t\t\t\t\r\n\t\t\t\t\t\t\t\t\t\t\t\t\t\t\t<a href=\"https:\/\/www.corporacionbi.com\/gt\/integrada\/predio-vehiculos\/\">\r\n\t\t\t\t\t\r\n\t\t\t\t\t\t\t\t\t\t\t\t\t\t\t\t\t\t\t\t\t<div class=\"ratio-container\" style=\"padding-top: 68.328445747801%;\">\r\n\t\t\t\t\t\t\t\t\t<div class=\"ratio-content\">\r\n\t\t\t\t\t\t\t\t\t\t<img class=\"sh-image-url lazy\" data-src=\"https:\/\/www.corporacionbi.com\/gt\/integrada\/wp-content\/uploads\/2024\/08\/predio-vehiculos.webp\" alt=\"predio-vehiculos\" \/>\r\n\t\t\t\t\t\t\t\t\t<\/div>\r\n\t\t\t\t\t\t\t\t<\/div>\r\n\t\t\t\t\t\t\t\r\n\t\t\t\t\t\t\t\t\t\t\t\t\t\t\t<img class=\"sh-image-hover lazy\" data-src=\"https:\/\/www.corporacionbi.com\/gt\/integrada\/wp-content\/uploads\/2024\/10\/predio-vehiculos-hover.webp\" zalt=\"predio-vehiculos\" \/>\r\n\t\t\t\t\t\t\t\t\t\t\t\t\t\r\n\t\t\t\t\t\t\t\t\t\t\t<\/a>\r\n\t\t\t\t\t\t\t\t\t\r\n\t\t\t\t\t\t\t<\/div>\r\n\r\n\t\t\t\t\t<\/div>\r\n\t\t\r\n\t<\/div>\r\n<\/div>\r\n            <style type=\"text\/css\">\r\n                #single-image-jd53YnLfqs {text-align: left;}#single-image-jd53YnLfqs .sh-image-lazy-loading {}            <\/style>\r\n        [vc_custom_heading text=&#8221;Predio Veh\u00edculos&#8221; font_container=&#8221;tag:h2|text_align:center&#8221; css=&#8221;.vc_custom_1672240022141{margin-top: 20px !important;}&#8221;][vc_column_text]<\/p>\n<p style=\"text-align: center;\">Predio para veh\u00edculos nuevos o usados. Pueden funcionar como almac\u00e9n general con impuestos liquidados o almac\u00e9n fiscal.<\/p>\n<p>[\/vc_column_text][\/vc_column_inner][vc_column_inner width=&#8221;1\/4&#8243; overflow=&#8221;default&#8221; el_id=&#8221;ai-home-servicios-otros-servicios&#8221;]\r\n<div id=\"single-image-XjVgueRLKi\" class=\"sh-single-image   sh-single-image-has-hover\">\r\n\t<div class=\"sh-element-margin\">\r\n\r\n\t\t\t\t\t<div class=\"sh-image-lazy-loading\" style=\"max-width: 341px;\">\r\n\t\t\r\n\t\t\t<div class=\"sh-single-image-container sh-single-image-container-lazy\">\r\n\t\t\t\t\r\n\t\t\t\t\t\t\t\t\t\t\t\t\t\t\t<a href=\"https:\/\/www.corporacionbi.com\/gt\/integrada\/otros-servicios\/\">\r\n\t\t\t\t\t\r\n\t\t\t\t\t\t\t\t\t\t\t\t\t\t\t\t\t\t\t\t\t<div class=\"ratio-container\" style=\"padding-top: 68.328445747801%;\">\r\n\t\t\t\t\t\t\t\t\t<div class=\"ratio-content\">\r\n\t\t\t\t\t\t\t\t\t\t<img class=\"sh-image-url lazy\" data-src=\"https:\/\/www.corporacionbi.com\/gt\/integrada\/wp-content\/uploads\/2024\/08\/otros-servicios.webp\" alt=\"otros-servicios\" \/>\r\n\t\t\t\t\t\t\t\t\t<\/div>\r\n\t\t\t\t\t\t\t\t<\/div>\r\n\t\t\t\t\t\t\t\r\n\t\t\t\t\t\t\t\t\t\t\t\t\t\t\t<img class=\"sh-image-hover lazy\" data-src=\"https:\/\/www.corporacionbi.com\/gt\/integrada\/wp-content\/uploads\/2024\/10\/otros-servicios-hover.webp\" zalt=\"otros-servicios\" \/>\r\n\t\t\t\t\t\t\t\t\t\t\t\t\t\r\n\t\t\t\t\t\t\t\t\t\t\t<\/a>\r\n\t\t\t\t\t\t\t\t\t\r\n\t\t\t\t\t\t\t<\/div>\r\n\r\n\t\t\t\t\t<\/div>\r\n\t\t\r\n\t<\/div>\r\n<\/div>\r\n            <style type=\"text\/css\">\r\n                #single-image-XjVgueRLKi {text-align: left;}#single-image-XjVgueRLKi .sh-image-lazy-loading {}            <\/style>\r\n        [vc_custom_heading text=&#8221;Otros Servicios&#8221; font_container=&#8221;tag:h2|text_align:center&#8221; css=&#8221;.vc_custom_1672240031154{margin-top: 20px !important;}&#8221;][vc_column_text]<\/p>\n<p style=\"text-align: center;\">Variedad de servicios puestos a disposici\u00f3n de nuestros clientes para brindar una mejor opci\u00f3n complementaria.<\/p>\n<p>[\/vc_column_text][\/vc_column_inner][vc_column_inner width=&#8221;1\/4&#8243; overflow=&#8221;default&#8221; el_id=&#8221;ai-home-servicios-subasta&#8221;]\r\n<div id=\"single-image-UjAdlK0zYG\" class=\"sh-single-image   sh-single-image-has-hover\">\r\n\t<div class=\"sh-element-margin\">\r\n\r\n\t\t\t\t\t<div class=\"sh-image-lazy-loading\" style=\"max-width: 341px;\">\r\n\t\t\r\n\t\t\t<div class=\"sh-single-image-container sh-single-image-container-lazy\">\r\n\t\t\t\t\r\n\t\t\t\t\t\t\t\t\t\t\t\t\t\t\t<a href=\"https:\/\/www.corporacionbi.com\/gt\/integrada\/avisos\/\">\r\n\t\t\t\t\t\r\n\t\t\t\t\t\t\t\t\t\t\t\t\t\t\t\t\t\t\t\t\t<div class=\"ratio-container\" style=\"padding-top: 68.328445747801%;\">\r\n\t\t\t\t\t\t\t\t\t<div class=\"ratio-content\">\r\n\t\t\t\t\t\t\t\t\t\t<img class=\"sh-image-url lazy\" data-src=\"https:\/\/www.corporacionbi.com\/gt\/integrada\/wp-content\/uploads\/2024\/08\/almacenadora-integrada-subasta.webp\" alt=\"almacenadora-integrada-subasta\" \/>\r\n\t\t\t\t\t\t\t\t\t<\/div>\r\n\t\t\t\t\t\t\t\t<\/div>\r\n\t\t\t\t\t\t\t\r\n\t\t\t\t\t\t\t\t\t\t\t\t\t\t\t<img class=\"sh-image-hover lazy\" data-src=\"https:\/\/www.corporacionbi.com\/gt\/integrada\/wp-content\/uploads\/2024\/10\/almacenadora-integrada-subasta-hover.webp\" zalt=\"almacenadora-integrada-subasta\" \/>\r\n\t\t\t\t\t\t\t\t\t\t\t\t\t\r\n\t\t\t\t\t\t\t\t\t\t\t<\/a>\r\n\t\t\t\t\t\t\t\t\t\r\n\t\t\t\t\t\t\t<\/div>\r\n\r\n\t\t\t\t\t<\/div>\r\n\t\t\r\n\t<\/div>\r\n<\/div>\r\n            <style type=\"text\/css\">\r\n                #single-image-UjAdlK0zYG {text-align: left;}#single-image-UjAdlK0zYG .sh-image-lazy-loading {}            <\/style>\r\n        [vc_custom_heading text=&#8221;Subasta&#8221; font_container=&#8221;tag:h2|text_align:center&#8221; css=&#8221;.vc_custom_1720801740030{margin-top: 20px !important;}&#8221;][vc_column_text css=&#8221;&#8221;]<\/p>\n<p style=\"text-align: center;\">Informaci\u00f3n sobre subastas y otros avisos<\/p>\n<p>[\/vc_column_text][\/vc_column_inner][\/vc_row_inner][\/vc_column][\/vc_row][vc_row][vc_column]\r\n            \r\n            <div class=\"sh-empty-space vc_empty_space sh-empty-space-Pjb0MrinYF  \" style=\"height: 30px\">\r\n                <span class=\"vc_empty_space_inner\"><\/span>\r\n            <\/div>\r\n\r\n        \n\t\t\t\t<p class=\"rs-p-wp-fix\"><\/p>\n\t\t\t\t<sr7-module data-alias=\"banner-principal-1\" data-id=\"3\" id=\"SR7_3_2\" class=\"rs-ov-hidden\" data-version=\"6.7.54\">\n\t\t\t\t\t<sr7-adjuster><\/sr7-adjuster>\n\t\t\t\t\t<sr7-content>\n\t\t\t\t\t\t<sr7-slide id=\"SR7_3_2-2\" data-key=\"2\">\n\t\t\t\t\t\t\t<a id=\"ai-home-secciones-conoce-empresa\" class=\"sr7-layer\" href=\"https:\/\/www.corporacionbi.com\/gt\/integrada\/quienes-somos\/\" target=\"_self\">Conoce m\u00e1s<\/a>\n\t\t\t\t\t\t\t<sr7-txt id=\"SR7_3_2-2-6\" class=\"sr7-layer\"><strong>Conoce nuestra Empresa<\/strong><\/sr7-txt>\n\t\t\t\t\t\t\t<sr7-txt id=\"SR7_3_2-2-7\" class=\"sr7-layer\">Contamos con la trayectoria, solidez, experiencia, innovaci\u00f3n y servicio por m\u00e1s de 50 a\u00f1os, y el respaldo de pertenecer a la corporaci\u00f3n financiera m\u00e1s grande del pa\u00eds, Corporaci\u00f3n Bi.<\/sr7-txt>\n\t\t\t\t\t\t<\/sr7-slide>\n\t\t\t\t\t\t<sr7-slide id=\"SR7_3_2-26\" data-key=\"26\">\n\t\t\t\t\t\t<\/sr7-slide>\n\t\t\t\t\t<\/sr7-content>\n\t\t\t\t\t<image_lists style=\"display:none\">\n\t\t\t\t\t\t<img data-src=\"\/\/www.corporacionbi.com\/gt\/integrada\/wp-content\/uploads\/2024\/08\/bannerdosho.webp\" data-libid=\"1400\" data-lib=\"medialibrary\" alt=\"Almacenadora Integrada\" title=\"Almacenadora Integrada\" width=\"0\" height=\"0\" data-dbsrc=\"Ly93d3cuY29ycG9yYWNpb25iaS5jb20vZ3QvaW50ZWdyYWRhL3dwLWNvbnRlbnQvdXBsb2Fkcy8yMDI0LzA4L2Jhbm5lcmRvc2hvLndlYnA=\"\/>\n\t\t\t\t\t<\/image_lists>\n\t\t\t\t<\/sr7-module>\n\t\t\t\t<script>\n\t\t\t\t\twindow.SR7 ??={};SR7.PMH ??={}; SR7.PMH[\"SR7_3_2\"] = {cn:100,state:false,fn: function() { if (window._tpt!==undefined && window._tpt.prepareModuleHeight !== undefined) {  _tpt.prepareModuleHeight({id:\"SR7_3_2\",el:[550,550,500,400,350],type:'standard',shdw:'0',gh:[550,550,500,400,350],gw:[1920,1920,1024,778,480],vpt:['-200px&#039;,&#039;-200px&#039;,&#039;-200px&#039;,&#039;-200px&#039;,&#039;-200px'],size:{fullWidth:true, fullHeight:false},mh:'0',onh:0,onw:0,bg:{color:'{\"orig\":\"transparent\",\"type\":\"solid\",\"string\":\"transparent\"}'}});   SR7.PMH[\"SR7_3_2\"].state=true;} else if(SR7.PMH[\"SR7_3_2\"].cn-->0)\tsetTimeout( SR7.PMH[\"SR7_3_2\"].fn,19);}};SR7.PMH[\"SR7_3_2\" ].fn();\n\t\t\t\t<\/script>\n[\/vc_column][\/vc_row][vc_row full_width=&#8221;stretch_row_content&#8221; overflow=&#8221;default&#8221; css=&#8221;.vc_custom_1672243545943{background-color: #2c8b9e !important;}&#8221;][vc_column][vc_raw_html el_class=&#8221;iconblanco&#8221;]JTNDY2VudGVyJTNFJTNDaSUyMGNsYXNzJTNEJTIyYWxtYWNlbmFkb3JhLW1haWwlMjBpY29uYmxhbmNvJTIyJTNFJTNDJTJGaSUzRSUzQyUyRmNlbnRlciUzRQ==[\/vc_raw_html][vc_column_text]<\/p>\n<h2 style=\"text-align: center; color: #ffffff !important;\">Guardemos el contacto<\/h2>\n<p>[\/vc_column_text][vc_btn title=&#8221;Escr\u00edbenos aqu\u00ed&#8221; align=&#8221;center&#8221; css=&#8221;.vc_custom_1764710972194{margin-bottom: 20px !important;}&#8221; el_class=&#8221;fondobtn3&#8243; link=&#8221;url:https%3A%2F%2Fwww.corporacionbi.com%2Fgt%2Fintegrada%2Fcontacto%2F&#8221; el_id=&#8221;ai-home-secciones-contacto&#8221;]\r\n            \r\n            <div class=\"sh-empty-space vc_empty_space sh-empty-space-pNh8JLTtEn  \" style=\"height: 20px\">\r\n                <span class=\"vc_empty_space_inner\"><\/span>\r\n            <\/div>\r\n\r\n        [\/vc_column][\/vc_row][\/vc_section]<\/p>\n<\/div>","protected":false},"excerpt":{"rendered":"<p>[vc_section][vc_row][vc_column][\/vc_column][\/vc_row][vc_row][vc_column][vc_custom_heading text=&#8221;Nuestros Servicios&#8221; font_container=&#8221;tag:h1|text_align:center&#8221;][\/vc_column][\/vc_row][vc_row][vc_column][vc_row_inner][vc_column_inner width=&#8221;1\/4&#8243; overflow=&#8221;default&#8221; el_id=&#8221;ai-home-servicios-bodega-fiscal&#8221;][vc_custom_heading text=&#8221;Bodega Fiscal&#8221; font_container=&#8221;tag:h2|text_align:center&#8221; css=&#8221;.vc_custom_1672239757974{margin-top: 20px !important;}&#8221;][vc_column_text] Bodega dirigida a personas jur\u00eddicas o individuales que importen directamente o por medio de un consolidador. [\/vc_column_text][\/vc_column_inner][vc_column_inner width=&#8221;1\/4&#8243; overflow=&#8221;default&#8221; el_id=&#8221;ai-home-servicios-aduana-interna&#8221;][vc_custom_heading text=&#8221;Aduana Interna G-1&#8243; font_container=&#8221;tag:h2|text_align:center&#8221; css=&#8221;.vc_custom_1672239821008{margin-top: 20px !important;}&#8221;][vc_column_text] Servicio de revisi\u00f3n en nuestras&#8230;<\/p>\n","protected":false},"author":1,"featured_media":0,"parent":0,"menu_order":0,"comment_status":"closed","ping_status":"closed","template":"","meta":{"footnotes":""},"wf_page_folders":[12],"class_list":["post-402","page","type-page","status-publish","hentry"],"_links":{"self":[{"href":"https:\/\/www.corporacionbi.com\/gt\/integrada\/wp-json\/wp\/v2\/pages\/402","targetHints":{"allow":["GET"]}}],"collection":[{"href":"https:\/\/www.corporacionbi.com\/gt\/integrada\/wp-json\/wp\/v2\/pages"}],"about":[{"href":"https:\/\/www.corporacionbi.com\/gt\/integrada\/wp-json\/wp\/v2\/types\/page"}],"author":[{"embeddable":true,"href":"https:\/\/www.corporacionbi.com\/gt\/integrada\/wp-json\/wp\/v2\/users\/1"}],"replies":[{"embeddable":true,"href":"https:\/\/www.corporacionbi.com\/gt\/integrada\/wp-json\/wp\/v2\/comments?post=402"}],"version-history":[{"count":37,"href":"https:\/\/www.corporacionbi.com\/gt\/integrada\/wp-json\/wp\/v2\/pages\/402\/revisions"}],"predecessor-version":[{"id":1587,"href":"https:\/\/www.corporacionbi.com\/gt\/integrada\/wp-json\/wp\/v2\/pages\/402\/revisions\/1587"}],"wp:attachment":[{"href":"https:\/\/www.corporacionbi.com\/gt\/integrada\/wp-json\/wp\/v2\/media?parent=402"}],"wp:term":[{"taxonomy":"wf_page_folders","embeddable":true,"href":"https:\/\/www.corporacionbi.com\/gt\/integrada\/wp-json\/wp\/v2\/wf_page_folders?post=402"}],"curies":[{"name":"wp","href":"https:\/\/api.w.org\/{rel}","templated":true}]}}