{"id":1226,"date":"2024-01-03T18:27:04","date_gmt":"2024-01-03T12:27:04","guid":{"rendered":"https:\/\/www.corporacionbi.com\/gt\/frcl\/?page_id=1226"},"modified":"2026-03-06T03:56:01","modified_gmt":"2026-03-05T21:56:01","slug":"como-ayudar","status":"publish","type":"page","link":"https:\/\/www.corporacionbi.com\/gt\/frcl\/como-ayudar\/","title":{"rendered":"\u00bfC\u00f3mo ayudar?"},"content":{"rendered":"<div class=\"wpb-content-wrapper\"><section class=\"vc_section\"><div class=\"vc_row wpb_row vc_row-fluid vc_row_1163737112\"><div class=\"wpb_column vc_column_container vc_col-sm-12 vc_column_886085180\"><div class=\"vc_column-inner \"><div class=\"wpb_wrapper\">\n\t\t\t\t<p class=\"rs-p-wp-fix\"><\/p>\n\t\t\t\t<sr7-module data-alias=\"quienes-somos-nuevo-12\" data-id=\"52\" id=\"SR7_52_1\" class=\"rs-ov-hidden\" data-version=\"6.7.54\">\n\t\t\t\t\t<sr7-adjuster><\/sr7-adjuster>\n\t\t\t\t\t<sr7-content>\n\t\t\t\t\t\t<sr7-slide id=\"SR7_52_1-27\" data-key=\"27\">\n\t\t\t\t\t\t\t<h1 id=\"SR7_52_1-27-1\" class=\"sr7-layer\">\u00a1Construyamos juntos<\/h1>\n\t\t\t\t\t\t\t<h1 id=\"SR7_52_1-27-2\" class=\"sr7-layer\">un mejor futuro<\/h1>\n\t\t\t\t\t\t\t<h1 id=\"SR7_52_1-27-6\" class=\"sr7-layer\">para Guatemala!<\/h1>\n\t\t\t\t\t\t<\/sr7-slide>\n\t\t\t\t\t\t<sr7-slide id=\"SR7_52_1-62\" data-key=\"62\">\n\t\t\t\t\t\t<\/sr7-slide>\n\t\t\t\t\t<\/sr7-content>\n\t\t\t\t\t<image_lists style=\"display:none\">\n\t\t\t\t\t\t<img data-src=\"\/\/www.corporacionbi.com\/gt\/frcl\/wp-content\/uploads\/2024\/01\/flecha.png\" data-libid=\"1177\" data-lib=\"medialibrary\" title=\"flecha\" width=\"0\" height=\"0\" data-dbsrc=\"Ly93d3cuY29ycG9yYWNpb25iaS5jb20vZ3QvZnJjbC93cC1jb250ZW50L3VwbG9hZHMvMjAyNC8wMS9mbGVjaGEucG5n\"\/>\n\t\t\t\t\t\t<img data-src=\"\/\/www.corporacionbi.com\/gt\/frcl\/wp-content\/uploads\/2024\/01\/como-ayudar.jpg\" data-libid=\"1166\" data-lib=\"medialibrary\" title=\"como-ayudar\" width=\"0\" height=\"0\" data-dbsrc=\"Ly93d3cuY29ycG9yYWNpb25iaS5jb20vZ3QvZnJjbC93cC1jb250ZW50L3VwbG9hZHMvMjAyNC8wMS9jb21vLWF5dWRhci5qcGc=\"\/>\n\t\t\t\t\t<\/image_lists>\n\t\t\t\t<\/sr7-module>\n\t\t\t\t<script>\n\t\t\t\t\twindow.SR7 ??={};SR7.PMH ??={}; SR7.PMH[\"SR7_52_1\"] = {cn:100,state:false,fn: function() { if (window._tpt!==undefined && window._tpt.prepareModuleHeight !== undefined) {  _tpt.prepareModuleHeight({id:\"SR7_52_1\",el:[550,550,300,300,250],type:'standard',shdw:'0',gh:[550,550,300,300,250],gw:[1920,1920,1024,778,480],vpt:['100px&#039;,&#039;100px&#039;,&#039;100px&#039;,&#039;100px&#039;,&#039;100px'],size:{fullWidth:true, fullHeight:false},mh:'0',onh:0,onw:0,bg:{color:'{\"orig\":\"transparent\",\"type\":\"solid\",\"string\":\"transparent\"}'}});   SR7.PMH[\"SR7_52_1\"].state=true;} else if(SR7.PMH[\"SR7_52_1\"].cn-->0)\tsetTimeout( SR7.PMH[\"SR7_52_1\"].fn,19);}};SR7.PMH[\"SR7_52_1\" ].fn();\n\t\t\t\t<\/script>\n<style type=\"text\/css\"> .vc_column_886085180:not(.vc_parallax):not(.jarallax) { overflow: center!important; position: relative; }<\/style><\/div><\/div><\/div><style type=\"text\/css\"> .vc_row_1163737112:not(.vc_parallax) { overflow: center!important; position: relative; }<\/style><\/div><div class=\"vc_row wpb_row vc_row-fluid vc_row_844802385\"><div class=\"wpb_column vc_column_container vc_col-sm-12 vc_column_2088399187\"><div class=\"vc_column-inner \"><div class=\"wpb_wrapper\">\r\n            \r\n            <div class=\"sh-empty-space vc_empty_space sh-empty-space-HeNbxY7k9o  \" style=\"height: 60px\">\r\n                <span class=\"vc_empty_space_inner\"><\/span>\r\n            <\/div>\r\n\r\n        <style type=\"text\/css\"> .vc_column_2088399187:not(.vc_parallax):not(.jarallax) { overflow: center!important; position: relative; }<\/style><\/div><\/div><\/div><style type=\"text\/css\"> .vc_row_844802385:not(.vc_parallax) { overflow: center!important; position: relative; }<\/style><\/div><div id=\"apadrina\" class=\"vc_row wpb_row vc_row-fluid vc_column-gap-10 vc_row_864702029\"><div class=\"wpb_column vc_column_container vc_col-sm-6 vc_column_718253278\"><div class=\"vc_column-inner \"><div class=\"wpb_wrapper\">\n\t<div  class=\"wpb_single_image wpb_content_element vc_align_center wpb_content_element\">\n\t\t\n\t\t<figure class=\"wpb_wrapper vc_figure\">\n\t\t\t<div class=\"vc_single_image-wrapper   vc_box_border_grey\"><img decoding=\"async\" width=\"833\" height=\"1185\" src=\"https:\/\/www.corporacionbi.com\/gt\/frcl\/wp-content\/uploads\/2023\/11\/como-ayudar-apadrina-a-un-educando.png\" class=\"vc_single_image-img attachment-full\" alt=\"Apadrina a un educando Fundaci\u00f3n Ramiro Castillo Love\" title=\"como-ayudar-apadrina-a-un-educando\" \/><\/div>\n\t\t<\/figure>\n\t<\/div>\n<style type=\"text\/css\"> .vc_column_718253278:not(.vc_parallax):not(.jarallax) { overflow: center!important; position: relative; }<\/style><\/div><\/div><\/div><div class=\"wpb_column vc_column_container vc_col-sm-6 vc_column_1993153127\"><div class=\"vc_column-inner \"><div class=\"wpb_wrapper\"><h1 style=\"text-align: left;font-family:Abril Fatface;font-weight:400;font-style:normal\" class=\"vc_custom_heading vc_do_custom_heading gray_2\" >Apadrina a un educando<\/h1>\n\t<div class=\"wpb_text_column wpb_content_element\" >\n\t\t<div class=\"wpb_wrapper\">\n\t\t\t<p>Por medio de la Campa\u00f1a de Apadrinamientos Personales, tanto personas como empresas patrocinan a uno o varios educandos, con una<\/p>\n\n\t\t<\/div>\n\t<\/div>\n\n\t<div class=\"wpb_raw_code wpb_raw_html wpb_content_element\" >\n\t\t<div class=\"wpb_wrapper\">\n\t\t\t<p class=\"corinto\" style=\"font-size: 30px\">Donaci\u00f3n anual de <span style=\"color: #1C69C4;\">Q350.00<\/span>\n<\/p>\n\t\t<\/div>\n\t<\/div>\n\n\t<div class=\"wpb_text_column wpb_content_element\" >\n\t\t<div class=\"wpb_wrapper\">\n\t\t\t<p>Con este valor se cubren parte de los costos del proceso de alfabetizaci\u00f3n, primaria acelerada y ciclo b\u00e1sico, como la dotaci\u00f3n de cartillas, textos, \u00fatiles escolares y capacitaci\u00f3n productiva de los estudiantes, as\u00ed como estipendio, materiales did\u00e1cticos, capacitaciones y acompa\u00f1amiento a los tutores.<\/p>\n<p>Todos los Ahijados de la Fundaci\u00f3n tienen la oportunidad de cursar las tres etapas del proceso de alfabetizaci\u00f3n, con lo que pueden transformar sus vidas: desde no saber leer ni escribir hasta obtener un certificado homologable con el 6\u00ba grado de nivel primario. Desde el a\u00f1o 2022 ofrecemos el ciclo b\u00e1sico en dos etapas equivalente hasta tercero b\u00e1sico, con lo cual los estudiantes reciben su certificado correspondiente.<\/p>\n<p>Los Padrinos y Madrinas reciben una carta de agradecimiento por parte de la Fundaci\u00f3n, un recibo de donaci\u00f3n contable deducible del Impuesto Sobre la Renta, as\u00ed como la suscripci\u00f3n a la publicaci\u00f3n trimestral del Bolet\u00edn Educar y una tarjeta de feliz cumplea\u00f1os en el mes de su natalicio, elaborada por un educando.<\/p>\n<p>Al finalizar el proceso educativo, el Padrino o Madrina recibe una carta de agradecimiento por parte de su o sus Ahijados, generando una relaci\u00f3n de empat\u00eda y afecto.<\/p>\n\n\t\t<\/div>\n\t<\/div>\n<div class=\"vc_btn3-container vc_btn3-left vc_custom_1753218933793 vc_do_btn\" ><a class=\"vc_general vc_btn3 vc_btn3-size-md vc_btn3-shape-rounded vc_btn3-style-modern vc_btn3-color-grey\" href=\"https:\/\/link.ebi.com.gt\/EBL36742062tdbn9a5o3\/1621282737c75d22b\/16318046229857a0e%20\" title=\"Apadrina\" target=\"_blank\" rel=\"noopener\">Apadrina aqu\u00ed<\/a><\/div><style type=\"text\/css\"> .vc_column_1993153127:not(.vc_parallax):not(.jarallax) { overflow: center!important; position: relative; }<\/style><\/div><\/div><\/div><\/div><div class=\"vc_row wpb_row vc_row-fluid vc_row_1811141692\"><div class=\"wpb_column vc_column_container vc_col-sm-12 vc_column_1643434948\"><div class=\"vc_column-inner \"><div class=\"wpb_wrapper\">\r\n            \r\n            <div class=\"sh-empty-space vc_empty_space sh-empty-space-YUfhuz7Exn  \" style=\"height: 60px\">\r\n                <span class=\"vc_empty_space_inner\"><\/span>\r\n            <\/div>\r\n\r\n        <style type=\"text\/css\"> .vc_column_1643434948:not(.vc_parallax):not(.jarallax) { overflow: center!important; position: relative; }<\/style><\/div><\/div><\/div><style type=\"text\/css\"> .vc_row_1811141692:not(.vc_parallax) { overflow: center!important; position: relative; }<\/style><\/div><\/section><section data-vc-full-width=\"true\" data-vc-full-width-temp=\"true\" data-vc-full-width-init=\"false\" class=\"vc_section vc_custom_1695765395823 vc_section-has-fill\"><div class=\"vc_row wpb_row vc_row-fluid vc_row_1374581192\"><div class=\"wpb_column vc_column_container vc_col-sm-12 vc_column_1142639458\"><div class=\"vc_column-inner \"><div class=\"wpb_wrapper\"><h1 style=\"text-align: center;font-family:Abril Fatface;font-weight:400;font-style:normal\" class=\"vc_custom_heading vc_do_custom_heading corinto\" >\u00bfC\u00f3mo donar?<\/h1>\n\t<div class=\"wpb_text_column wpb_content_element gray_2\" >\n\t\t<div class=\"wpb_wrapper\">\n\t\t\t<h3 style=\"text-align: center;\"><span style=\"color: #666666;\">Conoce los m\u00e9todos en los que puedes realizar tu aporte a la Fundaci\u00f3n<\/span><\/h3>\n\n\t\t<\/div>\n\t<\/div>\n<style type=\"text\/css\"> .vc_column_1142639458:not(.vc_parallax):not(.jarallax) { overflow: center!important; position: relative; }<\/style><\/div><\/div><\/div><style type=\"text\/css\"> .vc_row_1374581192:not(.vc_parallax) { overflow: center!important; position: relative; }<\/style><\/div><div class=\"vc_row wpb_row vc_row-fluid gray_fondo vc_column-gap-15 vc_row-o-equal-height vc_row-flex vc_row_354253377\"><div class=\"wpb_column vc_column_container vc_col-sm-12 vc_column_1932093153\"><div class=\"vc_column-inner \"><div class=\"wpb_wrapper\"><div class=\"vc_row wpb_row vc_inner vc_row-fluid vc_column-gap-15 vc_row-o-equal-height vc_row-flex vc_row_736551420\"><div class=\"inner_column wpb_column vc_column_container vc_col-sm-4\"><div class=\"vc_column-inner \"><div class=\"wpb_wrapper\">\n\t<div  class=\"wpb_single_image wpb_content_element vc_align_left wpb_content_element\">\n\t\t\n\t\t<figure class=\"wpb_wrapper vc_figure\">\n\t\t\t<div class=\"vc_single_image-wrapper   vc_box_border_grey\"><img decoding=\"async\" width=\"400\" height=\"218\" src=\"https:\/\/www.corporacionbi.com\/gt\/frcl\/wp-content\/uploads\/2024\/01\/donar-tarjeta.png\" class=\"vc_single_image-img attachment-full\" alt=\"\" title=\"donar-tarjeta\" srcset=\"https:\/\/www.corporacionbi.com\/gt\/frcl\/wp-content\/uploads\/2024\/01\/donar-tarjeta.png 400w, https:\/\/www.corporacionbi.com\/gt\/frcl\/wp-content\/uploads\/2024\/01\/donar-tarjeta-300x164.png 300w, https:\/\/www.corporacionbi.com\/gt\/frcl\/wp-content\/uploads\/2024\/01\/donar-tarjeta-18x10.png 18w\" sizes=\"(max-width: 400px) 100vw, 400px\" \/><\/div>\n\t\t<\/figure>\n\t<\/div>\n<h3 style=\"text-align: left;font-family:Abril Fatface;font-weight:400;font-style:normal\" class=\"vc_custom_heading vc_do_custom_heading gray_2 vc_custom_1695767944600\" >Tarjeta de cr\u00e9dito o d\u00e9bito<\/h3>\n\t<div class=\"wpb_text_column wpb_content_element vc_custom_1695767958844\" >\n\t\t<div class=\"wpb_wrapper\">\n\t\t\t<p>Puedes realizar tus donaciones con tarjeta de cr\u00e9dito o d\u00e9bito haciendo clic aqu\u00ed.<\/p>\n\n\t\t<\/div>\n\t<\/div>\n<div class=\"vc_btn3-container vc_btn3-center vc_do_btn\" ><a class=\"vc_general vc_btn3 vc_btn3-size-md vc_btn3-shape-rounded vc_btn3-style-modern vc_btn3-color-grey\" href=\"https:\/\/link.ebi.com.gt\/EBL36742062tdbn9a5o3\/1621282737c75d22b\/16318046229857a0e%20\" title=\"\" target=\"_blank\" rel=\"noopener\">Donar<\/a><\/div><\/div><\/div><\/div><div class=\"inner_column wpb_column vc_column_container vc_col-sm-4\"><div class=\"vc_column-inner \"><div class=\"wpb_wrapper\">\n\t<div  class=\"wpb_single_image wpb_content_element vc_align_left wpb_content_element\">\n\t\t\n\t\t<figure class=\"wpb_wrapper vc_figure\">\n\t\t\t<div class=\"vc_single_image-wrapper   vc_box_border_grey\"><img decoding=\"async\" width=\"400\" height=\"218\" src=\"https:\/\/www.corporacionbi.com\/gt\/frcl\/wp-content\/uploads\/2024\/01\/donar-transferencia.png\" class=\"vc_single_image-img attachment-full\" alt=\"\" title=\"donar-transferencia\" srcset=\"https:\/\/www.corporacionbi.com\/gt\/frcl\/wp-content\/uploads\/2024\/01\/donar-transferencia.png 400w, https:\/\/www.corporacionbi.com\/gt\/frcl\/wp-content\/uploads\/2024\/01\/donar-transferencia-300x164.png 300w, https:\/\/www.corporacionbi.com\/gt\/frcl\/wp-content\/uploads\/2024\/01\/donar-transferencia-18x10.png 18w\" sizes=\"(max-width: 400px) 100vw, 400px\" \/><\/div>\n\t\t<\/figure>\n\t<\/div>\n<h3 style=\"text-align: left;font-family:Abril Fatface;font-weight:400;font-style:normal\" class=\"vc_custom_heading vc_do_custom_heading gray_2 vc_custom_1695768323326\" >Dep\u00f3sito o transferencia<\/h3>\n\t<div class=\"wpb_text_column wpb_content_element vc_custom_1695768328063\" >\n\t\t<div class=\"wpb_wrapper\">\n\t\t\t<p>Tambi\u00e9n puedes realizar tu donaci\u00f3n a trav\u00e9s de un dep\u00f3sito o transferencia consult\u00e1ndonos ac\u00e1.<\/p>\n\n\t\t<\/div>\n\t<\/div>\n<div class=\"vc_btn3-container vc_btn3-center vc_do_btn\" ><a class=\"vc_general vc_btn3 vc_btn3-size-md vc_btn3-shape-rounded vc_btn3-style-modern vc_btn3-color-grey\" href=\"https:\/\/www.corporacionbi.com\/gt\/frcl\/contactanos\/\" title=\"\">M\u00e1s informaci\u00f3n<\/a><\/div><\/div><\/div><\/div><div class=\"inner_column wpb_column vc_column_container vc_col-sm-4\"><div class=\"vc_column-inner \"><div class=\"wpb_wrapper\">\n\t<div  class=\"wpb_single_image wpb_content_element vc_align_left wpb_content_element\">\n\t\t\n\t\t<figure class=\"wpb_wrapper vc_figure\">\n\t\t\t<div class=\"vc_single_image-wrapper   vc_box_border_grey\"><img decoding=\"async\" width=\"400\" height=\"218\" src=\"https:\/\/www.corporacionbi.com\/gt\/frcl\/wp-content\/uploads\/2024\/01\/donar-cheque.png\" class=\"vc_single_image-img attachment-full\" alt=\"\" title=\"donar-cheque\" srcset=\"https:\/\/www.corporacionbi.com\/gt\/frcl\/wp-content\/uploads\/2024\/01\/donar-cheque.png 400w, https:\/\/www.corporacionbi.com\/gt\/frcl\/wp-content\/uploads\/2024\/01\/donar-cheque-300x164.png 300w, https:\/\/www.corporacionbi.com\/gt\/frcl\/wp-content\/uploads\/2024\/01\/donar-cheque-18x10.png 18w\" sizes=\"(max-width: 400px) 100vw, 400px\" \/><\/div>\n\t\t<\/figure>\n\t<\/div>\n<h3 style=\"text-align: left;font-family:Abril Fatface;font-weight:400;font-style:normal\" class=\"vc_custom_heading vc_do_custom_heading gray_2 vc_custom_1695768333799\" >Cheque<\/h3>\n\t<div class=\"wpb_text_column wpb_content_element vc_custom_1695768509529\" >\n\t\t<div class=\"wpb_wrapper\">\n\t\t\t<p>Recuerda que tambi\u00e9n puedes realizar donaci\u00f3n por medio de cheque. \u00bfTienes alguna duda?<\/p>\n\n\t\t<\/div>\n\t<\/div>\n<div class=\"vc_btn3-container vc_btn3-center vc_do_btn\" ><a class=\"vc_general vc_btn3 vc_btn3-size-md vc_btn3-shape-rounded vc_btn3-style-modern vc_btn3-color-grey\" href=\"https:\/\/www.corporacionbi.com\/gt\/frcl\/contactanos\/\" title=\"\">Cont\u00e1ctanos<\/a><\/div><\/div><\/div><\/div><\/div><style type=\"text\/css\"> .vc_column_1932093153:not(.vc_parallax):not(.jarallax) { overflow: center!important; position: relative; }<\/style><\/div><\/div><\/div><\/div><div class=\"vc_row wpb_row vc_row-fluid vc_row_1236154621\"><div class=\"wpb_column vc_column_container vc_col-sm-12 vc_column_1176316241\"><div class=\"vc_column-inner \"><div class=\"wpb_wrapper\">\r\n            \r\n            <div class=\"sh-empty-space vc_empty_space sh-empty-space-JYFomlsK92  \" style=\"height: 20px\">\r\n                <span class=\"vc_empty_space_inner\"><\/span>\r\n            <\/div>\r\n\r\n        <style type=\"text\/css\"> .vc_column_1176316241:not(.vc_parallax):not(.jarallax) { overflow: center!important; position: relative; }<\/style><\/div><\/div><\/div><style type=\"text\/css\"> .vc_row_1236154621:not(.vc_parallax) { overflow: center!important; position: relative; }<\/style><\/div><div class=\"vc_row wpb_row vc_row-fluid vc_column-gap-15 vc_row-o-equal-height vc_row-flex vc_row_1119733228\"><div class=\"wpb_column vc_column_container vc_col-sm-12 vc_column_186148806\"><div class=\"vc_column-inner \"><div class=\"wpb_wrapper\"><div class=\"vc_row wpb_row vc_inner vc_row-fluid vc_row-o-equal-height vc_row-flex vc_row_1447150557\"><div class=\"inner_column wpb_column vc_column_container vc_col-sm-4\"><div class=\"vc_column-inner \"><div class=\"wpb_wrapper\">\n\t<div  class=\"wpb_single_image wpb_content_element vc_align_left wpb_content_element\">\n\t\t\n\t\t<figure class=\"wpb_wrapper vc_figure\">\n\t\t\t<div class=\"vc_single_image-wrapper   vc_box_border_grey\"><img decoding=\"async\" width=\"400\" height=\"218\" src=\"https:\/\/www.corporacionbi.com\/gt\/frcl\/wp-content\/uploads\/2024\/01\/donar-BEL.png\" class=\"vc_single_image-img attachment-full\" alt=\"\" title=\"donar-BEL\" srcset=\"https:\/\/www.corporacionbi.com\/gt\/frcl\/wp-content\/uploads\/2024\/01\/donar-BEL.png 400w, https:\/\/www.corporacionbi.com\/gt\/frcl\/wp-content\/uploads\/2024\/01\/donar-BEL-300x164.png 300w, https:\/\/www.corporacionbi.com\/gt\/frcl\/wp-content\/uploads\/2024\/01\/donar-BEL-18x10.png 18w\" sizes=\"(max-width: 400px) 100vw, 400px\" \/><\/div>\n\t\t<\/figure>\n\t<\/div>\n<h3 style=\"text-align: left;font-family:Abril Fatface;font-weight:400;font-style:normal\" class=\"vc_custom_heading vc_do_custom_heading gray_2 vc_custom_1695768374796\" >Bi en L\u00ednea<\/h3>\n\t<div class=\"wpb_text_column wpb_content_element vc_custom_1695768381368\" >\n\t\t<div class=\"wpb_wrapper\">\n\t\t\t<p>Conoce los pasos para realizar tu donaci\u00f3n desde Bi en L\u00ednea.<\/p>\n\n\t\t<\/div>\n\t<\/div>\n<div class=\"vc_btn3-container vc_btn3-center vc_do_btn\" ><a class=\"vc_general vc_btn3 vc_btn3-size-md vc_btn3-shape-rounded vc_btn3-style-modern vc_btn3-color-grey\" href=\"https:\/\/www.corporacionbi.com\/gt\/frcl\/como-donar-en-bi-en-linea\/\" title=\"Bi en L\u00ednea\">Ver m\u00e1s<\/a><\/div><\/div><\/div><\/div><div class=\"inner_column wpb_column vc_column_container vc_col-sm-4\"><div class=\"vc_column-inner \"><div class=\"wpb_wrapper\">\n\t<div  class=\"wpb_single_image wpb_content_element vc_align_left wpb_content_element\">\n\t\t\n\t\t<figure class=\"wpb_wrapper vc_figure\">\n\t\t\t<div class=\"vc_single_image-wrapper   vc_box_border_grey\"><img decoding=\"async\" width=\"400\" height=\"218\" src=\"https:\/\/www.corporacionbi.com\/gt\/frcl\/wp-content\/uploads\/2024\/01\/donar-whatsapp.png\" class=\"vc_single_image-img attachment-full\" alt=\"\" title=\"donar-whatsapp\" srcset=\"https:\/\/www.corporacionbi.com\/gt\/frcl\/wp-content\/uploads\/2024\/01\/donar-whatsapp.png 400w, https:\/\/www.corporacionbi.com\/gt\/frcl\/wp-content\/uploads\/2024\/01\/donar-whatsapp-300x164.png 300w, https:\/\/www.corporacionbi.com\/gt\/frcl\/wp-content\/uploads\/2024\/01\/donar-whatsapp-18x10.png 18w\" sizes=\"(max-width: 400px) 100vw, 400px\" \/><\/div>\n\t\t<\/figure>\n\t<\/div>\n<h3 style=\"text-align: left;font-family:Abril Fatface;font-weight:400;font-style:normal\" class=\"vc_custom_heading vc_do_custom_heading gray_2 vc_custom_1695768389040\" >WhatsApp<\/h3>\n\t<div class=\"wpb_text_column wpb_content_element vc_custom_1695768398748\" >\n\t\t<div class=\"wpb_wrapper\">\n\t\t\t<p>Si necesitas te asistamos o por cualquier consulta puedes escribirnos a nuestro WhatsApp<\/p>\n\n\t\t<\/div>\n\t<\/div>\n<div class=\"vc_btn3-container vc_btn3-center vc_do_btn\" ><a class=\"vc_general vc_btn3 vc_btn3-size-md vc_btn3-shape-rounded vc_btn3-style-modern vc_btn3-color-grey\" href=\"https:\/\/api.whatsapp.com\/send?phone=50233699721\" title=\"Fundaci\u00f3n Ramiro Castillo Love\" target=\"_blank\" rel=\"noopener\">Ir a WhatsApp<\/a><\/div><\/div><\/div><\/div><div class=\"wpb_column vc_column_container vc_col-sm-4 vc_column_1222764846\"><div class=\"vc_column-inner \"><div class=\"wpb_wrapper\"><style type=\"text\/css\"> .vc_column_1222764846:not(.vc_parallax):not(.jarallax) { overflow: center!important; position: relative; }<\/style><\/div><\/div><\/div><\/div><style type=\"text\/css\"> .vc_column_186148806:not(.vc_parallax):not(.jarallax) { overflow: center!important; position: relative; }<\/style><\/div><\/div><\/div><\/div><div class=\"vc_row wpb_row vc_row-fluid vc_row_265236448\"><div class=\"wpb_column vc_column_container vc_col-sm-12 vc_column_79848376\"><div class=\"vc_column-inner \"><div class=\"wpb_wrapper\">\r\n            \r\n            <div class=\"sh-empty-space vc_empty_space sh-empty-space-xSJpCrZjyh  \" style=\"height: 60px\">\r\n                <span class=\"vc_empty_space_inner\"><\/span>\r\n            <\/div>\r\n\r\n        <style type=\"text\/css\"> .vc_column_79848376:not(.vc_parallax):not(.jarallax) { overflow: center!important; position: relative; }<\/style><\/div><\/div><\/div><style type=\"text\/css\"> .vc_row_265236448:not(.vc_parallax) { overflow: center!important; position: relative; }<\/style><\/div><div class=\"vc_row wpb_row vc_row-fluid vc_row_1016601671\"><div class=\"wpb_column vc_column_container vc_col-sm-12 vc_column_1248802515\"><div class=\"vc_column-inner \"><div class=\"wpb_wrapper\">\n\t<div class=\"wpb_raw_code wpb_raw_html wpb_content_element\" >\n\t\t<div class=\"wpb_wrapper\">\n\t\t\t<center><p class=\"gray_4\" style=\"font-size: 25px\">Tambi\u00e9n puedes llamarnos a los tel\u00e9fonos:<br><span style=\"color: #1A98C5;\">(502) 2420-3248; (502) 2420-3000, ext.: 2530 o 2939<\/span><br>\no bien escribirnos al correo electr\u00f3nico: <span style=\"color: #1A98C5;\">frcl@bi.com.gt<\/span>\n<\/p><\/center>\n\t\t<\/div>\n\t<\/div>\n<style type=\"text\/css\"> .vc_column_1248802515:not(.vc_parallax):not(.jarallax) { overflow: center!important; position: relative; }<\/style><\/div><\/div><\/div><style type=\"text\/css\"> .vc_row_1016601671:not(.vc_parallax) { overflow: center!important; position: relative; }<\/style><\/div><\/section><div class=\"vc_row-full-width vc_clearfix\"><\/div>\n<\/div>","protected":false},"excerpt":{"rendered":"\u00a1Construyamos juntos un mejor futuro para Guatemala! Apadrina a un educando Por medio de la Campa\u00f1a de Apadrinamientos Personales, tanto personas como empresas patrocinan a uno o varios educandos, con una Donaci\u00f3n anual de Q350.00 Con este valor se cubren parte de los costos del...","protected":false},"author":1,"featured_media":0,"parent":0,"menu_order":0,"comment_status":"closed","ping_status":"closed","template":"","meta":{"footnotes":""},"wf_page_folders":[27],"class_list":["post-1226","page","type-page","status-publish","hentry"],"_links":{"self":[{"href":"https:\/\/www.corporacionbi.com\/gt\/frcl\/wp-json\/wp\/v2\/pages\/1226","targetHints":{"allow":["GET"]}}],"collection":[{"href":"https:\/\/www.corporacionbi.com\/gt\/frcl\/wp-json\/wp\/v2\/pages"}],"about":[{"href":"https:\/\/www.corporacionbi.com\/gt\/frcl\/wp-json\/wp\/v2\/types\/page"}],"author":[{"embeddable":true,"href":"https:\/\/www.corporacionbi.com\/gt\/frcl\/wp-json\/wp\/v2\/users\/1"}],"replies":[{"embeddable":true,"href":"https:\/\/www.corporacionbi.com\/gt\/frcl\/wp-json\/wp\/v2\/comments?post=1226"}],"version-history":[{"count":11,"href":"https:\/\/www.corporacionbi.com\/gt\/frcl\/wp-json\/wp\/v2\/pages\/1226\/revisions"}],"predecessor-version":[{"id":2308,"href":"https:\/\/www.corporacionbi.com\/gt\/frcl\/wp-json\/wp\/v2\/pages\/1226\/revisions\/2308"}],"wp:attachment":[{"href":"https:\/\/www.corporacionbi.com\/gt\/frcl\/wp-json\/wp\/v2\/media?parent=1226"}],"wp:term":[{"taxonomy":"wf_page_folders","embeddable":true,"href":"https:\/\/www.corporacionbi.com\/gt\/frcl\/wp-json\/wp\/v2\/wf_page_folders?post=1226"}],"curies":[{"name":"wp","href":"https:\/\/api.w.org\/{rel}","templated":true}]}}