{"id":1200,"date":"2024-01-03T19:02:52","date_gmt":"2024-01-03T13:02:52","guid":{"rendered":"https:\/\/www.corporacionbi.com\/gt\/frcl\/?page_id=1200"},"modified":"2024-01-11T05:23:29","modified_gmt":"2024-01-10T23:23:29","slug":"rifa-usd-30000","status":"publish","type":"page","link":"https:\/\/www.corporacionbi.com\/gt\/frcl\/que-hacemos\/rifa-usd-30000\/","title":{"rendered":"Rifa USD 30,000"},"content":{"rendered":"<div class=\"wpb-content-wrapper\"><section class=\"vc_section\"><div class=\"vc_row wpb_row vc_row-fluid vc_row_1223831151\"><div class=\"wpb_column vc_column_container vc_col-sm-12 vc_column_203616754\"><div class=\"vc_column-inner \"><div class=\"wpb_wrapper\">\r\n            \r\n            <div class=\"sh-empty-space vc_empty_space sh-empty-space-0wevIJYdKH  \" style=\"height: 80px\">\r\n                <span class=\"vc_empty_space_inner\"><\/span>\r\n            <\/div>\r\n\r\n        <h1 style=\"text-align: left\" class=\"vc_custom_heading vc_do_custom_heading display\" >Rifa USD30,000<\/h1><div class=\"vc_separator wpb_content_element vc_separator_align_center vc_sep_width_100 vc_sep_border_width_2 vc_sep_pos_align_center vc_separator_no_text vc_sep_color_grey wpb_content_element  wpb_content_element\" ><span class=\"vc_sep_holder vc_sep_holder_l\"><span class=\"vc_sep_line\"><\/span><\/span><span class=\"vc_sep_holder vc_sep_holder_r\"><span class=\"vc_sep_line\"><\/span><\/span>\n<\/div><style type=\"text\/css\"> .vc_column_203616754:not(.vc_parallax):not(.jarallax) { overflow: center!important; position: relative; }<\/style><\/div><\/div><\/div><style type=\"text\/css\"> .vc_row_1223831151:not(.vc_parallax) { overflow: center!important; position: relative; }<\/style><\/div><div class=\"vc_row wpb_row vc_row-fluid vc_row_1727618381\"><div class=\"wpb_column vc_column_container vc_col-sm-6 vc_column_1054353241\"><div class=\"vc_column-inner \"><div class=\"wpb_wrapper\"><h2 style=\"text-align: left\" class=\"vc_custom_heading vc_do_custom_heading gray_1\" >Apoyo a la alfabetizaci\u00f3n<\/h2>\n\t<div class=\"wpb_text_column wpb_content_element gray_3\" >\n\t\t<div class=\"wpb_wrapper\">\n\t\t\t<p>Fundaci\u00f3n Ramiro Castillo Love realiza la Rifa Extraordinaria en apoyo a la alfabetizaci\u00f3n, motivando cada a\u00f1o diferentes mensajes dirigidos a apoyar la educaci\u00f3n de adolescentes, j\u00f3venes y adultos, en especial del \u00e1rea rural. Algunos mensajes han sido: \u201cEl valor de cambiar vidas\u201d y \u201cLa alfabetizaci\u00f3n es un puente a miles de posibilidades\u201d, entre otros.<\/p>\n<p>La rifa se promueve entre los meses de febrero a mayo y se compone de un premio de USD30,000 libres de impuestos, para que el feliz ganador lo utilice para el prop\u00f3sito que elija. La rifa consta de \u00fanicamente 1,000 billetes a un valor de Q1,000 cada uno. Es una rifa peculiar, ya que por la reducida cantidad de n\u00fameros existe una alta probabilidad de ganarla. Con el beneficio se patrocina la alfabetizaci\u00f3n, educaci\u00f3n primaria y ciclo b\u00e1sico de adolescentes, j\u00f3venes y adultos en el pa\u00eds.<\/p>\n\n\t\t<\/div>\n\t<\/div>\n<style type=\"text\/css\"> .vc_column_1054353241:not(.vc_parallax):not(.jarallax) { overflow: center!important; position: relative; }<\/style><\/div><\/div><\/div><div class=\"wpb_column vc_column_container vc_col-sm-6 vc_column_209999320\"><div class=\"vc_column-inner \"><div class=\"wpb_wrapper\">\n\t<div  class=\"wpb_single_image wpb_content_element vc_align_left wpb_content_element  foto_quehacemos\">\n\t\t\n\t\t<figure class=\"wpb_wrapper vc_figure\">\n\t\t\t<div class=\"vc_single_image-wrapper   vc_box_border_grey\"><img decoding=\"async\" width=\"500\" height=\"500\" src=\"https:\/\/www.corporacionbi.com\/gt\/frcl\/wp-content\/uploads\/2024\/01\/cheque-USD30k.jpg\" class=\"vc_single_image-img attachment-full\" alt=\"Rifa USD30,000 - Fundaci\u00f3n Ramiro Castillo Love\" title=\"cheque-USD30k\" srcset=\"https:\/\/www.corporacionbi.com\/gt\/frcl\/wp-content\/uploads\/2024\/01\/cheque-USD30k.jpg 500w, https:\/\/www.corporacionbi.com\/gt\/frcl\/wp-content\/uploads\/2024\/01\/cheque-USD30k-300x300.jpg 300w, https:\/\/www.corporacionbi.com\/gt\/frcl\/wp-content\/uploads\/2024\/01\/cheque-USD30k-150x150.jpg 150w, https:\/\/www.corporacionbi.com\/gt\/frcl\/wp-content\/uploads\/2024\/01\/cheque-USD30k-12x12.jpg 12w\" sizes=\"(max-width: 500px) 100vw, 500px\" \/><\/div>\n\t\t<\/figure>\n\t<\/div>\n<style type=\"text\/css\"> .vc_column_209999320:not(.vc_parallax):not(.jarallax) { overflow: center!important; position: relative; }<\/style><\/div><\/div><\/div><style type=\"text\/css\"> .vc_row_1727618381:not(.vc_parallax) { overflow: center!important; position: relative; }<\/style><\/div><\/section><section class=\"vc_section\"><div class=\"vc_row wpb_row vc_row-fluid vc_row_1390732733\"><div class=\"wpb_column vc_column_container vc_col-sm-12 vc_column_1574210402\"><div class=\"vc_column-inner \"><div class=\"wpb_wrapper\"><div class=\"vc_empty_space\"   style=\"height: 100px\"><span class=\"vc_empty_space_inner\"><\/span><\/div><h1 style=\"text-align: left\" class=\"vc_custom_heading vc_do_custom_heading display\" >M\u00e1s actividades de recaudaci\u00f3n<\/h1><div class=\"vc_separator wpb_content_element vc_separator_align_center vc_sep_width_100 vc_sep_border_width_2 vc_sep_pos_align_center vc_separator_no_text vc_sep_color_grey wpb_content_element  wpb_content_element\" ><span class=\"vc_sep_holder vc_sep_holder_l\"><span class=\"vc_sep_line\"><\/span><\/span><span class=\"vc_sep_holder vc_sep_holder_r\"><span class=\"vc_sep_line\"><\/span><\/span>\n<\/div><div class=\"vc_empty_space\"   style=\"height: 32px\"><span class=\"vc_empty_space_inner\"><\/span><\/div><style type=\"text\/css\"> .vc_column_1574210402:not(.vc_parallax):not(.jarallax) { overflow: center!important; position: relative; }<\/style><\/div><\/div><\/div><style type=\"text\/css\"> .vc_row_1390732733:not(.vc_parallax) { overflow: center!important; position: relative; }<\/style><\/div><div class=\"vc_row wpb_row vc_row-fluid vc_custom_1695847913955 vc_row_990461986\"><div class=\"wpb_column vc_column_container vc_col-sm-4 vc_column_1478626879\"><div class=\"vc_column-inner \"><div class=\"wpb_wrapper\">\n\t<div class=\"wpb_raw_code wpb_raw_html wpb_content_element tarjeta_img\" >\n\t\t<div class=\"wpb_wrapper\">\n\t\t\t<div class=\"wpb_single_image wpb_content_element vc_align_center   img_tarjeta\">\n\t\t<figure class=\"wpb_wrapper vc_figure\">\n\t\t\t<div class=\"vc_single_image-wrapper vc_box_rounded  vc_box_border_grey\">\n<!-- Cambiar enlace de imagen -->\n<img width=\"680\" height=\"434\" src=\"https:\/\/www.corporacionbi.com\/gt\/frcl\/wp-content\/uploads\/2023\/11\/foto-apadrinamientos.png\" class=\"vc_single_image-img attachment-full\" alt=\"\" decoding=\"async\" title=\"Campa\u00f1a de Apadrinamientos Personales\" fetchpriority=\"high\">\n<\/div>\n<\/figure>\n<\/div>\n<!-- texto del parrafo-->\n <h4  class= \"gray_4 medium\" style=\"font-size: 14px; padding: 0px 25px 0px 25px\">Campa\u00f1a de Apadrinamientos Personales<\/h4>\n\n<p class=\"gray_4\" style=\"font-size: 13px; padding: 3px 25px 20px 25px\">\n\nLa Campa\u00f1a de Apadrinamientos Personales fue la primera actividad de recaudaci\u00f3n de fondos de Fundaci\u00f3n Ramiro Castillo Love desde hace m\u00e1s de 30 a\u00f1os.  El objetivo es lograr empat\u00eda entre los que donan y los estudiantes beneficiados por ellos.<\/p>\n<!-- boton -->\n<div class=\"vc_btn3-container  secundario1 vc_btn3-center\" style=\"padding: 0px 25px 30px 25px\">\n\n<a class=\"vc_general vc_btn3 vc_btn3-size-md vc_btn3-shape-rounded vc_btn3-style-modern vc_btn3-color-grey\" href=\"https:\/\/www.corporacionbi.com\/gt\/frcl\/que-hacemos\/campana-de-apadrinamientos-personales\/\" title=\"Campa\u00f1a de Apadrinamientos personales\">M\u00e1s informaci\u00f3n<\/a><\/div>\n\t\t<\/div>\n\t<\/div>\n<style type=\"text\/css\"> .vc_column_1478626879:not(.vc_parallax):not(.jarallax) { overflow: center!important; position: relative; }<\/style><\/div><\/div><\/div><div class=\"wpb_column vc_column_container vc_col-sm-4 vc_column_245980422\"><div class=\"vc_column-inner \"><div class=\"wpb_wrapper\">\n\t<div class=\"wpb_raw_code wpb_raw_html wpb_content_element tarjeta_img\" >\n\t\t<div class=\"wpb_wrapper\">\n\t\t\t<div class=\"wpb_single_image wpb_content_element vc_align_center   img_tarjeta\">\n\t\t<figure class=\"wpb_wrapper vc_figure\">\n\t\t\t<div class=\"vc_single_image-wrapper vc_box_rounded  vc_box_border_grey\">\n<!-- Cambiar enlace de imagen -->\n<img width=\"680\" height=\"434\" src=\"https:\/\/www.corporacionbi.com\/gt\/frcl\/wp-content\/uploads\/2023\/11\/foto-honda.jpg\" class=\"vc_single_image-img attachment-full\" alt=\"\" decoding=\"async\" title=\"Rifa anual de un autom\u00f3vil\" fetchpriority=\"high\">\n<\/div>\n<\/figure>\n<\/div>\n<!-- texto del parrafo-->\n <h4  class= \"gray_4 medium\" style=\"font-size: 14px; padding: 0px 25px 0px 25px\">Rifa anual de un autom\u00f3vil<\/h4>\n\n<p class=\"gray_4\" style=\"font-size: 13px; padding: 0px 25px 20px 25px\">\n\nFundaci\u00f3n Ramiro Castillo Love realiza la Gran Rifa Pro Alfabetizaci\u00f3n de forma anual entre los meses de julio a octubre, desde hace m\u00e1s de 30 a\u00f1os. El ganador o ganadora obtiene un autom\u00f3vil tipo camioneta Honda CRV \u00faltimo modelo.<\/p>\n<!-- boton -->\n<div class=\"vc_btn3-container  secundario1 vc_btn3-center\" style=\"padding: 18px 25px 30px 25px\">\n\n<a class=\"vc_general vc_btn3 vc_btn3-size-md vc_btn3-shape-rounded vc_btn3-style-modern vc_btn3-color-grey\" href=\"https:\/\/www.corporacionbi.com\/gt\/frcl\/que-hacemos\/rifa-anual-de-un-automovil\/\" title=\"Rifa anual de un autom\u00f3vil\">M\u00e1s informaci\u00f3n<\/a><\/div>\n\t\t<\/div>\n\t<\/div>\n<style type=\"text\/css\"> .vc_column_245980422:not(.vc_parallax):not(.jarallax) { overflow: center!important; position: relative; }<\/style><\/div><\/div><\/div><div class=\"wpb_column vc_column_container vc_col-sm-4 vc_column_749722521\"><div class=\"vc_column-inner \"><div class=\"wpb_wrapper\">\n\t<div class=\"wpb_raw_code wpb_raw_html wpb_content_element tarjeta_img\" >\n\t\t<div class=\"wpb_wrapper\">\n\t\t\t<div class=\"wpb_single_image wpb_content_element vc_align_center   img_tarjeta\">\n\t\t<figure class=\"wpb_wrapper vc_figure\">\n\t\t\t<div class=\"vc_single_image-wrapper vc_box_rounded  vc_box_border_grey\">\n<!-- Cambiar enlace de imagen -->\n<img width=\"680\" height=\"434\" src=\"https:\/\/www.corporacionbi.com\/gt\/frcl\/wp-content\/uploads\/2023\/11\/foto-recolectores.jpg\" class=\"vc_single_image-img attachment-full\" alt=\"\" decoding=\"async\" title=\"Buzones Recolectores\" fetchpriority=\"high\">\n<\/div>\n<\/figure>\n<\/div>\n<!-- texto del parrafo-->\n <h4  class= \"gray_4 medium\" style=\"font-size: 14px; padding: 0px 25px 0px 25px\">Buzones Recolectores<\/h4>\n\n<p class=\"gray_4\" style=\"font-size: 13px; padding: 0px 25px 20px 25px\">\n\nLos Buzones Recolectores est\u00e1n ubicados en agencias de Banco Industrial, S.A. alrededor del pa\u00eds y en algunos establecimientos comerciales que apoyan a Fundaci\u00f3n Ramiro Castillo Love.<\/p>\n<!-- boton -->\n<div class=\"vc_btn3-container  secundario1 vc_btn3-center\" style=\"padding: 41px 25px 30px 25px\">\n\n<a class=\"vc_general vc_btn3 vc_btn3-size-md vc_btn3-shape-rounded vc_btn3-style-modern vc_btn3-color-grey\" href=\"https:\/\/www.corporacionbi.com\/gt\/frcl\/que-hacemos\/buzones-recolectores\/\" title=\"Buzones Recolectores\">M\u00e1s informaci\u00f3n<\/a><\/div>\n\t\t<\/div>\n\t<\/div>\n<style type=\"text\/css\"> .vc_column_749722521:not(.vc_parallax):not(.jarallax) { overflow: center!important; position: relative; }<\/style><\/div><\/div><\/div><style type=\"text\/css\">@media (max-width: 800px) { #content .vc_row_990461986, .sh-footer-template .vc_row_990461986, .sh-header-template .vc_row_990461986 { padding: 0px 0px 0px 0px!important;}}<\/style><\/div><div class=\"vc_row wpb_row vc_row-fluid vc_row_1281870906\"><div class=\"wpb_column vc_column_container vc_col-sm-12 vc_column_1760255231\"><div class=\"vc_column-inner \"><div class=\"wpb_wrapper\"><div class=\"vc_empty_space\"   style=\"height: 32px\"><span class=\"vc_empty_space_inner\"><\/span><\/div><style type=\"text\/css\"> .vc_column_1760255231:not(.vc_parallax):not(.jarallax) { overflow: center!important; position: relative; }<\/style><\/div><\/div><\/div><style type=\"text\/css\"> .vc_row_1281870906:not(.vc_parallax) { overflow: center!important; position: relative; }<\/style><\/div><div class=\"vc_row wpb_row vc_row-fluid vc_row_227817702\"><div class=\"wpb_column vc_column_container vc_col-sm-3 vc_column_96313756\"><div class=\"vc_column-inner \"><div class=\"wpb_wrapper\">\n\t<div class=\"wpb_raw_code wpb_raw_html wpb_content_element tarjeta_img\" >\n\t\t<div class=\"wpb_wrapper\">\n\t\t\t<div class=\"wpb_single_image wpb_content_element vc_align_center   img_tarjeta\">\n\t\t<figure class=\"wpb_wrapper vc_figure\">\n\t\t\t<div class=\"vc_single_image-wrapper vc_box_rounded  vc_box_border_grey\">\n<!-- Cambiar enlace de imagen -->\n<img width=\"680\" height=\"434\" src=\"https:\/\/www.corporacionbi.com\/gt\/frcl\/wp-content\/uploads\/2023\/11\/foto-libro.jpg\" class=\"vc_single_image-img attachment-full\" alt=\"\" decoding=\"async\" title=\"Libros\" fetchpriority=\"high\">\n<\/div>\n<\/figure>\n<\/div>\n<!-- texto del parrafo-->\n <h4  class= \"gray_4 medium\" style=\"font-size: 14px; padding: 0px 25px 0px 25px\">Libros<\/h4>\n\n<p class=\"gray_4\" style=\"font-size: 13px; padding: 0px 25px 20px 25px\">\n\nFundaci\u00f3n Ramiro Castillo Love pone a disposici\u00f3n del p\u00fablico todo el trabajo monogr\u00e1fico editado por Banco Industrial S.A. a beneficio de los programas educativos. La colecci\u00f3n incluye una serie de t\u00edtulos, la mayor\u00eda escritos en espa\u00f1ol e ingl\u00e9s.<\/p>\n<!-- boton -->\n<div class=\"vc_btn3-container  secundario1 vc_btn3-center\" style=\"padding: 0px 25px 30px 25px\">\n\n<a class=\"vc_general vc_btn3 vc_btn3-size-md vc_btn3-shape-rounded vc_btn3-style-modern vc_btn3-color-grey\" href=\"https:\/\/www.corporacionbi.com\/gt\/frcl\/que-hacemos\/libros\/\" title=\"Libros\">M\u00e1s informaci\u00f3n<\/a><\/div>\n\t\t<\/div>\n\t<\/div>\n<style type=\"text\/css\"> .vc_column_96313756:not(.vc_parallax):not(.jarallax) { overflow: center!important; position: relative; }<\/style><\/div><\/div><\/div><div class=\"wpb_column vc_column_container vc_col-sm-3 vc_column_495606105\"><div class=\"vc_column-inner \"><div class=\"wpb_wrapper\">\n\t<div class=\"wpb_raw_code wpb_raw_html wpb_content_element tarjeta_img\" >\n\t\t<div class=\"wpb_wrapper\">\n\t\t\t<div class=\"wpb_single_image wpb_content_element vc_align_center   img_tarjeta\">\n\t\t<figure class=\"wpb_wrapper vc_figure\">\n\t\t\t<div class=\"vc_single_image-wrapper vc_box_rounded  vc_box_border_grey\">\n<!-- Cambiar enlace de imagen -->\n<img width=\"680\" height=\"434\" src=\"https:\/\/www.corporacionbi.com\/gt\/frcl\/wp-content\/uploads\/2023\/11\/foto-reciclaje.jpg\" class=\"vc_single_image-img attachment-full\" alt=\"\" decoding=\"async\" title=\"Campa\u00f1as de Reciclaje\" fetchpriority=\"high\">\n<\/div>\n<\/figure>\n<\/div>\n<!-- texto del parrafo-->\n <h4  class= \"gray_4 medium\" style=\"font-size: 14px; padding: 0px 25px 0px 25px\">Campa\u00f1as de Reciclaje<\/h4>\n\n<p class=\"gray_4\" style=\"font-size: 13px; padding: 0px 25px 20px 25px\">\n\nCorporaci\u00f3n Bi eligi\u00f3 a Fundaci\u00f3n Ramiro Castillo Love para realizar el reciclaje de papel desde el a\u00f1o de 1995, y el reciclaje de chatarra desde el a\u00f1o 2011, en todas sus empresas, \u00e1reas y agencias, a beneficio de los programas educativos.<\/p>\n<!-- boton -->\n<div class=\"vc_btn3-container  secundario1 vc_btn3-center\" style=\"padding: 46px 25px 30px 25px\">\n\n<a class=\"vc_general vc_btn3 vc_btn3-size-md vc_btn3-shape-rounded vc_btn3-style-modern vc_btn3-color-grey\" href=\"https:\/\/www.corporacionbi.com\/gt\/frcl\/que-hacemos\/campanas-de-reciclaje\/\" title=\"Campa\u00f1as de Reciclaje\">M\u00e1s informaci\u00f3n<\/a><\/div>\n\t\t<\/div>\n\t<\/div>\n<style type=\"text\/css\"> .vc_column_495606105:not(.vc_parallax):not(.jarallax) { overflow: center!important; position: relative; }<\/style><\/div><\/div><\/div><div class=\"wpb_column vc_column_container vc_col-sm-3 vc_column_289793012\"><div class=\"vc_column-inner \"><div class=\"wpb_wrapper\">\n\t<div class=\"wpb_raw_code wpb_raw_html wpb_content_element tarjeta_img\" >\n\t\t<div class=\"wpb_wrapper\">\n\t\t\t<div class=\"wpb_single_image wpb_content_element vc_align_center   img_tarjeta\">\n\t\t<figure class=\"wpb_wrapper vc_figure\">\n\t\t\t<div class=\"vc_single_image-wrapper vc_box_rounded  vc_box_border_grey\">\n<!-- Cambiar enlace de imagen -->\n<img width=\"680\" height=\"434\" src=\"https:\/\/www.corporacionbi.com\/gt\/frcl\/wp-content\/uploads\/2023\/11\/foto-bazares.jpg\" class=\"vc_single_image-img attachment-full\" alt=\"\" decoding=\"async\" title=\"Bazares\" fetchpriority=\"high\">\n<\/div>\n<\/figure>\n<\/div>\n<!-- texto del parrafo-->\n <h4  class= \"gray_4 medium\" style=\"font-size: 14px; padding: 0px 25px 0px 25px\">Bazares<\/h4>\n\n<p class=\"gray_4\" style=\"font-size: 13px; padding: 0px 25px 20px 25px\">\n\nEntre sus actividades de recaudaci\u00f3n de fondos para los programas educativos, la Fundaci\u00f3n realiza sus tradicionales bazares como el del D\u00eda de la Madre, D\u00eda del Padre, de Medio A\u00f1o y Navide\u00f1o, entre otros.<\/p>\n<!-- boton -->\n<div class=\"vc_btn3-container  secundario1 vc_btn3-center\" style=\"padding: 24px 25px 30px 25px\">\n\n<a class=\"vc_general vc_btn3 vc_btn3-size-md vc_btn3-shape-rounded vc_btn3-style-modern vc_btn3-color-grey\" href=\"https:\/\/www.corporacionbi.com\/gt\/frcl\/que-hacemos\/bazares\/\" title=\"Bazares\">M\u00e1s informaci\u00f3n<\/a><\/div>\n\t\t<\/div>\n\t<\/div>\n<style type=\"text\/css\"> .vc_column_289793012:not(.vc_parallax):not(.jarallax) { overflow: center!important; position: relative; }<\/style><\/div><\/div><\/div><div class=\"wpb_column vc_column_container vc_col-sm-3 vc_column_830660148\"><div class=\"vc_column-inner \"><div class=\"wpb_wrapper\">\n\t<div class=\"wpb_raw_code wpb_raw_html wpb_content_element tarjeta_img\" >\n\t\t<div class=\"wpb_wrapper\">\n\t\t\t<div class=\"wpb_single_image wpb_content_element vc_align_center   img_tarjeta\">\n\t\t<figure class=\"wpb_wrapper vc_figure\">\n\t\t\t<div class=\"vc_single_image-wrapper vc_box_rounded  vc_box_border_grey\">\n<!-- Cambiar enlace de imagen -->\n<img width=\"680\" height=\"434\" src=\"https:\/\/www.corporacionbi.com\/gt\/frcl\/wp-content\/uploads\/2023\/11\/foto-galerias.jpg\" class=\"vc_single_image-img attachment-full\" alt=\"\" decoding=\"async\" title=\"Galer\u00edas de Arte Bi-Premium\" fetchpriority=\"high\">\n<\/div>\n<\/figure>\n<\/div>\n<!-- texto del parrafo-->\n <h4  class= \"gray_4 medium\" style=\"font-size: 14px; padding: 0px 25px 0px 25px\">Galer\u00edas de Arte Bi-Premium<\/h4>\n\n<p class=\"gray_4\" style=\"font-size: 13px; padding: 0px 25px 20px 25px\">\n\nEn Agencias Bi-Premium de Banco Industrial, S.A. en algunas ocasiones existen espacios de exhibici\u00f3n y venta de obras de arte contempor\u00e1neo de reconocidos artistas pintores y escultores nacionales.<\/p>\n<!-- boton -->\n<div class=\"vc_btn3-container  secundario1 vc_btn3-center\" style=\"padding: 24px 25px 30px 25px\">\n\n<a class=\"vc_general vc_btn3 vc_btn3-size-md vc_btn3-shape-rounded vc_btn3-style-modern vc_btn3-color-grey\" href=\"https:\/\/www.corporacionbi.com\/gt\/frcl\/que-hacemos\/galerias-de-arte-bi-premium\/\" title=\"Galer\u00edas de Arte Bi-Premium\">M\u00e1s informaci\u00f3n<\/a><\/div>\n\t\t<\/div>\n\t<\/div>\n<style type=\"text\/css\"> .vc_column_830660148:not(.vc_parallax):not(.jarallax) { overflow: center!important; position: relative; }<\/style><\/div><\/div><\/div><style type=\"text\/css\"> .vc_row_227817702:not(.vc_parallax) { overflow: center!important; position: relative; }<\/style><\/div><div class=\"vc_row wpb_row vc_row-fluid vc_row_1156023225\"><div class=\"wpb_column vc_column_container vc_col-sm-12 vc_column_1811843406\"><div class=\"vc_column-inner \"><div class=\"wpb_wrapper\"><div class=\"vc_empty_space\"   style=\"height: 50px\"><span class=\"vc_empty_space_inner\"><\/span><\/div><style type=\"text\/css\"> .vc_column_1811843406:not(.vc_parallax):not(.jarallax) { overflow: center!important; position: relative; }<\/style><\/div><\/div><\/div><style type=\"text\/css\"> .vc_row_1156023225:not(.vc_parallax) { overflow: center!important; position: relative; }<\/style><\/div><\/section>\n<\/div>","protected":false},"excerpt":{"rendered":"Rifa USD30,000 Apoyo a la alfabetizaci\u00f3n Fundaci\u00f3n Ramiro Castillo Love realiza la Rifa Extraordinaria en apoyo a la alfabetizaci\u00f3n, motivando cada a\u00f1o diferentes mensajes dirigidos a apoyar la educaci\u00f3n de adolescentes, j\u00f3venes y adultos, en especial del \u00e1rea rural. Algunos mensajes han sido: \u201cEl valor...","protected":false},"author":1,"featured_media":0,"parent":1113,"menu_order":0,"comment_status":"closed","ping_status":"closed","template":"","meta":{"footnotes":""},"wf_page_folders":[18],"class_list":["post-1200","page","type-page","status-publish","hentry"],"_links":{"self":[{"href":"https:\/\/www.corporacionbi.com\/gt\/frcl\/wp-json\/wp\/v2\/pages\/1200","targetHints":{"allow":["GET"]}}],"collection":[{"href":"https:\/\/www.corporacionbi.com\/gt\/frcl\/wp-json\/wp\/v2\/pages"}],"about":[{"href":"https:\/\/www.corporacionbi.com\/gt\/frcl\/wp-json\/wp\/v2\/types\/page"}],"author":[{"embeddable":true,"href":"https:\/\/www.corporacionbi.com\/gt\/frcl\/wp-json\/wp\/v2\/users\/1"}],"replies":[{"embeddable":true,"href":"https:\/\/www.corporacionbi.com\/gt\/frcl\/wp-json\/wp\/v2\/comments?post=1200"}],"version-history":[{"count":6,"href":"https:\/\/www.corporacionbi.com\/gt\/frcl\/wp-json\/wp\/v2\/pages\/1200\/revisions"}],"predecessor-version":[{"id":1361,"href":"https:\/\/www.corporacionbi.com\/gt\/frcl\/wp-json\/wp\/v2\/pages\/1200\/revisions\/1361"}],"up":[{"embeddable":true,"href":"https:\/\/www.corporacionbi.com\/gt\/frcl\/wp-json\/wp\/v2\/pages\/1113"}],"wp:attachment":[{"href":"https:\/\/www.corporacionbi.com\/gt\/frcl\/wp-json\/wp\/v2\/media?parent=1200"}],"wp:term":[{"taxonomy":"wf_page_folders","embeddable":true,"href":"https:\/\/www.corporacionbi.com\/gt\/frcl\/wp-json\/wp\/v2\/wf_page_folders?post=1200"}],"curies":[{"name":"wp","href":"https:\/\/api.w.org\/{rel}","templated":true}]}}