{"id":1110,"date":"2024-01-03T18:11:25","date_gmt":"2024-01-03T12:11:25","guid":{"rendered":"https:\/\/www.corporacionbi.com\/gt\/frcl\/?page_id=1110"},"modified":"2024-01-11T21:57:51","modified_gmt":"2024-01-11T15:57:51","slug":"publicaciones-galeria","status":"publish","type":"page","link":"https:\/\/www.corporacionbi.com\/gt\/frcl\/publicaciones-galeria\/","title":{"rendered":"Publicaciones &#8211; Galeria"},"content":{"rendered":"<div class=\"wpb-content-wrapper\"><section class=\"vc_section\"><div class=\"vc_row wpb_row vc_row-fluid vc_row_1412798353\"><div class=\"wpb_column vc_column_container vc_col-sm-12 vc_column_684016122\"><div class=\"vc_column-inner \"><div class=\"wpb_wrapper\">\n\t\t\t\t<p class=\"rs-p-wp-fix\"><\/p>\n\t\t\t\t<sr7-module data-alias=\"quienes-somos-nuevo-1\" data-id=\"42\" id=\"SR7_42_1\" class=\"rs-ov-hidden\" data-version=\"6.7.54\">\n\t\t\t\t\t<sr7-adjuster><\/sr7-adjuster>\n\t\t\t\t\t<sr7-content>\n\t\t\t\t\t\t<sr7-slide id=\"SR7_42_1-22\" data-key=\"22\">\n\t\t\t\t\t\t\t<h1 id=\"SR7_42_1-22-1\" class=\"sr7-layer\">Publicaciones<\/h1>\n\t\t\t\t\t\t\t<p id=\"SR7_42_1-22-3\" class=\"sr7-layer\">En este espacio encontrar\u00e1s informaci\u00f3n importante <br \/>\nsobre nuestro <em>Bolet\u00edn Educar<\/em> y Memoria de Labores.<\/p>\n\t\t\t\t\t\t<\/sr7-slide>\n\t\t\t\t\t\t<sr7-slide id=\"SR7_42_1-57\" data-key=\"57\">\n\t\t\t\t\t\t<\/sr7-slide>\n\t\t\t\t\t<\/sr7-content>\n\t\t\t\t\t<image_lists style=\"display:none\">\n\t\t\t\t\t\t<img data-src=\"\/\/www.corporacionbi.com\/gt\/frcl\/wp-content\/uploads\/2024\/01\/flecha.png\" data-libid=\"1177\" data-lib=\"medialibrary\" title=\"flecha\" width=\"0\" height=\"0\" data-dbsrc=\"Ly93d3cuY29ycG9yYWNpb25iaS5jb20vZ3QvZnJjbC93cC1jb250ZW50L3VwbG9hZHMvMjAyNC8wMS9mbGVjaGEucG5n\"\/>\n\t\t\t\t\t\t<img data-src=\"\/\/www.corporacionbi.com\/gt\/frcl\/wp-content\/uploads\/2024\/01\/publicaciones-2023.jpg\" data-libid=\"1179\" data-lib=\"medialibrary\" title=\"publicaciones-2023\" width=\"0\" height=\"0\" data-dbsrc=\"Ly93d3cuY29ycG9yYWNpb25iaS5jb20vZ3QvZnJjbC93cC1jb250ZW50L3VwbG9hZHMvMjAyNC8wMS9wdWJsaWNhY2lvbmVzLTIwMjMuanBn\"\/>\n\t\t\t\t\t<\/image_lists>\n\t\t\t\t<\/sr7-module>\n\t\t\t\t<script>\n\t\t\t\t\twindow.SR7 ??={};SR7.PMH ??={}; SR7.PMH[\"SR7_42_1\"] = {cn:100,state:false,fn: function() { if (window._tpt!==undefined && window._tpt.prepareModuleHeight !== undefined) {  _tpt.prepareModuleHeight({id:\"SR7_42_1\",el:[550,550,300,300,250],type:'standard',shdw:'0',gh:[550,550,300,300,250],gw:[1920,1920,1024,778,480],vpt:['100px&#039;,&#039;100px&#039;,&#039;100px&#039;,&#039;100px&#039;,&#039;100px'],size:{fullWidth:true, fullHeight:false},mh:'0',onh:0,onw:0,bg:{color:'{\"orig\":\"transparent\",\"type\":\"solid\",\"string\":\"transparent\"}'}});   SR7.PMH[\"SR7_42_1\"].state=true;} else if(SR7.PMH[\"SR7_42_1\"].cn-->0)\tsetTimeout( SR7.PMH[\"SR7_42_1\"].fn,19);}};SR7.PMH[\"SR7_42_1\" ].fn();\n\t\t\t\t<\/script>\n<style type=\"text\/css\"> .vc_column_684016122:not(.vc_parallax):not(.jarallax) { overflow: center!important; position: relative; }<\/style><\/div><\/div><\/div><style type=\"text\/css\"> .vc_row_1412798353:not(.vc_parallax) { overflow: center!important; position: relative; }<\/style><\/div><div class=\"vc_row wpb_row vc_row-fluid vc_row_1898472924\"><div class=\"wpb_column vc_column_container vc_col-sm-12 vc_column_1081927404\"><div class=\"vc_column-inner \"><div class=\"wpb_wrapper\">\n\t\t\t\t<p class=\"rs-p-wp-fix\"><\/p>\n\t\t\t\t<sr7-module data-alias=\"publicaciones-1\" data-id=\"39\" id=\"SR7_39_2\" class=\"rs-ov-hidden\" data-version=\"6.7.54\">\n\t\t\t\t\t<sr7-adjuster><\/sr7-adjuster>\n\t\t\t\t\t<sr7-content>\n\t\t\t\t\t\t<sr7-slide id=\"SR7_39_2-21\" data-key=\"21\">\n\t\t\t\t\t\t\t<h1 id=\"SR7_39_2-21-6\" class=\"sr7-layer\"><strong><em>Bolet\u00edn Educar<\/em><\/strong><\/h1>\n\t\t\t\t\t\t\t<p id=\"SR7_39_2-21-7\" class=\"sr7-layer\">El <em>Bolet\u00edn Informativo Educar<\/em> se ha venido publicando de forma trimestral desde que naci\u00f3 la Fundaci\u00f3n, hace m\u00e1s de 30 a\u00f1os, y ha sido una herramienta clave para dar a conocer el quehacer plasmado en sus cuatro p\u00e1ginas breves para una lectura r\u00e1pida.<\/p>\n\t\t\t\t\t\t\t<a id=\"SR7_39_2-21-8\" class=\"sr7-layer\" href=\"https:\/\/www.corporacionbi.com\/gt\/frcl\/publicaciones-educar\/\" target=\"_self\">M\u00e1s informaci\u00f3n<\/a>\n\t\t\t\t\t\t\t<h1 id=\"SR7_39_2-21-11\" class=\"sr7-layer\"><strong>Memoria de Labores<\/strong><\/h1>\n\t\t\t\t\t\t\t<p id=\"SR7_39_2-21-12\" class=\"sr7-layer\">En la Memoria de Labores podr\u00e1s conocer informaci\u00f3n espec\u00edfica de Fundaci\u00f3n Ramiro Castillo Love, como resultados anuales de las gestiones administrativas, operativas y financieras.<\/p>\n\t\t\t\t\t\t\t<a id=\"SR7_39_2-21-13\" class=\"sr7-layer\" href=\"https:\/\/www.corporacionbi.com\/gt\/frcl\/memoria-de-labores\/\" target=\"_self\">M\u00e1s informaci\u00f3n<\/a>\n\t\t\t\t\t\t<\/sr7-slide>\n\t\t\t\t\t\t<sr7-slide id=\"SR7_39_2-56\" data-key=\"56\">\n\t\t\t\t\t\t<\/sr7-slide>\n\t\t\t\t\t<\/sr7-content>\n\t\t\t\t\t<image_lists style=\"display:none\">\n\t\t\t\t\t\t<img data-src=\"\/\/www.corporacionbi.com\/gt\/frcl\/wp-content\/uploads\/2024\/01\/boletin-educar.png\" data-libid=\"1208\" data-lib=\"medialibrary\" title=\"boletin-educar\" width=\"0\" height=\"0\" data-dbsrc=\"Ly93d3cuY29ycG9yYWNpb25iaS5jb20vZ3QvZnJjbC93cC1jb250ZW50L3VwbG9hZHMvMjAyNC8wMS9ib2xldGluLWVkdWNhci5wbmc=\"\/>\n\t\t\t\t\t\t<img data-src=\"\/\/www.corporacionbi.com\/gt\/frcl\/wp-content\/uploads\/2024\/01\/memoria-labores-1.png\" data-libid=\"1209\" data-lib=\"medialibrary\" title=\"memoria-labores\" width=\"0\" height=\"0\" data-dbsrc=\"Ly93d3cuY29ycG9yYWNpb25iaS5jb20vZ3QvZnJjbC93cC1jb250ZW50L3VwbG9hZHMvMjAyNC8wMS9tZW1vcmlhLWxhYm9yZXMtMS5wbmc=\"\/>\n\t\t\t\t\t<\/image_lists>\n\t\t\t\t<\/sr7-module>\n\t\t\t\t<script>\n\t\t\t\t\twindow.SR7 ??={};SR7.PMH ??={}; SR7.PMH[\"SR7_39_2\"] = {cn:100,state:false,fn: function() { if (window._tpt!==undefined && window._tpt.prepareModuleHeight !== undefined) {  _tpt.prepareModuleHeight({id:\"SR7_39_2\",el:[800,800,400,700,700],type:'standard',shdw:'0',gh:[800,800,400,700,700],gw:[1920,1920,1024,778,480],vpt:['100px&#039;,&#039;100px&#039;,&#039;100px&#039;,&#039;100px&#039;,&#039;100px'],size:{fullWidth:true, fullHeight:false},mh:'0',onh:0,onw:0,bg:{color:'{\"orig\":\"transparent\",\"type\":\"solid\",\"string\":\"transparent\"}'}});   SR7.PMH[\"SR7_39_2\"].state=true;} else if(SR7.PMH[\"SR7_39_2\"].cn-->0)\tsetTimeout( SR7.PMH[\"SR7_39_2\"].fn,19);}};SR7.PMH[\"SR7_39_2\" ].fn();\n\t\t\t\t<\/script>\n<style type=\"text\/css\"> .vc_column_1081927404:not(.vc_parallax):not(.jarallax) { overflow: center!important; position: relative; }<\/style><\/div><\/div><\/div><style type=\"text\/css\"> .vc_row_1898472924:not(.vc_parallax) { overflow: center!important; position: relative; }<\/style><\/div><\/section>\n<\/div>","protected":false},"excerpt":{"rendered":"Publicaciones En este espacio encontrar\u00e1s informaci\u00f3n importante sobre nuestro Bolet\u00edn Educar y Memoria de Labores. Bolet\u00edn Educar El Bolet\u00edn Informativo Educar se ha venido publicando de forma trimestral desde que naci\u00f3 la Fundaci\u00f3n, hace m\u00e1s de 30 a\u00f1os, y ha sido una herramienta clave para...","protected":false},"author":1,"featured_media":0,"parent":0,"menu_order":0,"comment_status":"closed","ping_status":"closed","template":"","meta":{"footnotes":""},"wf_page_folders":[24],"class_list":["post-1110","page","type-page","status-publish","hentry"],"_links":{"self":[{"href":"https:\/\/www.corporacionbi.com\/gt\/frcl\/wp-json\/wp\/v2\/pages\/1110","targetHints":{"allow":["GET"]}}],"collection":[{"href":"https:\/\/www.corporacionbi.com\/gt\/frcl\/wp-json\/wp\/v2\/pages"}],"about":[{"href":"https:\/\/www.corporacionbi.com\/gt\/frcl\/wp-json\/wp\/v2\/types\/page"}],"author":[{"embeddable":true,"href":"https:\/\/www.corporacionbi.com\/gt\/frcl\/wp-json\/wp\/v2\/users\/1"}],"replies":[{"embeddable":true,"href":"https:\/\/www.corporacionbi.com\/gt\/frcl\/wp-json\/wp\/v2\/comments?post=1110"}],"version-history":[{"count":4,"href":"https:\/\/www.corporacionbi.com\/gt\/frcl\/wp-json\/wp\/v2\/pages\/1110\/revisions"}],"predecessor-version":[{"id":1364,"href":"https:\/\/www.corporacionbi.com\/gt\/frcl\/wp-json\/wp\/v2\/pages\/1110\/revisions\/1364"}],"wp:attachment":[{"href":"https:\/\/www.corporacionbi.com\/gt\/frcl\/wp-json\/wp\/v2\/media?parent=1110"}],"wp:term":[{"taxonomy":"wf_page_folders","embeddable":true,"href":"https:\/\/www.corporacionbi.com\/gt\/frcl\/wp-json\/wp\/v2\/wf_page_folders?post=1110"}],"curies":[{"name":"wp","href":"https:\/\/api.w.org\/{rel}","templated":true}]}}