{"id":1107,"date":"2024-01-03T18:38:27","date_gmt":"2024-01-03T12:38:27","guid":{"rendered":"https:\/\/www.corporacionbi.com\/gt\/frcl\/?page_id=1107"},"modified":"2024-01-16T23:10:47","modified_gmt":"2024-01-16T17:10:47","slug":"contactanos","status":"publish","type":"page","link":"https:\/\/www.corporacionbi.com\/gt\/frcl\/contactanos\/","title":{"rendered":"Cont\u00e1ctanos"},"content":{"rendered":"<div class=\"wpb-content-wrapper\"><section class=\"vc_section\"><div class=\"vc_row wpb_row vc_row-fluid vc_row_1381807520\"><div class=\"wpb_column vc_column_container vc_col-sm-12 vc_column_764075584\"><div class=\"vc_column-inner \"><div class=\"wpb_wrapper\">\n\t\t\t\t<p class=\"rs-p-wp-fix\"><\/p>\n\t\t\t\t<sr7-module data-alias=\"contactanos-Nuevo\" data-id=\"59\" id=\"SR7_59_1\" class=\"rs-ov-hidden\" data-version=\"6.7.54\">\n\t\t\t\t\t<sr7-adjuster><\/sr7-adjuster>\n\t\t\t\t\t<sr7-content>\n\t\t\t\t\t\t<sr7-slide id=\"SR7_59_1-31\" data-key=\"31\">\n\t\t\t\t\t\t\t<h1 id=\"SR7_59_1-31-4\" class=\"sr7-layer\">Cont\u00e1ctanos<\/h1>\n\t\t\t\t\t\t<\/sr7-slide>\n\t\t\t\t\t\t<sr7-slide id=\"SR7_59_1-66\" data-key=\"66\">\n\t\t\t\t\t\t<\/sr7-slide>\n\t\t\t\t\t<\/sr7-content>\n\t\t\t\t\t<image_lists style=\"display:none\">\n\t\t\t\t\t\t<img data-src=\"\/\/www.corporacionbi.com\/gt\/frcl\/wp-content\/uploads\/2024\/01\/foto-contactanos.jpg\" data-libid=\"1172\" data-lib=\"medialibrary\" title=\"foto-contactanos\" width=\"0\" height=\"0\" data-dbsrc=\"Ly93d3cuY29ycG9yYWNpb25iaS5jb20vZ3QvZnJjbC93cC1jb250ZW50L3VwbG9hZHMvMjAyNC8wMS9mb3RvLWNvbnRhY3Rhbm9zLmpwZw==\"\/>\n\t\t\t\t\t\t<img data-src=\"\/\/www.corporacionbi.com\/gt\/frcl\/wp-content\/uploads\/2024\/01\/flecha.png\" data-libid=\"1177\" data-lib=\"medialibrary\" title=\"flecha\" width=\"0\" height=\"0\" data-dbsrc=\"Ly93d3cuY29ycG9yYWNpb25iaS5jb20vZ3QvZnJjbC93cC1jb250ZW50L3VwbG9hZHMvMjAyNC8wMS9mbGVjaGEucG5n\"\/>\n\t\t\t\t\t<\/image_lists>\n\t\t\t\t<\/sr7-module>\n\t\t\t\t<script>\n\t\t\t\t\twindow.SR7 ??={};SR7.PMH ??={}; SR7.PMH[\"SR7_59_1\"] = {cn:100,state:false,fn: function() { if (window._tpt!==undefined && window._tpt.prepareModuleHeight !== undefined) {  _tpt.prepareModuleHeight({id:\"SR7_59_1\",el:[450,450,240,220,150],type:'standard',shdw:'0',gh:[450,450,240,220,150],gw:[1920,1920,1024,778,480],vpt:['100px&#039;,&#039;100px&#039;,&#039;100px&#039;,&#039;100px&#039;,&#039;100px'],size:{fullWidth:true, fullHeight:false},mh:'0',onh:0,onw:0,bg:{color:'{\"orig\":\"transparent\",\"type\":\"solid\",\"string\":\"transparent\"}'}});   SR7.PMH[\"SR7_59_1\"].state=true;} else if(SR7.PMH[\"SR7_59_1\"].cn-->0)\tsetTimeout( SR7.PMH[\"SR7_59_1\"].fn,19);}};SR7.PMH[\"SR7_59_1\" ].fn();\n\t\t\t\t<\/script>\n<style type=\"text\/css\"> .vc_column_764075584:not(.vc_parallax):not(.jarallax) { overflow: center!important; position: relative; }<\/style><\/div><\/div><\/div><style type=\"text\/css\"> .vc_row_1381807520:not(.vc_parallax) { overflow: center!important; position: relative; }<\/style><\/div><div data-vc-full-width=\"true\" data-vc-full-width-init=\"false\" class=\"vc_row wpb_row vc_row-fluid vc_custom_1696436311391 vc_row-has-fill vc_row_1269960618\"><div class=\"wpb_column vc_column_container vc_col-sm-12 vc_column_603665432\"><div class=\"vc_column-inner \"><div class=\"wpb_wrapper\"><div class=\"vc_row wpb_row vc_inner vc_row-fluid vc_row_809360389\"><div class=\"wpb_column vc_column_container vc_col-sm-12 vc_column_2025715349\"><div class=\"vc_column-inner \"><div class=\"wpb_wrapper\">\r\n            \r\n            <div class=\"sh-empty-space vc_empty_space sh-empty-space-UAKuVPO51p  \" style=\"height: 60px\">\r\n                <span class=\"vc_empty_space_inner\"><\/span>\r\n            <\/div>\r\n\r\n        <style type=\"text\/css\"> .vc_column_2025715349:not(.vc_parallax):not(.jarallax) { overflow: center!important; position: relative; }<\/style><\/div><\/div><\/div><style type=\"text\/css\"> .vc_row_809360389:not(.vc_parallax):not(.jarallax) { overflow: center!important; position: relative; }<\/style><\/div><div class=\"vc_row wpb_row vc_inner vc_row-fluid vc_row-o-equal-height vc_row-flex vc_row_688268158\"><div class=\"wpb_column vc_column_container vc_col-sm-8 vc_col-has-fill\" id=\"form_1\"><div class=\"vc_column-inner vc_custom_1704285111449\"><div class=\"wpb_wrapper\"><h1 style=\"text-align: center;font-family:Abril Fatface;font-weight:400;font-style:normal\" class=\"vc_custom_heading vc_do_custom_heading\" >Env\u00edanos un mensaje<\/h1><div class=\"wpforms-container wpforms-container-full wpforms-render-modern\" id=\"wpforms-709\"><form id=\"wpforms-form-709\" class=\"wpforms-validate wpforms-form wpforms-ajax-form\" data-formid=\"709\" method=\"post\" enctype=\"multipart\/form-data\" action=\"\/gt\/frcl\/wp-json\/wp\/v2\/pages\/1107\" data-token=\"fa1621f7f0ea4d1765f60a6dcd47cd33\"><noscript class=\"wpforms-error-noscript\">Please enable JavaScript in your browser to complete this form.<\/noscript><div class=\"wpforms-hidden\" id=\"wpforms-error-noscript\">Please enable JavaScript in your browser to complete this form.<\/div><div class=\"wpforms-field-container\"><div id=\"wpforms-709-field_3-container\" class=\"wpforms-field wpforms-field-name wpf-char-restrict\" data-field-id=\"3\"><label class=\"wpforms-field-label\" for=\"wpforms-709-field_3\">Nombre y Apellido <span class=\"wpforms-required-label\" aria-hidden=\"true\">*<\/span><\/label><input type=\"text\" id=\"wpforms-709-field_3\" class=\"wpforms-field-large wpforms-field-required\" name=\"wpforms[fields][3]\" aria-errormessage=\"wpforms-709-field_3-error\" required><\/div><div id=\"wpforms-709-field_6-container\" class=\"wpforms-field wpforms-field-email wpf-char-restrict\" data-field-id=\"6\"><label class=\"wpforms-field-label\" for=\"wpforms-709-field_6\">Correo Electr\u00f3nico <span class=\"wpforms-required-label\" aria-hidden=\"true\">*<\/span><\/label><input type=\"email\" id=\"wpforms-709-field_6\" class=\"wpforms-field-large wpforms-field-required\" name=\"wpforms[fields][6]\" spellcheck=\"false\" aria-errormessage=\"wpforms-709-field_6-error\" required><\/div><div id=\"wpforms-709-field_8-container\" class=\"wpforms-field wpforms-field-text wpf-char-restrict\" data-field-id=\"8\"><label class=\"wpforms-field-label\" for=\"wpforms-709-field_8\">Tel\u00e9fono<\/label><input type=\"text\" id=\"wpforms-709-field_8\" class=\"wpforms-field-large wpforms-masked-input\" data-rule-inputmask-incomplete=\"1\" data-inputmask-mask=\"+502 9999-9999\" name=\"wpforms[fields][8]\" aria-errormessage=\"wpforms-709-field_8-error\" ><\/div><div id=\"wpforms-709-field_9-container\" class=\"wpforms-field wpforms-field-select wpforms-field-select-style-classic\" data-field-id=\"9\"><label class=\"wpforms-field-label\" for=\"wpforms-709-field_9\">Estoy interesado en<\/label><select id=\"wpforms-709-field_9\" class=\"wpforms-field-large\" name=\"wpforms[fields][9]\"><option value=\"Apadrinar la alfabetizaci\u00f3n de un guatemalteco\" >Apadrinar la alfabetizaci\u00f3n de un guatemalteco<\/option><option value=\"Datos para realizar dep\u00f3sito o transferencia\" >Datos para realizar dep\u00f3sito o transferencia<\/option><option value=\"Otro\" >Otro<\/option><\/select><\/div><div id=\"wpforms-709-field_10-container\" class=\"wpforms-field wpforms-field-textarea wpf-char-restrict\" data-field-id=\"10\"><label class=\"wpforms-field-label\" for=\"wpforms-709-field_10\">Deja tu comentario <span class=\"wpforms-required-label\" aria-hidden=\"true\">*<\/span><\/label><textarea id=\"wpforms-709-field_10\" class=\"wpforms-field-medium wpforms-field-required\" name=\"wpforms[fields][10]\" aria-errormessage=\"wpforms-709-field_10-error\" required><\/textarea><\/div><\/div><!-- .wpforms-field-container --><div class=\"wpforms-recaptcha-container wpforms-is-recaptcha\" ><div class=\"g-recaptcha\" data-sitekey=\"6LciA1MmAAAAAMNHh0s06bwym5ecm2sef65z10UL\"><\/div><input type=\"text\" name=\"g-recaptcha-hidden\" class=\"wpforms-recaptcha-hidden\" style=\"position:absolute!important;clip:rect(0,0,0,0)!important;height:1px!important;width:1px!important;border:0!important;overflow:hidden!important;padding:0!important;margin:0!important;\" data-rule-recaptcha=\"1\"><\/div><div class=\"wpforms-submit-container\" ><input type=\"hidden\" name=\"wpforms[id]\" value=\"709\"><input type=\"hidden\" name=\"wpforms[author]\" value=\"1\"><button type=\"submit\" name=\"wpforms[submit]\" id=\"wpforms-submit-709\" class=\"wpforms-submit\" data-alt-text=\"Enviando...\" data-submit-text=\"Enviar\" aria-live=\"assertive\" value=\"wpforms-submit\">Enviar<\/button><img decoding=\"async\" src=\"https:\/\/www.corporacionbi.com\/gt\/frcl\/wp-content\/plugins\/wpforms\/assets\/images\/submit-spin.svg\" class=\"wpforms-submit-spinner\" style=\"display: none;\" width=\"26\" height=\"26\" alt=\"Loading\"><\/div><\/form><\/div>  <!-- .wpforms-container --><\/div><\/div><\/div><div class=\"wpb_column vc_column_container vc_col-sm-4 vc_col-has-fill\" id=\"form_2\"><div class=\"vc_column-inner vc_custom_1696536975437\"><div class=\"wpb_wrapper\"><h1 style=\"text-align: left;font-family:Abril Fatface;font-weight:400;font-style:normal\" class=\"vc_custom_heading vc_do_custom_heading gray_1\" >Cont\u00e1ctanos<\/h1>\n\t<div class=\"wpb_text_column wpb_content_element gray_1\" >\n\t\t<div class=\"wpb_wrapper\">\n\t\t\t<p>Tel\u00e9fonos:<\/p>\n\n\t\t<\/div>\n\t<\/div>\n\n\t<div class=\"wpb_text_column wpb_content_element vc_custom_1696436665626 gray_2\" >\n\t\t<div class=\"wpb_wrapper\">\n\t\t\t<h5>(502) 2420-3248,<br \/>\nPBX (502) 2420-3000,<br \/>\next.: 2530 o 2938<\/h5>\n\n\t\t<\/div>\n\t<\/div>\n\n\t<div class=\"wpb_text_column wpb_content_element gray_1\" >\n\t\t<div class=\"wpb_wrapper\">\n\t\t\t<p>Whatsapp:<\/p>\n\n\t\t<\/div>\n\t<\/div>\n\n\t<div class=\"wpb_text_column wpb_content_element vc_custom_1704993461710 gray_2\" >\n\t\t<div class=\"wpb_wrapper\">\n\t\t\t<h5><a href=\"https:\/\/api.whatsapp.com\/send?phone=50233699721\" target=\"_blank\" rel=\"noopener\">3369-9721<\/a><\/h5>\n\n\t\t<\/div>\n\t<\/div>\n\n\t<div class=\"wpb_text_column wpb_content_element gray_1\" >\n\t\t<div class=\"wpb_wrapper\">\n\t\t\t<p>Direcci\u00f3n:<\/p>\n\n\t\t<\/div>\n\t<\/div>\n\n\t<div class=\"wpb_text_column wpb_content_element vc_custom_1696436794449 gray_2\" >\n\t\t<div class=\"wpb_wrapper\">\n\t\t\t<h5>V\u00eda 5, 5-34 zona 4, Edificio Centro<br \/>\nFinanciero Torre 3, Nivel 4 Ciudad de<br \/>\nGuatemala.<\/h5>\n\n\t\t<\/div>\n\t<\/div>\n\n\t<div class=\"wpb_text_column wpb_content_element gray_1\" >\n\t\t<div class=\"wpb_wrapper\">\n\t\t\t<p>C\u00f3digo Postal:<\/p>\n\n\t\t<\/div>\n\t<\/div>\n\n\t<div class=\"wpb_text_column wpb_content_element vc_custom_1696436817916 gray_2\" >\n\t\t<div class=\"wpb_wrapper\">\n\t\t\t<h5>01004<\/h5>\n\n\t\t<\/div>\n\t<\/div>\n\n\t<div class=\"wpb_text_column wpb_content_element gray_1\" >\n\t\t<div class=\"wpb_wrapper\">\n\t\t\t<p>Correos Institucionales:<\/p>\n\n\t\t<\/div>\n\t<\/div>\n\n\t<div class=\"wpb_text_column wpb_content_element vc_custom_1705425043225 gray_2\" >\n\t\t<div class=\"wpb_wrapper\">\n\t\t\t<h5>frcl@bi.com.gt<br \/>\ninformacionfrcl@bi.com.gt<\/h5>\n\n\t\t<\/div>\n\t<\/div>\n\r\n            \r\n            <div class=\"sh-empty-space vc_empty_space sh-empty-space-i3tKUaDE7M  \" style=\"height: 186px\">\r\n                <span class=\"vc_empty_space_inner\"><\/span>\r\n            <\/div>\r\n\r\n        <\/div><\/div><\/div><\/div>\r\n            \r\n            <div class=\"sh-empty-space vc_empty_space sh-empty-space-cXOZ6BeldC  \" style=\"height: 50px\">\r\n                <span class=\"vc_empty_space_inner\"><\/span>\r\n            <\/div>\r\n\r\n        <style type=\"text\/css\"> .vc_column_603665432:not(.vc_parallax):not(.jarallax) { overflow: center!important; position: relative; }<\/style><\/div><\/div><\/div><\/div><div class=\"vc_row-full-width vc_clearfix\"><\/div><\/section>\n<\/div>","protected":false},"excerpt":{"rendered":"Cont\u00e1ctanos Env\u00edanos un mensajePlease enable JavaScript in your browser to complete this form.Please enable JavaScript in your browser to complete this form.Nombre y Apellido *Correo Electr\u00f3nico *Tel\u00e9fonoEstoy interesado enApadrinar la alfabetizaci\u00f3n de un guatemaltecoDatos para realizar dep\u00f3sito o transferenciaOtroDeja tu comentario *Enviar Cont\u00e1ctanos Tel\u00e9fonos: (502)...","protected":false},"author":1,"featured_media":0,"parent":0,"menu_order":0,"comment_status":"closed","ping_status":"closed","template":"","meta":{"footnotes":""},"wf_page_folders":[31],"class_list":["post-1107","page","type-page","status-publish","hentry"],"_links":{"self":[{"href":"https:\/\/www.corporacionbi.com\/gt\/frcl\/wp-json\/wp\/v2\/pages\/1107","targetHints":{"allow":["GET"]}}],"collection":[{"href":"https:\/\/www.corporacionbi.com\/gt\/frcl\/wp-json\/wp\/v2\/pages"}],"about":[{"href":"https:\/\/www.corporacionbi.com\/gt\/frcl\/wp-json\/wp\/v2\/types\/page"}],"author":[{"embeddable":true,"href":"https:\/\/www.corporacionbi.com\/gt\/frcl\/wp-json\/wp\/v2\/users\/1"}],"replies":[{"embeddable":true,"href":"https:\/\/www.corporacionbi.com\/gt\/frcl\/wp-json\/wp\/v2\/comments?post=1107"}],"version-history":[{"count":8,"href":"https:\/\/www.corporacionbi.com\/gt\/frcl\/wp-json\/wp\/v2\/pages\/1107\/revisions"}],"predecessor-version":[{"id":1544,"href":"https:\/\/www.corporacionbi.com\/gt\/frcl\/wp-json\/wp\/v2\/pages\/1107\/revisions\/1544"}],"wp:attachment":[{"href":"https:\/\/www.corporacionbi.com\/gt\/frcl\/wp-json\/wp\/v2\/media?parent=1107"}],"wp:term":[{"taxonomy":"wf_page_folders","embeddable":true,"href":"https:\/\/www.corporacionbi.com\/gt\/frcl\/wp-json\/wp\/v2\/wf_page_folders?post=1107"}],"curies":[{"name":"wp","href":"https:\/\/api.w.org\/{rel}","templated":true}]}}