{"id":1106,"date":"2024-01-03T18:28:16","date_gmt":"2024-01-03T12:28:16","guid":{"rendered":"https:\/\/www.corporacionbi.com\/gt\/frcl\/?page_id=1106"},"modified":"2024-01-03T18:28:16","modified_gmt":"2024-01-03T12:28:16","slug":"como-donar-en-bi-en-linea","status":"publish","type":"page","link":"https:\/\/www.corporacionbi.com\/gt\/frcl\/como-donar-en-bi-en-linea\/","title":{"rendered":"\u00bfC\u00f3mo donar en Bi en L\u00ednea?"},"content":{"rendered":"<div class=\"wpb-content-wrapper\"><section class=\"vc_section\"><div class=\"vc_row wpb_row vc_row-fluid vc_row_1100217858\"><div class=\"wpb_column vc_column_container vc_col-sm-12 vc_column_208459970\"><div class=\"vc_column-inner \"><div class=\"wpb_wrapper\">\r\n            \r\n            <div class=\"sh-empty-space vc_empty_space sh-empty-space-WGImbrKxjP  \" style=\"height: 60px\">\r\n                <span class=\"vc_empty_space_inner\"><\/span>\r\n            <\/div>\r\n\r\n        <style type=\"text\/css\"> .vc_column_208459970:not(.vc_parallax):not(.jarallax) { overflow: center!important; position: relative; }<\/style><\/div><\/div><\/div><style type=\"text\/css\"> .vc_row_1100217858:not(.vc_parallax) { overflow: center!important; position: relative; }<\/style><\/div><div class=\"vc_row wpb_row vc_row-fluid vc_row_2095619228\"><div class=\"wpb_column vc_column_container vc_col-sm-12 vc_column_1093998104\"><div class=\"vc_column-inner \"><div class=\"wpb_wrapper\"><h2 style=\"text-align: left;font-family:Abril Fatface;font-weight:400;font-style:normal\" class=\"vc_custom_heading vc_do_custom_heading corinto\" >\u00bfC\u00f3mo donar en Bi en L\u00ednea?<\/h2><div class=\"vc_separator wpb_content_element vc_separator_align_center vc_sep_width_100 vc_sep_pos_align_center vc_separator_no_text wpb_content_element  wpb_content_element\" ><span class=\"vc_sep_holder vc_sep_holder_l\"><span style=\"border-color:#707070;\" class=\"vc_sep_line\"><\/span><\/span><span class=\"vc_sep_holder vc_sep_holder_r\"><span style=\"border-color:#707070;\" class=\"vc_sep_line\"><\/span><\/span>\n<\/div><style type=\"text\/css\"> .vc_column_1093998104:not(.vc_parallax):not(.jarallax) { overflow: center!important; position: relative; }<\/style><\/div><\/div><\/div><style type=\"text\/css\"> .vc_row_2095619228:not(.vc_parallax) { overflow: center!important; position: relative; }<\/style><\/div><div class=\"vc_row wpb_row vc_row-fluid vc_row_774263327\"><div class=\"wpb_column vc_column_container vc_col-sm-12 vc_column_844900993\"><div class=\"vc_column-inner \"><div class=\"wpb_wrapper\">\n\t\t\t\t<p class=\"rs-p-wp-fix\"><\/p>\n\t\t\t\t<sr7-module data-alias=\"donar-en-bi-en-linea-1\" data-id=\"53\" id=\"SR7_53_1\" class=\"rs-ov-hidden\" data-version=\"6.7.54\">\n\t\t\t\t\t<sr7-adjuster><\/sr7-adjuster>\n\t\t\t\t\t<sr7-content>\n\t\t\t\t\t\t<sr7-slide id=\"SR7_53_1-28\" data-key=\"28\">\n\t\t\t\t\t\t\t<h1 id=\"SR7_53_1-28-1\" class=\"sr7-layer\">Realizar tu donativo en <br \/>\nBi en L\u00ednea es muy f\u00e1cil<\/h1>\n\t\t\t\t\t\t<\/sr7-slide>\n\t\t\t\t\t\t<sr7-slide id=\"SR7_53_1-63\" data-key=\"63\">\n\t\t\t\t\t\t<\/sr7-slide>\n\t\t\t\t\t<\/sr7-content>\n\t\t\t\t<\/sr7-module>\n\t\t\t\t<script>\n\t\t\t\t\twindow.SR7 ??={};SR7.PMH ??={}; SR7.PMH[\"SR7_53_1\"] = {cn:100,state:false,fn: function() { if (window._tpt!==undefined && window._tpt.prepareModuleHeight !== undefined) {  _tpt.prepareModuleHeight({id:\"SR7_53_1\",el:[200,200,200,150,150],type:'standard',shdw:'0',gh:[200,200,200,150,150],gw:[1920,1920,1024,778,480],vpt:['100px&#039;,&#039;100px&#039;,&#039;100px&#039;,&#039;100px&#039;,&#039;100px'],size:{fullWidth:true, fullHeight:false},mh:'0',onh:0,onw:0,bg:{color:'{\"orig\":\"transparent\",\"type\":\"solid\",\"string\":\"transparent\"}'}});   SR7.PMH[\"SR7_53_1\"].state=true;} else if(SR7.PMH[\"SR7_53_1\"].cn-->0)\tsetTimeout( SR7.PMH[\"SR7_53_1\"].fn,19);}};SR7.PMH[\"SR7_53_1\" ].fn();\n\t\t\t\t<\/script>\n<style type=\"text\/css\"> .vc_column_844900993:not(.vc_parallax):not(.jarallax) { overflow: center!important; position: relative; }<\/style><\/div><\/div><\/div><style type=\"text\/css\"> .vc_row_774263327:not(.vc_parallax) { overflow: center!important; position: relative; }<\/style><\/div><div class=\"vc_row wpb_row vc_row-fluid vc_row_2130579979\"><div class=\"wpb_column vc_column_container vc_col-sm-12 vc_column_1027149982\"><div class=\"vc_column-inner \"><div class=\"wpb_wrapper\">\r\n            \r\n            <div class=\"sh-empty-space vc_empty_space sh-empty-space-4zn60oKGjO  \" style=\"height: 30px\">\r\n                <span class=\"vc_empty_space_inner\"><\/span>\r\n            <\/div>\r\n\r\n        <div class=\"vc_row wpb_row vc_inner vc_row-fluid vc_row_1899188173\"><div class=\"wpb_column vc_column_container vc_col-sm-3 vc_column_1712521215\"><div class=\"vc_column-inner \"><div class=\"wpb_wrapper\"><style type=\"text\/css\"> .vc_column_1712521215:not(.vc_parallax):not(.jarallax) { overflow: center!important; position: relative; }<\/style><\/div><\/div><\/div><div class=\"wpb_column vc_column_container vc_col-sm-3 vc_column_1151122679\"><div class=\"vc_column-inner vc_custom_1695763472091\"><div class=\"wpb_wrapper\"><h3 style=\"text-align: left;font-family:Abril Fatface;font-weight:400;font-style:normal\" class=\"vc_custom_heading vc_do_custom_heading\" >Paso 1<\/h3>\n\t<div class=\"wpb_text_column wpb_content_element\" >\n\t\t<div class=\"wpb_wrapper\">\n\t\t\t<p>Ingresa a www.bienlinea.bi.com.gt, accede con tu usuario, c\u00f3digo y contrase\u00f1a.<\/p>\n\n\t\t<\/div>\n\t<\/div>\n<style type=\"text\/css\">@media (max-width: 800px) { .vc_column_1151122679 > .vc_column-inner { padding: -50px 0px 0px 0px!important;}}<\/style><\/div><\/div><\/div><div class=\"wpb_column vc_column_container vc_col-sm-3 vc_column_661537800\"><div class=\"vc_column-inner \"><div class=\"wpb_wrapper\">\n\t<div  class=\"wpb_single_image wpb_content_element vc_align_center wpb_content_element\">\n\t\t\n\t\t<figure class=\"wpb_wrapper vc_figure\">\n\t\t\t<div class=\"vc_single_image-wrapper   vc_box_border_grey\"><img decoding=\"async\" width=\"1161\" height=\"1460\" src=\"https:\/\/www.corporacionbi.com\/gt\/frcl\/wp-content\/uploads\/2023\/11\/como-donar-bi-linea-paso-uno.png\" class=\"vc_single_image-img attachment-full\" alt=\"C\u00f3mo donar Bi en L\u00ednea - Paso 1\" title=\"como-donar-bi-linea-paso-uno\" \/><\/div>\n\t\t<\/figure>\n\t<\/div>\n<style type=\"text\/css\"> .vc_column_661537800:not(.vc_parallax):not(.jarallax) { overflow: center!important; position: relative; }<\/style><\/div><\/div><\/div><div class=\"wpb_column vc_column_container vc_col-sm-3 vc_column_381802326\"><div class=\"vc_column-inner \"><div class=\"wpb_wrapper\"><style type=\"text\/css\"> .vc_column_381802326:not(.vc_parallax):not(.jarallax) { overflow: center!important; position: relative; }<\/style><\/div><\/div><\/div><style type=\"text\/css\"> .vc_row_1899188173:not(.vc_parallax):not(.jarallax) { overflow: center!important; position: relative; }<\/style><\/div><div class=\"vc_row wpb_row vc_inner vc_row-fluid vc_row_329917723\"><div class=\"wpb_column vc_column_container vc_col-sm-3 vc_column_1784285431\"><div class=\"vc_column-inner \"><div class=\"wpb_wrapper\"><style type=\"text\/css\"> .vc_column_1784285431:not(.vc_parallax):not(.jarallax) { overflow: center!important; position: relative; }<\/style><\/div><\/div><\/div><div class=\"wpb_column vc_column_container vc_col-sm-3 vc_column_1976555989\"><div class=\"vc_column-inner \"><div class=\"wpb_wrapper\">\n\t<div  class=\"wpb_single_image wpb_content_element vc_align_center wpb_content_element\">\n\t\t\n\t\t<figure class=\"wpb_wrapper vc_figure\">\n\t\t\t<div class=\"vc_single_image-wrapper   vc_box_border_grey\"><img decoding=\"async\" width=\"1461\" height=\"1148\" src=\"https:\/\/www.corporacionbi.com\/gt\/frcl\/wp-content\/uploads\/2023\/11\/como-donar-bi-linea-paso-dos.png\" class=\"vc_single_image-img attachment-full\" alt=\"C\u00f3mo donar Bi en L\u00ednea - Paso 2\" title=\"como-donar-bi-linea-paso-dos\" \/><\/div>\n\t\t<\/figure>\n\t<\/div>\n<style type=\"text\/css\">@media (max-width: 800px) { .vc_column_1976555989 > .vc_column-inner { padding: -50px 0px 0px 0px!important;}}<\/style><\/div><\/div><\/div><div class=\"wpb_column vc_column_container vc_col-sm-3\"><div class=\"vc_column-inner vc_custom_1695763662075\"><div class=\"wpb_wrapper\"><h3 style=\"text-align: left;font-family:Abril Fatface;font-weight:400;font-style:normal\" class=\"vc_custom_heading vc_do_custom_heading\" >Paso 2<\/h3>\n\t<div class=\"wpb_text_column wpb_content_element\" >\n\t\t<div class=\"wpb_wrapper\">\n\t\t\t<p>En el men\u00fa superior, selecciona &#8220;Pagos y aportes&#8221;<\/p>\n\n\t\t<\/div>\n\t<\/div>\n<\/div><\/div><\/div><div class=\"wpb_column vc_column_container vc_col-sm-3 vc_column_711380921\"><div class=\"vc_column-inner \"><div class=\"wpb_wrapper\"><style type=\"text\/css\"> .vc_column_711380921:not(.vc_parallax):not(.jarallax) { overflow: center!important; position: relative; }<\/style><\/div><\/div><\/div><style type=\"text\/css\"> .vc_row_329917723:not(.vc_parallax):not(.jarallax) { overflow: center!important; position: relative; }<\/style><\/div><div class=\"vc_row wpb_row vc_inner vc_row-fluid vc_row_1982468241\"><div class=\"wpb_column vc_column_container vc_col-sm-3 vc_column_960230084\"><div class=\"vc_column-inner \"><div class=\"wpb_wrapper\"><style type=\"text\/css\"> .vc_column_960230084:not(.vc_parallax):not(.jarallax) { overflow: center!important; position: relative; }<\/style><\/div><\/div><\/div><div class=\"wpb_column vc_column_container vc_col-sm-3 vc_column_1614614952\"><div class=\"vc_column-inner vc_custom_1695763801639\"><div class=\"wpb_wrapper\"><h3 style=\"text-align: left;font-family:Abril Fatface;font-weight:400;font-style:normal\" class=\"vc_custom_heading vc_do_custom_heading\" >Paso 3<\/h3>\n\t<div class=\"wpb_text_column wpb_content_element\" >\n\t\t<div class=\"wpb_wrapper\">\n\t\t\t<p>Luego en la opci\u00f3n &#8220;\u00bfDesea ayudar?&#8221; selecciona &#8220;Fundaci\u00f3n Ramiro Castillo Love&#8221;<\/p>\n\n\t\t<\/div>\n\t<\/div>\n<style type=\"text\/css\">@media (max-width: 800px) { .vc_column_1614614952 > .vc_column-inner { padding: -50px 0px 0px 0px!important;}}<\/style><\/div><\/div><\/div><div class=\"wpb_column vc_column_container vc_col-sm-3 vc_column_1148927147\"><div class=\"vc_column-inner \"><div class=\"wpb_wrapper\">\n\t<div  class=\"wpb_single_image wpb_content_element vc_align_center wpb_content_element\">\n\t\t\n\t\t<figure class=\"wpb_wrapper vc_figure\">\n\t\t\t<div class=\"vc_single_image-wrapper   vc_box_border_grey\"><img decoding=\"async\" width=\"1461\" height=\"1148\" src=\"https:\/\/www.corporacionbi.com\/gt\/frcl\/wp-content\/uploads\/2023\/11\/como-donar-bi-linea-paso-tres.png\" class=\"vc_single_image-img attachment-full\" alt=\"C\u00f3mo donar Bi en L\u00ednea - Paso 3\" title=\"como-donar-bi-linea-paso-tres\" \/><\/div>\n\t\t<\/figure>\n\t<\/div>\n<style type=\"text\/css\"> .vc_column_1148927147:not(.vc_parallax):not(.jarallax) { overflow: center!important; position: relative; }<\/style><\/div><\/div><\/div><div class=\"wpb_column vc_column_container vc_col-sm-3 vc_column_1999535706\"><div class=\"vc_column-inner \"><div class=\"wpb_wrapper\"><style type=\"text\/css\"> .vc_column_1999535706:not(.vc_parallax):not(.jarallax) { overflow: center!important; position: relative; }<\/style><\/div><\/div><\/div><style type=\"text\/css\"> .vc_row_1982468241:not(.vc_parallax):not(.jarallax) { overflow: center!important; position: relative; }<\/style><\/div><div class=\"vc_row wpb_row vc_inner vc_row-fluid vc_row_787949644\"><div class=\"wpb_column vc_column_container vc_col-sm-3 vc_column_308997470\"><div class=\"vc_column-inner \"><div class=\"wpb_wrapper\"><style type=\"text\/css\"> .vc_column_308997470:not(.vc_parallax):not(.jarallax) { overflow: center!important; position: relative; }<\/style><\/div><\/div><\/div><div class=\"wpb_column vc_column_container vc_col-sm-3 vc_column_1010348478\"><div class=\"vc_column-inner \"><div class=\"wpb_wrapper\">\n\t<div  class=\"wpb_single_image wpb_content_element vc_align_center wpb_content_element\">\n\t\t\n\t\t<figure class=\"wpb_wrapper vc_figure\">\n\t\t\t<div class=\"vc_single_image-wrapper   vc_box_border_grey\"><img decoding=\"async\" width=\"1461\" height=\"1148\" src=\"https:\/\/www.corporacionbi.com\/gt\/frcl\/wp-content\/uploads\/2023\/11\/como-donar-bi-linea-paso-cuatro.png\" class=\"vc_single_image-img attachment-full\" alt=\"C\u00f3mo donar Bi en L\u00ednea - Paso 4\" title=\"como-donar-bi-linea-paso-cuatro\" \/><\/div>\n\t\t<\/figure>\n\t<\/div>\n<style type=\"text\/css\">@media (max-width: 800px) { .vc_column_1010348478 > .vc_column-inner { padding: -50px 0px 0px 0px!important;}}<\/style><\/div><\/div><\/div><div class=\"wpb_column vc_column_container vc_col-sm-3\"><div class=\"vc_column-inner vc_custom_1695763662075\"><div class=\"wpb_wrapper\"><h3 style=\"text-align: left;font-family:Abril Fatface;font-weight:400;font-style:normal\" class=\"vc_custom_heading vc_do_custom_heading\" >Paso 4<\/h3>\n\t<div class=\"wpb_text_column wpb_content_element\" >\n\t\t<div class=\"wpb_wrapper\">\n\t\t\t<p>Finalmente elige la opci\u00f3n con la que quieres ayudar y \u00a1Listo!<\/p>\n\n\t\t<\/div>\n\t<\/div>\n<\/div><\/div><\/div><div class=\"wpb_column vc_column_container vc_col-sm-3 vc_column_1208692493\"><div class=\"vc_column-inner \"><div class=\"wpb_wrapper\"><style type=\"text\/css\"> .vc_column_1208692493:not(.vc_parallax):not(.jarallax) { overflow: center!important; position: relative; }<\/style><\/div><\/div><\/div><style type=\"text\/css\"> .vc_row_787949644:not(.vc_parallax):not(.jarallax) { overflow: center!important; position: relative; }<\/style><\/div><style type=\"text\/css\"> .vc_column_1027149982:not(.vc_parallax):not(.jarallax) { overflow: center!important; position: relative; }<\/style><\/div><\/div><\/div><style type=\"text\/css\"> .vc_row_2130579979:not(.vc_parallax) { overflow: center!important; position: relative; }<\/style><\/div><div class=\"vc_row wpb_row vc_row-fluid vc_row_1674421361\"><div class=\"wpb_column vc_column_container vc_col-sm-12 vc_column_13278950\"><div class=\"vc_column-inner \"><div class=\"wpb_wrapper\">\r\n            \r\n            <div class=\"sh-empty-space vc_empty_space sh-empty-space-eqvtVBOF4Q  \" style=\"height: 60px\">\r\n                <span class=\"vc_empty_space_inner\"><\/span>\r\n            <\/div>\r\n\r\n        <style type=\"text\/css\"> .vc_column_13278950:not(.vc_parallax):not(.jarallax) { overflow: center!important; position: relative; }<\/style><\/div><\/div><\/div><style type=\"text\/css\"> .vc_row_1674421361:not(.vc_parallax) { overflow: center!important; position: relative; }<\/style><\/div><\/section>\n<\/div>","protected":false},"excerpt":{"rendered":"\u00bfC\u00f3mo donar en Bi en L\u00ednea? Realizar tu donativo en Bi en L\u00ednea es muy f\u00e1cil Paso 1 Ingresa a www.bienlinea.bi.com.gt, accede con tu usuario, c\u00f3digo y contrase\u00f1a. Paso 2 En el men\u00fa superior, selecciona \"Pagos y aportes\" Paso 3 Luego en la opci\u00f3n \"\u00bfDesea...","protected":false},"author":1,"featured_media":0,"parent":0,"menu_order":0,"comment_status":"closed","ping_status":"closed","template":"","meta":{"footnotes":""},"wf_page_folders":[28],"class_list":["post-1106","page","type-page","status-publish","hentry"],"_links":{"self":[{"href":"https:\/\/www.corporacionbi.com\/gt\/frcl\/wp-json\/wp\/v2\/pages\/1106","targetHints":{"allow":["GET"]}}],"collection":[{"href":"https:\/\/www.corporacionbi.com\/gt\/frcl\/wp-json\/wp\/v2\/pages"}],"about":[{"href":"https:\/\/www.corporacionbi.com\/gt\/frcl\/wp-json\/wp\/v2\/types\/page"}],"author":[{"embeddable":true,"href":"https:\/\/www.corporacionbi.com\/gt\/frcl\/wp-json\/wp\/v2\/users\/1"}],"replies":[{"embeddable":true,"href":"https:\/\/www.corporacionbi.com\/gt\/frcl\/wp-json\/wp\/v2\/comments?post=1106"}],"version-history":[{"count":1,"href":"https:\/\/www.corporacionbi.com\/gt\/frcl\/wp-json\/wp\/v2\/pages\/1106\/revisions"}],"predecessor-version":[{"id":1231,"href":"https:\/\/www.corporacionbi.com\/gt\/frcl\/wp-json\/wp\/v2\/pages\/1106\/revisions\/1231"}],"wp:attachment":[{"href":"https:\/\/www.corporacionbi.com\/gt\/frcl\/wp-json\/wp\/v2\/media?parent=1106"}],"wp:term":[{"taxonomy":"wf_page_folders","embeddable":true,"href":"https:\/\/www.corporacionbi.com\/gt\/frcl\/wp-json\/wp\/v2\/wf_page_folders?post=1106"}],"curies":[{"name":"wp","href":"https:\/\/api.w.org\/{rel}","templated":true}]}}