{"id":728,"date":"2022-12-29T18:06:17","date_gmt":"2022-12-29T18:06:17","guid":{"rendered":"https:\/\/www.corporacionbi.com\/gt\/algesa\/?page_id=728"},"modified":"2024-08-26T11:53:24","modified_gmt":"2024-08-26T17:53:24","slug":"contacto","status":"publish","type":"page","link":"https:\/\/www.corporacionbi.com\/gt\/algesa\/contacto\/","title":{"rendered":"Contacto"},"content":{"rendered":"<div class=\"wpb-content-wrapper\"><p>[vc_section full_width=&#8221;stretch_row&#8221; css=&#8221;.vc_custom_1673644072515{background-color: #fafafa !important;}&#8221;][vc_row overflow=&#8221;default&#8221;][vc_column]\n\t\t\t\t<p class=\"rs-p-wp-fix\"><\/p>\n\t\t\t\t<sr7-module data-alias=\"balance-general-condensado-1\" data-id=\"13\" id=\"SR7_13_1\" class=\"rs-ov-hidden\" data-version=\"6.7.54\">\n\t\t\t\t\t<sr7-adjuster><\/sr7-adjuster>\n\t\t\t\t\t<sr7-content>\n\t\t\t\t\t\t<sr7-slide id=\"SR7_13_1-7\" data-key=\"7\">\n\t\t\t\t\t\t\t<sr7-txt id=\"SR7_13_1-7-1\" class=\"sr7-layer\"><strong>\u00bfDesea contactarse con nosotros?<\/strong><\/sr7-txt>\n\t\t\t\t\t\t\t<sr7-txt id=\"SR7_13_1-7-6\" class=\"sr7-layer\"><strong>Con gusto lo puede realizar por <br>los diferentes medios<\/strong><\/sr7-txt>\n\t\t\t\t\t\t<\/sr7-slide>\n\t\t\t\t\t\t<sr7-slide id=\"SR7_13_1-31\" data-key=\"31\">\n\t\t\t\t\t\t<\/sr7-slide>\n\t\t\t\t\t<\/sr7-content>\n\t\t\t\t\t<image_lists style=\"display:none\">\n\t\t\t\t\t\t<img data-src=\"\/\/www.corporacionbi.com\/gt\/algesa\/wp-content\/uploads\/2024\/08\/banner-contacto.webp\" data-libid=\"1289\" data-lib=\"medialibrary\" alt=\"banner contacto\" title=\"banner contacto\" width=\"0\" height=\"0\" data-dbsrc=\"Ly93d3cuY29ycG9yYWNpb25iaS5jb20vZ3QvYWxnZXNhL3dwLWNvbnRlbnQvdXBsb2Fkcy8yMDI0LzA4L2Jhbm5lci1jb250YWN0by53ZWJw\"\/>\n\t\t\t\t\t<\/image_lists>\n\t\t\t\t<\/sr7-module>\n\t\t\t\t<script>\n\t\t\t\t\twindow.SR7 ??={};SR7.PMH ??={}; SR7.PMH[\"SR7_13_1\"] = {cn:100,state:false,fn: function() { if (window._tpt!==undefined && window._tpt.prepareModuleHeight !== undefined) {  _tpt.prepareModuleHeight({id:\"SR7_13_1\",el:[550,550,300,300,300],type:'standard',shdw:'0',gh:[550,550,300,300,300],gw:[1920,1920,1024,778,480],vpt:['-200px&#039;,&#039;-200px&#039;,&#039;-200px&#039;,&#039;-200px&#039;,&#039;-200px'],size:{fullWidth:true, fullHeight:false},mh:'0',onh:0,onw:0,bg:{color:'{\"orig\":\"transparent\",\"type\":\"solid\",\"string\":\"transparent\"}'}});   SR7.PMH[\"SR7_13_1\"].state=true;} else if(SR7.PMH[\"SR7_13_1\"].cn-->0)\tsetTimeout( SR7.PMH[\"SR7_13_1\"].fn,19);}};SR7.PMH[\"SR7_13_1\" ].fn();\n\t\t\t\t<\/script>\n[\/vc_column][\/vc_row][vc_row][vc_column]\r\n            \r\n            <div class=\"sh-empty-space vc_empty_space sh-empty-space-TvPUcSdxR6  \" style=\"height: 60px\">\r\n                <span class=\"vc_empty_space_inner\"><\/span>\r\n            <\/div>\r\n\r\n        [\/vc_column][\/vc_row][vc_row gap=&#8221;15&#8243; equal_height=&#8221;yes&#8221; content_placement=&#8221;middle&#8221; overflow=&#8221;default&#8221;][vc_column width=&#8221;2\/3&#8243;]<div class=\"wpforms-container wpforms-container-full\" id=\"wpforms-841\"><form id=\"wpforms-form-841\" class=\"wpforms-validate wpforms-form wpforms-ajax-form\" data-formid=\"841\" method=\"post\" enctype=\"multipart\/form-data\" action=\"\/gt\/algesa\/wp-json\/wp\/v2\/pages\/728\" data-token=\"ede72225d60d5111fa224bfd354324dc\" data-token-time=\"1777488787\"><noscript class=\"wpforms-error-noscript\">Please enable JavaScript in your browser to complete this form.<\/noscript><div class=\"wpforms-field-container\"><div id=\"wpforms-841-field_0-container\" class=\"wpforms-field wpforms-field-name wpf-char-restrict\" data-field-id=\"0\"><label class=\"wpforms-field-label\" for=\"wpforms-841-field_0\">Nombre y apellido <span class=\"wpforms-required-label\">*<\/span><\/label><input type=\"text\" id=\"wpforms-841-field_0\" class=\"wpforms-field-medium wpforms-field-required\" name=\"wpforms[fields][0]\" placeholder=\"Escriba aqu\u00ed sus nombres y apellidos\" required><\/div><div id=\"wpforms-841-field_1-container\" class=\"wpforms-field wpforms-field-email wpf-char-restrict\" data-field-id=\"1\"><label class=\"wpforms-field-label\" for=\"wpforms-841-field_1\">Correo Electr\u00f3nico <span class=\"wpforms-required-label\">*<\/span><\/label><input type=\"email\" id=\"wpforms-841-field_1\" class=\"wpforms-field-medium wpforms-field-required\" name=\"wpforms[fields][1]\" placeholder=\"Escriba aqu\u00ed su correo electr\u00f3nico\" spellcheck=\"false\" required><\/div><div id=\"wpforms-841-field_5-container\" class=\"wpforms-field wpforms-field-phone wpf-char-restrict\" data-field-id=\"5\"><label class=\"wpforms-field-label\" for=\"wpforms-841-field_5\">No. de tel\u00e9fono <span class=\"wpforms-required-label\">*<\/span><\/label><input type=\"tel\" id=\"wpforms-841-field_5\" class=\"wpforms-field-medium wpforms-field-required wpforms-smart-phone-field\" data-rule-smart-phone-field=\"true\" name=\"wpforms[fields][5]\" placeholder=\"Escriba aqu\u00ed su n\u00famero de tel\u00e9fono\" aria-label=\"No. de tel\u00e9fono\" required><\/div><div id=\"wpforms-841-field_2-container\" class=\"wpforms-field wpforms-field-textarea wpf-char-restrict\" data-field-id=\"2\"><label class=\"wpforms-field-label\" for=\"wpforms-841-field_2\">\u00bfC\u00f3mo podemos ayudarle? <span class=\"wpforms-required-label\">*<\/span><\/label><textarea id=\"wpforms-841-field_2\" class=\"wpforms-field-large wpforms-field-required\" name=\"wpforms[fields][2]\" placeholder=\"Escriba aqu\u00ed su duda\" required><\/textarea><\/div><\/div><!-- .wpforms-field-container --><div class=\"wpforms-recaptcha-container wpforms-is-recaptcha wpforms-is-recaptcha-type-v2\" ><div class=\"g-recaptcha\" data-sitekey=\"6Lfs2C4mAAAAAMiYVbUMJ2SpRskfom56rXVcnVZM\"><\/div><input type=\"text\" name=\"g-recaptcha-hidden\" class=\"wpforms-recaptcha-hidden\" style=\"position:absolute!important;clip:rect(0,0,0,0)!important;height:1px!important;width:1px!important;border:0!important;overflow:hidden!important;padding:0!important;margin:0!important;\" data-rule-recaptcha=\"1\"><\/div><div class=\"wpforms-submit-container\" ><input type=\"hidden\" name=\"wpforms[id]\" value=\"841\"><input type=\"hidden\" name=\"page_title\" value=\"\"><input type=\"hidden\" name=\"page_url\" value=\"https:\/\/www.corporacionbi.com\/gt\/algesa\/wp-json\/wp\/v2\/pages\/728\"><input type=\"hidden\" name=\"url_referer\" value=\"\"><button type=\"submit\" name=\"wpforms[submit]\" id=\"wpforms-submit-841\" class=\"wpforms-submit\" data-alt-text=\"Sending...\" data-submit-text=\"Enviar\" aria-live=\"assertive\" value=\"wpforms-submit\">Enviar<\/button><img decoding=\"async\" src=\"https:\/\/www.corporacionbi.com\/gt\/algesa\/wp-content\/plugins\/wpforms\/assets\/images\/submit-spin.svg\" class=\"wpforms-submit-spinner\" style=\"display: none;\" width=\"26\" height=\"26\" alt=\"Loading\"><\/div><\/form><\/div>  <!-- .wpforms-container -->[\/vc_column][vc_column width=&#8221;1\/3&#8243;][vc_column_text css=&#8221;.vc_custom_1685999094477{margin-bottom: -5px !important;}&#8221;]<\/p>\n<h3>Otras opciones de contacto<\/h3>\n<p>[\/vc_column_text][vc_row_inner equal_height=&#8221;yes&#8221; content_placement=&#8221;middle&#8221; gap=&#8221;15&#8243; overflow=&#8221;default&#8221;][vc_column_inner el_class=&#8221;moduloazul&#8221; overflow=&#8221;default&#8221;]\r\n            \r\n            <div class=\"sh-empty-space vc_empty_space sh-empty-space-kb0tiM513D  \" style=\"height: 32px\">\r\n                <span class=\"vc_empty_space_inner\"><\/span>\r\n            <\/div>\r\n\r\n        [vc_raw_html el_class=&#8221;iconblanco&#8221;]JTNDaSUyMGNsYXNzJTNEJTIyYWxtYWNlbmFkb3JhLW1haWwlMjBpY29uYmxhbmNvJTIyJTNFJTNDJTJGaSUzRQ==[\/vc_raw_html][vc_column_text css=&#8221;.vc_custom_1685999403603{margin-bottom: -5px !important;}&#8221;]<\/p>\n<h5 style=\"color: #ffffff !important;\">Escr\u00edbenos al siguiente correo<\/h5>\n<p>[\/vc_column_text][vc_column_text]<a href=\"mailto:aintegrada@bi.com.gt\" style=\"color: #ffffff !important;\">aintegrada@bi.com.gt<\/a>[\/vc_column_text][\/vc_column_inner][\/vc_row_inner][vc_row_inner equal_height=&#8221;yes&#8221; content_placement=&#8221;middle&#8221; gap=&#8221;15&#8243; overflow=&#8221;default&#8221;][vc_column_inner el_class=&#8221;moduloverde&#8221; overflow=&#8221;default&#8221;]\r\n            \r\n            <div class=\"sh-empty-space vc_empty_space sh-empty-space-FtnLaObE3x  \" style=\"height: 32px\">\r\n                <span class=\"vc_empty_space_inner\"><\/span>\r\n            <\/div>\r\n\r\n        [vc_raw_html el_class=&#8221;iconblanco&#8221;]JTNDaSUyMGNsYXNzJTNEJTIyYWxtYWNlbmFkb3JhLXBob25lJTIwaWNvbmJsYW5jbyUyMiUzRSUzQyUyRmklM0U=[\/vc_raw_html][vc_column_text css=&#8221;.vc_custom_1685999154846{margin-bottom: -5px !important;}&#8221;]<\/p>\n<h5 style=\"color: #ffffff !important;\">Ll\u00e1manos al PBX<\/h5>\n<p>[\/vc_column_text][vc_column_text]<\/p>\n<p style=\"color: #ffffff !important;\">(502) 2422 &#8211; 3000<\/p>\n<p>[\/vc_column_text][\/vc_column_inner][\/vc_row_inner][vc_row_inner equal_height=&#8221;yes&#8221; content_placement=&#8221;middle&#8221; gap=&#8221;15&#8243; overflow=&#8221;default&#8221;][vc_column_inner el_class=&#8221;moduloaqua&#8221; overflow=&#8221;default&#8221;]\r\n            \r\n            <div class=\"sh-empty-space vc_empty_space sh-empty-space-DFjyChJ9wI  \" style=\"height: 32px\">\r\n                <span class=\"vc_empty_space_inner\"><\/span>\r\n            <\/div>\r\n\r\n        [vc_raw_html el_class=&#8221;iconblanco&#8221;]JTNDaSUyMGNsYXNzJTNEJTIyYWxtYWNlbmFkb3JhLWxvY2F0aW9uJTIwaWNvbmJsYW5jbyUyMiUzRSUzQyUyRmklM0U=[\/vc_raw_html][vc_column_text css=&#8221;.vc_custom_1685999179102{margin-bottom: -5px !important;}&#8221;]<\/p>\n<h5 style=\"color: #ffffff !important;\">Vis\u00edtanos<\/h5>\n<p>[\/vc_column_text][vc_column_text el_class=&#8221;link-direccion&#8221;]<\/p>\n<p style=\"color: #ffffff !important;\"><a href=\"https:\/\/goo.gl\/maps\/TSWrgmZVAMLakYfq8\" target=\"_blank\" rel=\"noopener\">27 Avenida 33-85 Zona 12<\/a><\/p>\n<p>[\/vc_column_text][\/vc_column_inner][\/vc_row_inner][\/vc_column][\/vc_row][vc_row][vc_column]\r\n            \r\n            <div class=\"sh-empty-space vc_empty_space sh-empty-space-OAHkuvaeUN  \" style=\"height: 60px\">\r\n                <span class=\"vc_empty_space_inner\"><\/span>\r\n            <\/div>\r\n\r\n        [\/vc_column][\/vc_row][\/vc_section][vc_row][vc_column][\/vc_column][\/vc_row]<\/p>\n<\/div>","protected":false},"excerpt":{"rendered":"<p>[vc_section full_width=&#8221;stretch_row&#8221; css=&#8221;.vc_custom_1673644072515{background-color: #fafafa !important;}&#8221;][vc_row overflow=&#8221;default&#8221;][vc_column][\/vc_column][\/vc_row][vc_row][vc_column][\/vc_column][\/vc_row][vc_row gap=&#8221;15&#8243; equal_height=&#8221;yes&#8221; content_placement=&#8221;middle&#8221; overflow=&#8221;default&#8221;][vc_column width=&#8221;2\/3&#8243;][\/vc_column][vc_column width=&#8221;1\/3&#8243;][vc_column_text css=&#8221;.vc_custom_1685999094477{margin-bottom: -5px !important;}&#8221;] Otras opciones de contacto [\/vc_column_text][vc_row_inner equal_height=&#8221;yes&#8221; content_placement=&#8221;middle&#8221; gap=&#8221;15&#8243; overflow=&#8221;default&#8221;][vc_column_inner el_class=&#8221;moduloazul&#8221; overflow=&#8221;default&#8221;][vc_raw_html el_class=&#8221;iconblanco&#8221;]JTNDaSUyMGNsYXNzJTNEJTIyYWxtYWNlbmFkb3JhLW1haWwlMjBpY29uYmxhbmNvJTIyJTNFJTNDJTJGaSUzRQ==[\/vc_raw_html][vc_column_text css=&#8221;.vc_custom_1685999403603{margin-bottom: -5px !important;}&#8221;] Escr\u00edbenos al siguiente correo [\/vc_column_text][vc_column_text]aintegrada@bi.com.gt[\/vc_column_text][\/vc_column_inner][\/vc_row_inner][vc_row_inner equal_height=&#8221;yes&#8221; content_placement=&#8221;middle&#8221; gap=&#8221;15&#8243; overflow=&#8221;default&#8221;][vc_column_inner el_class=&#8221;moduloverde&#8221; overflow=&#8221;default&#8221;][vc_raw_html el_class=&#8221;iconblanco&#8221;]JTNDaSUyMGNsYXNzJTNEJTIyYWxtYWNlbmFkb3JhLXBob25lJTIwaWNvbmJsYW5jbyUyMiUzRSUzQyUyRmklM0U=[\/vc_raw_html][vc_column_text css=&#8221;.vc_custom_1685999154846{margin-bottom: -5px !important;}&#8221;]&#8230;<\/p>\n","protected":false},"author":2,"featured_media":0,"parent":0,"menu_order":0,"comment_status":"closed","ping_status":"closed","template":"","meta":{"footnotes":""},"wf_page_folders":[18],"class_list":["post-728","page","type-page","status-publish","hentry"],"_links":{"self":[{"href":"https:\/\/www.corporacionbi.com\/gt\/algesa\/wp-json\/wp\/v2\/pages\/728","targetHints":{"allow":["GET"]}}],"collection":[{"href":"https:\/\/www.corporacionbi.com\/gt\/algesa\/wp-json\/wp\/v2\/pages"}],"about":[{"href":"https:\/\/www.corporacionbi.com\/gt\/algesa\/wp-json\/wp\/v2\/types\/page"}],"author":[{"embeddable":true,"href":"https:\/\/www.corporacionbi.com\/gt\/algesa\/wp-json\/wp\/v2\/users\/2"}],"replies":[{"embeddable":true,"href":"https:\/\/www.corporacionbi.com\/gt\/algesa\/wp-json\/wp\/v2\/comments?post=728"}],"version-history":[{"count":38,"href":"https:\/\/www.corporacionbi.com\/gt\/algesa\/wp-json\/wp\/v2\/pages\/728\/revisions"}],"predecessor-version":[{"id":1291,"href":"https:\/\/www.corporacionbi.com\/gt\/algesa\/wp-json\/wp\/v2\/pages\/728\/revisions\/1291"}],"wp:attachment":[{"href":"https:\/\/www.corporacionbi.com\/gt\/algesa\/wp-json\/wp\/v2\/media?parent=728"}],"wp:term":[{"taxonomy":"wf_page_folders","embeddable":true,"href":"https:\/\/www.corporacionbi.com\/gt\/algesa\/wp-json\/wp\/v2\/wf_page_folders?post=728"}],"curies":[{"name":"wp","href":"https:\/\/api.w.org\/{rel}","templated":true}]}}