{"id":646,"date":"2022-12-27T20:27:54","date_gmt":"2022-12-27T20:27:54","guid":{"rendered":"https:\/\/www.corporacionbi.com\/gt\/algesa\/?page_id=646"},"modified":"2024-01-25T16:59:54","modified_gmt":"2024-01-25T22:59:54","slug":"quienes-somos","status":"publish","type":"page","link":"https:\/\/www.corporacionbi.com\/gt\/algesa\/quienes-somos\/","title":{"rendered":"Quienes Somos"},"content":{"rendered":"<div class=\"wpb-content-wrapper\"><p>[vc_row full_width=&#8221;stretch_row&#8221; full_height=&#8221;yes&#8221; css_animation=&#8221;none&#8221; overflow=&#8221;default&#8221; css=&#8221;.vc_custom_1677111510350{padding-bottom: 300px !important;background: #ffd57a url(https:\/\/www.corporacionbi.com\/gt\/algesa\/wp-content\/uploads\/2022\/12\/quienes-min.jpg?id=686) !important;background-position: center !important;background-repeat: no-repeat !important;background-size: cover !important;}&#8221;][vc_column overflow=&#8221;default&#8221; css=&#8221;.vc_custom_1672767674939{margin-top: -15% !important;}&#8221;][\/vc_column][\/vc_row][vc_row full_width=&#8221;stretch_row&#8221; css_animation=&#8221;none&#8221; overflow=&#8221;visible&#8221; css=&#8221;.vc_custom_1672249875375{padding-top: 0px !important;padding-bottom: 110px !important;background-color: #fafafa !important;}&#8221;][vc_column css_animation=&#8221;none&#8221; overflow=&#8221;default&#8221; css=&#8221;.vc_custom_1562161072872{margin-top: 0px !important;padding-top: 0px !important;}&#8221;][vc_row_inner shadow=&#8221;shadow1&#8243; overflow=&#8221;default&#8221; css=&#8221;.vc_custom_1677104546761{margin-top: -30% !important;padding-top: 80px !important;padding-bottom: 95px !important;background-color: #ffffff !important;}&#8221; padding_tablet=&#8221;0px 10px 10px 10px&#8221; el_class=&#8221;borderadius&#8221; margin_tablet=&#8221;-80% 0px 0px 0px&#8221; margin_tablet_large=&#8221;-80% 0px 0px 0px&#8221;][vc_column_inner width=&#8221;1\/2&#8243; overflow=&#8221;default&#8221; padding_tablet=&#8221;40px 30px 0px 30px&#8221; max_width=&#8221;500px&#8221; css=&#8221;.vc_custom_1706222740842{padding-right: 40px !important;padding-left: 40px !important;}&#8221;]\r\n<div id=\"text-block-MWUzv613CZ\" class=\"sh-text-block blue\">\r\n\t<\/p>\n<h3>Por m\u00e1s de 50 a\u00f1os<\/h3>\n<p><\/div>\r\n            <style type=\"text\/css\">\r\n                #text-block-MWUzv613CZ {font-size: 16px;margin: 0px 0px 15px 0px;}#text-block-MWUzv613CZ a:hover,#text-block-MWUzv613CZ a:focus {color: #10a0c0;}#text-block-MWUzv613CZ .drop-cap {font-weight: bold;font-size: 50px;display: block;float: left;margin: 8px 10px 0 0;}#text-block-MWUzv613CZ p {margin-bottom: 0;}            <\/style>\r\n        \r\n<div class=\"sh-heading  \" id=\"heading-0YDKhIpZgR\">\r\n\t<div class=\"sh-element-margin\">\r\n\r\n\t\t\r\n\t\t\t<h2 class=\"sh-heading-content size-l text-left\">\r\n\t\t\t\tNuestra historia\t\t\t<\/h2>\r\n\r\n\t\t\r\n\t<\/div>\r\n<\/div>\r\n            <style type=\"text\/css\">\r\n                #heading-0YDKhIpZgR .sh-element-margin {margin: -20px 0px 15px 0px;}#heading-0YDKhIpZgR .sh-heading-content {font-weight: 700!important;}#heading-0YDKhIpZgR .sh-heading-content,#heading-0YDKhIpZgR .sh-heading-additional-text {}            <\/style>\r\n        \r\n            \r\n            <div class=\"sh-empty-space vc_empty_space sh-empty-space-ZID1Abgc9o  \" style=\"height: 20px\">\r\n                <span class=\"vc_empty_space_inner\"><\/span>\r\n            <\/div>\r\n\r\n        [vc_column_text]Almacenadora Integrada, S.A. empresa que fue constituida como Almacenes Generales de Dep\u00f3sito para el manejo, administraci\u00f3n y almacenaje de mercader\u00eda en bodegas propias, bodegas habilitadas y bodegas fiscales.<\/p>\n<p>Nuestra trayectoria, solidez, experiencia, innovaci\u00f3n y servicio por m\u00e1s de 50 a\u00f1os y el respaldo de pertenecer a la corporaci\u00f3n financiera m\u00e1s grande del pa\u00eds, Corporaci\u00f3n BI nos permite atender de manera eficiente y flexible los requerimientos de log\u00edstica y almacenaje de nuestros clientes, lo que nos coloca como l\u00edder en el gremio de las Almacenadoras.<\/p>\n<p>Como OPERADOR ECON\u00d3MICO AUTORIZADO OEA cumplimos con los est\u00e1ndares internacionales de seguridad y de las normas, requisitos y obligaciones establecidos en la ley aduanera vigente y el Servicio Aduanero.[\/vc_column_text][vc_single_image image=&#8221;1179&#8243; img_size=&#8221;full&#8221;][\/vc_column_inner][vc_column_inner width=&#8221;1\/2&#8243; overflow=&#8221;default&#8221; css=&#8221;.vc_custom_1706223496822{padding-right: 40px !important;}&#8221;][vc_single_image image=&#8221;688&#8243; img_size=&#8221;large&#8221; alignment=&#8221;center&#8221;][vc_single_image image=&#8221;1182&#8243; img_size=&#8221;large&#8221; css=&#8221;.vc_custom_1706223585422{padding-top: 10px !important;}&#8221;][\/vc_column_inner][\/vc_row_inner][\/vc_column][\/vc_row][vc_row full_width=&#8221;stretch_row&#8221; css_animation=&#8221;none&#8221; overflow=&#8221;default&#8221; css=&#8221;.vc_custom_1672249836031{padding-bottom: 75px !important;background: #fafafa url(https:\/\/cdn.jevelin.shufflehound.com\/finances\/wp-content\/uploads\/sites\/26\/2019\/03\/Group-19-copy.png?id=570) !important;background-position: 0 0 !important;background-repeat: no-repeat !important;}&#8221; el_id=&#8221;services&#8221;][vc_column overflow=&#8221;default&#8221; css=&#8221;.vc_custom_1562052131692{margin-top: 0px !important;padding-top: 0px !important;}&#8221;][vc_column_text el_class=&#8221;titulo&#8221;]<\/p>\n<h1 style=\"text-align: center;\">Nuestro credo<\/h1>\n<p>[\/vc_column_text]\r\n            \r\n            <div class=\"sh-empty-space vc_empty_space sh-empty-space-UKa6cIvhJQ  \" style=\"height: 5px\">\r\n                <span class=\"vc_empty_space_inner\"><\/span>\r\n            <\/div>\r\n\r\n        [vc_column_text]<\/p>\n<p style=\"text-align: center;\">Saber valorar nuestras responsabilidades, anteponiendo a nuestros intereses los de nuestros clientes,<br \/>\nnuestros empleados, nuestra comunidad y nuestros accionistas.[\/vc_column_text]\r\n            \r\n            <div class=\"sh-empty-space vc_empty_space sh-empty-space-wSYFBAhtyE  \" style=\"height: 40px\">\r\n                <span class=\"vc_empty_space_inner\"><\/span>\r\n            <\/div>\r\n\r\n        [\/vc_column][vc_column max_width_alignment_mobile=&#8221;center&#8221; overflow=&#8221;default&#8221; css=&#8221;.vc_custom_1677105531163{margin-top: 0px !important;padding-top: 0px !important;}&#8221;][vc_row_inner content_placement=&#8221;middle&#8221; overflow=&#8221;default&#8221;][vc_column_inner width=&#8221;1\/2&#8243;][vc_column_text el_class=&#8221;credo&#8221;]<\/p>\n<h3>Con nuestros clientes<\/h3>\n<p>[\/vc_column_text][vc_separator color=&#8221;custom&#8221; align=&#8221;align_left&#8221; border_width=&#8221;2&#8243; el_width=&#8221;50&#8243; accent_color=&#8221;#2c8b9e&#8221;][vc_column_text]<\/p>\n<p style=\"text-align: left;\">Satisfacer eficiente y cumplidamente sus necesidades es la \u00fanica raz\u00f3n por la cual trabajamos todos. Buscar en nuestro desempe\u00f1o la m\u00e1s alta calidad de servicio en nuestra meta de cada d\u00eda. Esforzarnos al m\u00e1ximo en la reducci\u00f3n de costos debe constituir una tarea constante, para que ellos, nuestros clientes, puedan recibir siempre nuestro amplio men\u00fa de excelentes productos financieros al mejor precio.<\/p>\n<p>[\/vc_column_text][\/vc_column_inner][vc_column_inner width=&#8221;1\/2&#8243;][vc_column_text el_class=&#8221;credo&#8221;]<\/p>\n<h3>Con nuestro personal<\/h3>\n<p>[\/vc_column_text][vc_separator color=&#8221;custom&#8221; align=&#8221;align_left&#8221; border_width=&#8221;2&#8243; el_width=&#8221;50&#8243; accent_color=&#8221;#2c8b9e&#8221;][vc_column_text]<\/p>\n<p style=\"text-align: left;\">Vivir la responsabilidad de que tenemos ante nuestros empleados es, adem\u00e1s de una enaltecedora virtud, una obligaci\u00f3n permanente. Respetar siempre su dignidad, reconocer sus m\u00e9ritos, remunerarlos en forma justa y adecuada, saber escuchar sus sugerencias y mantener un clima de igualdad de oportunidades para su desarrollo y promoci\u00f3n, constituye la esencia de una buena relaci\u00f3n laboral y son una estimulante actitud Gerencial.<\/p>\n<p>[\/vc_column_text][\/vc_column_inner][\/vc_row_inner][vc_row_inner][vc_column_inner width=&#8221;1\/2&#8243;][vc_column_text el_class=&#8221;credo&#8221;]<\/p>\n<h3>Con nuestra comunidad<\/h3>\n<p>[\/vc_column_text][vc_separator color=&#8221;custom&#8221; align=&#8221;align_left&#8221; border_width=&#8221;2&#8243; el_width=&#8221;50&#8243; accent_color=&#8221;#2c8b9e&#8221;][vc_column_text]<\/p>\n<p style=\"text-align: left;\">Sentirnos responsables ante la comunidad en que vivimos exaltando los m\u00e9ritos de guatemaltecos ejemplares a trav\u00e9s de nuestro Programa C\u00edvico Permanente honrar sus valores y difundir su riqueza humana entre sus miembros y as\u00ed estimular a todos en la tarea de hacer juntos un mejor pa\u00eds.<\/p>\n<p>[\/vc_column_text][\/vc_column_inner][vc_column_inner width=&#8221;1\/2&#8243;][vc_column_text el_class=&#8221;credo&#8221;]<\/p>\n<h3>Con nuestros accionistas<\/h3>\n<p>[\/vc_column_text][vc_separator color=&#8221;custom&#8221; align=&#8221;align_left&#8221; border_width=&#8221;2&#8243; el_width=&#8221;50&#8243; accent_color=&#8221;#2c8b9e&#8221;][vc_column_text]<\/p>\n<p style=\"text-align: left;\">Mantenemos un compromiso ineludible y justo: lograr para ellos los mejores beneficios. Pero no s\u00f3lo la m\u00e1xima satisfacci\u00f3n de nuestros clientes y la m\u00e1xima productividad de nuestro excelente personal en lo que hoy hacemos, puede garantizarle a ellos un buen rendimiento de su inversi\u00f3n. Para maximizar ese rendimiento debemos constantemente, experimentar nuevas ideas, desarrollar nuevos programas y continuar siendo lo que somos: \u00a1Innovadores! La caracter\u00edstica din\u00e1mica que ha convertido a nuestra Corporaci\u00f3n en L\u00edder del sector financiero nacional.<\/p>\n<p>[\/vc_column_text][\/vc_column_inner][\/vc_row_inner][\/vc_column][\/vc_row][vc_row full_width=&#8221;stretch_row&#8221; overflow=&#8221;default&#8221; css=&#8221;.vc_custom_1672250796013{background-color: #ffffff !important;}&#8221;][vc_column][vc_row_inner][vc_column_inner][vc_raw_html]JTNDY2VudGVyJTNFJTNDc3BhbiUyMGNsYXNzJTNEJTIyYWxtYWNlbmFkb3JhLWVzY2FsYSUyMiUzRSUzQyUyRnNwYW4lM0UlM0MlMkZjZW50ZXIlM0U=[\/vc_raw_html][vc_column_text el_class=&#8221;titulo&#8221;]<\/p>\n<h1 style=\"text-align: center;\">Consejo administrativo<\/h1>\n<p>[\/vc_column_text][\/vc_column_inner][\/vc_row_inner][vc_row_inner][vc_column_inner overflow=&#8221;default&#8221; max_width=&#8221;700&#8243;][vc_column_text]<\/p>\n<table style=\"width: 100%;\" border=\"1\">\n<tbody>\n<tr>\n<td style=\"width: 30%;\">Presidente<\/td>\n<td style=\"width: 40%;\">Edgar Ren\u00e9 Chavarr\u00eda Soria<\/td>\n<\/tr>\n<tr>\n<td>Vicepresidente<\/td>\n<td>Ricardo Elias Fernandez Ericastilla<\/td>\n<\/tr>\n<tr>\n<td>Secretario<\/td>\n<td>Luis Fernando Prado Ortiz<\/td>\n<\/tr>\n<tr>\n<td>Vocal I<\/td>\n<td>Juan Carlos Martinez Noack<\/td>\n<\/tr>\n<tr>\n<td>Vocal II<\/td>\n<td>Luis Rolando Lara Grojec<\/td>\n<\/tr>\n<\/tbody>\n<\/table>\n<div><\/div>\n<p>[\/vc_column_text][\/vc_column_inner][\/vc_row_inner][\/vc_column][\/vc_row][vc_row full_width=&#8221;stretch_row&#8221; overflow=&#8221;default&#8221; css=&#8221;.vc_custom_1672252030386{background-color: #2c8b9e !important;}&#8221;][vc_column][vc_raw_html]JTNDY2VudGVyJTNFJTNDaSUyMGNsYXNzJTNEJTIyYWxtYWNlbmFkb3JhLW1haWwlMjBpY29uYmxhbmNvJTIyJTNFJTNDJTJGaSUzRSUzQyUyRmNlbnRlciUzRQ==[\/vc_raw_html][vc_column_text]<\/p>\n<h2 style=\"text-align: center; color: #ffffff !important;\">Guardemos contacto<\/h2>\n<p>[\/vc_column_text][vc_btn title=&#8221;Escr\u00edbenos aqu\u00ed&#8221; align=&#8221;center&#8221; link=&#8221;url:https%3A%2F%2Fwww.corporacionbi.com%2Fgt%2Falgesa%2Fcontacto%2F&#8221; el_class=&#8221;fondobtn3&#8243;]\r\n            \r\n            <div class=\"sh-empty-space vc_empty_space sh-empty-space-4bUdQGexPH  \" style=\"height: 20px\">\r\n                <span class=\"vc_empty_space_inner\"><\/span>\r\n            <\/div>\r\n\r\n        [\/vc_column][\/vc_row][vc_row][vc_column][\/vc_column][\/vc_row]<\/p>\n<\/div>","protected":false},"excerpt":{"rendered":"<p>[vc_row full_width=&#8221;stretch_row&#8221; full_height=&#8221;yes&#8221; css_animation=&#8221;none&#8221; overflow=&#8221;default&#8221; css=&#8221;.vc_custom_1677111510350{padding-bottom: 300px !important;background: #ffd57a url(https:\/\/www.corporacionbi.com\/gt\/algesa\/wp-content\/uploads\/2022\/12\/quienes-min.jpg?id=686) !important;background-position: center !important;background-repeat: no-repeat !important;background-size: cover !important;}&#8221;][vc_column overflow=&#8221;default&#8221; css=&#8221;.vc_custom_1672767674939{margin-top: -15% !important;}&#8221;][\/vc_column][\/vc_row][vc_row full_width=&#8221;stretch_row&#8221; css_animation=&#8221;none&#8221; overflow=&#8221;visible&#8221; css=&#8221;.vc_custom_1672249875375{padding-top: 0px !important;padding-bottom: 110px !important;background-color: #fafafa !important;}&#8221;][vc_column css_animation=&#8221;none&#8221; overflow=&#8221;default&#8221; css=&#8221;.vc_custom_1562161072872{margin-top: 0px !important;padding-top: 0px !important;}&#8221;][vc_row_inner shadow=&#8221;shadow1&#8243; overflow=&#8221;default&#8221; css=&#8221;.vc_custom_1677104546761{margin-top: -30% !important;padding-top: 80px !important;padding-bottom:&#8230;<\/p>\n","protected":false},"author":2,"featured_media":0,"parent":0,"menu_order":0,"comment_status":"closed","ping_status":"closed","template":"","meta":{"footnotes":""},"wf_page_folders":[13],"class_list":["post-646","page","type-page","status-publish","hentry"],"_links":{"self":[{"href":"https:\/\/www.corporacionbi.com\/gt\/algesa\/wp-json\/wp\/v2\/pages\/646","targetHints":{"allow":["GET"]}}],"collection":[{"href":"https:\/\/www.corporacionbi.com\/gt\/algesa\/wp-json\/wp\/v2\/pages"}],"about":[{"href":"https:\/\/www.corporacionbi.com\/gt\/algesa\/wp-json\/wp\/v2\/types\/page"}],"author":[{"embeddable":true,"href":"https:\/\/www.corporacionbi.com\/gt\/algesa\/wp-json\/wp\/v2\/users\/2"}],"replies":[{"embeddable":true,"href":"https:\/\/www.corporacionbi.com\/gt\/algesa\/wp-json\/wp\/v2\/comments?post=646"}],"version-history":[{"count":27,"href":"https:\/\/www.corporacionbi.com\/gt\/algesa\/wp-json\/wp\/v2\/pages\/646\/revisions"}],"predecessor-version":[{"id":1184,"href":"https:\/\/www.corporacionbi.com\/gt\/algesa\/wp-json\/wp\/v2\/pages\/646\/revisions\/1184"}],"wp:attachment":[{"href":"https:\/\/www.corporacionbi.com\/gt\/algesa\/wp-json\/wp\/v2\/media?parent=646"}],"wp:term":[{"taxonomy":"wf_page_folders","embeddable":true,"href":"https:\/\/www.corporacionbi.com\/gt\/algesa\/wp-json\/wp\/v2\/wf_page_folders?post=646"}],"curies":[{"name":"wp","href":"https:\/\/api.w.org\/{rel}","templated":true}]}}